{"id":1935,"date":"2023-04-18T12:38:23","date_gmt":"2023-04-18T11:38:23","guid":{"rendered":"http:\/\/ee.mlfmonde.org\/moanda-comilog-lhs\/?page_id=1935"},"modified":"2023-04-18T14:48:45","modified_gmt":"2023-04-18T13:48:45","slug":"inscrptions-au-lhs","status":"publish","type":"page","link":"https:\/\/ee.mlfmonde.org\/moanda-comilog-lhs\/informations-utiles\/inscrptions-au-lhs\/","title":{"rendered":"INSCRIPTIONS AU LHS"},"content":{"rendered":"<p>La proc\u00e9dure d\u2019inscription et de r\u00e9inscription du LHS a \u00e9volu\u00e9 afin d\u2019\u00eatre davantage en conformit\u00e9 avec l\u2019\u00e9volution des obligations administratives, de communication et de suivi des \u00e9l\u00e8ves qui sont les n\u00f4tres.<br \/>\nVous trouverez ici le calendrier des \u00e9tapes selon votre situation.<\/p>\n<p><strong>RETRAIT DES DOSSIERS<\/strong><\/p>\n<p>Les dossiers seront \u00e0 retirer d\u00e8s \u00e0 pr\u00e9sent au secr\u00e9tariat de scolarit\u00e9 des \u00e9l\u00e8ves. Ils sont aussi disponible en ligne.<br \/>\nNous attirons votre attention sur l\u2019importance de bien remplir le dossier, de fournir l\u2019int\u00e9gralit\u00e9 des pi\u00e8ces compl\u00e9mentaires selon les \u00e9tapes et de respecter le calendrier. Seuls les dossiers complets et remis dans les temps pourront \u00eatre trait\u00e9s.<\/p>\n<div class=\"su-heading su-heading-style-default su-heading-align-center\" id=\"\" style=\"font-size:16px;margin-bottom:20px\"><div class=\"su-heading-inner\">REINSCRIPTION DES ELEVES SCOLARISES AU LHS<\/div><\/div>\n<p><strong><span style=\"color: #008080\">T\u00e9l\u00e9charger les dossiers<\/span><\/strong><\/p>\n<p><a href=\"http:\/\/ee.mlfmonde.org\/moanda-comilog-lhs\/wp-content\/uploads\/sites\/11\/2023\/04\/DOSSIER-DE-REINSCRIPTION-college.pdf\">DOSSIER DE REINSCRIPTION &#8211; college<\/a><\/p>\n<p><a href=\"http:\/\/ee.mlfmonde.org\/moanda-comilog-lhs\/wp-content\/uploads\/sites\/11\/2023\/04\/DOSSIER-DINSCRIPTION-lyc\u00e9e-section-gabonaise.pdf\">DOSSIER D&rsquo;INSCRIPTION lyc\u00e9e &#8211; section gabonaise<\/a><\/p>\n<p><span style=\"color: #0000ff\"><strong>Phase 1 \u2013 Demande de r\u00e9inscription<\/strong><\/span><br \/>\n<span style=\"color: #333333\"><strong>Du 19 avril au 19 mai 2023<\/strong><\/span><br \/>\nLes dossiers pourront \u00eatre d\u00e9pos\u00e9s tous les matins sur les heures d\u2019ouverture du secr\u00e9tariat de 7h30 \u00e0 13h15 et les lundis, mardis et jeudi apr\u00e8s-midi, de 15h \u00e0 17h.<br \/>\nLes dossiers pourront \u00eatre adress\u00e9s par mail jusqu\u2019au 19 mai \u00e0 l\u2019adresse : secretariat.eleves.lycee.moanda@mlfmonde.org<\/p>\n<p><strong><span style=\"color: #0000ff\">Phase 2 \u2013 Validation des inscriptions<\/span><\/strong><br \/>\n<span style=\"color: #333333\"><strong>Du 12 juin au 16 juin 2023<\/strong><\/span><br \/>\n5\u00e8me \u21d2Lundi 12 juin<br \/>\n4\u00e8me \u21d2Mardi 13 juin<br \/>\n3\u00e8me \u21d2Mercredi 14 juin<br \/>\n2nde et 1\u00e8re section gabonaise \u21d2Jeudi 15 juin<br \/>\nTerminales \u21d2Vendredi 16 juin<\/p>\n<p>Les pi\u00e8ces compl\u00e9mentaires pourront \u00eatre adress\u00e9es par mail pour tous les niveaux du 12 au 16 juin (m\u00eame adresse)<br \/>\nA l\u2019issue de la proc\u00e9dure, <strong>une attestation d\u2019inscription vous sera d\u00e9livr\u00e9e, seul document officiel garantissant la validation de l\u2019inscription.<\/strong><\/p>\n<div class=\"su-heading su-heading-style-default su-heading-align-center\" id=\"\" style=\"font-size:16px;margin-bottom:20px\"><div class=\"su-heading-inner\">NOUVELLE INSCRIPTION AU LHS<\/div><\/div>\n<p><span style=\"color: #0000ff\"><strong>PROCEDURE<\/strong><\/span><\/p>\n<p>Avant de d\u00e9poser un dossier, <strong>merci de bien vouloir attentivement prendre connaissance de la proc\u00e9dure<\/strong> selon votre cas.<\/p>\n<p><a href=\"http:\/\/ee.mlfmonde.org\/moanda-comilog-lhs\/wp-content\/uploads\/sites\/11\/2023\/04\/Procedure-coll\u00e8ge.pdf\">PROCEDURE COLLEGE <\/a><\/p>\n<p><a href=\"http:\/\/ee.mlfmonde.org\/moanda-comilog-lhs\/wp-content\/uploads\/sites\/11\/2023\/04\/PROCEDURE-LYCEE-section-gabonaise.pdf\">PROCEDURE LYCEE-section gabonaise<\/a><\/p>\n<p><strong><span style=\"color: #008080\">T\u00e9l\u00e9charger les dossiers<\/span><\/strong><\/p>\n<p><a href=\"http:\/\/ee.mlfmonde.org\/moanda-comilog-lhs\/wp-content\/uploads\/sites\/11\/2023\/04\/DOSSIER-DE-PREMIERE-INSCRIPTION-coll\u00e8ge.pdf\">DOSSIER DE PREMIERE INSCRIPTION coll\u00e8ge<\/a><\/p>\n<p><a href=\"http:\/\/ee.mlfmonde.org\/moanda-comilog-lhs\/wp-content\/uploads\/sites\/11\/2023\/04\/DOSSIER-DEMANDE-DINSCRIPTION-lyc\u00e9e-section-gabonaise.pdf\">DOSSIER DEMANDE D&rsquo;INSCRIPTION lyc\u00e9e &#8211; section gabonaise<\/a><\/p>\n<p><strong><span style=\"color: #0000ff\">Phase 1 \u2013 Demande d\u2019inscription<\/span><\/strong><br \/>\n<strong><span style=\"color: #333333\">Du 19 avril au 19 mai 2023<\/span><\/strong><br \/>\nLes dossiers pourront \u00eatre d\u00e9pos\u00e9s tous les matins sur les heures d\u2019ouverture du secr\u00e9tariat de 7h30 \u00e0 13h15 et les lundis, mardis et jeudi apr\u00e8s-midi, de 15h \u00e0 17h.<br \/>\nLes dossiers pourront \u00eatre adress\u00e9s par mail jusqu\u2019au 19 mai \u00e0 l\u2019adresse : secretariat.eleves.lycee.moanda@mlfmonde.org<\/p>\n<p><strong><span style=\"color: #0000ff\">Phase 2 \u2013 Examen de la demande selon la situation de l\u2019\u00e9l\u00e8ve<\/span><\/strong> (de droit- avec test de positionnement \u2013 avec test d\u2019entr\u00e9e) \u2013 Communication des r\u00e9sultats aux familles<\/p>\n<p><span style=\"color: #0000ff\"><strong>Phase 3 \u2013 Tests et commissions<\/strong><\/span><br \/>\n<strong>\u2192<\/strong>Tests d\u2019entr\u00e9e coll\u00e8ge : mardi 30 mai et mercredi 31 mai<\/p>\n<p>\u2192Tests d\u2019entr\u00e9e lyc\u00e9e : jeudi 1er et vendredi 2 juin<br \/>\nDes convocations seront adress\u00e9es via l\u2019adresse mail indiqu\u00e9e sur le dossier de demande d\u2019inscription.<br \/>\n<em><strong>Commissions d\u2019examen des r\u00e9sultats : jeudi 8 et vendredi 9 juin<\/strong><\/em><\/p>\n<p><strong><span style=\"color: #0000ff\">Phase 4 \u2013 Validation des inscriptions<\/span><\/strong><br \/>\n<strong><span style=\"color: #333333\">Du 12 juin au 15 juin 2023<\/span><\/strong><br \/>\n\u21d25\u00e8me &#8211;\u00a0 Lundi 12 juin<br \/>\n\u21d24\u00e8me &#8211; Mardi 13 juin<br \/>\n\u21d23\u00e8me &#8211;\u00a0 Mercredi 14 juin<br \/>\n\u21d22nde et 1\u00e8re section gabonaise &#8211; Jeudi 15 juin<\/p>\n<p>Les pi\u00e8ces compl\u00e9mentaires pourront \u00eatre adress\u00e9es par mail pour tous les niveaux du 12 au 15 juin (m\u00eame adresse)<br \/>\nA l\u2019issue de la proc\u00e9dure, une attestation d\u2019inscription vous sera d\u00e9livr\u00e9e, seul document officiel garantissant la validation de l\u2019inscription.<\/p>\n<div class=\"su-heading su-heading-style-default su-heading-align-center\" id=\"\" style=\"font-size:16px;margin-bottom:20px\"><div class=\"su-heading-inner\">INSCRIPTION EN SECTION FRANCAISE &#8211; LYCEE<\/div><\/div>\n<p>ATTENTION : Les inscriptions sont r\u00e9serv\u00e9es :<br \/>\n<strong>&#8211; Aux \u00e9l\u00e8ves d\u00e9j\u00e0 scolaris\u00e9s au LHS en 3\u00e8me et en 2nde<\/strong><br \/>\n<strong>&#8211; Aux \u00e9l\u00e8ves arrivant d\u2019un \u00e9tablissement \u00e0 programme fran\u00e7ais homologu\u00e9<\/strong><br \/>\n<strong>&#8211; Sous conditions de tests : aux \u00e9l\u00e8ves arrivant d\u2019un \u00e9tablissement \u00e0 programme fran\u00e7ais non homologu\u00e9<\/strong><\/p>\n<p><strong><span style=\"color: #008080\">T\u00e9l\u00e9charger les dossiers et la proc\u00e9dure<\/span><\/strong><\/p>\n<p><a href=\"http:\/\/ee.mlfmonde.org\/moanda-comilog-lhs\/wp-content\/uploads\/sites\/11\/2023\/04\/PROCEDURE-INSCRIPTION-LYCEE-section-fran\u00e7aise.pdf\">PROCEDURE INSCRIPTION LYCEE -section fran\u00e7aise<\/a><\/p>\n<p><a href=\"http:\/\/ee.mlfmonde.org\/moanda-comilog-lhs\/wp-content\/uploads\/sites\/11\/2023\/04\/DOSSIER-DINSCRIPTION-2nde-section-fran\u00e7aise.pdf\">DOSSIER D&rsquo;INSCRIPTION -2nde section fran\u00e7aise<\/a><\/p>\n<p><a href=\"http:\/\/ee.mlfmonde.org\/moanda-comilog-lhs\/wp-content\/uploads\/sites\/11\/2023\/04\/DOSSIER-DINSCRIPTION-1\u00e8re-section-fran\u00e7aise.pdf\">DOSSIER D&rsquo;INSCRIPTION -1\u00e8re section fran\u00e7aise<\/a><\/p>\n<p><strong><span style=\"color: #0000ff\">Phase 1 \u2013 Demande d\u2019inscription<\/span><\/strong><br \/>\n<strong><span style=\"color: #333333\">Du 19 avril au 19 mai 2023<\/span><\/strong><br \/>\nLes dossiers pourront \u00eatre d\u00e9pos\u00e9s tous les matins sur les heures d\u2019ouverture du secr\u00e9tariat de 7h30 \u00e0 13h15 et les lundis, mardis et jeudi apr\u00e8s-midi, de 15h \u00e0 17h.<br \/>\nLes dossiers pourront \u00eatre adress\u00e9s par mail jusqu\u2019au 19 mai \u00e0 l\u2019adresse : secretariat.eleves.lycee.moanda@mlfmonde.org<\/p>\n<p><span style=\"color: #0000ff\"><strong>Phase 2 \u2013 Examens des dossiers et tests (le cas \u00e9ch\u00e9ant)<\/strong><\/span><br \/>\n\u21d2Commission entr\u00e9e en 2nde section fran\u00e7aise : mardi 6 juin<br \/>\n\u21d2Tests d\u2019entr\u00e9e : fix\u00e9s en fonction de la disponibilit\u00e9 des \u00e9l\u00e8ves<\/p>\n<p><strong><span style=\"color: #0000ff\">Phase 3 \u2013 Validation des inscriptions<\/span><\/strong><br \/>\n\u21d21\u00e8re : Lundi 19 juin<br \/>\n\u21d22nde : Mardi 20 juin<\/p>\n<p>Les pi\u00e8ces compl\u00e9mentaires pourront \u00eatre adress\u00e9es par mail pour tous les niveaux du 16 au 19 juin. (m\u00eame adresse)<br \/>\nA l\u2019issue de la proc\u00e9dure, une attestation d\u2019inscription vous sera d\u00e9livr\u00e9e, seul document officiel garantissant la validation de l\u2019inscription.<\/p>\n<div class=\"su-heading su-heading-style-default su-heading-align-center\" id=\"\" style=\"font-size:16px;margin-bottom:20px\"><div class=\"su-heading-inner\">TRES SIGNAL\u00c9<\/div><\/div>\n<strong>Les dossiers parvenus en dehors des journ\u00e9es indiqu\u00e9es ne pourront \u00eatre trait\u00e9s imm\u00e9diatement : ils seront \u00e0 d\u00e9poser au secr\u00e9tariat de direction et trait\u00e9s dans un d\u00e9lai minimum de 48h ouvr\u00e9es. La place de votre enfant ne pourra \u00eatre garantie et vous devrez \u00e0 nouveau vous d\u00e9placer au LHS afin d\u2019obtenir l\u2019attestation d\u2019inscription.<\/strong><br \/>\n<strong>Afin de faciliter l\u2019inscription de votre enfant, nous vous recommandons donc de respecter le calendrier et notamment les jours de validation des inscriptions.<\/strong><br \/>\n<strong>Tout dossier incomplet sera par ailleurs rejet\u00e9.<\/strong><\/p>\n","protected":false},"excerpt":{"rendered":"<p>La proc\u00e9dure d\u2019inscription et de r\u00e9inscription du LHS a \u00e9volu\u00e9 afin d\u2019\u00eatre davantage en conformit\u00e9 avec l\u2019\u00e9volution des obligations administratives, de communication et de suivi des \u00e9l\u00e8ves qui sont les n\u00f4tres. Vous trouverez ici le calendrier des \u00e9tapes selon votre situation. RETRAIT DES DOSSIERS Les dossiers seront \u00e0 retirer d\u00e8s \u00e0 pr\u00e9sent au secr\u00e9tariat de [&hellip;]<\/p>\n","protected":false},"author":75,"featured_media":0,"parent":1202,"menu_order":0,"comment_status":"closed","ping_status":"closed","template":"","meta":{"_acf_changed":false,"footnotes":""},"class_list":["post-1935","page","type-page","status-publish","czr-hentry"],"acf":[],"_links":{"self":[{"href":"https:\/\/ee.mlfmonde.org\/moanda-comilog-lhs\/wp-json\/wp\/v2\/pages\/1935","targetHints":{"allow":["GET"]}}],"collection":[{"href":"https:\/\/ee.mlfmonde.org\/moanda-comilog-lhs\/wp-json\/wp\/v2\/pages"}],"about":[{"href":"https:\/\/ee.mlfmonde.org\/moanda-comilog-lhs\/wp-json\/wp\/v2\/types\/page"}],"author":[{"embeddable":true,"href":"https:\/\/ee.mlfmonde.org\/moanda-comilog-lhs\/wp-json\/wp\/v2\/users\/75"}],"replies":[{"embeddable":true,"href":"https:\/\/ee.mlfmonde.org\/moanda-comilog-lhs\/wp-json\/wp\/v2\/comments?post=1935"}],"version-history":[{"count":10,"href":"https:\/\/ee.mlfmonde.org\/moanda-comilog-lhs\/wp-json\/wp\/v2\/pages\/1935\/revisions"}],"predecessor-version":[{"id":1960,"href":"https:\/\/ee.mlfmonde.org\/moanda-comilog-lhs\/wp-json\/wp\/v2\/pages\/1935\/revisions\/1960"}],"up":[{"embeddable":true,"href":"https:\/\/ee.mlfmonde.org\/moanda-comilog-lhs\/wp-json\/wp\/v2\/pages\/1202"}],"wp:attachment":[{"href":"https:\/\/ee.mlfmonde.org\/moanda-comilog-lhs\/wp-json\/wp\/v2\/media?parent=1935"}],"curies":[{"name":"wp","href":"https:\/\/api.w.org\/{rel}","templated":true}]}}