{"id":1908,"date":"2023-04-12T10:34:56","date_gmt":"2023-04-12T09:34:56","guid":{"rendered":"http:\/\/ee.mlfmonde.org\/moanda-comilog-lhs\/?page_id=1908"},"modified":"2025-12-10T11:06:38","modified_gmt":"2025-12-10T10:06:38","slug":"offres-demploi","status":"publish","type":"page","link":"https:\/\/ee.mlfmonde.org\/moanda-comilog-lhs\/offres-demploi\/","title":{"rendered":"Offres d&#8217;emploi"},"content":{"rendered":"\n<p>Postes vacants ou susceptibles d&rsquo;\u00eatre vacants pour la <strong>rentr\u00e9e 2026<\/strong><\/p>\n\n\n\n<div data-wp-interactive=\"core\/file\" class=\"wp-block-file\"><object data-wp-bind--hidden=\"!state.hasPdfPreview\" hidden class=\"wp-block-file__embed\" data=\"https:\/\/ee.mlfmonde.org\/moanda-comilog-lhs\/wp-content\/uploads\/sites\/11\/2025\/12\/Poste-de-professeur-de-lettres.pdf\" type=\"application\/pdf\" style=\"width:100%;height:600px\" aria-label=\"Contenu embarqu\u00e9 Poste de professeur de lettres.\"><\/object><a id=\"wp-block-file--media-22331028-edd8-4761-8b32-d192a13c7d9b\" href=\"https:\/\/ee.mlfmonde.org\/moanda-comilog-lhs\/wp-content\/uploads\/sites\/11\/2025\/12\/Poste-de-professeur-de-lettres.pdf\">Poste de professeur de lettres<\/a><a href=\"https:\/\/ee.mlfmonde.org\/moanda-comilog-lhs\/wp-content\/uploads\/sites\/11\/2025\/12\/Poste-de-professeur-de-lettres.pdf\" class=\"wp-block-file__button wp-element-button\" download aria-describedby=\"wp-block-file--media-22331028-edd8-4761-8b32-d192a13c7d9b\">T\u00e9l\u00e9charger<\/a><\/div>\n\n\n\n<div data-wp-interactive=\"core\/file\" class=\"wp-block-file\"><object data-wp-bind--hidden=\"!state.hasPdfPreview\" hidden class=\"wp-block-file__embed\" data=\"https:\/\/ee.mlfmonde.org\/moanda-comilog-lhs\/wp-content\/uploads\/sites\/11\/2025\/12\/Poste-de-professeur-de-spc.pdf\" type=\"application\/pdf\" style=\"width:100%;height:600px\" aria-label=\"Contenu embarqu\u00e9 Poste de professeur de spc.\"><\/object><a id=\"wp-block-file--media-87d16665-fc29-4acc-8c95-99b5ad7a66a3\" href=\"https:\/\/ee.mlfmonde.org\/moanda-comilog-lhs\/wp-content\/uploads\/sites\/11\/2025\/12\/Poste-de-professeur-de-spc.pdf\">Poste de professeur de spc<\/a><a href=\"https:\/\/ee.mlfmonde.org\/moanda-comilog-lhs\/wp-content\/uploads\/sites\/11\/2025\/12\/Poste-de-professeur-de-spc.pdf\" class=\"wp-block-file__button wp-element-button\" download aria-describedby=\"wp-block-file--media-87d16665-fc29-4acc-8c95-99b5ad7a66a3\">T\u00e9l\u00e9charger<\/a><\/div>\n\n\n\n<div data-wp-interactive=\"core\/file\" class=\"wp-block-file\"><object data-wp-bind--hidden=\"!state.hasPdfPreview\" hidden class=\"wp-block-file__embed\" data=\"https:\/\/ee.mlfmonde.org\/moanda-comilog-lhs\/wp-content\/uploads\/sites\/11\/2025\/12\/Poste-de-professeur-dhistoire-et-geographie.pdf\" type=\"application\/pdf\" style=\"width:100%;height:600px\" aria-label=\"Contenu embarqu\u00e9 Poste de professeur d&#039;histoire et g\u00e9ographie.\"><\/object><a id=\"wp-block-file--media-7e73b23f-99e6-4e2a-b6ee-55f5b48812b1\" href=\"https:\/\/ee.mlfmonde.org\/moanda-comilog-lhs\/wp-content\/uploads\/sites\/11\/2025\/12\/Poste-de-professeur-dhistoire-et-geographie.pdf\">Poste de professeur d&rsquo;histoire et g\u00e9ographie<\/a><a href=\"https:\/\/ee.mlfmonde.org\/moanda-comilog-lhs\/wp-content\/uploads\/sites\/11\/2025\/12\/Poste-de-professeur-dhistoire-et-geographie.pdf\" class=\"wp-block-file__button wp-element-button\" download aria-describedby=\"wp-block-file--media-7e73b23f-99e6-4e2a-b6ee-55f5b48812b1\">T\u00e9l\u00e9charger<\/a><\/div>\n\n\n\n<p>Postes vacants ou susceptibles d&rsquo;\u00eatre vacants pour la rentr\u00e9e 2025.<\/p>\n\n\n\n<p>Recrutement en cours.<\/p>\n\n\n\n<figure class=\"wp-block-image size-full\"><img fetchpriority=\"high\" decoding=\"async\" width=\"787\" height=\"780\" src=\"https:\/\/ee.mlfmonde.org\/moanda-comilog-lhs\/wp-content\/uploads\/sites\/11\/2025\/02\/image-1.png\" alt=\"\" class=\"wp-image-2760\" srcset=\"https:\/\/ee.mlfmonde.org\/moanda-comilog-lhs\/wp-content\/uploads\/sites\/11\/2025\/02\/image-1.png 787w, https:\/\/ee.mlfmonde.org\/moanda-comilog-lhs\/wp-content\/uploads\/sites\/11\/2025\/02\/image-1-300x297.png 300w, https:\/\/ee.mlfmonde.org\/moanda-comilog-lhs\/wp-content\/uploads\/sites\/11\/2025\/02\/image-1-150x150.png 150w, https:\/\/ee.mlfmonde.org\/moanda-comilog-lhs\/wp-content\/uploads\/sites\/11\/2025\/02\/image-1-768x761.png 768w, https:\/\/ee.mlfmonde.org\/moanda-comilog-lhs\/wp-content\/uploads\/sites\/11\/2025\/02\/image-1-570x565.png 570w\" sizes=\"(max-width: 787px) 100vw, 787px\" \/><\/figure>\n\n\n\n<figure class=\"wp-block-image size-full\"><img decoding=\"async\" width=\"726\" height=\"710\" src=\"https:\/\/ee.mlfmonde.org\/moanda-comilog-lhs\/wp-content\/uploads\/sites\/11\/2025\/02\/image-2.png\" alt=\"\" class=\"wp-image-2761\" srcset=\"https:\/\/ee.mlfmonde.org\/moanda-comilog-lhs\/wp-content\/uploads\/sites\/11\/2025\/02\/image-2.png 726w, https:\/\/ee.mlfmonde.org\/moanda-comilog-lhs\/wp-content\/uploads\/sites\/11\/2025\/02\/image-2-300x293.png 300w, https:\/\/ee.mlfmonde.org\/moanda-comilog-lhs\/wp-content\/uploads\/sites\/11\/2025\/02\/image-2-570x557.png 570w\" sizes=\"(max-width: 726px) 100vw, 726px\" \/><\/figure>\n\n\n\n<figure class=\"wp-block-image size-full\"><img decoding=\"async\" width=\"741\" height=\"660\" src=\"https:\/\/ee.mlfmonde.org\/moanda-comilog-lhs\/wp-content\/uploads\/sites\/11\/2025\/02\/image-3.png\" alt=\"\" class=\"wp-image-2762\" srcset=\"https:\/\/ee.mlfmonde.org\/moanda-comilog-lhs\/wp-content\/uploads\/sites\/11\/2025\/02\/image-3.png 741w, https:\/\/ee.mlfmonde.org\/moanda-comilog-lhs\/wp-content\/uploads\/sites\/11\/2025\/02\/image-3-300x267.png 300w, https:\/\/ee.mlfmonde.org\/moanda-comilog-lhs\/wp-content\/uploads\/sites\/11\/2025\/02\/image-3-570x508.png 570w\" sizes=\"(max-width: 741px) 100vw, 741px\" \/><\/figure>\n\n\n\n<figure class=\"wp-block-image size-full\"><img loading=\"lazy\" decoding=\"async\" width=\"799\" height=\"750\" src=\"https:\/\/ee.mlfmonde.org\/moanda-comilog-lhs\/wp-content\/uploads\/sites\/11\/2025\/02\/image-4.png\" alt=\"\" class=\"wp-image-2763\" srcset=\"https:\/\/ee.mlfmonde.org\/moanda-comilog-lhs\/wp-content\/uploads\/sites\/11\/2025\/02\/image-4.png 799w, https:\/\/ee.mlfmonde.org\/moanda-comilog-lhs\/wp-content\/uploads\/sites\/11\/2025\/02\/image-4-300x282.png 300w, https:\/\/ee.mlfmonde.org\/moanda-comilog-lhs\/wp-content\/uploads\/sites\/11\/2025\/02\/image-4-768x721.png 768w, https:\/\/ee.mlfmonde.org\/moanda-comilog-lhs\/wp-content\/uploads\/sites\/11\/2025\/02\/image-4-570x535.png 570w\" sizes=\"(max-width: 799px) 100vw, 799px\" \/><\/figure>\n\n\n\n<p><\/p>\n","protected":false},"excerpt":{"rendered":"<p>Postes vacants ou susceptibles d&rsquo;\u00eatre vacants pour la rentr\u00e9e 2026 Postes vacants ou susceptibles d&rsquo;\u00eatre vacants pour la rentr\u00e9e 2025. Recrutement en cours.<\/p>\n","protected":false},"author":75,"featured_media":0,"parent":0,"menu_order":0,"comment_status":"closed","ping_status":"closed","template":"","meta":{"_acf_changed":false,"footnotes":""},"class_list":["post-1908","page","type-page","status-publish","czr-hentry"],"acf":[],"_links":{"self":[{"href":"https:\/\/ee.mlfmonde.org\/moanda-comilog-lhs\/wp-json\/wp\/v2\/pages\/1908","targetHints":{"allow":["GET"]}}],"collection":[{"href":"https:\/\/ee.mlfmonde.org\/moanda-comilog-lhs\/wp-json\/wp\/v2\/pages"}],"about":[{"href":"https:\/\/ee.mlfmonde.org\/moanda-comilog-lhs\/wp-json\/wp\/v2\/types\/page"}],"author":[{"embeddable":true,"href":"https:\/\/ee.mlfmonde.org\/moanda-comilog-lhs\/wp-json\/wp\/v2\/users\/75"}],"replies":[{"embeddable":true,"href":"https:\/\/ee.mlfmonde.org\/moanda-comilog-lhs\/wp-json\/wp\/v2\/comments?post=1908"}],"version-history":[{"count":7,"href":"https:\/\/ee.mlfmonde.org\/moanda-comilog-lhs\/wp-json\/wp\/v2\/pages\/1908\/revisions"}],"predecessor-version":[{"id":3634,"href":"https:\/\/ee.mlfmonde.org\/moanda-comilog-lhs\/wp-json\/wp\/v2\/pages\/1908\/revisions\/3634"}],"wp:attachment":[{"href":"https:\/\/ee.mlfmonde.org\/moanda-comilog-lhs\/wp-json\/wp\/v2\/media?parent=1908"}],"curies":[{"name":"wp","href":"https:\/\/api.w.org\/{rel}","templated":true}]}}