{"id":1572,"date":"2023-01-26T14:18:45","date_gmt":"2023-01-26T13:18:45","guid":{"rendered":"http:\/\/ee.mlfmonde.org\/moanda-comilog-lhs\/?page_id=1572"},"modified":"2024-03-26T17:46:47","modified_gmt":"2024-03-26T16:46:47","slug":"lassr","status":"publish","type":"page","link":"https:\/\/ee.mlfmonde.org\/moanda-comilog-lhs\/le-college\/lassr\/","title":{"rendered":"L&rsquo;ASSR"},"content":{"rendered":"<div class=\"su-heading su-heading-style-default su-heading-align-center\" id=\"\" style=\"font-size:16px;margin-bottom:20px\"><div class=\"su-heading-inner\">Les\u00a0attestations scolaires de s\u00e9curit\u00e9 routi\u00e8re\u00a0(ASSR) de 1er\u00a0niveau (ASSR1) et de 2e\u00a0niveau (ASSR2)\u00a0<\/div><\/div>\n<p>Pilot\u00e9es par le Comit\u00e9 d&rsquo;Organisation de l&rsquo;ASSR, les\u00a0<em>ASSR 1 et 2 au coll\u00e8ge sont des attestations scolaires visant la sensibilisation et la formation des jeunes \u00e0 la s\u00e9curit\u00e9 routi\u00e8re. Elles peuvent \u00eatre exig\u00e9es pour passer certains permis de conduire. Elles\u00a0s&rsquo;obtiennent dans le cadre de l&rsquo;enseignement obligatoire des r\u00e8gles de s\u00e9curit\u00e9 routi\u00e8re. Les ASSR sont d\u00e9livr\u00e9es pendant le temps scolaire apr\u00e8s un contr\u00f4le des connaissances th\u00e9oriques.<\/em><\/p>\n<ul>\n<li><strong>ASSR 1 et 2 : de quoi s\u2019agit-il ?<\/strong><\/li>\n<\/ul>\n<p><img fetchpriority=\"high\" decoding=\"async\" class=\"wp-image-1463 alignleft\" src=\"https:\/\/josephpitat.clg.ac-guadeloupe.fr\/wp-content\/uploads\/sites\/18\/2017\/11\/assr_illus-300x150.png\" alt=\"\" width=\"380\" height=\"190\" \/><\/p>\n<p>L\u2019ASSR : une premi\u00e8re formation \u00e0 la s\u00e9curit\u00e9 routi\u00e8re<br \/>\nLes Attestations Scolaires de S\u00e9curit\u00e9 Routi\u00e8re (ASSR) 1 et 2 entrent dans le cadre de la formation continue \u00e0 la s\u00e9curit\u00e9 routi\u00e8re. Elles sont\u00a0 inscrites au programme du coll\u00e8ge, au m\u00eame titre que le fran\u00e7ais, les math\u00e9matiques ou la g\u00e9ographie.<\/p>\n<p>Au cours de cet enseignement, les \u00e9l\u00e8ves sont form\u00e9s aux risques et aux r\u00e8gles qui s\u2019appliquent \u00e0 tous les usagers de la route : cyclistes, pi\u00e9tons, cyclomotoristes, passagers, conducteurs\u2026<br \/>\nL\u2019ASSR 1 et 2 obligatoires pour certains permis de conduire<\/p>\n<p>&nbsp;<\/p>\n<ul>\n<li><strong>Passer les ASSR 1 et 2 au coll\u00e8ge<\/strong><\/li>\n<\/ul>\n<p><strong>Les coll\u00e9giens passent l\u2019ASSR 1 en classe de 5e<\/strong>. Sont concern\u00e9es \u00e9galement toutes les classes dont les \u00e9l\u00e8ves atteignent l\u2019\u00e2ge de 14 ans au cours de l\u2019ann\u00e9e civile.<br \/>\n<strong>Les \u00e9l\u00e8ves de classe de 3e ou correspondant \u00e0 ce niveau passent l\u2019ASSR 2<\/strong>, ainsi que toutes les classes dont les \u00e9l\u00e8ves f\u00eateront leur 16e anniversaire au cours de l\u2019ann\u00e9e civile.<br \/>\n\u00c0 savoir : il n\u2019est pas indispensable d\u2019avoir l\u2019ASSR 1 pour passer l\u2019attestation scolaire de s\u00e9curit\u00e9 routi\u00e8re de 2nd niveau.<\/p>\n<div class=\"su-heading su-heading-style-default su-heading-align-center\" id=\"\" style=\"font-size:16px;margin-bottom:20px\"><div class=\"su-heading-inner\">Le d\u00e9roulement des \u00e9preuves<\/div><\/div>\n<p>Voici les conditions de passage des \u00e9preuves de l\u2019ASSR 1 et 2 :<br \/>\n\u2022 date de passage entre le d\u00e9but du 2e trimestre et la fin de l\u2019ann\u00e9e scolaire<br \/>\n\u2022 \u00e9valuation en une s\u00e9rie de 20 s\u00e9quences vid\u00e9o, assorties de questions \u00e0 choix multiples<br \/>\n\u2022 r\u00e9sultat minimum attendu pour valider l\u2019ASSR 1 ou 2 : au moins 10 bonnes r\u00e9ponses sur 20<br \/>\nSi vous avez \u00e9chou\u00e9 \u00e0 ces tests, vous pouvez passer l\u2019\u00e9preuve de rattrapage de l\u2019attestation scolaire de s\u00e9curit\u00e9 routi\u00e8re 1 ou 2 assez rapidement apr\u00e8s votre premi\u00e8re tentative.<\/p>\n<p><img decoding=\"async\" class=\"alignleft\" src=\"https:\/\/e-assr.education-securite-routiere.fr\/images\/logo-esr.svg\" alt=\"\" width=\"85\" height=\"85\" \/><\/p>\n<a href=\"https:\/\/ee.mlfmonde.org\/moanda-comilog-lhs\/organigramme-contacts\/\" class=\"su-button su-button-style-flat su-button-wide\" style=\"color:#f9f2f5;background-color:#162abd;border-color:#122298;border-radius:8px\" target=\"_blank\" rel=\"noopener noreferrer\"><span style=\"color:#f9f2f5;padding:0px 22px;font-size:17px;line-height:34px;border-color:#5c6ad1;border-radius:8px;text-shadow:none\"> Se pr\u00e9parer aux attestations de s\u00e9curit\u00e9 routi\u00e8re (ASSR1, ASSR2, ASR, AER)<\/span><\/a>\n","protected":false},"excerpt":{"rendered":"<p>Pilot\u00e9es par le Comit\u00e9 d&rsquo;Organisation de l&rsquo;ASSR, les\u00a0ASSR 1 et 2 au coll\u00e8ge sont des attestations scolaires visant la sensibilisation et la formation des jeunes \u00e0 la s\u00e9curit\u00e9 routi\u00e8re. Elles peuvent \u00eatre exig\u00e9es pour passer certains permis de conduire. Elles\u00a0s&rsquo;obtiennent dans le cadre de l&rsquo;enseignement obligatoire des r\u00e8gles de s\u00e9curit\u00e9 routi\u00e8re. Les ASSR sont d\u00e9livr\u00e9es [&hellip;]<\/p>\n","protected":false},"author":75,"featured_media":0,"parent":1140,"menu_order":0,"comment_status":"closed","ping_status":"closed","template":"","meta":{"_acf_changed":false,"footnotes":""},"class_list":["post-1572","page","type-page","status-publish","czr-hentry"],"acf":[],"_links":{"self":[{"href":"https:\/\/ee.mlfmonde.org\/moanda-comilog-lhs\/wp-json\/wp\/v2\/pages\/1572","targetHints":{"allow":["GET"]}}],"collection":[{"href":"https:\/\/ee.mlfmonde.org\/moanda-comilog-lhs\/wp-json\/wp\/v2\/pages"}],"about":[{"href":"https:\/\/ee.mlfmonde.org\/moanda-comilog-lhs\/wp-json\/wp\/v2\/types\/page"}],"author":[{"embeddable":true,"href":"https:\/\/ee.mlfmonde.org\/moanda-comilog-lhs\/wp-json\/wp\/v2\/users\/75"}],"replies":[{"embeddable":true,"href":"https:\/\/ee.mlfmonde.org\/moanda-comilog-lhs\/wp-json\/wp\/v2\/comments?post=1572"}],"version-history":[{"count":3,"href":"https:\/\/ee.mlfmonde.org\/moanda-comilog-lhs\/wp-json\/wp\/v2\/pages\/1572\/revisions"}],"predecessor-version":[{"id":2276,"href":"https:\/\/ee.mlfmonde.org\/moanda-comilog-lhs\/wp-json\/wp\/v2\/pages\/1572\/revisions\/2276"}],"up":[{"embeddable":true,"href":"https:\/\/ee.mlfmonde.org\/moanda-comilog-lhs\/wp-json\/wp\/v2\/pages\/1140"}],"wp:attachment":[{"href":"https:\/\/ee.mlfmonde.org\/moanda-comilog-lhs\/wp-json\/wp\/v2\/media?parent=1572"}],"curies":[{"name":"wp","href":"https:\/\/api.w.org\/{rel}","templated":true}]}}