{"id":1558,"date":"2023-01-26T12:25:17","date_gmt":"2023-01-26T11:25:17","guid":{"rendered":"http:\/\/ee.mlfmonde.org\/moanda-comilog-lhs\/?page_id=1558"},"modified":"2023-02-08T12:55:32","modified_gmt":"2023-02-08T11:55:32","slug":"developpement-professionnel","status":"publish","type":"page","link":"https:\/\/ee.mlfmonde.org\/moanda-comilog-lhs\/developpement-professionnel\/","title":{"rendered":"D\u00e9veloppement professionnel"},"content":{"rendered":"<div style=\"text-align: center\">\n<div><\/div>\n<div><div class=\"su-heading su-heading-style-default su-heading-align-center\" id=\"\" style=\"font-size:16px;margin-bottom:20px\"><div class=\"su-heading-inner\">LE PLAN LOCAL DE DEVELOPPEMENT PROFESSIONNEL AU LHS<\/div><\/div><\/div>\n<div style=\"margin: 4px 0px 8px;text-align: left\"><div class=\"su-pullquote su-pullquote-align-left\"><em>Le d\u00e9veloppement professionnel des personnels du LHS est l&rsquo;un des axes forts du projet qui f\u00e9d\u00e8re les \u00e9quipes. Il se d\u00e9cline toute l&rsquo;ann\u00e9e au travers d&rsquo;un plan local adapt\u00e9 aux besoins et aux objectifs que nous sommes assign\u00e9s : accompagner, innover, f\u00e9d\u00e9rer. Proposer aux \u00e9l\u00e8ves un enseignement d&rsquo;excellence implique pour chaque membre de l&rsquo;\u00e9quipe p\u00e9dagogique de s&rsquo;approprier des m\u00e9thodes de travail, des ressources, des outils, de partager des id\u00e9es, d&rsquo;exp\u00e9rimenter et d&rsquo;en faire b\u00e9n\u00e9ficier tous les \u00e9l\u00e8ves, section fran\u00e7aise ou section gabonaise<\/em>.<\/div><img fetchpriority=\"high\" decoding=\"async\" class=\"alignleft wp-image-1653 size-medium\" src=\"http:\/\/ee.mlfmonde.org\/moanda-comilog-lhs\/wp-content\/uploads\/sites\/11\/2023\/01\/Parcours-faire-produire-et-cr\u00e9er-les-\u00e9l\u00e8ves-212x300.png\" alt=\"\" width=\"212\" height=\"300\" srcset=\"https:\/\/ee.mlfmonde.org\/moanda-comilog-lhs\/wp-content\/uploads\/sites\/11\/2023\/01\/Parcours-faire-produire-et-cr\u00e9er-les-\u00e9l\u00e8ves-212x300.png 212w, https:\/\/ee.mlfmonde.org\/moanda-comilog-lhs\/wp-content\/uploads\/sites\/11\/2023\/01\/Parcours-faire-produire-et-cr\u00e9er-les-\u00e9l\u00e8ves-768x1086.png 768w, https:\/\/ee.mlfmonde.org\/moanda-comilog-lhs\/wp-content\/uploads\/sites\/11\/2023\/01\/Parcours-faire-produire-et-cr\u00e9er-les-\u00e9l\u00e8ves-724x1024.png 724w, https:\/\/ee.mlfmonde.org\/moanda-comilog-lhs\/wp-content\/uploads\/sites\/11\/2023\/01\/Parcours-faire-produire-et-cr\u00e9er-les-\u00e9l\u00e8ves-570x806.png 570w, https:\/\/ee.mlfmonde.org\/moanda-comilog-lhs\/wp-content\/uploads\/sites\/11\/2023\/01\/Parcours-faire-produire-et-cr\u00e9er-les-\u00e9l\u00e8ves.png 1587w\" sizes=\"(max-width: 212px) 100vw, 212px\" \/><img decoding=\"async\" class=\"alignleft wp-image-1646 size-medium\" src=\"http:\/\/ee.mlfmonde.org\/moanda-comilog-lhs\/wp-content\/uploads\/sites\/11\/2023\/01\/Parcours-sc\u00e9narisation-212x300.png\" alt=\"\" width=\"212\" height=\"300\" srcset=\"https:\/\/ee.mlfmonde.org\/moanda-comilog-lhs\/wp-content\/uploads\/sites\/11\/2023\/01\/Parcours-sc\u00e9narisation-212x300.png 212w, https:\/\/ee.mlfmonde.org\/moanda-comilog-lhs\/wp-content\/uploads\/sites\/11\/2023\/01\/Parcours-sc\u00e9narisation-768x1086.png 768w, https:\/\/ee.mlfmonde.org\/moanda-comilog-lhs\/wp-content\/uploads\/sites\/11\/2023\/01\/Parcours-sc\u00e9narisation-724x1024.png 724w, https:\/\/ee.mlfmonde.org\/moanda-comilog-lhs\/wp-content\/uploads\/sites\/11\/2023\/01\/Parcours-sc\u00e9narisation-570x806.png 570w, https:\/\/ee.mlfmonde.org\/moanda-comilog-lhs\/wp-content\/uploads\/sites\/11\/2023\/01\/Parcours-sc\u00e9narisation.png 1587w\" sizes=\"(max-width: 212px) 100vw, 212px\" \/><\/div>\n<\/div>\n<div><img decoding=\"async\" class=\"alignleft wp-image-1649 size-medium\" src=\"http:\/\/ee.mlfmonde.org\/moanda-comilog-lhs\/wp-content\/uploads\/sites\/11\/2023\/01\/Parcours-enseignement-explicite--212x300.png\" alt=\"\" width=\"212\" height=\"300\" srcset=\"https:\/\/ee.mlfmonde.org\/moanda-comilog-lhs\/wp-content\/uploads\/sites\/11\/2023\/01\/Parcours-enseignement-explicite--212x300.png 212w, https:\/\/ee.mlfmonde.org\/moanda-comilog-lhs\/wp-content\/uploads\/sites\/11\/2023\/01\/Parcours-enseignement-explicite--768x1086.png 768w, https:\/\/ee.mlfmonde.org\/moanda-comilog-lhs\/wp-content\/uploads\/sites\/11\/2023\/01\/Parcours-enseignement-explicite--724x1024.png 724w, https:\/\/ee.mlfmonde.org\/moanda-comilog-lhs\/wp-content\/uploads\/sites\/11\/2023\/01\/Parcours-enseignement-explicite--570x806.png 570w, https:\/\/ee.mlfmonde.org\/moanda-comilog-lhs\/wp-content\/uploads\/sites\/11\/2023\/01\/Parcours-enseignement-explicite-.png 1587w\" sizes=\"(max-width: 212px) 100vw, 212px\" \/><\/div>\n<div><\/div>\n<div>&#8212;&#8212;&#8212;&#8212;&#8212;&#8212;&#8212;&#8212;&#8212;&#8212;&#8212;&#8212;&#8212;&#8212;&#8212;&#8212;&#8212;&#8212;&#8212;&#8212;&#8212;&#8212;&#8212;&#8212;&#8212;&#8212;&#8212;&#8212;&#8212;&#8212;&#8212;&#8212;&#8212;&#8212;&#8212;&#8212;&#8212;&#8212;&#8212;&#8212;&#8212;&#8212;&#8212;&#8212;&#8212;&#8212;&#8212;&#8212;&#8212;&#8212;&#8212;&#8212;&#8212;&#8212;&#8212;&#8212;-<\/div>\n<div><\/div>\n<div><\/div>\n<div><\/div>\n<div><\/div>\n<div><\/div>\n<div><\/div>\n<div><\/div>\n<div><\/div>\n<div><\/div>\n<div><\/div>\n<div><\/div>\n<div><\/div>\n<div>\n<div><div class=\"su-heading su-heading-style-default su-heading-align-center\" id=\"\" style=\"font-size:16px;margin-bottom:20px\"><div class=\"su-heading-inner\">LA MISE EN OEUVRE<\/div><\/div><\/div>\n<div><img loading=\"lazy\" decoding=\"async\" class=\"wp-image-1657 alignleft\" src=\"http:\/\/ee.mlfmonde.org\/moanda-comilog-lhs\/wp-content\/uploads\/sites\/11\/2023\/01\/nuage-de-mots.png\" alt=\"\" width=\"594\" height=\"297\" srcset=\"https:\/\/ee.mlfmonde.org\/moanda-comilog-lhs\/wp-content\/uploads\/sites\/11\/2023\/01\/nuage-de-mots.png 2088w, https:\/\/ee.mlfmonde.org\/moanda-comilog-lhs\/wp-content\/uploads\/sites\/11\/2023\/01\/nuage-de-mots-300x150.png 300w, https:\/\/ee.mlfmonde.org\/moanda-comilog-lhs\/wp-content\/uploads\/sites\/11\/2023\/01\/nuage-de-mots-768x384.png 768w, https:\/\/ee.mlfmonde.org\/moanda-comilog-lhs\/wp-content\/uploads\/sites\/11\/2023\/01\/nuage-de-mots-1024x512.png 1024w, https:\/\/ee.mlfmonde.org\/moanda-comilog-lhs\/wp-content\/uploads\/sites\/11\/2023\/01\/nuage-de-mots-570x285.png 570w\" sizes=\"(max-width: 594px) 100vw, 594px\" \/><\/div>\n<\/div>\n<p>&nbsp;<\/p>\n<div>\n<div>\n<ul>\n<li><strong>Les temps de concertation hebdomadaire<\/strong> en \u00e9quipe disciplinaire, anim\u00e9s par le coordonnateur \u00ab\u00a0syst\u00e8me fran\u00e7ais\u00a0\u00bb et qui couvrent le champ et les pratiques disciplinaires.<\/li>\n<li><strong>L\u2019accompagnement individualis\u00e9<\/strong> entre pairs<\/li>\n<li><strong>Les formations transversales<\/strong> qui accompagnent les pratiques professionnelles<\/li>\n<li><strong>Un dispositif exp\u00e9rimental<\/strong> \u00ab\u00a0centre de formation\u00a0\u00bb au sein de l\u2019\u00e9tablissement<\/li>\n<\/ul>\n<\/div>\n<\/div>\n<p>&nbsp;<\/p>\n<p>&nbsp;<\/p>\n<p>&nbsp;<\/p>\n<div class=\"su-button-center\"><a href=\"https:\/\/www.calameo.com\/read\/004814499ed3e1cea64d8\" class=\"su-button su-button-style-3d su-button-wide\" style=\"color:#f9f2f5;background-color:#1b256c;border-color:#161e57;border-radius:11px\" target=\"_blank\" rel=\"noopener noreferrer\"><span style=\"color:#f9f2f5;padding:0px 28px;font-size:21px;line-height:42px;border-color:#606799;border-radius:11px;text-shadow:none\"> Les ressources :\u00a0 d\u00e9veloppement professionnel dans le r\u00e9seau Mlfmonde<\/span><\/a><\/div>\n<div class=\"su-heading su-heading-style-default su-heading-align-center\" id=\"\" style=\"font-size:16px;margin-bottom:20px\"><div class=\"su-heading-inner\">ACTIONS -EXPERIMENTATIONS<\/div><\/div>\n<div id=\"su_carousel_69ded3fdaf6ce\" class=\"su-carousel su-carousel-centered su-carousel-pages-no su-carousel-responsive-yes su-lightbox-gallery\" style=\"width:100%\" data-autoplay=\"3000\" data-speed=\"600\" data-mousewheel=\"true\" data-items=\"4\" data-scroll=\"1\"><div class=\"su-carousel-slides\"><div class=\"su-carousel-slide\"><a href=\"https:\/\/ee.mlfmonde.org\/moanda-comilog-lhs\/wp-content\/uploads\/sites\/11\/2023\/01\/Classes-ouvertes.png\" title=\"Classes ouvertes\"><img decoding=\"async\" src=\"https:\/\/ee.mlfmonde.org\/moanda-comilog-lhs\/wp-content\/uploads\/sites\/11\/2023\/01\/Classes-ouvertes.png\" alt=\"Classes ouvertes\" \/><span class=\"su-carousel-slide-title\">Classes ouvertes<\/span><\/a><\/div><div class=\"su-carousel-slide\"><a href=\"https:\/\/ee.mlfmonde.org\/moanda-comilog-lhs\/wp-content\/uploads\/sites\/11\/2023\/01\/photo_1_grande-0331d-1.jpg\" title=\"ArchiLab\"><img decoding=\"async\" src=\"https:\/\/ee.mlfmonde.org\/moanda-comilog-lhs\/wp-content\/uploads\/sites\/11\/2023\/01\/photo_1_grande-0331d-1.jpg\" alt=\"ArchiLab\" \/><span class=\"su-carousel-slide-title\">ArchiLab<\/span><\/a><\/div><div class=\"su-carousel-slide\"><a href=\"https:\/\/ee.mlfmonde.org\/moanda-comilog-lhs\/wp-content\/uploads\/sites\/11\/2023\/01\/photo_3_grande-c34a6.jpg\" title=\"Archilab\"><img decoding=\"async\" src=\"https:\/\/ee.mlfmonde.org\/moanda-comilog-lhs\/wp-content\/uploads\/sites\/11\/2023\/01\/photo_3_grande-c34a6.jpg\" alt=\"Archilab\" \/><span class=\"su-carousel-slide-title\">Archilab<\/span><\/a><\/div><div class=\"su-carousel-slide\"><a href=\"https:\/\/ee.mlfmonde.org\/moanda-comilog-lhs\/wp-content\/uploads\/sites\/11\/2023\/01\/Parcours-lenvironnement-3e-enseignant-de-la-classe.png\" title=\"Parcours l&rsquo;environnement, 3e enseignant de la classe\"><img decoding=\"async\" src=\"https:\/\/ee.mlfmonde.org\/moanda-comilog-lhs\/wp-content\/uploads\/sites\/11\/2023\/01\/Parcours-lenvironnement-3e-enseignant-de-la-classe.png\" alt=\"Parcours l&rsquo;environnement, 3e enseignant de la classe\" \/><span class=\"su-carousel-slide-title\">Parcours l&rsquo;environnement, 3e enseignant de la classe<\/span><\/a><\/div><\/div><div class=\"su-carousel-nav\"><div class=\"su-carousel-direction\"><span class=\"su-carousel-prev\"><\/span><span class=\"su-carousel-next\"><\/span><\/div><div class=\"su-carousel-pagination\"><\/div><\/div><\/div>\n<p>&nbsp;<\/p>\n<p>&nbsp;<\/p>\n<p>&nbsp;<\/p>\n<p>&nbsp;<\/p>\n<p>&nbsp;<\/p>\n<p>&nbsp;<\/p>\n<p>&nbsp;<\/p>\n<p>&nbsp;<\/p>\n<p>&nbsp;<\/p>\n<p>&nbsp;<\/p>\n<p>&nbsp;<\/p>\n<p>&nbsp;<\/p>\n<p>&nbsp;<\/p>\n<p>&nbsp;<\/p>\n<p>&nbsp;<\/p>\n<p>&nbsp;<\/p>\n<p>&nbsp;<\/p>\n<p>&nbsp;<\/p>\n<p>&nbsp;<\/p>\n<p>&nbsp;<\/p>\n<p>&nbsp;<\/p>\n<p>&nbsp;<\/p>\n<p>&nbsp;<\/p>\n<p>&nbsp;<\/p>\n<p>&nbsp;<\/p>\n<p>&nbsp;<\/p>\n<p>&nbsp;<\/p>\n<p>&nbsp;<\/p>\n<p>&nbsp;<\/p>\n<p>&nbsp;<\/p>\n","protected":false},"excerpt":{"rendered":"<p>&#8212;&#8212;&#8212;&#8212;&#8212;&#8212;&#8212;&#8212;&#8212;&#8212;&#8212;&#8212;&#8212;&#8212;&#8212;&#8212;&#8212;&#8212;&#8212;&#8212;&#8212;&#8212;&#8212;&#8212;&#8212;&#8212;&#8212;&#8212;&#8212;&#8212;&#8212;&#8212;&#8212;&#8212;&#8212;&#8212;&#8212;&#8212;&#8212;&#8212;&#8212;&#8212;&#8212;&#8212;&#8212;&#8212;&#8212;&#8212;&#8212;&#8212;&#8212;&#8212;&#8212;&#8212;&#8212;&#8212;- &nbsp; Les temps de concertation hebdomadaire en \u00e9quipe disciplinaire, anim\u00e9s par le coordonnateur \u00ab\u00a0syst\u00e8me fran\u00e7ais\u00a0\u00bb et qui couvrent le champ et les pratiques disciplinaires. L\u2019accompagnement individualis\u00e9 entre pairs Les formations transversales qui accompagnent les pratiques professionnelles Un dispositif exp\u00e9rimental \u00ab\u00a0centre de formation\u00a0\u00bb au sein de l\u2019\u00e9tablissement &nbsp; &nbsp; &nbsp; &nbsp; &nbsp; &nbsp; &nbsp; &nbsp; [&hellip;]<\/p>\n","protected":false},"author":75,"featured_media":0,"parent":0,"menu_order":0,"comment_status":"closed","ping_status":"closed","template":"","meta":{"_acf_changed":false,"footnotes":""},"class_list":["post-1558","page","type-page","status-publish","czr-hentry"],"acf":[],"_links":{"self":[{"href":"https:\/\/ee.mlfmonde.org\/moanda-comilog-lhs\/wp-json\/wp\/v2\/pages\/1558","targetHints":{"allow":["GET"]}}],"collection":[{"href":"https:\/\/ee.mlfmonde.org\/moanda-comilog-lhs\/wp-json\/wp\/v2\/pages"}],"about":[{"href":"https:\/\/ee.mlfmonde.org\/moanda-comilog-lhs\/wp-json\/wp\/v2\/types\/page"}],"author":[{"embeddable":true,"href":"https:\/\/ee.mlfmonde.org\/moanda-comilog-lhs\/wp-json\/wp\/v2\/users\/75"}],"replies":[{"embeddable":true,"href":"https:\/\/ee.mlfmonde.org\/moanda-comilog-lhs\/wp-json\/wp\/v2\/comments?post=1558"}],"version-history":[{"count":45,"href":"https:\/\/ee.mlfmonde.org\/moanda-comilog-lhs\/wp-json\/wp\/v2\/pages\/1558\/revisions"}],"predecessor-version":[{"id":1736,"href":"https:\/\/ee.mlfmonde.org\/moanda-comilog-lhs\/wp-json\/wp\/v2\/pages\/1558\/revisions\/1736"}],"wp:attachment":[{"href":"https:\/\/ee.mlfmonde.org\/moanda-comilog-lhs\/wp-json\/wp\/v2\/media?parent=1558"}],"curies":[{"name":"wp","href":"https:\/\/api.w.org\/{rel}","templated":true}]}}