{"id":1286,"date":"2023-01-24T09:11:29","date_gmt":"2023-01-24T08:11:29","guid":{"rendered":"http:\/\/ee.mlfmonde.org\/moanda-comilog-lhs\/?page_id=1286"},"modified":"2026-04-08T10:06:56","modified_gmt":"2026-04-08T09:06:56","slug":"webradio-des-sylvoziens","status":"publish","type":"page","link":"https:\/\/ee.mlfmonde.org\/moanda-comilog-lhs\/webradio-des-sylvoziens\/","title":{"rendered":"Webradio des Sylvoziens"},"content":{"rendered":"\n<h2 class=\"wp-block-heading\">La semaine de la presse et des m\u00e9dias \u00e0 l&rsquo;\u00e9cole 2026 &#8211; Emissions du 26 mars 2026 &#8211; C\u00b3<\/h2>\n\n\n\n<figure class=\"wp-block-embed is-type-rich is-provider-soundcloud wp-block-embed-soundcloud\"><div class=\"wp-block-embed__wrapper\">\n<iframe title=\"Emission 6eme Aphodite Figure by Club webradio\" width=\"1140\" height=\"400\" scrolling=\"no\" frameborder=\"no\" src=\"https:\/\/w.soundcloud.com\/player\/?visual=true&#038;url=https%3A%2F%2Fapi.soundcloud.com%2Ftracks%2F2291580647&#038;show_artwork=true&#038;maxheight=1000&#038;maxwidth=1140\"><\/iframe>\n<\/div><\/figure>\n\n\n\n<figure class=\"wp-block-embed is-type-rich is-provider-soundcloud wp-block-embed-soundcloud\"><div class=\"wp-block-embed__wrapper\">\n<iframe title=\"Emission 6eme Aphrodite by Club webradio\" width=\"1140\" height=\"400\" scrolling=\"no\" frameborder=\"no\" src=\"https:\/\/w.soundcloud.com\/player\/?visual=true&#038;url=https%3A%2F%2Fapi.soundcloud.com%2Ftracks%2F2298679808&#038;show_artwork=true&#038;maxheight=1000&#038;maxwidth=1140\"><\/iframe>\n<\/div><\/figure>\n\n\n\n<p><strong>LE CLUB WEBRADIO 2025 anim\u00e9 par Mme ANDEME et M. LAREYRE<\/strong> vous pr\u00e9sente&#8230;<\/p>\n\n\n\n<figure class=\"wp-block-embed is-type-rich is-provider-soundcloud wp-block-embed-soundcloud\"><div class=\"wp-block-embed__wrapper\">\n<iframe title=\"Lecture amour fatal by Club webradio\" width=\"1140\" height=\"400\" scrolling=\"no\" frameborder=\"no\" src=\"https:\/\/w.soundcloud.com\/player\/?visual=true&#038;url=https%3A%2F%2Fapi.soundcloud.com%2Ftracks%2F2095612683&#038;show_artwork=true&#038;maxheight=1000&#038;maxwidth=1140\"><\/iframe>\n<\/div><figcaption class=\"wp-element-caption\">Les \u00e9l\u00e8ves du club Webradio 2025 vous pr\u00e9sentent des lectures expressives sur des extraits de litt\u00e9rature \u00e9voquant un amour fatal.<\/figcaption><\/figure>\n\n\n\n<figure class=\"wp-block-embed is-type-rich is-provider-soundcloud wp-block-embed-soundcloud\"><div class=\"wp-block-embed__wrapper\">\n<iframe title=\"d\u00e9bat place de la femme soci\u00e9t\u00e9 gabonaise by Club webradio\" width=\"1140\" height=\"400\" scrolling=\"no\" frameborder=\"no\" src=\"https:\/\/w.soundcloud.com\/player\/?visual=true&#038;url=https%3A%2F%2Fapi.soundcloud.com%2Ftracks%2F2095611726&#038;show_artwork=true&#038;maxheight=1000&#038;maxwidth=1140\"><\/iframe>\n<\/div><\/figure>\n\n\n\n<figure class=\"wp-block-embed is-type-rich is-provider-soundcloud wp-block-embed-soundcloud\"><div class=\"wp-block-embed__wrapper\">\n<iframe title=\"interview place de la femme by Club webradio\" width=\"1140\" height=\"400\" scrolling=\"no\" frameborder=\"no\" src=\"https:\/\/w.soundcloud.com\/player\/?visual=true&#038;url=https%3A%2F%2Fapi.soundcloud.com%2Ftracks%2F2095609692&#038;show_artwork=true&#038;maxheight=1000&#038;maxwidth=1140\"><\/iframe>\n<\/div><figcaption class=\"wp-element-caption\">Un d\u00e9bat sur la place de la femme au Gabon par Marie, Deborah et Merveille, suivi d&rsquo;une interview dirig\u00e9e par Nissie.<\/figcaption><\/figure>\n\n\n\n<figure class=\"wp-block-embed is-type-rich is-provider-soundcloud wp-block-embed-soundcloud\"><div class=\"wp-block-embed__wrapper\">\n<iframe title=\"les informations 29 avril by Club webradio\" width=\"1140\" height=\"400\" scrolling=\"no\" frameborder=\"no\" src=\"https:\/\/w.soundcloud.com\/player\/?visual=true&#038;url=https%3A%2F%2Fapi.soundcloud.com%2Ftracks%2F2095608288&#038;show_artwork=true&#038;maxheight=1000&#038;maxwidth=1140\"><\/iframe>\n<\/div><figcaption class=\"wp-element-caption\">Les actualit\u00e9s du lyc\u00e9e et du Gabon par Leslie, Soraya et Dorcas<\/figcaption><\/figure>\n\n\n\n<figure class=\"wp-block-embed is-type-rich is-provider-soundcloud wp-block-embed-soundcloud\"><div class=\"wp-block-embed__wrapper\">\n<iframe title=\"La chanson de Timy by Club webradio\" width=\"1140\" height=\"400\" scrolling=\"no\" frameborder=\"no\" src=\"https:\/\/w.soundcloud.com\/player\/?visual=true&#038;url=https%3A%2F%2Fapi.soundcloud.com%2Ftracks%2F2087191632&#038;show_artwork=true&#038;maxheight=1000&#038;maxwidth=1140\"><\/iframe>\n<\/div><\/figure>\n\n\n\n<figure class=\"wp-block-embed is-type-rich is-provider-soundcloud wp-block-embed-soundcloud\"><div class=\"wp-block-embed__wrapper\">\n<iframe title=\"Le d\u00e9bat \u00e9tudes au Gabon vs \u00e0 l&#039;\u00e9tranger by Club webradio\" width=\"1140\" height=\"400\" scrolling=\"no\" frameborder=\"no\" src=\"https:\/\/w.soundcloud.com\/player\/?visual=true&#038;url=https%3A%2F%2Fapi.soundcloud.com%2Ftracks%2F2087194290&#038;show_artwork=true&#038;maxheight=1000&#038;maxwidth=1140\"><\/iframe>\n<\/div><\/figure>\n\n\n\n<p>&nbsp;<\/p>\n\n\n\n<figure class=\"wp-block-embed is-type-rich is-provider-soundcloud wp-block-embed-soundcloud\"><div class=\"wp-block-embed__wrapper\">\n<iframe title=\"Les actualit\u00e9s de Kamalia by Club webradio\" width=\"1140\" height=\"400\" scrolling=\"no\" frameborder=\"no\" src=\"https:\/\/w.soundcloud.com\/player\/?visual=true&#038;url=https%3A%2F%2Fapi.soundcloud.com%2Ftracks%2F2087302827&#038;show_artwork=true&#038;maxheight=1000&#038;maxwidth=1140\"><\/iframe>\n<\/div><\/figure>\n\n\n\n<p>&nbsp;<\/p>\n\n\n\n<figure class=\"wp-block-embed is-type-rich is-provider-soundcloud wp-block-embed-soundcloud\"><div class=\"wp-block-embed__wrapper\">\n<iframe title=\"Pr\u00e9sentation de Rom\u00e9o et Juliette par C\u00e9line by Club webradio\" width=\"1140\" height=\"400\" scrolling=\"no\" frameborder=\"no\" src=\"https:\/\/w.soundcloud.com\/player\/?visual=true&#038;url=https%3A%2F%2Fapi.soundcloud.com%2Ftracks%2F2087309217&#038;show_artwork=true&#038;maxheight=1000&#038;maxwidth=1140\"><\/iframe>\n<\/div><\/figure>\n\n\n\n<figure class=\"wp-block-embed is-type-rich is-provider-soundcloud wp-block-embed-soundcloud\"><div class=\"wp-block-embed__wrapper\">\n<iframe title=\"Pr\u00e9sentation Manga by Club webradio\" width=\"1140\" height=\"400\" scrolling=\"no\" frameborder=\"no\" src=\"https:\/\/w.soundcloud.com\/player\/?visual=true&#038;url=https%3A%2F%2Fapi.soundcloud.com%2Ftracks%2F2087311440&#038;show_artwork=true&#038;maxheight=1000&#038;maxwidth=1140\"><\/iframe>\n<\/div><\/figure>\n\n\n\n<figure class=\"wp-block-embed is-type-rich is-provider-soundcloud wp-block-embed-soundcloud\"><div class=\"wp-block-embed__wrapper\">\n<iframe title=\"Les enseignants au micro de la webradio by Club webradio\" width=\"1140\" height=\"400\" scrolling=\"no\" frameborder=\"no\" src=\"https:\/\/w.soundcloud.com\/player\/?visual=true&#038;url=https%3A%2F%2Fapi.soundcloud.com%2Ftracks%2F2087319555&#038;show_artwork=true&#038;maxheight=1000&#038;maxwidth=1140\"><\/iframe>\n<\/div><figcaption class=\"wp-element-caption\">Les enseignants du LHS essaient les micros de la webradio et font la promotion de la langue fran\u00e7aise et de la francophonie.<\/figcaption><\/figure>\n\n\n<p><iframe title=\"Rencontres Internationales de la Webradio Scolaire 2023 - Episode 5 by mlfmonde\" width=\"1140\" height=\"400\" scrolling=\"no\" frameborder=\"no\" src=\"https:\/\/w.soundcloud.com\/player\/?visual=true&#038;url=https%3A%2F%2Fapi.soundcloud.com%2Ftracks%2F1515572287&#038;show_artwork=true&#038;maxheight=1000&#038;maxwidth=1140\"><\/iframe><\/p>\n\n\n<p><iframe title=\"Les Rencontres Internationales de la Webradio Scolaire 2023 - Episode 1 by mlfmonde\" width=\"1140\" height=\"400\" scrolling=\"no\" frameborder=\"no\" src=\"https:\/\/w.soundcloud.com\/player\/?visual=true&#038;url=https%3A%2F%2Fapi.soundcloud.com%2Ftracks%2F1513957042&#038;show_artwork=true&#038;maxheight=1000&#038;maxwidth=1140\"><\/iframe><\/p>\n\n\n<p><a href=\"https:\/\/soundcloud.com\/webradio-sylvozienne\/semaine-de-la-terre?utm_source=clipboard&#038;utm_medium=text&#038;utm_campaign=social_sharing\">https:\/\/soundcloud.com\/webradio-sylvozienne\/semaine-de-la-terre?utm_source=clipboard&amp;utm_medium=text&amp;utm_campaign=social_sharing<\/a><\/p>\n\n\n<p><a href=\"https:\/\/soundcloud.com\/webradio-sylvozienne\/projet-educarte-les-neurosciences\">https:\/\/soundcloud.com\/webradio-sylvozienne\/projet-educarte-les-neurosciences<\/a><\/p>\n\n\n<p><a href=\"https:\/\/soundcloud.com\/webradio-sylvozienne\/un-temps-colonial-au-lhs?si=45b988f148bc43e2aac7c40e6decd9b4&#038;utm_source=clipboard&#038;utm_medium=text&#038;utm_campaign=social_sharing\">https:\/\/soundcloud.com\/webradio-sylvozienne\/un-temps-colonial-au-lhs?si=45b988f148bc43e2aac7c40e6decd9b4&amp;utm_source=clipboard&amp;utm_medium=text&amp;utm_campaign=social_sharing<\/a><\/p>\n\n\n<p><iframe title=\"Bonne arriv\u00e9e ! Bienvenue \u00e0 Moanda by Webradio sylvozienne\" width=\"1140\" height=\"400\" scrolling=\"no\" frameborder=\"no\" src=\"https:\/\/w.soundcloud.com\/player\/?visual=true&#038;url=https%3A%2F%2Fapi.soundcloud.com%2Ftracks%2F1486495831&#038;show_artwork=true&#038;maxheight=1000&#038;maxwidth=1140\"><\/iframe><\/p>\n\n\n<p><a href=\"https:\/\/soundcloud.com\/webradio-sylvozienne\/emission-semaine-des-langues?utm_source=clipboard&#038;utm_medium=text&#038;utm_campaign=social_sharing\">https:\/\/soundcloud.com\/webradio-sylvozienne\/emission-semaine-des-langues?utm_source=clipboard&amp;utm_medium=text&amp;utm_campaign=social_sharing<\/a><\/p>\n\n\n<p><iframe title=\"Sois jeune et bats-toi ! by Webradio sylvozienne\" width=\"1140\" height=\"400\" scrolling=\"no\" frameborder=\"no\" src=\"https:\/\/w.soundcloud.com\/player\/?visual=true&#038;url=https%3A%2F%2Fapi.soundcloud.com%2Ftracks%2F1476387415&#038;show_artwork=true&#038;maxheight=1000&#038;maxwidth=1140\"><\/iframe><\/p>\n\n\n<p><iframe title=\"L&#039;acc\u00e8s \u00e0 l&#039;eau potable \u00e0 Moanda by Webradio sylvozienne\" width=\"1140\" height=\"400\" scrolling=\"no\" frameborder=\"no\" src=\"https:\/\/w.soundcloud.com\/player\/?visual=true&#038;url=https%3A%2F%2Fapi.soundcloud.com%2Ftracks%2F1476384352&#038;show_artwork=true&#038;maxheight=1000&#038;maxwidth=1140\"><\/iframe><\/p>\n\n\n\n<figure class=\"wp-block-embed is-type-rich is-provider-soundcloud wp-block-embed-soundcloud\"><div class=\"wp-block-embed__wrapper\">\n<iframe title=\"MOANdroit, C&#039;est ton droit by Webradio sylvozienne\" width=\"1140\" height=\"400\" scrolling=\"no\" frameborder=\"no\" src=\"https:\/\/w.soundcloud.com\/player\/?visual=true&#038;url=https%3A%2F%2Fapi.soundcloud.com%2Ftracks%2F1443020152&#038;show_artwork=true&#038;maxheight=1000&#038;maxwidth=1140\"><\/iframe>\n<\/div><\/figure>\n\n\n\n<p><\/p>\n\n\n\n<p><\/p>\n","protected":false},"excerpt":{"rendered":"<p>La semaine de la presse et des m\u00e9dias \u00e0 l&rsquo;\u00e9cole 2026 &#8211; Emissions du 26 mars 2026 &#8211; C\u00b3 LE CLUB WEBRADIO 2025 anim\u00e9 par Mme ANDEME et M. LAREYRE vous pr\u00e9sente&#8230; &nbsp; &nbsp;<\/p>\n","protected":false},"author":75,"featured_media":0,"parent":0,"menu_order":0,"comment_status":"closed","ping_status":"closed","template":"","meta":{"_acf_changed":false,"footnotes":""},"class_list":["post-1286","page","type-page","status-publish","czr-hentry"],"acf":[],"_links":{"self":[{"href":"https:\/\/ee.mlfmonde.org\/moanda-comilog-lhs\/wp-json\/wp\/v2\/pages\/1286","targetHints":{"allow":["GET"]}}],"collection":[{"href":"https:\/\/ee.mlfmonde.org\/moanda-comilog-lhs\/wp-json\/wp\/v2\/pages"}],"about":[{"href":"https:\/\/ee.mlfmonde.org\/moanda-comilog-lhs\/wp-json\/wp\/v2\/types\/page"}],"author":[{"embeddable":true,"href":"https:\/\/ee.mlfmonde.org\/moanda-comilog-lhs\/wp-json\/wp\/v2\/users\/75"}],"replies":[{"embeddable":true,"href":"https:\/\/ee.mlfmonde.org\/moanda-comilog-lhs\/wp-json\/wp\/v2\/comments?post=1286"}],"version-history":[{"count":20,"href":"https:\/\/ee.mlfmonde.org\/moanda-comilog-lhs\/wp-json\/wp\/v2\/pages\/1286\/revisions"}],"predecessor-version":[{"id":4273,"href":"https:\/\/ee.mlfmonde.org\/moanda-comilog-lhs\/wp-json\/wp\/v2\/pages\/1286\/revisions\/4273"}],"wp:attachment":[{"href":"https:\/\/ee.mlfmonde.org\/moanda-comilog-lhs\/wp-json\/wp\/v2\/media?parent=1286"}],"curies":[{"name":"wp","href":"https:\/\/api.w.org\/{rel}","templated":true}]}}