{"id":1214,"date":"2023-01-19T08:34:12","date_gmt":"2023-01-19T07:34:12","guid":{"rendered":"http:\/\/ee.mlfmonde.org\/moanda-comilog-lhs\/?page_id=1214"},"modified":"2023-02-07T16:31:30","modified_gmt":"2023-02-07T15:31:30","slug":"ressources-au-colleges","status":"publish","type":"page","link":"https:\/\/ee.mlfmonde.org\/moanda-comilog-lhs\/ressources-au-colleges\/","title":{"rendered":"ressources au coll\u00e8ges"},"content":{"rendered":"<blockquote><div class=\"su-heading su-heading-style-default su-heading-align-center\" id=\"\" style=\"font-size:16px;margin-bottom:20px\"><div class=\"su-heading-inner\"><strong>DECOUVRIR LA CLASSE DE 2nde GT<\/strong> &#8211; Section fran\u00e7aise<\/div><\/div><\/blockquote>\n<div id=\"su_slider_69ded95e69310\" class=\"su-slider su-slider-centered su-slider-pages-yes su-slider-responsive-yes su-lightbox-gallery\" style=\"width:100%\" data-autoplay=\"3000\" data-speed=\"600\" data-mousewheel=\"true\"><div class=\"su-slider-slides\"><div class=\"su-slider-slide\"><a href=\"https:\/\/ee.mlfmonde.org\/moanda-comilog-lhs\/wp-content\/uploads\/sites\/11\/2023\/02\/Pr\u00e9sentation-3\u00e8me-Acc\u00e8s-seconde-GT-page-001.jpg\"  title=\"Pr\u00e9sentation 3\u00e8me &#8211; Acc\u00e8s seconde GT-page-001\"><img decoding=\"async\" src=\"https:\/\/ee.mlfmonde.org\/moanda-comilog-lhs\/wp-content\/uploads\/sites\/11\/2023\/02\/Pr\u00e9sentation-3\u00e8me-Acc\u00e8s-seconde-GT-page-001.jpg\" alt=\"Pr\u00e9sentation 3\u00e8me &#8211; Acc\u00e8s seconde GT-page-001\" \/><\/a><\/div><div class=\"su-slider-slide\"><a href=\"https:\/\/ee.mlfmonde.org\/moanda-comilog-lhs\/wp-content\/uploads\/sites\/11\/2023\/02\/Pr\u00e9sentation-3\u00e8me-Acc\u00e8s-seconde-GT-page-002.jpg\"  title=\"Pr\u00e9sentation 3\u00e8me &#8211; Acc\u00e8s seconde GT-page-002\"><img decoding=\"async\" src=\"https:\/\/ee.mlfmonde.org\/moanda-comilog-lhs\/wp-content\/uploads\/sites\/11\/2023\/02\/Pr\u00e9sentation-3\u00e8me-Acc\u00e8s-seconde-GT-page-002.jpg\" alt=\"Pr\u00e9sentation 3\u00e8me &#8211; Acc\u00e8s seconde GT-page-002\" \/><\/a><\/div><div class=\"su-slider-slide\"><a href=\"https:\/\/ee.mlfmonde.org\/moanda-comilog-lhs\/wp-content\/uploads\/sites\/11\/2023\/02\/Pr\u00e9sentation-3\u00e8me-Acc\u00e8s-seconde-GT-page-003.jpg\"  title=\"Pr\u00e9sentation 3\u00e8me &#8211; Acc\u00e8s seconde GT-page-003\"><img decoding=\"async\" src=\"https:\/\/ee.mlfmonde.org\/moanda-comilog-lhs\/wp-content\/uploads\/sites\/11\/2023\/02\/Pr\u00e9sentation-3\u00e8me-Acc\u00e8s-seconde-GT-page-003.jpg\" alt=\"Pr\u00e9sentation 3\u00e8me &#8211; Acc\u00e8s seconde GT-page-003\" \/><\/a><\/div><div class=\"su-slider-slide\"><a href=\"https:\/\/ee.mlfmonde.org\/moanda-comilog-lhs\/wp-content\/uploads\/sites\/11\/2023\/02\/Pr\u00e9sentation-3\u00e8me-Acc\u00e8s-seconde-GT-page-004.jpg\"  title=\"Pr\u00e9sentation 3\u00e8me &#8211; Acc\u00e8s seconde GT-page-004\"><img decoding=\"async\" src=\"https:\/\/ee.mlfmonde.org\/moanda-comilog-lhs\/wp-content\/uploads\/sites\/11\/2023\/02\/Pr\u00e9sentation-3\u00e8me-Acc\u00e8s-seconde-GT-page-004.jpg\" alt=\"Pr\u00e9sentation 3\u00e8me &#8211; Acc\u00e8s seconde GT-page-004\" \/><\/a><\/div><div class=\"su-slider-slide\"><a href=\"https:\/\/ee.mlfmonde.org\/moanda-comilog-lhs\/wp-content\/uploads\/sites\/11\/2023\/02\/Pr\u00e9sentation-3\u00e8me-Acc\u00e8s-seconde-GT-page-005.jpg\"  title=\"Pr\u00e9sentation 3\u00e8me &#8211; Acc\u00e8s seconde GT-page-005\"><img decoding=\"async\" src=\"https:\/\/ee.mlfmonde.org\/moanda-comilog-lhs\/wp-content\/uploads\/sites\/11\/2023\/02\/Pr\u00e9sentation-3\u00e8me-Acc\u00e8s-seconde-GT-page-005.jpg\" alt=\"Pr\u00e9sentation 3\u00e8me &#8211; Acc\u00e8s seconde GT-page-005\" \/><\/a><\/div><div class=\"su-slider-slide\"><a href=\"https:\/\/ee.mlfmonde.org\/moanda-comilog-lhs\/wp-content\/uploads\/sites\/11\/2023\/02\/Pr\u00e9sentation-3\u00e8me-Acc\u00e8s-seconde-GT-page-006-1.jpg\"  title=\"Pr\u00e9sentation 3\u00e8me &#8211; Acc\u00e8s seconde GT-page-006 (1)\"><img decoding=\"async\" src=\"https:\/\/ee.mlfmonde.org\/moanda-comilog-lhs\/wp-content\/uploads\/sites\/11\/2023\/02\/Pr\u00e9sentation-3\u00e8me-Acc\u00e8s-seconde-GT-page-006-1.jpg\" alt=\"Pr\u00e9sentation 3\u00e8me &#8211; Acc\u00e8s seconde GT-page-006 (1)\" \/><\/a><\/div><div class=\"su-slider-slide\"><a href=\"https:\/\/ee.mlfmonde.org\/moanda-comilog-lhs\/wp-content\/uploads\/sites\/11\/2023\/02\/Pr\u00e9sentation-3\u00e8me-Acc\u00e8s-seconde-GT-page-007.jpg\"  title=\"Pr\u00e9sentation 3\u00e8me &#8211; Acc\u00e8s seconde GT-page-007\"><img decoding=\"async\" src=\"https:\/\/ee.mlfmonde.org\/moanda-comilog-lhs\/wp-content\/uploads\/sites\/11\/2023\/02\/Pr\u00e9sentation-3\u00e8me-Acc\u00e8s-seconde-GT-page-007.jpg\" alt=\"Pr\u00e9sentation 3\u00e8me &#8211; Acc\u00e8s seconde GT-page-007\" \/><\/a><\/div><div class=\"su-slider-slide\"><a href=\"https:\/\/ee.mlfmonde.org\/moanda-comilog-lhs\/wp-content\/uploads\/sites\/11\/2023\/02\/Pr\u00e9sentation-3\u00e8me-Acc\u00e8s-seconde-GT-page-008-1.jpg\"  title=\"Pr\u00e9sentation 3\u00e8me &#8211; Acc\u00e8s seconde GT-page-008 (1)\"><img decoding=\"async\" src=\"https:\/\/ee.mlfmonde.org\/moanda-comilog-lhs\/wp-content\/uploads\/sites\/11\/2023\/02\/Pr\u00e9sentation-3\u00e8me-Acc\u00e8s-seconde-GT-page-008-1.jpg\" alt=\"Pr\u00e9sentation 3\u00e8me &#8211; Acc\u00e8s seconde GT-page-008 (1)\" \/><\/a><\/div><div class=\"su-slider-slide\"><a href=\"https:\/\/ee.mlfmonde.org\/moanda-comilog-lhs\/wp-content\/uploads\/sites\/11\/2023\/02\/Pr\u00e9sentation-3\u00e8me-Acc\u00e8s-seconde-GT-page-009.jpg\"  title=\"Pr\u00e9sentation 3\u00e8me &#8211; Acc\u00e8s seconde GT-page-009\"><img decoding=\"async\" src=\"https:\/\/ee.mlfmonde.org\/moanda-comilog-lhs\/wp-content\/uploads\/sites\/11\/2023\/02\/Pr\u00e9sentation-3\u00e8me-Acc\u00e8s-seconde-GT-page-009.jpg\" alt=\"Pr\u00e9sentation 3\u00e8me &#8211; Acc\u00e8s seconde GT-page-009\" \/><\/a><\/div><\/div><div class=\"su-slider-nav\"><div class=\"su-slider-direction\"><span class=\"su-slider-prev\"><\/span><span class=\"su-slider-next\"><\/span><\/div><div class=\"su-slider-pagination\"><\/div><\/div><\/div>\n","protected":false},"excerpt":{"rendered":"","protected":false},"author":161,"featured_media":0,"parent":0,"menu_order":0,"comment_status":"closed","ping_status":"closed","template":"","meta":{"_acf_changed":false,"footnotes":""},"class_list":["post-1214","page","type-page","status-publish","czr-hentry"],"acf":[],"_links":{"self":[{"href":"https:\/\/ee.mlfmonde.org\/moanda-comilog-lhs\/wp-json\/wp\/v2\/pages\/1214","targetHints":{"allow":["GET"]}}],"collection":[{"href":"https:\/\/ee.mlfmonde.org\/moanda-comilog-lhs\/wp-json\/wp\/v2\/pages"}],"about":[{"href":"https:\/\/ee.mlfmonde.org\/moanda-comilog-lhs\/wp-json\/wp\/v2\/types\/page"}],"author":[{"embeddable":true,"href":"https:\/\/ee.mlfmonde.org\/moanda-comilog-lhs\/wp-json\/wp\/v2\/users\/161"}],"replies":[{"embeddable":true,"href":"https:\/\/ee.mlfmonde.org\/moanda-comilog-lhs\/wp-json\/wp\/v2\/comments?post=1214"}],"version-history":[{"count":5,"href":"https:\/\/ee.mlfmonde.org\/moanda-comilog-lhs\/wp-json\/wp\/v2\/pages\/1214\/revisions"}],"predecessor-version":[{"id":1720,"href":"https:\/\/ee.mlfmonde.org\/moanda-comilog-lhs\/wp-json\/wp\/v2\/pages\/1214\/revisions\/1720"}],"wp:attachment":[{"href":"https:\/\/ee.mlfmonde.org\/moanda-comilog-lhs\/wp-json\/wp\/v2\/media?parent=1214"}],"curies":[{"name":"wp","href":"https:\/\/api.w.org\/{rel}","templated":true}]}}