{"id":1202,"date":"2023-01-19T08:21:39","date_gmt":"2023-01-19T07:21:39","guid":{"rendered":"http:\/\/ee.mlfmonde.org\/moanda-comilog-lhs\/?page_id=1202"},"modified":"2023-01-31T09:24:44","modified_gmt":"2023-01-31T08:24:44","slug":"informations-utiles","status":"publish","type":"page","link":"https:\/\/ee.mlfmonde.org\/moanda-comilog-lhs\/informations-utiles\/","title":{"rendered":"Informations utiles"},"content":{"rendered":"<p><img fetchpriority=\"high\" decoding=\"async\" class=\"alignnone size-full wp-image-1440\" src=\"http:\/\/ee.mlfmonde.org\/moanda-comilog-lhs\/wp-content\/uploads\/sites\/11\/2023\/01\/Coll\u00e8ge.jpg\" alt=\"\" width=\"5544\" height=\"1456\" srcset=\"https:\/\/ee.mlfmonde.org\/moanda-comilog-lhs\/wp-content\/uploads\/sites\/11\/2023\/01\/Coll\u00e8ge.jpg 5544w, https:\/\/ee.mlfmonde.org\/moanda-comilog-lhs\/wp-content\/uploads\/sites\/11\/2023\/01\/Coll\u00e8ge-300x79.jpg 300w, https:\/\/ee.mlfmonde.org\/moanda-comilog-lhs\/wp-content\/uploads\/sites\/11\/2023\/01\/Coll\u00e8ge-768x202.jpg 768w, https:\/\/ee.mlfmonde.org\/moanda-comilog-lhs\/wp-content\/uploads\/sites\/11\/2023\/01\/Coll\u00e8ge-1024x269.jpg 1024w, https:\/\/ee.mlfmonde.org\/moanda-comilog-lhs\/wp-content\/uploads\/sites\/11\/2023\/01\/Coll\u00e8ge-570x150.jpg 570w\" sizes=\"(max-width: 5544px) 100vw, 5544px\" \/><\/p>\n<ul class=\"su-subpages\"><li class=\"page_item page-item-1935\"><a href=\"https:\/\/ee.mlfmonde.org\/moanda-comilog-lhs\/informations-utiles\/inscrptions-au-lhs\/\">INSCRIPTIONS AU LHS<\/a><\/li>\n<li class=\"page_item page-item-1531\"><a href=\"https:\/\/ee.mlfmonde.org\/moanda-comilog-lhs\/informations-utiles\/nous-joindre\/\">Nous joindre<\/a><\/li>\n<li class=\"page_item page-item-1524\"><a href=\"https:\/\/ee.mlfmonde.org\/moanda-comilog-lhs\/informations-utiles\/vie-scolaire\/\">R\u00e8glement int\u00e9rieur<\/a><\/li>\n<li class=\"page_item page-item-1513\"><a href=\"https:\/\/ee.mlfmonde.org\/moanda-comilog-lhs\/informations-utiles\/1513-2\/\">Calendrier<\/a><\/li>\n<\/ul>\n<p>&nbsp;<\/p>\n<figure id=\"attachment_1343\" aria-describedby=\"caption-attachment-1343\" style=\"width: 250px\" class=\"wp-caption alignleft\"><a href=\"https:\/\/3280013g.index-education.net\/pronote\/\"><img decoding=\"async\" class=\"wp-image-1343\" src=\"http:\/\/ee.mlfmonde.org\/moanda-comilog-lhs\/wp-content\/uploads\/sites\/11\/2023\/01\/t\u00e9l\u00e9chargement.jpg\" alt=\"\" width=\"250\" height=\"100\" srcset=\"https:\/\/ee.mlfmonde.org\/moanda-comilog-lhs\/wp-content\/uploads\/sites\/11\/2023\/01\/t\u00e9l\u00e9chargement.jpg 354w, https:\/\/ee.mlfmonde.org\/moanda-comilog-lhs\/wp-content\/uploads\/sites\/11\/2023\/01\/t\u00e9l\u00e9chargement-300x120.jpg 300w\" sizes=\"(max-width: 250px) 100vw, 250px\" \/><\/a><figcaption id=\"caption-attachment-1343\" class=\"wp-caption-text\">Cliquez sur l&rsquo;image pour un acc\u00e8s direct \u00e0 l&rsquo;espace Pronote<\/figcaption><\/figure>\n<p>&nbsp;<\/p>\n<p>Suivre la scolarit\u00e9 de votre enfant avec Pronote. Vous avez \u00e9gar\u00e9 vos codes d&rsquo;acc\u00e8s ? Contactez la Vie scolaire.<\/p>\n","protected":false},"excerpt":{"rendered":"<p>&nbsp; &nbsp; Suivre la scolarit\u00e9 de votre enfant avec Pronote. Vous avez \u00e9gar\u00e9 vos codes d&rsquo;acc\u00e8s ? Contactez la Vie scolaire.<\/p>\n","protected":false},"author":161,"featured_media":0,"parent":0,"menu_order":0,"comment_status":"closed","ping_status":"closed","template":"","meta":{"_acf_changed":false,"footnotes":""},"class_list":["post-1202","page","type-page","status-publish","czr-hentry"],"acf":[],"_links":{"self":[{"href":"https:\/\/ee.mlfmonde.org\/moanda-comilog-lhs\/wp-json\/wp\/v2\/pages\/1202","targetHints":{"allow":["GET"]}}],"collection":[{"href":"https:\/\/ee.mlfmonde.org\/moanda-comilog-lhs\/wp-json\/wp\/v2\/pages"}],"about":[{"href":"https:\/\/ee.mlfmonde.org\/moanda-comilog-lhs\/wp-json\/wp\/v2\/types\/page"}],"author":[{"embeddable":true,"href":"https:\/\/ee.mlfmonde.org\/moanda-comilog-lhs\/wp-json\/wp\/v2\/users\/161"}],"replies":[{"embeddable":true,"href":"https:\/\/ee.mlfmonde.org\/moanda-comilog-lhs\/wp-json\/wp\/v2\/comments?post=1202"}],"version-history":[{"count":15,"href":"https:\/\/ee.mlfmonde.org\/moanda-comilog-lhs\/wp-json\/wp\/v2\/pages\/1202\/revisions"}],"predecessor-version":[{"id":1633,"href":"https:\/\/ee.mlfmonde.org\/moanda-comilog-lhs\/wp-json\/wp\/v2\/pages\/1202\/revisions\/1633"}],"wp:attachment":[{"href":"https:\/\/ee.mlfmonde.org\/moanda-comilog-lhs\/wp-json\/wp\/v2\/media?parent=1202"}],"curies":[{"name":"wp","href":"https:\/\/api.w.org\/{rel}","templated":true}]}}