{"id":1172,"date":"2023-01-12T10:15:01","date_gmt":"2023-01-12T09:15:01","guid":{"rendered":"http:\/\/ee.mlfmonde.org\/moanda-comilog-lhs\/?page_id=1172"},"modified":"2024-03-25T15:40:37","modified_gmt":"2024-03-25T14:40:37","slug":"lycee-section-gabonaise","status":"publish","type":"page","link":"https:\/\/ee.mlfmonde.org\/moanda-comilog-lhs\/lycee-section-gabonaise\/","title":{"rendered":"Lyc\u00e9e section gabonaise"},"content":{"rendered":"<p>Le lyc\u00e9e Henri Sylvoz offre un parcours complet en second cycle, d\u2019une dur\u00e9e de trois ans (de la seconde \u00e0 la terminale, litt\u00e9raire ou scientifique), parcours sanctionn\u00e9 par l\u2019obtention du baccalaur\u00e9at national et donnant acc\u00e8s \u00e0 l\u2019enseignement sup\u00e9rieur.<\/p>\n<p>Dispens\u00e9es par des \u00e9quipes exp\u00e9riment\u00e9es, b\u00e9n\u00e9ficiant de tous les \u00e9quipements du LHS et d&rsquo;un accompagnement continuel tout au long de l&rsquo;ann\u00e9e, l<strong>es \u00e9l\u00e8ves du LHS se distinguent chaque ann\u00e9e par d&rsquo;excellents r\u00e9sultats \u00e0 l&rsquo;examen.<\/strong><\/p>\n<hr \/>\n<p><strong>Int\u00e9grer la section<\/strong><\/p>\n<p>En seconde, l&rsquo;\u00e9l\u00e8ve, apr\u00e8s avoir obtenu un avis favorable du conseil de classe de 3\u00e8me, pourra int\u00e9grer une\u00a0 seconde LE (seconde litt\u00e9raire) ou une seconde S, au regard de son projet et de ses r\u00e9sultats.<\/p>\n<p>Les \u00e9quipes p\u00e9dagogiques et le professeur principal peuvent, si besoin, r\u00e9pondre aux sollicitations des familles pour affiner le choix.<\/p>\n<p><strong>Les deux fili\u00e8res de Seconde sont accessibles aux \u00e9l\u00e8ves de l&rsquo;ext\u00e9rieur selon le nombre de places disponibles : renseignements aupr\u00e8s du secr\u00e9tariat de l&rsquo;\u00e9tablissement \u00e0 partir du mois de Mai.<\/strong><\/p>\n<hr \/>\n<p><strong>Pr\u00e9parer le baccalaur\u00e9at<\/strong><\/p>\n<p>A l&rsquo;issue de la classe de Seconde, les \u00e9l\u00e8ves, selon les r\u00e9sultats obtenus, pourront choisir :<\/p>\n<ul>\n<li>Une fili\u00e8re litt\u00e9raire : A1, A2<\/li>\n<li>Une fili\u00e8re \u00e9conomique : B<\/li>\n<li>Une fili\u00e8re scientifique : D, C<\/li>\n<\/ul>\n<p>Les effectifs des classes n&rsquo;exc\u00e8dent jamais les 30 \u00e9l\u00e8ves et les \u00e9quipes proposent des temps de travail sp\u00e9cifiques, notamment durant les cong\u00e9s, afin de favoriser les r\u00e9visions.<\/p>\n<hr \/>\n<p><strong>R\u00e9flexion et orientation !<\/strong><\/p>\n<p>A compter de la rentr\u00e9e 2024, un syst\u00e8me de passerelles sera mis en \u0153uvre pour accompagner les \u00e9l\u00e8ves qui, au regard de leurs r\u00e9sultats ou d&rsquo;un projet qui \u00e9voluerait, demanderaient \u00e0 changer de fili\u00e8res.<\/p>\n<p>Et \u00e0 l&rsquo;image de l&rsquo;ensemble des lyc\u00e9ens du LHS, les \u00e9quipes accompagnent les \u00e9l\u00e8ves dans la construction de leur orientation : un espace sp\u00e9cifique est d\u00e9di\u00e9 \u00e0 ces d\u00e9marches et recherches au C3 et des \u00e9v\u00e8nements et r\u00e9unions d&rsquo;informations sont r\u00e9guli\u00e8rement organis\u00e9es pour les \u00e9l\u00e8ves et leurs familles.<\/p>\n<p>L&rsquo;Excellence pour tous !<\/p>\n<p>&nbsp;<\/p>\n","protected":false},"excerpt":{"rendered":"<p>Le lyc\u00e9e Henri Sylvoz offre un parcours complet en second cycle, d\u2019une dur\u00e9e de trois ans (de la seconde \u00e0 la terminale, litt\u00e9raire ou scientifique), parcours sanctionn\u00e9 par l\u2019obtention du baccalaur\u00e9at national et donnant acc\u00e8s \u00e0 l\u2019enseignement sup\u00e9rieur. Dispens\u00e9es par des \u00e9quipes exp\u00e9riment\u00e9es, b\u00e9n\u00e9ficiant de tous les \u00e9quipements du LHS et d&rsquo;un accompagnement continuel tout [&hellip;]<\/p>\n","protected":false},"author":161,"featured_media":0,"parent":0,"menu_order":0,"comment_status":"closed","ping_status":"closed","template":"","meta":{"_acf_changed":false,"footnotes":""},"class_list":["post-1172","page","type-page","status-publish","czr-hentry"],"acf":[],"_links":{"self":[{"href":"https:\/\/ee.mlfmonde.org\/moanda-comilog-lhs\/wp-json\/wp\/v2\/pages\/1172","targetHints":{"allow":["GET"]}}],"collection":[{"href":"https:\/\/ee.mlfmonde.org\/moanda-comilog-lhs\/wp-json\/wp\/v2\/pages"}],"about":[{"href":"https:\/\/ee.mlfmonde.org\/moanda-comilog-lhs\/wp-json\/wp\/v2\/types\/page"}],"author":[{"embeddable":true,"href":"https:\/\/ee.mlfmonde.org\/moanda-comilog-lhs\/wp-json\/wp\/v2\/users\/161"}],"replies":[{"embeddable":true,"href":"https:\/\/ee.mlfmonde.org\/moanda-comilog-lhs\/wp-json\/wp\/v2\/comments?post=1172"}],"version-history":[{"count":4,"href":"https:\/\/ee.mlfmonde.org\/moanda-comilog-lhs\/wp-json\/wp\/v2\/pages\/1172\/revisions"}],"predecessor-version":[{"id":2264,"href":"https:\/\/ee.mlfmonde.org\/moanda-comilog-lhs\/wp-json\/wp\/v2\/pages\/1172\/revisions\/2264"}],"wp:attachment":[{"href":"https:\/\/ee.mlfmonde.org\/moanda-comilog-lhs\/wp-json\/wp\/v2\/media?parent=1172"}],"curies":[{"name":"wp","href":"https:\/\/api.w.org\/{rel}","templated":true}]}}