{"id":1168,"date":"2023-01-12T10:13:07","date_gmt":"2023-01-12T09:13:07","guid":{"rendered":"http:\/\/ee.mlfmonde.org\/moanda-comilog-lhs\/?page_id=1168"},"modified":"2023-01-26T08:19:45","modified_gmt":"2023-01-26T07:19:45","slug":"les-specialites-au-lhs","status":"publish","type":"page","link":"https:\/\/ee.mlfmonde.org\/moanda-comilog-lhs\/les-specialites-au-lhs\/","title":{"rendered":"Int\u00e9grer la section fran\u00e7aise"},"content":{"rendered":"<p><strong><em>Attention : l&rsquo;acc\u00e8s \u00e0 la classe de seconde -section fran\u00e7aise est r\u00e9serv\u00e9e aux \u00e9l\u00e8ves ayant suivi le programme fran\u00e7ais en 3\u00e8me dans un \u00e9tablissement homologu\u00e9 sur ce niveau.<\/em><\/strong><\/p>\n<div class=\"su-heading su-heading-style-default su-heading-align-center\" id=\"\" style=\"font-size:16px;margin-bottom:20px\"><div class=\"su-heading-inner\">S&rsquo;INFORMER<\/div><\/div>\n<p>S&rsquo;engager dans la voie de l&rsquo;enseignement fran\u00e7ais au lyc\u00e9e suppose avant tout de bien <strong>s&rsquo;informer avant de faire ce choix<\/strong>.<\/p>\n<a href=\"https:\/\/ee.mlfmonde.org\/moanda-comilog-lhs\/lycee-section-francaise\/\" class=\"su-button su-button-style-bubbles su-button-wide\" style=\"color:#0e0e0e;background-color:#cfced6;border-color:#a6a5ac;border-radius:5px\" target=\"_blank\" rel=\"noopener noreferrer\"><span style=\"color:#0e0e0e;padding:0px 16px;font-size:13px;line-height:26px;border-color:#dedde3;border-radius:5px;text-shadow:none\"> La section fran\u00e7aise<small style=\"padding-bottom:6px;color:#0e0e0e\">La section fran\u00e7aise<\/small><\/span><\/a>\n<a href=\"https:\/\/ee.mlfmonde.org\/moanda-comilog-lhs\/ressources-au-lycee\/\" class=\"su-button su-button-style-bubbles su-button-wide\" style=\"color:#0e0e0e;background-color:#cfced6;border-color:#a6a5ac;border-radius:5px\" target=\"_blank\" rel=\"noopener noreferrer\"><span style=\"color:#0e0e0e;padding:0px 16px;font-size:13px;line-height:26px;border-color:#dedde3;border-radius:5px;text-shadow:none\"> La classe de seconde<\/span><\/a>\n<div class=\"su-heading su-heading-style-default su-heading-align-center\" id=\"\" style=\"font-size:16px;margin-bottom:20px\"><div class=\"su-heading-inner\">SUIVRE LA PROCEDURE<\/div><\/div>\n<p>&nbsp;<\/p>\n<span class=\"su-dropcap su-dropcap-style-default\" style=\"font-size:1.5em\">O<\/span>RIENTATION<\/p>\n<p>La demande d\u2019int\u00e9gration d\u2019une 2<sup>nde<\/sup> GT se fait obligatoirement en parall\u00e8le de la d\u00e9cision d\u2019orientation du conseil de classe pour un passage en 2<sup>nde<\/sup> , <strong>qui pr\u00e9vaut quel que soit le type de seconde demand\u00e9e<\/strong>. En effet, l&rsquo;\u00e9cart entre la classe de 3<sup>\u00e8me<\/sup> et celui de la classe de 2<sup>nde<\/sup> pr\u00e9parant un baccalaur\u00e9at est important. C\u2019est donc, dans un premier temps et pour les deux sections, les r\u00e9sultats de l\u2019\u00e9l\u00e8ve qui vont \u00eatre appr\u00e9ci\u00e9s par le conseil de classe pour un passage en 2<sup>nde<\/sup>.<\/p>\n<p>Une fiche dialogue est remise aux familles avant le conseil de classe du deuxi\u00e8me trimestre. Ce document officiel est indispensable pour la proc\u00e9dure et doit \u00eatre imp\u00e9rativement \u00e9tudi\u00e9 durant le conseil : attention au respect du calendrier !<\/p>\n<span class=\"su-dropcap su-dropcap-style-default\" style=\"font-size:1.5em\">I<\/span>NTEGRATION<\/p>\n<p>La section fran\u00e7aise du LHS est une section o\u00f9 <strong>le nombre de place est limit\u00e9.<\/strong><\/p>\n<p>En parall\u00e8le, afin de prendre en compte le projet de l\u2019\u00e9l\u00e8ve, les membres du conseil de classe \u00e9tudieront donc diff\u00e9rents crit\u00e8res qui permettront de d\u00e9terminer au mieux et, le cas \u00e9chant de conseiller les familles, sur le choix du parcours au LHS. Seront examin\u00e9s au second, puis au troisi\u00e8me trimestre :<\/p>\n<ul>\n<li><span style=\"color: #000080\"><strong>La r\u00e9gularit\u00e9 des r\u00e9sultats dans toutes les disciplines<\/strong><\/span><\/li>\n<li><span style=\"color: #000080\"><strong>L\u2019engagement de l\u2019\u00e9l\u00e8ve dans la vie du LHS<\/strong><\/span><\/li>\n<li><span style=\"color: #000080\"><strong>L\u2019autonomie, l\u2019ouverture au dialogue, la curiosit\u00e9 de l\u2019\u00e9l\u00e8ve<\/strong><\/span><\/li>\n<li><span style=\"color: #000080\"><strong>La coh\u00e9rence du projet avec le choix de la section<\/strong><\/span><\/li>\n<li><span style=\"color: #000080\"><strong>Le niveau de certification PIX<\/strong><\/span><\/li>\n<li><span style=\"color: #000080\"><strong>La performance \u00e0 l\u2019oral du DNB<\/strong><\/span><\/li>\n<\/ul>\n<p><strong>Une pr\u00e9sentation du projet<\/strong> de l&rsquo;\u00e9l\u00e8ve sera \u00e9galement demand\u00e9e et jointe au dossier (le dossier sera remis \u00e0 l&rsquo;\u00e9l\u00e8ve avant le conseil de classe et disponible en t\u00e9l\u00e9chargement sur le site).<\/p>\n<span class=\"su-dropcap su-dropcap-style-default\" style=\"font-size:1.5em\">A<\/span>FFECTATION<\/p>\n<p>A l&rsquo;issue du troisi\u00e8me trimestre, une commission d&rsquo;affectation sera r\u00e9unie afin d&rsquo;examiner les dossiers des \u00e9l\u00e8ves sollicitant la 2nde GT-section fran\u00e7aise.<\/p>\n<p>Trois possibilit\u00e9s :<\/p>\n<p>o Admis liste principale<\/p>\n<p>o Admis liste compl\u00e9mentaire \u2013 N\u00b0<\/p>\n<p>o Refus\u00e9<\/p>\n<p><strong>En cas de refus ou d&rsquo;inscription en liste suppl\u00e9mentaire, la famille se verra proposer une rencontre avec des membres de l&rsquo;\u00e9quipe p\u00e9dagogique.<\/strong><\/p>\n<hr \/>\n<p>&nbsp;<\/p>\n","protected":false},"excerpt":{"rendered":"<p>Attention : l&rsquo;acc\u00e8s \u00e0 la classe de seconde -section fran\u00e7aise est r\u00e9serv\u00e9e aux \u00e9l\u00e8ves ayant suivi le programme fran\u00e7ais en 3\u00e8me dans un \u00e9tablissement homologu\u00e9 sur ce niveau. S&rsquo;engager dans la voie de l&rsquo;enseignement fran\u00e7ais au lyc\u00e9e suppose avant tout de bien s&rsquo;informer avant de faire ce choix. &nbsp; RIENTATION La demande d\u2019int\u00e9gration d\u2019une 2nde [&hellip;]<\/p>\n","protected":false},"author":161,"featured_media":0,"parent":0,"menu_order":0,"comment_status":"closed","ping_status":"closed","template":"","meta":{"_acf_changed":false,"footnotes":""},"class_list":["post-1168","page","type-page","status-publish","czr-hentry"],"acf":[],"_links":{"self":[{"href":"https:\/\/ee.mlfmonde.org\/moanda-comilog-lhs\/wp-json\/wp\/v2\/pages\/1168","targetHints":{"allow":["GET"]}}],"collection":[{"href":"https:\/\/ee.mlfmonde.org\/moanda-comilog-lhs\/wp-json\/wp\/v2\/pages"}],"about":[{"href":"https:\/\/ee.mlfmonde.org\/moanda-comilog-lhs\/wp-json\/wp\/v2\/types\/page"}],"author":[{"embeddable":true,"href":"https:\/\/ee.mlfmonde.org\/moanda-comilog-lhs\/wp-json\/wp\/v2\/users\/161"}],"replies":[{"embeddable":true,"href":"https:\/\/ee.mlfmonde.org\/moanda-comilog-lhs\/wp-json\/wp\/v2\/comments?post=1168"}],"version-history":[{"count":23,"href":"https:\/\/ee.mlfmonde.org\/moanda-comilog-lhs\/wp-json\/wp\/v2\/pages\/1168\/revisions"}],"predecessor-version":[{"id":1495,"href":"https:\/\/ee.mlfmonde.org\/moanda-comilog-lhs\/wp-json\/wp\/v2\/pages\/1168\/revisions\/1495"}],"wp:attachment":[{"href":"https:\/\/ee.mlfmonde.org\/moanda-comilog-lhs\/wp-json\/wp\/v2\/media?parent=1168"}],"curies":[{"name":"wp","href":"https:\/\/api.w.org\/{rel}","templated":true}]}}