{"id":1164,"date":"2023-01-12T10:09:23","date_gmt":"2023-01-12T09:09:23","guid":{"rendered":"http:\/\/ee.mlfmonde.org\/moanda-comilog-lhs\/?page_id=1164"},"modified":"2023-03-09T11:29:23","modified_gmt":"2023-03-09T10:29:23","slug":"lycee-section-francaise","status":"publish","type":"page","link":"https:\/\/ee.mlfmonde.org\/moanda-comilog-lhs\/lycee-section-francaise\/","title":{"rendered":"Lyc\u00e9e section fran\u00e7aise"},"content":{"rendered":"<p>&nbsp;<\/p>\n<p><img fetchpriority=\"high\" decoding=\"async\" class=\"wp-image-1385 size-medium alignleft\" src=\"http:\/\/ee.mlfmonde.org\/moanda-comilog-lhs\/wp-content\/uploads\/sites\/11\/2023\/01\/logo-baccalaureat-800-538-72-300x202.jpg\" alt=\"\" width=\"300\" height=\"202\" srcset=\"https:\/\/ee.mlfmonde.org\/moanda-comilog-lhs\/wp-content\/uploads\/sites\/11\/2023\/01\/logo-baccalaureat-800-538-72-300x202.jpg 300w, https:\/\/ee.mlfmonde.org\/moanda-comilog-lhs\/wp-content\/uploads\/sites\/11\/2023\/01\/logo-baccalaureat-800-538-72-768x516.jpg 768w, https:\/\/ee.mlfmonde.org\/moanda-comilog-lhs\/wp-content\/uploads\/sites\/11\/2023\/01\/logo-baccalaureat-800-538-72-570x383.jpg 570w, https:\/\/ee.mlfmonde.org\/moanda-comilog-lhs\/wp-content\/uploads\/sites\/11\/2023\/01\/logo-baccalaureat-800-538-72.jpg 800w\" sizes=\"(max-width: 300px) 100vw, 300px\" \/><\/p>\n<h2><strong>LE BACCALAUREAT GENERAL\u2013 SECTION FRANCAISE DU LHS<\/strong><\/h2>\n<hr \/>\n<p>Avec la\u00a0<span style=\"color: #0000ff\">suppression des fili\u00e8res <\/span>qui caract\u00e9rise le baccalaur\u00e9at fran\u00e7ais, des questions se posent d\u00e8s la seconde pour l\u2019entr\u00e9e en Premi\u00e8re dans le<span style=\"color: #0000ff\">\u00a0choix des sp\u00e9cialit\u00e9s<\/span>, ces enseignements qui viennent compl\u00e9ter \u00a0le\u00a0<span style=\"color: #0000ff\">socle de connaissances communes\u00a0<\/span> qui concernera tous les lyc\u00e9ens de 1\u00e8re et Terminale.<\/p>\n<p>Ce document vous permet de conna\u00eetre les enseignements de sp\u00e9cialit\u00e9s et options qui sont propos\u00e9es au LHS, mais \u00e9galement de commencer \u00e0 vous familiariser avec ce nouveau processus et de d\u00e9couvrir la proc\u00e9dure mise en place.<\/p>\n<div class=\"su-heading su-heading-style-default su-heading-align-center\" id=\"\" style=\"font-size:16px;margin-bottom:20px\"><div class=\"su-heading-inner\">Le socle commun\u00a0<\/div><\/div>\n<p>Le\u00a0<strong>socle commun<\/strong>\u00a0est une base de mati\u00e8res qui seront communes aux Premi\u00e8res et aux Terminales ; celui-ci repr\u00e9sentera un volume horaire total de 16h par semaine en 1\u00e8re et 15h30 en Terminale. Il sera compos\u00e9 des enseignements suivants :<\/p>\n<ul>\n<li>Fran\u00e7ais<\/li>\n<li>Histoire-g\u00e9ographie<\/li>\n<li>EMC (enseignement moral et civique)<\/li>\n<li>LV1 et LV2 (langue vivante 1 et 2)<\/li>\n<li>EPS (\u00e9ducation physique et sportive)<\/li>\n<li>Enseignement scientifique<\/li>\n<li>Philosophie (en classe de terminale)<\/li>\n<\/ul>\n<div class=\"su-heading su-heading-style-default su-heading-align-center\" id=\"\" style=\"font-size:16px;margin-bottom:20px\"><div class=\"su-heading-inner\">Les sp\u00e9cialit\u00e9s<\/div><\/div>\n<p>Vient ensuite le choix des<strong>\u00a0enseignements de sp\u00e9cialit\u00e9<\/strong>\u00a0qui vont donner une forme un peu plus unique au\u00a0 parcours de lyc\u00e9en.<\/p>\n<p>D\u00e8s la classe de Premi\u00e8re, l\u2019\u00e9l\u00e8ve choisit \u00a0<strong><u>3 sp\u00e9cialit\u00e9s<\/u><\/strong> (repr\u00e9sentant chacune 4 heures de cours par semaine, soit 12 au total). En Terminale, il choisira \u00a0parmi ces 3 enseignements les 2 qui lui conviennent le mieux et qu\u2019il souhaite approfondir. Celles-ci passeront chacune \u00e0 6h de cours par semaine (soit toujours 12 en tout).<\/p>\n<p>Au lyc\u00e9e Henri Sylvoz, les sp\u00e9cialit\u00e9s propos\u00e9es seront les suivantes (sous r\u00e9serve de validation par les services concern\u00e9s) :<\/p>\n<ul>\n<li><a href=\"https:\/\/docs.google.com\/presentation\/d\/1tXcGF4GmYrT8ikl17EFINFojy_L1w-xJnFD7FDANc5E\/edit?usp=sharing\"><strong>Histoire g\u00e9ographie, g\u00e9opolitique et sciences politiques<\/strong><\/a><\/li>\n<\/ul>\n<p>La sp\u00e9cialit\u00e9 Histoire-g\u00e9ographie, g\u00e9opolitique et sciences politiques propose des cl\u00e9s de compr\u00e9hension du monde contemporain par l\u2019\u00e9tude de diff\u00e9rents enjeux politiques, sociaux et \u00e9conomiques majeurs. Chaque th\u00e8me est l\u2019occasion d\u2019une observation du monde actuel, mais \u00e9galement d\u2019un approfondissement historique et g\u00e9ographique permettant de mesurer les influences et les \u00e9volutions d\u2019une question politique. L\u2019analyse, adoss\u00e9e \u00e0 une r\u00e9flexion sur les relations internationales, d\u00e9veloppe le sens critique des \u00e9l\u00e8ves, ainsi que leur ma\u00eetrise des m\u00e9thodes et de connaissances approfondies dans diff\u00e9rentes disciplines ici conjugu\u00e9es.<\/p>\n<ul>\n<li><strong>Math\u00e9matiques<\/strong><\/li>\n<\/ul>\n<p>L\u2019enseignement de sp\u00e9cialit\u00e9 de math\u00e9matiques permet aux \u00e9l\u00e8ves de renforcer et d\u2019approfondir l\u2019\u00e9tude des th\u00e8mes suivants : \u00ab Alg\u00e8bre \u00bb, \u00ab Analyse \u00bb, \u00ab G\u00e9om\u00e9trie \u00bb, \u00ab Probabilit\u00e9s et statistique \u00bb et \u00ab Algorithmique et programmation \u00bb. Cet enseignement s\u2019ouvre \u00e0 l\u2019histoire des math\u00e9matiques pour expliquer l\u2019\u00e9mergence et l\u2019\u00e9volution des notions et permet aux \u00e9l\u00e8ves d\u2019acc\u00e9der \u00e0 l\u2019abstraction et de consolider la ma\u00eetrise du calcul alg\u00e9brique. L\u2019utilisation de logiciels, d\u2019outils de repr\u00e9sentation, de simulation et de programmation favorise l\u2019exp\u00e9rimentation et la mise en situation. Les interactions avec d\u2019autres enseignements de sp\u00e9cialit\u00e9 tels que physique-chimie, sciences de la vie et de la Terre, sciences de l\u2019ing\u00e9nieur, sciences \u00e9conomiques et sociales sont valoris\u00e9es.<\/p>\n<ul>\n<li><strong>SVT (sciences de la vie et de la terre)<\/strong><\/li>\n<\/ul>\n<p>L\u2019enseignement de sp\u00e9cialit\u00e9 Sciences de la vie et de la Terre propose aux \u00e9l\u00e8ves d\u2019approfondir des notions en liens avec les th\u00e8mes suivant : \u00ab La Terre, la vie et l\u2019organisation du vivant \u00bb, \u00ab Les enjeux plan\u00e9taires contemporains \u00bb et \u00ab Le corps humain et la sant\u00e9 \u00bb. Le programme d\u00e9veloppe chez l\u2019\u00e9l\u00e8ve des comp\u00e9tences fondamentales telles que l\u2019observation, l\u2019exp\u00e9rimentation, la mod\u00e9lisation, l\u2019analyse, l\u2019argumentation, etc., indispensables \u00e0 la poursuite d\u2019\u00e9tude dans l\u2019enseignement sup\u00e9rieur. Cette sp\u00e9cialit\u00e9 propose \u00e9galement \u00e0 l\u2019\u00e9l\u00e8ve une meilleure compr\u00e9hension du fonctionnement de son organisme, une approche r\u00e9fl\u00e9chie des enjeux de sant\u00e9 publique et une r\u00e9flexion \u00e9thique et civique sur la soci\u00e9t\u00e9 et l\u2019environnement. La sp\u00e9cialit\u00e9 Sciences de la vie et de la terre s\u2019appuie sur des connaissances de physique-chimie, math\u00e9matiques et informatique acquises lors des pr\u00e9c\u00e9dentes ann\u00e9es et les remobilise dans des contextes o\u00f9 l\u2019\u00e9l\u00e8ve en d\u00e9couvre d\u2019autres applications.<\/p>\n<ul>\n<li><strong>Sciences \u00e9conomiques et sociales (en pr\u00e9sentiel ou accompagnement CNED)<\/strong><\/li>\n<\/ul>\n<p>L&rsquo;enseignement de sp\u00e9cialit\u00e9 Sciences \u00e9conomiques et sociales renforce et approfondit la ma\u00eetrise par les \u00e9l\u00e8ves des concepts, m\u00e9thodes et probl\u00e9matiques essentiels de la science \u00e9conomique, de la sociologie et de la science politique. Il \u00e9claire les grands enjeux \u00e9conomiques, sociaux et politiques des soci\u00e9t\u00e9s contemporaines. En renfor\u00e7ant les approches micro\u00e9conomiques n\u00e9cessaires pour comprendre les fondamentaux de l\u2019\u00e9conomie et en proposant une approche pluridisciplinaire qui s\u2019appuie notamment sur les sciences sociales, cet enseignement contribue \u00e0 l\u2019am\u00e9lioration de la culture \u00e9conomique et sociologique des lyc\u00e9ens.<\/p>\n<ul>\n<li><strong>Physique chimie<\/strong><\/li>\n<\/ul>\n<p>L\u2019enseignement de sp\u00e9cialit\u00e9 de physique-chimie propose aux \u00e9l\u00e8ves de d\u00e9couvrir des notions en liens avec les th\u00e8mes \u00ab\u00a0Organisation et transformations de la mati\u00e8re\u00a0\u00bb, \u00ab\u00a0Mouvement et interactions\u00a0\u00bb, \u00ab\u00a0L&rsquo;\u00e9nergie : conversions et transferts\u00a0\u00bb et \u00ab\u00a0Ondes et signaux\u00a0\u00bb. Les domaines d&rsquo;application choisis (\u00ab Le son et sa perception \u00bb, \u00ab Vision et images \u00bb, \u00ab Synth\u00e8se de mol\u00e9cules naturelles \u00bb, etc.) donnent \u00e0 l\u2019\u00e9l\u00e8ve une image concr\u00e8te, vivante et moderne de la physique et de la chimie. Cet enseignement accorde une place importante \u00e0 l\u2019exp\u00e9rimentation et redonne toute leur place \u00e0 la mod\u00e9lisation et \u00e0 la formulation math\u00e9matique des lois physiques.<\/p>\n<p><strong>Les options facultatives<\/strong><\/p>\n<p>(Sous r\u00e9serve de validation par les services concern\u00e9s)<\/p>\n<p>Apr\u00e8s le socle commun et les sp\u00e9cialit\u00e9s vient \u00e9galement le choix d\u2019options.<\/p>\n<p><strong><u>En Terminale<\/u><\/strong><\/p>\n<p>Possibilit\u00e9 de choisir un enseignement parmi\u00a0:<\/p>\n<ul>\n<li><strong>Math\u00e9matiques compl\u00e9mentaires<\/strong> &#8211; Pour les \u00e9l\u00e8ves ne choisissant pas en terminale la sp\u00e9cialit\u00e9 \u00ab Math\u00e9matiques \u00bb.<\/li>\n<li><strong>Math\u00e9matiques expertes<\/strong> &#8211; Pour les \u00e9l\u00e8ves choisissant en terminale la sp\u00e9cialit\u00e9 \u00ab Math\u00e9matiques \u00bb.<\/li>\n<\/ul>\n<p>Comment et que choisir\u00a0?<\/p>\n<p>Nous conseillons de faire des\u00a0<strong>choix coh\u00e9rents avec le projet d\u2019orientation d\u2019\u00e9tudes sup\u00e9rieures <\/strong>\u00a0et rappelons que, pour des raisons de contraintes techniques et de moyens humains, certaines combinaisons pourraient, \u00e0 la marge, ne pas \u00eatre possibles au LHS.<\/p>\n<p><strong>Pour vous accompagner dans les choix, votre interlocuteur privil\u00e9gi\u00e9 au sein de l\u2019\u00e9tablissement est le professeur principal de votre enfant,<\/strong><\/p>\n<p>Il est possible prendre rendez-vous si vous le souhaitez.<\/p>\n<p>Des temps d\u2019informations vous seront aussi propos\u00e9s et un accompagnement \u00e0 l\u2019orientation sera r\u00e9serv\u00e9 aux \u00e9l\u00e8ves durant les 3 ann\u00e9es du parcours au lyc\u00e9e (sous diff\u00e9rentes modalit\u00e9s).<\/p>\n<p>Enfin des temps d\u2019informations collectives seront organis\u00e9s \u00e0 votre intention dans les semaines \u00e0 venir et un \u00ab\u00a0p\u00f4le orientation\u00a0\u00bb sera cr\u00e9\u00e9 sur le site remani\u00e9 de l\u2019\u00e9tablissement (janvier 2023).<\/p>\n<div class=\"su-heading su-heading-style-default su-heading-align-center\" id=\"\" style=\"font-size:16px;margin-bottom:20px\"><div class=\"su-heading-inner\">Examen et contr\u00f4le continu<\/div><\/div>\n<p><span style=\"color: #000000\">Le baccalaur\u00e9at fran\u00e7ais s&rsquo;obtient \u00e0 la fois en <strong>contr\u00f4le continu<\/strong> et en \u00e9preuves<strong> ponctuelles<\/strong>.<\/span><\/p>\n<p><img decoding=\"async\" class=\"aligncenter wp-image-1384 size-large\" src=\"http:\/\/ee.mlfmonde.org\/moanda-comilog-lhs\/wp-content\/uploads\/sites\/11\/2023\/01\/bac2023-presentation-1024x807.jpg\" alt=\"\" width=\"1024\" height=\"807\" srcset=\"https:\/\/ee.mlfmonde.org\/moanda-comilog-lhs\/wp-content\/uploads\/sites\/11\/2023\/01\/bac2023-presentation-1024x807.jpg 1024w, https:\/\/ee.mlfmonde.org\/moanda-comilog-lhs\/wp-content\/uploads\/sites\/11\/2023\/01\/bac2023-presentation-300x237.jpg 300w, https:\/\/ee.mlfmonde.org\/moanda-comilog-lhs\/wp-content\/uploads\/sites\/11\/2023\/01\/bac2023-presentation-768x606.jpg 768w, https:\/\/ee.mlfmonde.org\/moanda-comilog-lhs\/wp-content\/uploads\/sites\/11\/2023\/01\/bac2023-presentation-570x449.jpg 570w\" sizes=\"(max-width: 1024px) 100vw, 1024px\" \/><\/p>\n<div class=\"su-heading su-heading-style-default su-heading-align-center\" id=\"\" style=\"font-size:16px;margin-bottom:20px\"><div class=\"su-heading-inner\">La proc\u00e9dure de choix des sp\u00e9cialit\u00e9s<\/div><\/div>\n<p>En fin de 2<sup>nde<\/sup>, une d\u00e9cision d\u2019orientation est prononc\u00e9e, en s\u2019appuyant sur les r\u00e9sultats de l\u2019\u00e9l\u00e8ve et le v\u0153u des familles.<\/p>\n<p><iframe class=\"wp-embedded-content\" sandbox=\"allow-scripts\" security=\"restricted\" src=\"https:\/\/podeduc.apps.education.fr\/video\/12555-2eme-rencontre-seconde-08-03-23\/?is_iframe=true#?secret=zFYRxrcpuh\" data-secret=\"zFYRxrcpuh\" width=\"640\" height=\"360\"><\/iframe><\/p>\n<p>Parall\u00e8lement \u00e0 cette proc\u00e9dure, et dans le cas d\u2019un v\u0153u \u00e9mis pour la voie g\u00e9n\u00e9rale, les familles seront invit\u00e9es \u00e0 pr\u00e9ciser <u>des souhaits d\u2019enseignements de sp\u00e9cialit\u00e9<\/u> que l\u2019\u00e9l\u00e8ve suivra en classe de premi\u00e8re.<\/p>\n<p>Cette premi\u00e8re formalisation des souhaits de l\u2019\u00e9l\u00e8ve et de sa famille permettra de lister <strong><u>quatre enseignements de sp\u00e9cialit\u00e9<\/u><\/strong> retenant leur int\u00e9r\u00eat, parmi l\u2019offre propos\u00e9e dans l\u2019\u00e9tablissement scolaire.<\/p>\n<p>Cette premi\u00e8re formalisation doit permettre :<\/p>\n<p>&#8211; au conseil de classe de donner ses recommandations<\/p>\n<p>&#8211; aux \u00e9quipes de continuer le dialogue avec la famille et l\u2019accompagnement de l\u2019\u00e9l\u00e8ve, pour accorder souhaits et comp\u00e9tences de l\u2019\u00e9l\u00e8ve en construisant son projet.<\/p>\n<p>Ce processus de calages successifs entre la demande des familles et l\u2019offre de l\u2019\u00e9tablissement permettra, au troisi\u00e8me trimestre, d\u2019arr\u00eater les enseignements de sp\u00e9cialit\u00e9 des \u00e9l\u00e8ves admis en voie g\u00e9n\u00e9rale.<\/p>\n<div class=\"su-heading su-heading-style-default su-heading-align-center\" id=\"\" style=\"font-size:16px;margin-bottom:20px\"><div class=\"su-heading-inner\">Et apr\u00e8s ? Parcoursup<\/div><\/div>\n<p>Parcoursup est la plateforme nationale de pr\u00e9inscription en premi\u00e8re ann\u00e9e de l\u2019enseignement sup\u00e9rieur en France : tout \u00e9l\u00e8ve pr\u00e9parant <strong>le baccalaur\u00e9at fran\u00e7ais homologu\u00e9<\/strong> peut y avoir acc\u00e8s. Pour les \u00e9l\u00e8ves de nationalit\u00e9 \u00e9trang\u00e8re, l&rsquo;inscription obtenue dans l&rsquo;\u00e9tablissement d&rsquo;enseignement sup\u00e9rieur\u00a0 s&rsquo;accompagne de d\u00e9marches administratives en lien avec Campus France. Attention : l&rsquo;obtention du visa reste \u00e0 la charge des familles.<\/p>\n<p><iframe width=\"1140\" height=\"641\" src=\"https:\/\/www.youtube.com\/embed\/OrTYbnoL1Mc?feature=oembed\" frameborder=\"0\" allow=\"accelerometer; autoplay; clipboard-write; encrypted-media; gyroscope; picture-in-picture; web-share\" allowfullscreen title=\"Parcoursup 2023 : une plateforme au service de vos projets\"><\/iframe><\/p>\n<pre><div class=\"su-button-center\"><a href=\"https:\/\/www.parcoursup.fr\/index.php?desc=\" class=\"su-button su-button-style-stroked\" style=\"color:#FFFFFF;background-color:#110a82;border-color:#0e0868;border-radius:5px\" target=\"_blank\" rel=\"noopener noreferrer\"><span style=\"color:#FFFFFF;padding:6px 16px;font-size:13px;line-height:20px;border-color:#5954a8;border-radius:5px;text-shadow:none\"><i class=\"sui sui-chevron-right\" style=\"font-size:13px;color:#FFFFFF\"><\/i> En savoir plus sur Parcoursup<\/span><\/a><\/div><\/pre>\n<div class=\"su-heading su-heading-style-default su-heading-align-center\" id=\"\" style=\"font-size:16px;margin-bottom:20px\"><div class=\"su-heading-inner\">Ressources compl\u00e9mentaires<\/div><\/div>\n<p>Des ressources compl\u00e9mentaires seront disponibles pour les \u00e9l\u00e8ves au sein de l\u2019\u00e9tablissement et d\u2019autres informations seront communiqu\u00e9es aux familles lors de r\u00e9unions sp\u00e9cifiques. Les \u00e9quipes du LHS sont \u00e0 la disposition de tous pour r\u00e9pondre aux questions.<\/p>\n","protected":false},"excerpt":{"rendered":"<p>&nbsp; LE BACCALAUREAT GENERAL\u2013 SECTION FRANCAISE DU LHS Avec la\u00a0suppression des fili\u00e8res qui caract\u00e9rise le baccalaur\u00e9at fran\u00e7ais, des questions se posent d\u00e8s la seconde pour l\u2019entr\u00e9e en Premi\u00e8re dans le\u00a0choix des sp\u00e9cialit\u00e9s, ces enseignements qui viennent compl\u00e9ter \u00a0le\u00a0socle de connaissances communes\u00a0 qui concernera tous les lyc\u00e9ens de 1\u00e8re et Terminale. Ce document vous permet de [&hellip;]<\/p>\n","protected":false},"author":161,"featured_media":0,"parent":0,"menu_order":0,"comment_status":"closed","ping_status":"closed","template":"","meta":{"_acf_changed":false,"footnotes":""},"class_list":["post-1164","page","type-page","status-publish","czr-hentry"],"acf":[],"_links":{"self":[{"href":"https:\/\/ee.mlfmonde.org\/moanda-comilog-lhs\/wp-json\/wp\/v2\/pages\/1164","targetHints":{"allow":["GET"]}}],"collection":[{"href":"https:\/\/ee.mlfmonde.org\/moanda-comilog-lhs\/wp-json\/wp\/v2\/pages"}],"about":[{"href":"https:\/\/ee.mlfmonde.org\/moanda-comilog-lhs\/wp-json\/wp\/v2\/types\/page"}],"author":[{"embeddable":true,"href":"https:\/\/ee.mlfmonde.org\/moanda-comilog-lhs\/wp-json\/wp\/v2\/users\/161"}],"replies":[{"embeddable":true,"href":"https:\/\/ee.mlfmonde.org\/moanda-comilog-lhs\/wp-json\/wp\/v2\/comments?post=1164"}],"version-history":[{"count":10,"href":"https:\/\/ee.mlfmonde.org\/moanda-comilog-lhs\/wp-json\/wp\/v2\/pages\/1164\/revisions"}],"predecessor-version":[{"id":1820,"href":"https:\/\/ee.mlfmonde.org\/moanda-comilog-lhs\/wp-json\/wp\/v2\/pages\/1164\/revisions\/1820"}],"wp:attachment":[{"href":"https:\/\/ee.mlfmonde.org\/moanda-comilog-lhs\/wp-json\/wp\/v2\/media?parent=1164"}],"curies":[{"name":"wp","href":"https:\/\/api.w.org\/{rel}","templated":true}]}}