{"id":1142,"date":"2023-01-12T10:04:56","date_gmt":"2023-01-12T09:04:56","guid":{"rendered":"http:\/\/ee.mlfmonde.org\/moanda-comilog-lhs\/?page_id=1142"},"modified":"2023-01-26T15:17:31","modified_gmt":"2023-01-26T14:17:31","slug":"dnb-bepc","status":"publish","type":"page","link":"https:\/\/ee.mlfmonde.org\/moanda-comilog-lhs\/le-college\/dnb-bepc\/","title":{"rendered":"DNB &amp; BEPC"},"content":{"rendered":"<div class=\"su-heading su-heading-style-default su-heading-align-center\" id=\"\" style=\"font-size:16px;margin-bottom:20px\"><div class=\"su-heading-inner\">LE CHOIX D&rsquo;UN DOUBLE DIPLOME<\/div><\/div>\n<p>Au LHS, si le calendrier le permet, possibilit\u00e9 est offerte aux \u00e9l\u00e8ves de pr\u00e9senter le BEPC gabonais <strong>en plus du DNB<\/strong>, qui reste l\u2019\u00e9valuation naturelle du programme fran\u00e7ais suivi au coll\u00e8ge. Les \u00e9l\u00e8ves qui souhaitent pr\u00e9parer le BEPC b\u00e9n\u00e9ficieront d&rsquo;un accompagnement \u00e0 raison de deux heures hebdomadaires. Cet accompagnement ne se substitue pas aux cours et, m\u00eame si les programmes ont n\u00e9cessairement des points communs, l&rsquo;ensemble des disciplines ne sont pas identiques, loin de l\u00e0. Il est donc imp\u00e9ratif de mesurer la charge de travail suppl\u00e9mentaire que va occasionner votre choix.<\/p>\n<p>Une r\u00e9union d&rsquo;information des familles a lieu lors du 1er trimestre afin de pr\u00e9senter cette possibilit\u00e9 mais \u00e9galement d&rsquo;attirer l&rsquo;attention sur :<\/p>\n<ul>\n<li>L&rsquo;obligation de participer aux cours suppl\u00e9mentaires d\u2019accompagnement \u00e0 la pr\u00e9paration du BEPC.<\/li>\n<li>Le r\u00f4le similaire des deux dipl\u00f4mes dans la poursuite d\u2019\u00e9tudes, qu\u2019elle se fasse en section fran\u00e7aise ou en section gabonaise.<\/li>\n<li>L&rsquo;\u00e9quivalence des dipl\u00f4mes dans le syst\u00e8me gabonais<\/li>\n<\/ul>\n<div class=\"su-heading su-heading-style-default su-heading-align-center\" id=\"\" style=\"font-size:16px;margin-bottom:20px\"><div class=\"su-heading-inner\">LE DNB<\/div><\/div>\n<p>Le DNB est l&rsquo;examen que doivent pr\u00e9senter tous les \u00e9l\u00e8ves de 3\u00e8me scolaris\u00e9s dans l&rsquo;\u00e9tablissement. En effet, c&rsquo;est ce dipl\u00f4me qui \u00e9value la fin du parcours au coll\u00e8ge, \u00e0 la fois en prenant en compte les r\u00e9sultats de l&rsquo;ann\u00e9e (contr\u00f4le continu), mais \u00e9galement des comp\u00e9tences dites du socle commun et enfin les r\u00e9sultats des quatre \u00e9preuves finales.<\/p>\n<p><img fetchpriority=\"high\" decoding=\"async\" class=\"alignnone size-full wp-image-1565\" src=\"http:\/\/ee.mlfmonde.org\/moanda-comilog-lhs\/wp-content\/uploads\/sites\/11\/2023\/01\/DNB-20221.jpg\" alt=\"\" width=\"1565\" height=\"1200\" srcset=\"https:\/\/ee.mlfmonde.org\/moanda-comilog-lhs\/wp-content\/uploads\/sites\/11\/2023\/01\/DNB-20221.jpg 1565w, https:\/\/ee.mlfmonde.org\/moanda-comilog-lhs\/wp-content\/uploads\/sites\/11\/2023\/01\/DNB-20221-300x230.jpg 300w, https:\/\/ee.mlfmonde.org\/moanda-comilog-lhs\/wp-content\/uploads\/sites\/11\/2023\/01\/DNB-20221-768x589.jpg 768w, https:\/\/ee.mlfmonde.org\/moanda-comilog-lhs\/wp-content\/uploads\/sites\/11\/2023\/01\/DNB-20221-1024x785.jpg 1024w, https:\/\/ee.mlfmonde.org\/moanda-comilog-lhs\/wp-content\/uploads\/sites\/11\/2023\/01\/DNB-20221-570x437.jpg 570w\" sizes=\"(max-width: 1565px) 100vw, 1565px\" \/><\/p>\n","protected":false},"excerpt":{"rendered":"<p>Au LHS, si le calendrier le permet, possibilit\u00e9 est offerte aux \u00e9l\u00e8ves de pr\u00e9senter le BEPC gabonais en plus du DNB, qui reste l\u2019\u00e9valuation naturelle du programme fran\u00e7ais suivi au coll\u00e8ge. Les \u00e9l\u00e8ves qui souhaitent pr\u00e9parer le BEPC b\u00e9n\u00e9ficieront d&rsquo;un accompagnement \u00e0 raison de deux heures hebdomadaires. Cet accompagnement ne se substitue pas aux cours [&hellip;]<\/p>\n","protected":false},"author":161,"featured_media":0,"parent":1140,"menu_order":0,"comment_status":"closed","ping_status":"closed","template":"","meta":{"_acf_changed":false,"footnotes":""},"class_list":["post-1142","page","type-page","status-publish","czr-hentry"],"acf":[],"_links":{"self":[{"href":"https:\/\/ee.mlfmonde.org\/moanda-comilog-lhs\/wp-json\/wp\/v2\/pages\/1142","targetHints":{"allow":["GET"]}}],"collection":[{"href":"https:\/\/ee.mlfmonde.org\/moanda-comilog-lhs\/wp-json\/wp\/v2\/pages"}],"about":[{"href":"https:\/\/ee.mlfmonde.org\/moanda-comilog-lhs\/wp-json\/wp\/v2\/types\/page"}],"author":[{"embeddable":true,"href":"https:\/\/ee.mlfmonde.org\/moanda-comilog-lhs\/wp-json\/wp\/v2\/users\/161"}],"replies":[{"embeddable":true,"href":"https:\/\/ee.mlfmonde.org\/moanda-comilog-lhs\/wp-json\/wp\/v2\/comments?post=1142"}],"version-history":[{"count":5,"href":"https:\/\/ee.mlfmonde.org\/moanda-comilog-lhs\/wp-json\/wp\/v2\/pages\/1142\/revisions"}],"predecessor-version":[{"id":1566,"href":"https:\/\/ee.mlfmonde.org\/moanda-comilog-lhs\/wp-json\/wp\/v2\/pages\/1142\/revisions\/1566"}],"up":[{"embeddable":true,"href":"https:\/\/ee.mlfmonde.org\/moanda-comilog-lhs\/wp-json\/wp\/v2\/pages\/1140"}],"wp:attachment":[{"href":"https:\/\/ee.mlfmonde.org\/moanda-comilog-lhs\/wp-json\/wp\/v2\/media?parent=1142"}],"curies":[{"name":"wp","href":"https:\/\/api.w.org\/{rel}","templated":true}]}}