{"id":1140,"date":"2023-01-12T10:04:43","date_gmt":"2023-01-12T09:04:43","guid":{"rendered":"http:\/\/ee.mlfmonde.org\/moanda-comilog-lhs\/?page_id=1140"},"modified":"2023-01-26T15:53:09","modified_gmt":"2023-01-26T14:53:09","slug":"le-college","status":"publish","type":"page","link":"https:\/\/ee.mlfmonde.org\/moanda-comilog-lhs\/le-college\/","title":{"rendered":"Un coll\u00e8ge homologu\u00e9"},"content":{"rendered":"<p><img fetchpriority=\"high\" decoding=\"async\" class=\"size-full wp-image-1257 aligncenter\" src=\"http:\/\/ee.mlfmonde.org\/moanda-comilog-lhs\/wp-content\/uploads\/sites\/11\/2023\/01\/t\u00e9l\u00e9chargement.png\" alt=\"\" width=\"316\" height=\"159\" srcset=\"https:\/\/ee.mlfmonde.org\/moanda-comilog-lhs\/wp-content\/uploads\/sites\/11\/2023\/01\/t\u00e9l\u00e9chargement.png 316w, https:\/\/ee.mlfmonde.org\/moanda-comilog-lhs\/wp-content\/uploads\/sites\/11\/2023\/01\/t\u00e9l\u00e9chargement-300x151.png 300w\" sizes=\"(max-width: 316px) 100vw, 316px\" \/><\/p>\n<div class=\"su-heading su-heading-style-default su-heading-align-center\" id=\"\" style=\"font-size:16px;margin-bottom:20px\"><div class=\"su-heading-inner\"><strong>UN ENSEIGNEMENT A LA FRANCAISE<\/strong><\/div><\/div>\n<p><img decoding=\"async\" class=\"size-full wp-image-1445 alignleft\" src=\"http:\/\/ee.mlfmonde.org\/moanda-comilog-lhs\/wp-content\/uploads\/sites\/11\/2023\/01\/t\u00e9l\u00e9chargement-2.jpg\" alt=\"\" width=\"275\" height=\"183\" \/>Le coll\u00e8ge Henri Sylvoz est homologu\u00e9 de la 6\u00e8me \u00e0 la 3\u00e8me dans la continuit\u00e9 du parcours propos\u00e9 \u00e0 l&rsquo;EPC. Les \u00e9l\u00e8ves qui entrent en 6\u00e8me suivent donc le programme de l&rsquo;enseignement fran\u00e7ais, m\u00eame si dans de nombreuses disciplines les cours sont contextualis\u00e9s. Ils se pr\u00e9parent donc durant tout le cycle\u00a0 \u00e0 pr\u00e9parer le DNB, le dipl\u00f4me qui marque la fin de la scolarit\u00e9 au coll\u00e8ge.<\/p>\n<p>L&rsquo;entr\u00e9e en 6\u00e8me se fait de droit pour les \u00e9l\u00e8ves de l&rsquo;EPC dans la continuit\u00e9 de leur apprentissage. Pour les \u00e9l\u00e8ves venant d&rsquo;autres \u00e9tablissements (non homologu\u00e9s), l&rsquo;entr\u00e9e en 6\u00e8me se fait sur examen du dossier scolaire et tests ET <strong>sous r\u00e9serve du nombre de places disponibles.<\/strong><\/p>\n<p>&nbsp;<\/p>\n<p>Cet enseignement \u00ab\u00a0\u00e0 la fran\u00e7aise\u00a0\u00bb s&rsquo;accompagnent de plusieurs sp\u00e9cificit\u00e9s dont tous les \u00e9l\u00e8ves b\u00e9n\u00e9ficient, quelque soit leur nationalit\u00e9 ou leur choix d&rsquo;\u00e9tudes en fin de 3\u00e8me.<\/p>\n<p>Par ailleurs, si le calendrier le permet, les \u00e9l\u00e8ves de 3\u00e8me ont la possibilit\u00e9 de pr\u00e9senter le BEPC<strong> en plus<\/strong> du DNB.<\/p>\n<div class=\"su-heading su-heading-style-default su-heading-align-center\" id=\"\" style=\"font-size:16px;margin-bottom:20px\"><div class=\"su-heading-inner\"><strong>OFFRE PEDAGOGIQUE<\/strong><\/div><\/div>\n<p>Le lyc\u00e9e Henri SYLVOZ offre un parcours complet de la 6\u00e8me \u00e0 la 3\u00e8me<\/p>\n<p><span style=\"color: #333399\"><strong>LANGUES<\/strong><\/span><\/p>\n<ul>\n<li>Anglais<\/li>\n<li>Allemand<\/li>\n<li>Espagnol<\/li>\n<\/ul>\n<p>Le parcours de langue propos\u00e9 aux \u00e9l\u00e8ves est en cours de restructuration.<\/p>\n<p><strong><span style=\"color: #333399\">OPTIONS (non officielles)<\/span><\/strong><\/p>\n<ul>\n<li>Initiation LV2 en 6\u00e8me<\/li>\n<li>Arts dramatiques<\/li>\n<li>Anglais renforc\u00e9<\/li>\n<\/ul>\n<p><span style=\"color: #333399\"><strong>DISPOSITIFS ET EXAMENS<\/strong><\/span><\/p>\n<ul class=\"su-subpages\"><li class=\"page_item page-item-1575\"><a href=\"https:\/\/ee.mlfmonde.org\/moanda-comilog-lhs\/le-college\/devoirs-faits\/\">Devoirs faits<\/a><\/li>\n<li class=\"page_item page-item-1142\"><a href=\"https:\/\/ee.mlfmonde.org\/moanda-comilog-lhs\/le-college\/dnb-bepc\/\">DNB &amp; BEPC<\/a><\/li>\n<li class=\"page_item page-item-1572\"><a href=\"https:\/\/ee.mlfmonde.org\/moanda-comilog-lhs\/le-college\/lassr\/\">L&rsquo;ASSR<\/a><\/li>\n<li class=\"page_item page-item-1568\"><a href=\"https:\/\/ee.mlfmonde.org\/moanda-comilog-lhs\/le-college\/la-certification-pix\/\">La certification PIX<\/a><\/li>\n<li class=\"page_item page-item-1608\"><a href=\"https:\/\/ee.mlfmonde.org\/moanda-comilog-lhs\/le-college\/les-parcours\/\">Les parcours<\/a><\/li>\n<\/ul>\n","protected":false},"excerpt":{"rendered":"<p>Le coll\u00e8ge Henri Sylvoz est homologu\u00e9 de la 6\u00e8me \u00e0 la 3\u00e8me dans la continuit\u00e9 du parcours propos\u00e9 \u00e0 l&rsquo;EPC. Les \u00e9l\u00e8ves qui entrent en 6\u00e8me suivent donc le programme de l&rsquo;enseignement fran\u00e7ais, m\u00eame si dans de nombreuses disciplines les cours sont contextualis\u00e9s. Ils se pr\u00e9parent donc durant tout le cycle\u00a0 \u00e0 pr\u00e9parer le DNB, [&hellip;]<\/p>\n","protected":false},"author":161,"featured_media":0,"parent":0,"menu_order":0,"comment_status":"closed","ping_status":"closed","template":"","meta":{"_acf_changed":false,"footnotes":""},"class_list":["post-1140","page","type-page","status-publish","czr-hentry"],"acf":[],"_links":{"self":[{"href":"https:\/\/ee.mlfmonde.org\/moanda-comilog-lhs\/wp-json\/wp\/v2\/pages\/1140","targetHints":{"allow":["GET"]}}],"collection":[{"href":"https:\/\/ee.mlfmonde.org\/moanda-comilog-lhs\/wp-json\/wp\/v2\/pages"}],"about":[{"href":"https:\/\/ee.mlfmonde.org\/moanda-comilog-lhs\/wp-json\/wp\/v2\/types\/page"}],"author":[{"embeddable":true,"href":"https:\/\/ee.mlfmonde.org\/moanda-comilog-lhs\/wp-json\/wp\/v2\/users\/161"}],"replies":[{"embeddable":true,"href":"https:\/\/ee.mlfmonde.org\/moanda-comilog-lhs\/wp-json\/wp\/v2\/comments?post=1140"}],"version-history":[{"count":7,"href":"https:\/\/ee.mlfmonde.org\/moanda-comilog-lhs\/wp-json\/wp\/v2\/pages\/1140\/revisions"}],"predecessor-version":[{"id":1625,"href":"https:\/\/ee.mlfmonde.org\/moanda-comilog-lhs\/wp-json\/wp\/v2\/pages\/1140\/revisions\/1625"}],"wp:attachment":[{"href":"https:\/\/ee.mlfmonde.org\/moanda-comilog-lhs\/wp-json\/wp\/v2\/media?parent=1140"}],"curies":[{"name":"wp","href":"https:\/\/api.w.org\/{rel}","templated":true}]}}