{"id":1131,"date":"2023-01-12T10:02:03","date_gmt":"2023-01-12T09:02:03","guid":{"rendered":"http:\/\/ee.mlfmonde.org\/moanda-comilog-lhs\/?page_id=1131"},"modified":"2023-01-25T15:30:08","modified_gmt":"2023-01-25T14:30:08","slug":"histoire-visite-virtuelle","status":"publish","type":"page","link":"https:\/\/ee.mlfmonde.org\/moanda-comilog-lhs\/histoire-visite-virtuelle\/","title":{"rendered":"Histoire &amp; Visite Virtuelle"},"content":{"rendered":"<p style=\"text-align: center\"><div class=\"su-custom-gallery su-custom-gallery-align-left su-custom-gallery-title-never su-lightbox-gallery\"><div class=\"su-custom-gallery-slide\" style=\"width:680px;height:220px\"><a href=\"https:\/\/ee.mlfmonde.org\/moanda-comilog-lhs\/wp-content\/uploads\/sites\/11\/2023\/01\/Coll\u00e8ge.jpg\" title=\"Coll\u00e8ge\"><img fetchpriority=\"high\" decoding=\"async\" src=\"https:\/\/ee.mlfmonde.org\/moanda-comilog-lhs\/wp-content\/uploads\/sites\/11\/2023\/01\/Coll\u00e8ge.jpg\" alt=\"Coll\u00e8ge\" width=\"680\" height=\"220\" \/><span class=\"su-custom-gallery-title\">Coll\u00e8ge<\/span><\/a><\/div><div class=\"su-clear\"><\/div><\/div>\n<p style=\"text-align: left\">Le\u00a0<strong>Lyc\u00e9e Henri Sylvoz<\/strong>\u00a0est situ\u00e9 dans la commune de Moanda au Gabon, dans la province du Haut-Ogoou\u00e9. Il a \u00e9t\u00e9 inaugur\u00e9 le lundi 20 Novembre 1995 par l\u2019ancienne Ministre de l\u2019\u00c9ducation Nationale, Mme Paulette MISSAMBO et doit son existence \u00e0 l\u2019entreprise Comilog. Les travaux de construction du lyc\u00e9e ont\u00a0 d<img decoding=\"async\" class=\"size-full wp-image-1375 alignright\" src=\"http:\/\/ee.mlfmonde.org\/moanda-comilog-lhs\/wp-content\/uploads\/sites\/11\/2023\/01\/carte.png\" alt=\"\" width=\"252\" height=\"147\" \/>\u00e9but\u00e9 le 26 Mai 1995 et se sont achev\u00e9s pendant la rentr\u00e9e scolaire 1995-1996. Monsieur MASSON Bernard en est le premier proviseur.<\/p>\n<p style=\"text-align: left\">Mais l\u2019\u00e9tablissement en tant qu\u2019enseignement secondaire existait d\u00e9j\u00e0 depuis 1962. Le 13 Septembre 1962 fut cr\u00e9\u00e9e l\u2019\u00e9cole Comilog et le 26 Septembre le Coll\u00e8ge. Au d\u00e9but, l\u2019\u00e9tablissement ne comptait qu\u2019une classe de 6\u00e8me et une de 5\u00e8me. Le 20 Septembre 1978, une convention cr\u00e9ant les \u00e9coles mixtes entre le Gabon et la France est sign\u00e9e. C\u2019est au terme des dispositions de cette convention que les \u00e9cole et coll\u00e8ge cr\u00e9\u00e9s par Comilog sont plac\u00e9s sous l\u2019autorit\u00e9 du Minist\u00e8re gabonais de l\u2019Education Nationale.<\/p>\n<p style=\"text-align: left\">En Juillet 1980, le premier cycle du secondaire s\u2019est \u00e9tendu jusqu\u2019en classe de 3\u00e8me. Le 28 Novembre 1981, le Minist\u00e8re gabonais de l\u2019\u00c9ducation Nationale inaugure le nouveau groupe scolaire ainsi cr\u00e9\u00e9. Le 13 Juin 1994, le pr\u00e9sident de l\u2019APE du CES fait une demande pour la transformation du CES en lyc\u00e9e. Ceci re\u00e7ut un \u00e9cho favorable de la part des autorit\u00e9s minist\u00e9rielles. Ainsi, le 26 Mai 1995 d\u00e9but\u00e8rent les travaux d\u2019extension et de transformation pour prendre fin au mois d\u2019octobre de la m\u00eame ann\u00e9e.<\/p>\n<p style=\"text-align: left\">Un mois plus tard, le lyc\u00e9e est inaugur\u00e9 par Mme Paulette MISSAMBO, alors Ministre de l\u2019\u00c9ducation Nationale<\/p>\n<p style=\"text-align: left\"><div class=\"su-heading su-heading-style-default su-heading-align-center\" id=\"\" style=\"font-size:13px;margin-bottom:20px\"><div class=\"su-heading-inner\">UN ETABLISSEMENT ATYPIQUE<\/div><\/div>\n<p>&nbsp;<\/p>\n<p><img decoding=\"async\" class=\"alignleft wp-image-1366\" src=\"http:\/\/ee.mlfmonde.org\/moanda-comilog-lhs\/wp-content\/uploads\/sites\/11\/2023\/01\/orga.png\" alt=\"\" width=\"500\" height=\"268\" srcset=\"https:\/\/ee.mlfmonde.org\/moanda-comilog-lhs\/wp-content\/uploads\/sites\/11\/2023\/01\/orga.png 648w, https:\/\/ee.mlfmonde.org\/moanda-comilog-lhs\/wp-content\/uploads\/sites\/11\/2023\/01\/orga-300x161.png 300w, https:\/\/ee.mlfmonde.org\/moanda-comilog-lhs\/wp-content\/uploads\/sites\/11\/2023\/01\/orga-570x305.png 570w\" sizes=\"(max-width: 500px) 100vw, 500px\" \/><\/p>\n<p>Le\u00a0lyc\u00e9e Henri Sylvoz\u00a0est <b>un lyc\u00e9e public de droit gabonais, qui b\u00e9n\u00e9ficie \u00e9galement du statut d&rsquo;\u00e9cole d&rsquo;entreprise- Mission La\u00efque Fran\u00e7aise et propose un enseignement homologu\u00e9 du programme fran\u00e7ais au coll\u00e8ge et est engag\u00e9 dans la voie de l&rsquo;homologation pour le lyc\u00e9e.<\/b><\/p>\n<p>A la rentr\u00e9e 2022, il scolarise 635 \u00e9l\u00e8ves dont une majorit\u00e9 d&rsquo;\u00e9l\u00e8ves gabonais. Le coll\u00e8ge homologu\u00e9 par l\u2019Agence de l\u2019Enseignement du Fran\u00e7ais \u00e0 l\u2019\u00c9tranger pr\u00e9pare au DNB. Le lyc\u00e9e est entr\u00e9e dans le processus de l&rsquo;homologation et proposera, sous r\u00e9serve de validation du dossier, une section fran\u00e7aise-lyc\u00e9e \u00e0 la rentr\u00e9e 2023. Une section gabonaise d&rsquo;excellence sera toujours accessible selon les choix et les projets de l&rsquo;\u00e9l\u00e8ve et de sa famille.<\/p>\n<p>&nbsp;<\/p>\n<p>&nbsp;<\/p>\n<div class=\"su-heading su-heading-style-default su-heading-align-center\" id=\"\" style=\"font-size:13px;margin-bottom:20px\"><div class=\"su-heading-inner\">UNE\u00a0 \u00ab\u00a0CITE\u00a0\u00bb SCOLAIRE<\/div><\/div>\n<figure id=\"attachment_1380\" aria-describedby=\"caption-attachment-1380\" style=\"width: 300px\" class=\"wp-caption alignright\"><img loading=\"lazy\" decoding=\"async\" class=\"wp-image-1380 size-medium\" src=\"http:\/\/ee.mlfmonde.org\/moanda-comilog-lhs\/wp-content\/uploads\/sites\/11\/2023\/01\/Ecole-4-300x225.jpg\" alt=\"\" width=\"300\" height=\"225\" srcset=\"https:\/\/ee.mlfmonde.org\/moanda-comilog-lhs\/wp-content\/uploads\/sites\/11\/2023\/01\/Ecole-4-300x225.jpg 300w, https:\/\/ee.mlfmonde.org\/moanda-comilog-lhs\/wp-content\/uploads\/sites\/11\/2023\/01\/Ecole-4.jpg 500w\" sizes=\"(max-width: 300px) 100vw, 300px\" \/><figcaption id=\"caption-attachment-1380\" class=\"wp-caption-text\">Ecole primaire COMILOG<\/figcaption><\/figure>\n<p>Le LHS se d\u00e9ploie sur sept b\u00e2timents de plain-pied et un b\u00e2timent R+1, harmonieusement r\u00e9partis sur un espace arbor\u00e9 et jouxte l&rsquo;\u00e9cole primaire COMILOG, \u00e9galement homologu\u00e9e. Aujourd&rsquo;hui, avec le projet d&rsquo;homologation lanc\u00e9, un \u00e9l\u00e8ve pourrait, comme dans tout \u00e9tablissement du r\u00e9seau des \u00e9tablissements fran\u00e7ais \u00e0 l&rsquo;\u00e9tranger, accomplir<strong> l&rsquo;ensemble de scolarit\u00e9 dans le syst\u00e8me fran\u00e7ais<\/strong>. Mais il peut \u00e9galement choisir de pr\u00e9parer ensuite l&rsquo;examen national du baccalaur\u00e9at, et m\u00eame pr\u00e9senter le BEPC en plus du DNB.<\/p>\n<p>Cette \u00ab\u00a0cit\u00e9 scolaire\u00a0\u00bb, m\u00eame si elle n&rsquo;en est pas une administrativement parlant, accueille aujourd&rsquo;hui pr\u00e8s de 1450 \u00e9l\u00e8ves, qui viennent de tous les quartiers de la ville de Moanda et de Franceville. Situ\u00e9e id\u00e9alement \u00e0 proximit\u00e9 du centre-ville et en partie au sein de la \u00ab\u00a0cit\u00e9 cadre\u00a0\u00bb , elle est facile d&rsquo;acc\u00e8s pour les \u00e9l\u00e8ves du primaire comme pour ceux du secondaire.<\/p>\n<p>&nbsp;<\/p>\n<p>&nbsp;<\/p>\n<div class=\"su-heading su-heading-style-default su-heading-align-center\" id=\"\" style=\"font-size:13px;margin-bottom:20px\"><div class=\"su-heading-inner\">\u00ab\u00a0LES SYLVOZIENS\u00a0\u00bb<\/div><\/div>\n<p style=\"text-align: center\"><div class=\"su-custom-gallery su-custom-gallery-align-left su-custom-gallery-title-never su-lightbox-gallery\"><div class=\"su-custom-gallery-slide\" style=\"width:680px;height:220px\"><a href=\"https:\/\/ee.mlfmonde.org\/moanda-comilog-lhs\/wp-content\/uploads\/sites\/11\/2023\/01\/IMG_2916-1.jpg\" title=\"L&rsquo;\u00e9quipe 2022-2023\"><img loading=\"lazy\" decoding=\"async\" src=\"https:\/\/ee.mlfmonde.org\/moanda-comilog-lhs\/wp-content\/uploads\/sites\/11\/2023\/01\/IMG_2916-1.jpg\" alt=\"L&rsquo;\u00e9quipe 2022-2023\" width=\"680\" height=\"220\" \/><span class=\"su-custom-gallery-title\">L&rsquo;\u00e9quipe 2022-2023<\/span><\/a><\/div><div class=\"su-clear\"><\/div><\/div>\n<p>Coop\u00e9ration et collaboration \u00e9ducative sont les ma\u00eetres mots de l&rsquo;\u00e9quipe p\u00e9dagogique o\u00f9 se c\u00f4toient au quotidien des enseignants titulaires du syst\u00e8me gabonais et des enseignants d\u00e9tach\u00e9s issus du syst\u00e8me fran\u00e7ais. Echanges de pratique, connaissance des deux syst\u00e8mes, d\u00e9veloppement et accompagnement professionnels et projets p\u00e9dagogiques innovants : l&rsquo;\u00e9quipe p\u00e9dagogique, compos\u00e9e de cinquante enseignants, est plurielle, dynamique et engag\u00e9e au service de l&rsquo;excellence qui fait la r\u00e9putation du lyc\u00e9e Henri Sylvoz bien au-del\u00e0 de la province du Haut-Ogoou\u00e9. Accompagn\u00e9e par une direction elle-aussi \u00e0 l&rsquo;image de l&rsquo;\u00e9tablissement (fran\u00e7aise et gabonaise) et par un personnel administratif et de service qui se mobilise au service de tous, elle forme un ensemble qu&rsquo;on aime ici \u00e0 d\u00e9signer sous le nom de \u00ab\u00a0Sylvoziens\u00a0\u00bb !<\/p>\n<div class=\"su-button-center\"><a href=\"http:\/\/ee.mlfmonde.org\/moanda-comilog-lhs\/galerie\/\" class=\"su-button su-button-style-stroked\" style=\"color:#FFFFFF;background-color:#110a82;border-color:#0e0868;border-radius:5px\" target=\"_blank\" rel=\"noopener noreferrer\"><span style=\"color:#FFFFFF;padding:6px 16px;font-size:13px;line-height:20px;border-color:#5954a8;border-radius:5px;text-shadow:none\"><i class=\"sui sui-chevron-right\" style=\"font-size:13px;color:#FFFFFF\"><\/i> GALERIE PHOTOS<\/span><\/a><\/div>\n","protected":false},"excerpt":{"rendered":"<p>Le\u00a0Lyc\u00e9e Henri Sylvoz\u00a0est situ\u00e9 dans la commune de Moanda au Gabon, dans la province du Haut-Ogoou\u00e9. Il a \u00e9t\u00e9 inaugur\u00e9 le lundi 20 Novembre 1995 par l\u2019ancienne Ministre de l\u2019\u00c9ducation Nationale, Mme Paulette MISSAMBO et doit son existence \u00e0 l\u2019entreprise Comilog. Les travaux de construction du lyc\u00e9e ont\u00a0 d\u00e9but\u00e9 le 26 Mai 1995 et se [&hellip;]<\/p>\n","protected":false},"author":161,"featured_media":0,"parent":0,"menu_order":0,"comment_status":"closed","ping_status":"closed","template":"","meta":{"_acf_changed":false,"footnotes":""},"class_list":["post-1131","page","type-page","status-publish","czr-hentry"],"acf":[],"_links":{"self":[{"href":"https:\/\/ee.mlfmonde.org\/moanda-comilog-lhs\/wp-json\/wp\/v2\/pages\/1131","targetHints":{"allow":["GET"]}}],"collection":[{"href":"https:\/\/ee.mlfmonde.org\/moanda-comilog-lhs\/wp-json\/wp\/v2\/pages"}],"about":[{"href":"https:\/\/ee.mlfmonde.org\/moanda-comilog-lhs\/wp-json\/wp\/v2\/types\/page"}],"author":[{"embeddable":true,"href":"https:\/\/ee.mlfmonde.org\/moanda-comilog-lhs\/wp-json\/wp\/v2\/users\/161"}],"replies":[{"embeddable":true,"href":"https:\/\/ee.mlfmonde.org\/moanda-comilog-lhs\/wp-json\/wp\/v2\/comments?post=1131"}],"version-history":[{"count":14,"href":"https:\/\/ee.mlfmonde.org\/moanda-comilog-lhs\/wp-json\/wp\/v2\/pages\/1131\/revisions"}],"predecessor-version":[{"id":1452,"href":"https:\/\/ee.mlfmonde.org\/moanda-comilog-lhs\/wp-json\/wp\/v2\/pages\/1131\/revisions\/1452"}],"wp:attachment":[{"href":"https:\/\/ee.mlfmonde.org\/moanda-comilog-lhs\/wp-json\/wp\/v2\/media?parent=1131"}],"curies":[{"name":"wp","href":"https:\/\/api.w.org\/{rel}","templated":true}]}}