{"id":1128,"date":"2023-01-12T09:53:35","date_gmt":"2023-01-12T08:53:35","guid":{"rendered":"http:\/\/ee.mlfmonde.org\/moanda-comilog-lhs\/?page_id=1128"},"modified":"2023-06-28T13:05:51","modified_gmt":"2023-06-28T12:05:51","slug":"projet-d-etablissement","status":"publish","type":"page","link":"https:\/\/ee.mlfmonde.org\/moanda-comilog-lhs\/projet-d-etablissement\/","title":{"rendered":"Le Projet d&rsquo;Etablissement"},"content":{"rendered":"<div class=\"su-heading su-heading-style-default su-heading-align-center\" id=\"\" style=\"font-size:16px;margin-bottom:20px\"><div class=\"su-heading-inner\">UNE FEUILLE DE ROUTE POUR LE LYCEE HENRI SYLVOZ<\/div><\/div>\n<p><span style=\"color: #333333\">Le nouveau<\/span><span style=\"color: #333333\"> pro<\/span><span style=\"color: #333333\">jet<\/span><span style=\"color: #333333\"> d&rsquo;\u00e9tablissement du lyc\u00e9e Henri Sylvoz a \u00e9t\u00e9 adopt\u00e9 par le CA du 23 mars 2023.<\/span> <span style=\"color: #333333\">V\u00e9ritable feuille de route des objectifs de la communaut\u00e9 des \u00ab\u00a0Sylvoziens\u00a0\u00bb dont les diff\u00e9rentes composantes ont contribu\u00e9 \u00e0 l&rsquo;\u00e9laboration, il se veut \u00e0 la fois ambitieux et en prise avec le terrain.<\/span><\/p>\n<div class=\"su-document su-u-responsive-media-yes\"><iframe src=\"\/\/docs.google.com\/viewer?embedded=true&url=http:\/\/ee.mlfmonde.org\/moanda-comilog-lhs\/wp-content\/uploads\/sites\/11\/2023\/04\/LYCEE-HENRI-SYLVOZ_Projet-d\u00e9tablissement_-Mars-2023.pdf\" width=\"760\" height=\"1040\" class=\"su-document\" title=\"\"><\/iframe><\/div>\n<p>&nbsp;<\/p>\n<!--[if lt IE 9]><script>document.createElement('video');<\/script><![endif]-->\n\t<div class=\"wp-playlist wp-video-playlist wp-playlist-light\">\n\t\t<video controls=\"controls\" preload=\"none\" width=\"1118\"\n\t\t height=\"629\"\t><\/video>\n\t<div class=\"wp-playlist-next\"><\/div>\n\t<div class=\"wp-playlist-prev\"><\/div>\n\t<noscript>\n\t<ol>\n\t\t<li><a href='https:\/\/ee.mlfmonde.org\/moanda-comilog-lhs\/wp-content\/uploads\/sites\/11\/2023\/01\/projet-d\u00e9tablissement.mp4'>projet d'\u00e9tablissement<\/a><\/li>\t<\/ol>\n\t<\/noscript>\n\t<script type=\"application\/json\" class=\"wp-playlist-script\">{\"type\":\"video\",\"tracklist\":true,\"tracknumbers\":true,\"images\":true,\"artists\":true,\"tracks\":[{\"src\":\"https:\\\/\\\/ee.mlfmonde.org\\\/moanda-comilog-lhs\\\/wp-content\\\/uploads\\\/sites\\\/11\\\/2023\\\/01\\\/projet-d\\u00e9tablissement.mp4\",\"type\":\"video\\\/mp4\",\"title\":\"projet d'\\u00e9tablissement\",\"caption\":\"\",\"description\":\"\",\"meta\":{\"length_formatted\":\"0:32\"},\"dimensions\":{\"original\":{\"width\":1920,\"height\":1080},\"resized\":{\"width\":1118,\"height\":629}},\"image\":{\"src\":\"https:\\\/\\\/ee.mlfmonde.org\\\/moanda-comilog-lhs\\\/wp-includes\\\/images\\\/media\\\/video.svg\",\"width\":48,\"height\":64},\"thumb\":{\"src\":\"https:\\\/\\\/ee.mlfmonde.org\\\/moanda-comilog-lhs\\\/wp-includes\\\/images\\\/media\\\/video.svg\",\"width\":48,\"height\":64}}]}<\/script>\n<\/div>\n\t\n<p>&nbsp;<\/p>\n","protected":false},"excerpt":{"rendered":"<p>Le nouveau projet d&rsquo;\u00e9tablissement du lyc\u00e9e Henri Sylvoz a \u00e9t\u00e9 adopt\u00e9 par le CA du 23 mars 2023. V\u00e9ritable feuille de route des objectifs de la communaut\u00e9 des \u00ab\u00a0Sylvoziens\u00a0\u00bb dont les diff\u00e9rentes composantes ont contribu\u00e9 \u00e0 l&rsquo;\u00e9laboration, il se veut \u00e0 la fois ambitieux et en prise avec le terrain. &nbsp; &nbsp;<\/p>\n","protected":false},"author":161,"featured_media":1091,"parent":0,"menu_order":0,"comment_status":"closed","ping_status":"closed","template":"","meta":{"_acf_changed":false,"footnotes":""},"class_list":["post-1128","page","type-page","status-publish","has-post-thumbnail","czr-hentry"],"acf":[],"_links":{"self":[{"href":"https:\/\/ee.mlfmonde.org\/moanda-comilog-lhs\/wp-json\/wp\/v2\/pages\/1128","targetHints":{"allow":["GET"]}}],"collection":[{"href":"https:\/\/ee.mlfmonde.org\/moanda-comilog-lhs\/wp-json\/wp\/v2\/pages"}],"about":[{"href":"https:\/\/ee.mlfmonde.org\/moanda-comilog-lhs\/wp-json\/wp\/v2\/types\/page"}],"author":[{"embeddable":true,"href":"https:\/\/ee.mlfmonde.org\/moanda-comilog-lhs\/wp-json\/wp\/v2\/users\/161"}],"replies":[{"embeddable":true,"href":"https:\/\/ee.mlfmonde.org\/moanda-comilog-lhs\/wp-json\/wp\/v2\/comments?post=1128"}],"version-history":[{"count":20,"href":"https:\/\/ee.mlfmonde.org\/moanda-comilog-lhs\/wp-json\/wp\/v2\/pages\/1128\/revisions"}],"predecessor-version":[{"id":1900,"href":"https:\/\/ee.mlfmonde.org\/moanda-comilog-lhs\/wp-json\/wp\/v2\/pages\/1128\/revisions\/1900"}],"wp:featuredmedia":[{"embeddable":true,"href":"https:\/\/ee.mlfmonde.org\/moanda-comilog-lhs\/wp-json\/wp\/v2\/media\/1091"}],"wp:attachment":[{"href":"https:\/\/ee.mlfmonde.org\/moanda-comilog-lhs\/wp-json\/wp\/v2\/media?parent=1128"}],"curies":[{"name":"wp","href":"https:\/\/api.w.org\/{rel}","templated":true}]}}