{"id":188,"date":"2020-01-30T15:18:44","date_gmt":"2020-01-30T15:18:44","guid":{"rendered":"http:\/\/ee.mlfmonde.org\/esbjerg-total\/?page_id=188"},"modified":"2023-01-31T13:20:24","modified_gmt":"2023-01-31T13:20:24","slug":"presentation-de-lecole","status":"publish","type":"page","link":"https:\/\/ee.mlfmonde.org\/esbjerg-total\/presentation-de-lecole\/","title":{"rendered":"Pr\u00e9sentation de l&rsquo;\u00e9cole"},"content":{"rendered":"<p><img fetchpriority=\"high\" decoding=\"async\" class=\"alignnone size-medium wp-image-158\" src=\"http:\/\/ee.mlfmonde.org\/esbjerg-total\/wp-content\/uploads\/sites\/23\/2020\/01\/IMG_20190909_104320-300x224.jpg\" alt=\"\" width=\"300\" height=\"224\" srcset=\"https:\/\/ee.mlfmonde.org\/esbjerg-total\/wp-content\/uploads\/sites\/23\/2020\/01\/IMG_20190909_104320-300x224.jpg 300w, https:\/\/ee.mlfmonde.org\/esbjerg-total\/wp-content\/uploads\/sites\/23\/2020\/01\/IMG_20190909_104320-768x574.jpg 768w, https:\/\/ee.mlfmonde.org\/esbjerg-total\/wp-content\/uploads\/sites\/23\/2020\/01\/IMG_20190909_104320-1024x766.jpg 1024w, https:\/\/ee.mlfmonde.org\/esbjerg-total\/wp-content\/uploads\/sites\/23\/2020\/01\/IMG_20190909_104320-570x426.jpg 570w\" sizes=\"(max-width: 300px) 100vw, 300px\" \/><\/p>\n<p><img decoding=\"async\" class=\"alignnone size-medium wp-image-161\" src=\"http:\/\/ee.mlfmonde.org\/esbjerg-total\/wp-content\/uploads\/sites\/23\/2020\/01\/IMG_20190909_110005-300x224.jpg\" alt=\"\" width=\"300\" height=\"224\" srcset=\"https:\/\/ee.mlfmonde.org\/esbjerg-total\/wp-content\/uploads\/sites\/23\/2020\/01\/IMG_20190909_110005-300x224.jpg 300w, https:\/\/ee.mlfmonde.org\/esbjerg-total\/wp-content\/uploads\/sites\/23\/2020\/01\/IMG_20190909_110005-768x574.jpg 768w, https:\/\/ee.mlfmonde.org\/esbjerg-total\/wp-content\/uploads\/sites\/23\/2020\/01\/IMG_20190909_110005-1024x766.jpg 1024w, https:\/\/ee.mlfmonde.org\/esbjerg-total\/wp-content\/uploads\/sites\/23\/2020\/01\/IMG_20190909_110005-570x426.jpg 570w\" sizes=\"(max-width: 300px) 100vw, 300px\" \/><\/p>\n<p>Cr\u00e9\u00e9e en 2019, l\u2019Ecole fran\u00e7aise Total-MLF d\u2019Esbjerg, au Danemark, est une \u00e9cole d\u00b4entreprise qui accueille des \u00e9l\u00e8ves de la Grande Section \u00e0 la 3<sup>\u00e8me<\/sup>. Elle est h\u00e9berg\u00e9e au sein des locaux de l\u00b4Esbjerg International School (EIS), dans un cadre tr\u00e8s agr\u00e9able.<\/p>\n<p>L\u00b4\u00e9cole propose un double cursus \u00ab\u00a0hybrid system\u00a0Mlf\u00a0\u00bb\u00a0: une partie de l\u00b4enseignement est dispens\u00e9e en fran\u00e7ais pour les domaines d\u2019apprentissage tels que la langue fran\u00e7aise, les math\u00e9matiques, l\u00b4histoire-g\u00e9ographie et l\u00b4Enseignement Moral et Civique (EMC), une autre est effectu\u00e9e par les professeurs de l\u2019Esbjerg International School (EIS), en anglais.<\/p>\n<p>L\u00b4 \u00ab\u00a0hybrid system Mlf\u00a0\u00bb r\u00e9pond aux attentes des familles qui souhaitent une scolarit\u00e9 internationale reconnue et ouverte \u00e0 tout cas de figure\u00a0: retour dans le syst\u00e8me fran\u00e7ais ou poursuite dans le syst\u00e8me international.<\/p>\n<p><strong>L\u00b4 \u00ab\u00a0hybrid system\u00a0Mlf \u00bb en d\u00e9tail<\/strong><\/p>\n<ul>\n<li>Un enseignement reconnu et valid\u00e9 (pas de rupture de scolarit\u00e9).<\/li>\n<li>Des enseignants fran\u00e7ais recrut\u00e9s par la Mission La\u00efque Fran\u00e7aise (Mlf), op\u00e9rateur historique de l\u00b4enseignement fran\u00e7ais \u00e0 l\u00b4\u00e9tranger depuis 1902.<\/li>\n<li>De petits effectifs et un suivi personnalis\u00e9 au plus pr\u00e8s des besoins de chaque \u00e9l\u00e8ve.<\/li>\n<li>Une immersion dans une \u00e9cole internationale permettant un apprentissage de la langue anglaise de haut niveau, tout en conservant le lien avec le cursus fran\u00e7ais.<\/li>\n<\/ul>\n<p><strong>Organisation du cursus \u00e0 l\u00b4Ecole fran\u00e7aise Total-MLF d\u00b4Esbjerg<\/strong><\/p>\n<p><strong>Enseignement en langue fran\u00e7aise<\/strong><\/p>\n<ul>\n<li>Fran\u00e7ais<\/li>\n<li>Math\u00e9matiques<\/li>\n<li>Histoire-g\u00e9ographie, EMC<\/li>\n<\/ul>\n<p><strong>Enseignement en langue anglaise assur\u00e9 par les enseignants de l&rsquo;Esbjerg International School<br \/>\n<\/strong><\/p>\n<ul>\n<li>Anglais<\/li>\n<li>Sciences<\/li>\n<li>Sport<\/li>\n<li>Musique<\/li>\n<li>Arts<\/li>\n<\/ul>\n","protected":false},"excerpt":{"rendered":"<p>Cr\u00e9\u00e9e en 2019, l\u2019Ecole fran\u00e7aise Total-MLF d\u2019Esbjerg, au Danemark, est une \u00e9cole d\u00b4entreprise qui accueille des \u00e9l\u00e8ves de la Grande Section \u00e0 la 3\u00e8me. Elle est h\u00e9berg\u00e9e au sein des locaux de l\u00b4Esbjerg International School (EIS), dans un cadre tr\u00e8s agr\u00e9able. L\u00b4\u00e9cole propose un double cursus \u00ab\u00a0hybrid system\u00a0Mlf\u00a0\u00bb\u00a0: une partie de l\u00b4enseignement est dispens\u00e9e en [&hellip;]<\/p>\n","protected":false},"author":149,"featured_media":0,"parent":0,"menu_order":0,"comment_status":"closed","ping_status":"closed","template":"","meta":{"_acf_changed":false,"footnotes":""},"class_list":["post-188","page","type-page","status-publish","czr-hentry"],"acf":[],"_links":{"self":[{"href":"https:\/\/ee.mlfmonde.org\/esbjerg-total\/wp-json\/wp\/v2\/pages\/188","targetHints":{"allow":["GET"]}}],"collection":[{"href":"https:\/\/ee.mlfmonde.org\/esbjerg-total\/wp-json\/wp\/v2\/pages"}],"about":[{"href":"https:\/\/ee.mlfmonde.org\/esbjerg-total\/wp-json\/wp\/v2\/types\/page"}],"author":[{"embeddable":true,"href":"https:\/\/ee.mlfmonde.org\/esbjerg-total\/wp-json\/wp\/v2\/users\/149"}],"replies":[{"embeddable":true,"href":"https:\/\/ee.mlfmonde.org\/esbjerg-total\/wp-json\/wp\/v2\/comments?post=188"}],"version-history":[{"count":8,"href":"https:\/\/ee.mlfmonde.org\/esbjerg-total\/wp-json\/wp\/v2\/pages\/188\/revisions"}],"predecessor-version":[{"id":542,"href":"https:\/\/ee.mlfmonde.org\/esbjerg-total\/wp-json\/wp\/v2\/pages\/188\/revisions\/542"}],"wp:attachment":[{"href":"https:\/\/ee.mlfmonde.org\/esbjerg-total\/wp-json\/wp\/v2\/media?parent=188"}],"curies":[{"name":"wp","href":"https:\/\/api.w.org\/{rel}","templated":true}]}}