{"id":581,"date":"2020-11-26T16:17:42","date_gmt":"2020-11-26T16:17:42","guid":{"rendered":"http:\/\/ee.mlfmonde.org\/cuba-bouygues\/?page_id=581"},"modified":"2020-11-26T16:19:28","modified_gmt":"2020-11-26T16:19:28","slug":"calligraphie","status":"publish","type":"page","link":"https:\/\/ee.mlfmonde.org\/cuba-bouygues\/calligraphie\/","title":{"rendered":"Calligraphie"},"content":{"rendered":"<p>La calligraphie a \u00e9t\u00e9 \u00e9tudi\u00e9e par les \u00e9l\u00e8ves du Coll\u00e8ge .<\/p>\n<p>Voici quelques r\u00e9alisations :<\/p>\n<div id=\"su_slider_69d1e339572cf\" class=\"su-slider su-slider-centered su-slider-pages-yes su-slider-responsive-no\" style=\"width:640px;height:480px\" data-autoplay=\"3000\" data-speed=\"600\" data-mousewheel=\"true\"><div class=\"su-slider-slides\"><div class=\"su-slider-slide\"><a><img decoding=\"async\" src=\"https:\/\/ee.mlfmonde.org\/cuba-bouygues\/wp-content\/uploads\/sites\/24\/2020\/11\/20201126_105356-640x480.jpg\" alt=\"20201126_105356 [640&#215;480]\" \/><\/a><\/div><div class=\"su-slider-slide\"><a><img decoding=\"async\" src=\"https:\/\/ee.mlfmonde.org\/cuba-bouygues\/wp-content\/uploads\/sites\/24\/2020\/11\/20201126_105514-640x480.jpg\" alt=\"20201126_105514 [640&#215;480]\" \/><\/a><\/div><div class=\"su-slider-slide\"><a><img decoding=\"async\" src=\"https:\/\/ee.mlfmonde.org\/cuba-bouygues\/wp-content\/uploads\/sites\/24\/2020\/11\/20201126_105506-640x480.jpg\" alt=\"20201126_105506 [640&#215;480]\" \/><\/a><\/div><div class=\"su-slider-slide\"><a><img decoding=\"async\" src=\"https:\/\/ee.mlfmonde.org\/cuba-bouygues\/wp-content\/uploads\/sites\/24\/2020\/11\/20201126_105455-640x480.jpg\" alt=\"20201126_105455 [640&#215;480]\" \/><\/a><\/div><div class=\"su-slider-slide\"><a><img decoding=\"async\" src=\"https:\/\/ee.mlfmonde.org\/cuba-bouygues\/wp-content\/uploads\/sites\/24\/2020\/11\/20201126_105444-640x480.jpg\" alt=\"20201126_105444 [640&#215;480]\" \/><\/a><\/div><div class=\"su-slider-slide\"><a><img decoding=\"async\" src=\"https:\/\/ee.mlfmonde.org\/cuba-bouygues\/wp-content\/uploads\/sites\/24\/2020\/11\/20201126_105414-640x480.jpg\" alt=\"20201126_105414 [640&#215;480]\" \/><\/a><\/div><div class=\"su-slider-slide\"><a><img decoding=\"async\" src=\"https:\/\/ee.mlfmonde.org\/cuba-bouygues\/wp-content\/uploads\/sites\/24\/2020\/11\/20201126_105430-640x480.jpg\" alt=\"20201126_105430 [640&#215;480]\" \/><\/a><\/div><div class=\"su-slider-slide\"><a><img decoding=\"async\" src=\"https:\/\/ee.mlfmonde.org\/cuba-bouygues\/wp-content\/uploads\/sites\/24\/2020\/11\/20201126_105437-640x480.jpg\" alt=\"20201126_105437 [640&#215;480]\" \/><\/a><\/div><div class=\"su-slider-slide\"><a><img decoding=\"async\" src=\"https:\/\/ee.mlfmonde.org\/cuba-bouygues\/wp-content\/uploads\/sites\/24\/2020\/11\/20201126_105421-640x480.jpg\" alt=\"20201126_105421 [640&#215;480]\" \/><\/a><\/div><\/div><div class=\"su-slider-nav\"><div class=\"su-slider-direction\"><span class=\"su-slider-prev\"><\/span><span class=\"su-slider-next\"><\/span><\/div><div class=\"su-slider-pagination\"><\/div><\/div><\/div>\n","protected":false},"excerpt":{"rendered":"<p>La calligraphie a \u00e9t\u00e9 \u00e9tudi\u00e9e par les \u00e9l\u00e8ves du Coll\u00e8ge . Voici quelques r\u00e9alisations :<\/p>\n","protected":false},"author":154,"featured_media":0,"parent":0,"menu_order":0,"comment_status":"closed","ping_status":"closed","template":"","meta":{"_acf_changed":false,"footnotes":""},"class_list":["post-581","page","type-page","status-publish","czr-hentry"],"acf":[],"_links":{"self":[{"href":"https:\/\/ee.mlfmonde.org\/cuba-bouygues\/wp-json\/wp\/v2\/pages\/581","targetHints":{"allow":["GET"]}}],"collection":[{"href":"https:\/\/ee.mlfmonde.org\/cuba-bouygues\/wp-json\/wp\/v2\/pages"}],"about":[{"href":"https:\/\/ee.mlfmonde.org\/cuba-bouygues\/wp-json\/wp\/v2\/types\/page"}],"author":[{"embeddable":true,"href":"https:\/\/ee.mlfmonde.org\/cuba-bouygues\/wp-json\/wp\/v2\/users\/154"}],"replies":[{"embeddable":true,"href":"https:\/\/ee.mlfmonde.org\/cuba-bouygues\/wp-json\/wp\/v2\/comments?post=581"}],"version-history":[{"count":4,"href":"https:\/\/ee.mlfmonde.org\/cuba-bouygues\/wp-json\/wp\/v2\/pages\/581\/revisions"}],"predecessor-version":[{"id":585,"href":"https:\/\/ee.mlfmonde.org\/cuba-bouygues\/wp-json\/wp\/v2\/pages\/581\/revisions\/585"}],"wp:attachment":[{"href":"https:\/\/ee.mlfmonde.org\/cuba-bouygues\/wp-json\/wp\/v2\/media?parent=581"}],"curies":[{"name":"wp","href":"https:\/\/api.w.org\/{rel}","templated":true}]}}