{"id":558,"date":"2020-11-26T13:59:54","date_gmt":"2020-11-26T13:59:54","guid":{"rendered":"http:\/\/ee.mlfmonde.org\/cuba-bouygues\/?page_id=558"},"modified":"2020-11-29T22:48:49","modified_gmt":"2020-11-29T22:48:49","slug":"activites-periscolaires-varadero","status":"publish","type":"page","link":"https:\/\/ee.mlfmonde.org\/cuba-bouygues\/activites-periscolaires-varadero\/","title":{"rendered":"Activit\u00e9s p\u00e9riscolaires"},"content":{"rendered":"<p>L\u2019\u00e9cole propose les activit\u00e9s p\u00e9riscolaires suivantes :<\/p>\n<ul>\n<li>Activit\u00e9 \u00ab\u00a0Jeu d&rsquo;\u00e9checs\u00a0\u00bb le mercredi apr\u00e8s-midi de 13h45 \u00e0 14h45 (CE2-CM2-Coll\u00e8ge) :<\/li>\n<\/ul>\n<p><img fetchpriority=\"high\" decoding=\"async\" class=\"aligncenter wp-image-559\" title=\"Jeu d'\u00e9checs\" src=\"http:\/\/ee.mlfmonde.org\/cuba-bouygues\/wp-content\/uploads\/sites\/24\/2020\/11\/Activit\u00e9s-p\u00e9riscolaire-2-640x480-300x169.jpg\" alt=\"\" width=\"318\" height=\"179\" srcset=\"https:\/\/ee.mlfmonde.org\/cuba-bouygues\/wp-content\/uploads\/sites\/24\/2020\/11\/Activit\u00e9s-p\u00e9riscolaire-2-640x480-300x169.jpg 300w, https:\/\/ee.mlfmonde.org\/cuba-bouygues\/wp-content\/uploads\/sites\/24\/2020\/11\/Activit\u00e9s-p\u00e9riscolaire-2-640x480-570x321.jpg 570w, https:\/\/ee.mlfmonde.org\/cuba-bouygues\/wp-content\/uploads\/sites\/24\/2020\/11\/Activit\u00e9s-p\u00e9riscolaire-2-640x480-528x297.jpg 528w, https:\/\/ee.mlfmonde.org\/cuba-bouygues\/wp-content\/uploads\/sites\/24\/2020\/11\/Activit\u00e9s-p\u00e9riscolaire-2-640x480.jpg 640w\" sizes=\"(max-width: 318px) 100vw, 318px\" \/><\/p>\n<ul>\n<li>Activit\u00e9 \u00ab\u00a0Arts plastiques\u00a0\u00bb le mercredi apr\u00e8s-midi de 13h45 \u00e0 14h45 ( \u00e9l\u00e9mentaire et coll\u00e8ge) :<\/li>\n<\/ul>\n<p><img decoding=\"async\" class=\"aligncenter wp-image-563 size-medium\" title=\"Arts plastiques\" src=\"http:\/\/ee.mlfmonde.org\/cuba-bouygues\/wp-content\/uploads\/sites\/24\/2020\/11\/Activit\u00e9-p\u00e9riscolaire-arts-plastiques-Var-640x480-225x300.jpg\" alt=\"\" width=\"225\" height=\"300\" srcset=\"https:\/\/ee.mlfmonde.org\/cuba-bouygues\/wp-content\/uploads\/sites\/24\/2020\/11\/Activit\u00e9-p\u00e9riscolaire-arts-plastiques-Var-640x480-225x300.jpg 225w, https:\/\/ee.mlfmonde.org\/cuba-bouygues\/wp-content\/uploads\/sites\/24\/2020\/11\/Activit\u00e9-p\u00e9riscolaire-arts-plastiques-Var-640x480.jpg 360w\" sizes=\"(max-width: 225px) 100vw, 225px\" \/><\/p>\n<ul>\n<li>Activit\u00e9s \u00ab\u00a0jeux de soci\u00e9t\u00e9\u00a0\u00bb le mercredi apr\u00e8s-midi de 13h45 \u00e0 14h45 (\u00e9l\u00e9mentaire et coll\u00e8ge) :<\/li>\n<\/ul>\n<p><img decoding=\"async\" class=\"size-medium wp-image-596 aligncenter\" src=\"http:\/\/ee.mlfmonde.org\/cuba-bouygues\/wp-content\/uploads\/sites\/24\/2020\/11\/Activit\u00e9-Jeux-de-soci\u00e9t\u00e9-640x480-300x225.jpg\" alt=\"\" width=\"300\" height=\"225\" srcset=\"https:\/\/ee.mlfmonde.org\/cuba-bouygues\/wp-content\/uploads\/sites\/24\/2020\/11\/Activit\u00e9-Jeux-de-soci\u00e9t\u00e9-640x480-300x225.jpg 300w, https:\/\/ee.mlfmonde.org\/cuba-bouygues\/wp-content\/uploads\/sites\/24\/2020\/11\/Activit\u00e9-Jeux-de-soci\u00e9t\u00e9-640x480-570x428.jpg 570w, https:\/\/ee.mlfmonde.org\/cuba-bouygues\/wp-content\/uploads\/sites\/24\/2020\/11\/Activit\u00e9-Jeux-de-soci\u00e9t\u00e9-640x480.jpg 640w\" sizes=\"(max-width: 300px) 100vw, 300px\" \/><\/p>\n<p>&nbsp;<\/p>\n","protected":false},"excerpt":{"rendered":"<p>L\u2019\u00e9cole propose les activit\u00e9s p\u00e9riscolaires suivantes : Activit\u00e9 \u00ab\u00a0Jeu d&rsquo;\u00e9checs\u00a0\u00bb le mercredi apr\u00e8s-midi de 13h45 \u00e0 14h45 (CE2-CM2-Coll\u00e8ge) : Activit\u00e9 \u00ab\u00a0Arts plastiques\u00a0\u00bb le mercredi apr\u00e8s-midi de 13h45 \u00e0 14h45 ( \u00e9l\u00e9mentaire et coll\u00e8ge) : Activit\u00e9s \u00ab\u00a0jeux de soci\u00e9t\u00e9\u00a0\u00bb le mercredi apr\u00e8s-midi de 13h45 \u00e0 14h45 (\u00e9l\u00e9mentaire et coll\u00e8ge) : &nbsp;<\/p>\n","protected":false},"author":154,"featured_media":0,"parent":0,"menu_order":0,"comment_status":"closed","ping_status":"closed","template":"","meta":{"_acf_changed":false,"footnotes":""},"class_list":["post-558","page","type-page","status-publish","czr-hentry"],"acf":[],"_links":{"self":[{"href":"https:\/\/ee.mlfmonde.org\/cuba-bouygues\/wp-json\/wp\/v2\/pages\/558","targetHints":{"allow":["GET"]}}],"collection":[{"href":"https:\/\/ee.mlfmonde.org\/cuba-bouygues\/wp-json\/wp\/v2\/pages"}],"about":[{"href":"https:\/\/ee.mlfmonde.org\/cuba-bouygues\/wp-json\/wp\/v2\/types\/page"}],"author":[{"embeddable":true,"href":"https:\/\/ee.mlfmonde.org\/cuba-bouygues\/wp-json\/wp\/v2\/users\/154"}],"replies":[{"embeddable":true,"href":"https:\/\/ee.mlfmonde.org\/cuba-bouygues\/wp-json\/wp\/v2\/comments?post=558"}],"version-history":[{"count":10,"href":"https:\/\/ee.mlfmonde.org\/cuba-bouygues\/wp-json\/wp\/v2\/pages\/558\/revisions"}],"predecessor-version":[{"id":640,"href":"https:\/\/ee.mlfmonde.org\/cuba-bouygues\/wp-json\/wp\/v2\/pages\/558\/revisions\/640"}],"wp:attachment":[{"href":"https:\/\/ee.mlfmonde.org\/cuba-bouygues\/wp-json\/wp\/v2\/media?parent=558"}],"curies":[{"name":"wp","href":"https:\/\/api.w.org\/{rel}","templated":true}]}}