{"id":495,"date":"2020-11-23T22:57:12","date_gmt":"2020-11-23T22:57:12","guid":{"rendered":"http:\/\/ee.mlfmonde.org\/cuba-bouygues\/?page_id=495"},"modified":"2021-11-04T21:48:19","modified_gmt":"2021-11-04T21:48:19","slug":"les-activites-periscolaires","status":"publish","type":"page","link":"https:\/\/ee.mlfmonde.org\/cuba-bouygues\/les-activites-periscolaires\/","title":{"rendered":"Activit\u00e9s p\u00e9riscolaires"},"content":{"rendered":"<p>L&rsquo;\u00e9cole propose les activit\u00e9s p\u00e9riscolaires suivantes :<\/p>\n<ul>\n<li>Cin\u00e9ma d&rsquo;animation le lundi de 16h30 \u00e0 17h30 (CM2\/Coll\u00e8ge \/ Lyc\u00e9e<span style=\"font-family: 'Times New Roman', Times, serif\"><span style=\"font-family: 'Times New Roman', Times, serif\">\u00a0)\u00a0<\/span><\/span><\/li>\n<li>Jeux de soci\u00e9t\u00e9 en anglais le lundi de 15h30 \u00e0 16h30 (du CE2 au coll\u00e8ge)<\/li>\n<li>Cin\u00e9ma le mardi de 16h30 \u00e0 17h30 (\u00e9l\u00e9mentaire \/ Coll\u00e8ge \/ Lyc\u00e9e)<\/li>\n<li>Arts plastiques le mardi de 15H30 \u00e0 16h30\u00a0 (de la GS au CE1)<\/li>\n<li>Chorale le mardi de 15h30 \u00e0 16H30 ( de la GS au CM2)<\/li>\n<li>Arts plastiques le mercredi de 14h \u00e0 15h ( du CE2 au CM2)<\/li>\n<li>Atelier th\u00e9\u00e2tre le jeudi de 16H30 \u00e0 18h30 (CE2 au Coll\u00e8ge)<\/li>\n<\/ul>\n<p>&nbsp;<\/p>\n","protected":false},"excerpt":{"rendered":"<p>L&rsquo;\u00e9cole propose les activit\u00e9s p\u00e9riscolaires suivantes : Cin\u00e9ma d&rsquo;animation le lundi de 16h30 \u00e0 17h30 (CM2\/Coll\u00e8ge \/ Lyc\u00e9e\u00a0)\u00a0 Jeux de soci\u00e9t\u00e9 en anglais le lundi de 15h30 \u00e0 16h30 (du CE2 au coll\u00e8ge) Cin\u00e9ma le mardi de 16h30 \u00e0 17h30 (\u00e9l\u00e9mentaire \/ Coll\u00e8ge \/ Lyc\u00e9e) Arts plastiques le mardi de 15H30 \u00e0 16h30\u00a0 (de la [&hellip;]<\/p>\n","protected":false},"author":154,"featured_media":0,"parent":0,"menu_order":0,"comment_status":"closed","ping_status":"closed","template":"","meta":{"_acf_changed":false,"footnotes":""},"class_list":["post-495","page","type-page","status-publish","czr-hentry"],"acf":[],"_links":{"self":[{"href":"https:\/\/ee.mlfmonde.org\/cuba-bouygues\/wp-json\/wp\/v2\/pages\/495","targetHints":{"allow":["GET"]}}],"collection":[{"href":"https:\/\/ee.mlfmonde.org\/cuba-bouygues\/wp-json\/wp\/v2\/pages"}],"about":[{"href":"https:\/\/ee.mlfmonde.org\/cuba-bouygues\/wp-json\/wp\/v2\/types\/page"}],"author":[{"embeddable":true,"href":"https:\/\/ee.mlfmonde.org\/cuba-bouygues\/wp-json\/wp\/v2\/users\/154"}],"replies":[{"embeddable":true,"href":"https:\/\/ee.mlfmonde.org\/cuba-bouygues\/wp-json\/wp\/v2\/comments?post=495"}],"version-history":[{"count":14,"href":"https:\/\/ee.mlfmonde.org\/cuba-bouygues\/wp-json\/wp\/v2\/pages\/495\/revisions"}],"predecessor-version":[{"id":1109,"href":"https:\/\/ee.mlfmonde.org\/cuba-bouygues\/wp-json\/wp\/v2\/pages\/495\/revisions\/1109"}],"wp:attachment":[{"href":"https:\/\/ee.mlfmonde.org\/cuba-bouygues\/wp-json\/wp\/v2\/media?parent=495"}],"curies":[{"name":"wp","href":"https:\/\/api.w.org\/{rel}","templated":true}]}}