{"id":302,"date":"2020-10-29T22:13:15","date_gmt":"2020-10-29T22:13:15","guid":{"rendered":"http:\/\/ee.mlfmonde.org\/cuba-bouygues\/?page_id=302"},"modified":"2023-12-03T17:00:29","modified_gmt":"2023-12-03T17:00:29","slug":"site-de-varadero","status":"publish","type":"page","link":"https:\/\/ee.mlfmonde.org\/cuba-bouygues\/site-de-varadero\/","title":{"rendered":"Site de Varadero"},"content":{"rendered":"<p>L&rsquo;\u00e9cole de Varadero accueille 12 \u00e9l\u00e8ves de la classe de petite section \u00e0 la classe de 2nde.<\/p>\n","protected":false},"excerpt":{"rendered":"<p>L&rsquo;\u00e9cole de Varadero accueille 12 \u00e9l\u00e8ves de la classe de petite section \u00e0 la classe de 2nde.<\/p>\n","protected":false},"author":154,"featured_media":0,"parent":0,"menu_order":0,"comment_status":"closed","ping_status":"closed","template":"","meta":{"_acf_changed":false,"footnotes":""},"class_list":["post-302","page","type-page","status-publish","czr-hentry"],"acf":[],"_links":{"self":[{"href":"https:\/\/ee.mlfmonde.org\/cuba-bouygues\/wp-json\/wp\/v2\/pages\/302","targetHints":{"allow":["GET"]}}],"collection":[{"href":"https:\/\/ee.mlfmonde.org\/cuba-bouygues\/wp-json\/wp\/v2\/pages"}],"about":[{"href":"https:\/\/ee.mlfmonde.org\/cuba-bouygues\/wp-json\/wp\/v2\/types\/page"}],"author":[{"embeddable":true,"href":"https:\/\/ee.mlfmonde.org\/cuba-bouygues\/wp-json\/wp\/v2\/users\/154"}],"replies":[{"embeddable":true,"href":"https:\/\/ee.mlfmonde.org\/cuba-bouygues\/wp-json\/wp\/v2\/comments?post=302"}],"version-history":[{"count":9,"href":"https:\/\/ee.mlfmonde.org\/cuba-bouygues\/wp-json\/wp\/v2\/pages\/302\/revisions"}],"predecessor-version":[{"id":1789,"href":"https:\/\/ee.mlfmonde.org\/cuba-bouygues\/wp-json\/wp\/v2\/pages\/302\/revisions\/1789"}],"wp:attachment":[{"href":"https:\/\/ee.mlfmonde.org\/cuba-bouygues\/wp-json\/wp\/v2\/media?parent=302"}],"curies":[{"name":"wp","href":"https:\/\/api.w.org\/{rel}","templated":true}]}}