{"id":300,"date":"2022-11-07T22:12:58","date_gmt":"2022-11-07T22:12:58","guid":{"rendered":"http:\/\/ee.mlfmonde.org\/cuba-bouygues\/?page_id=300"},"modified":"2024-04-15T23:33:12","modified_gmt":"2024-04-15T23:33:12","slug":"site-de-ramon-de-antilla","status":"publish","type":"page","link":"https:\/\/ee.mlfmonde.org\/cuba-bouygues\/site-de-ramon-de-antilla\/","title":{"rendered":"Site de Ramon de Antilla"},"content":{"rendered":"<p>L&rsquo;\u00e9cole de Ramon de Antilla accueille 7 \u00e9l\u00e8ves de la grande section \u00e0 la classe de 6e.<\/p>\n","protected":false},"excerpt":{"rendered":"<p>L&rsquo;\u00e9cole de Ramon de Antilla accueille 7 \u00e9l\u00e8ves de la grande section \u00e0 la classe de 6e.<\/p>\n","protected":false},"author":154,"featured_media":1493,"parent":0,"menu_order":0,"comment_status":"closed","ping_status":"closed","template":"custom-page.php","meta":{"_acf_changed":false,"footnotes":""},"class_list":["post-300","page","type-page","status-publish","has-post-thumbnail","czr-hentry"],"acf":[],"_links":{"self":[{"href":"https:\/\/ee.mlfmonde.org\/cuba-bouygues\/wp-json\/wp\/v2\/pages\/300","targetHints":{"allow":["GET"]}}],"collection":[{"href":"https:\/\/ee.mlfmonde.org\/cuba-bouygues\/wp-json\/wp\/v2\/pages"}],"about":[{"href":"https:\/\/ee.mlfmonde.org\/cuba-bouygues\/wp-json\/wp\/v2\/types\/page"}],"author":[{"embeddable":true,"href":"https:\/\/ee.mlfmonde.org\/cuba-bouygues\/wp-json\/wp\/v2\/users\/154"}],"replies":[{"embeddable":true,"href":"https:\/\/ee.mlfmonde.org\/cuba-bouygues\/wp-json\/wp\/v2\/comments?post=300"}],"version-history":[{"count":13,"href":"https:\/\/ee.mlfmonde.org\/cuba-bouygues\/wp-json\/wp\/v2\/pages\/300\/revisions"}],"predecessor-version":[{"id":1972,"href":"https:\/\/ee.mlfmonde.org\/cuba-bouygues\/wp-json\/wp\/v2\/pages\/300\/revisions\/1972"}],"wp:featuredmedia":[{"embeddable":true,"href":"https:\/\/ee.mlfmonde.org\/cuba-bouygues\/wp-json\/wp\/v2\/media\/1493"}],"wp:attachment":[{"href":"https:\/\/ee.mlfmonde.org\/cuba-bouygues\/wp-json\/wp\/v2\/media?parent=300"}],"curies":[{"name":"wp","href":"https:\/\/api.w.org\/{rel}","templated":true}]}}