{"id":298,"date":"2020-10-29T22:12:37","date_gmt":"2020-10-29T22:12:37","guid":{"rendered":"http:\/\/ee.mlfmonde.org\/cuba-bouygues\/?page_id=298"},"modified":"2023-12-03T17:01:14","modified_gmt":"2023-12-03T17:01:14","slug":"site-de-cayo-coco","status":"publish","type":"page","link":"https:\/\/ee.mlfmonde.org\/cuba-bouygues\/site-de-cayo-coco\/","title":{"rendered":"Site de Cayo Paredon"},"content":{"rendered":"<p>L&rsquo;\u00e9cole de Cayo Coco accueille 5 \u00e9l\u00e8ves de la classe de petite section \u00e0 la classe de CE1<\/p>\n<p>&nbsp;<\/p>\n<p>&nbsp;<\/p>\n<p>&nbsp;<\/p>\n","protected":false},"excerpt":{"rendered":"<p>L&rsquo;\u00e9cole de Cayo Coco accueille 5 \u00e9l\u00e8ves de la classe de petite section \u00e0 la classe de CE1 &nbsp; &nbsp; &nbsp;<\/p>\n","protected":false},"author":154,"featured_media":0,"parent":0,"menu_order":0,"comment_status":"closed","ping_status":"closed","template":"","meta":{"_acf_changed":false,"footnotes":""},"class_list":["post-298","page","type-page","status-publish","czr-hentry"],"acf":[],"_links":{"self":[{"href":"https:\/\/ee.mlfmonde.org\/cuba-bouygues\/wp-json\/wp\/v2\/pages\/298","targetHints":{"allow":["GET"]}}],"collection":[{"href":"https:\/\/ee.mlfmonde.org\/cuba-bouygues\/wp-json\/wp\/v2\/pages"}],"about":[{"href":"https:\/\/ee.mlfmonde.org\/cuba-bouygues\/wp-json\/wp\/v2\/types\/page"}],"author":[{"embeddable":true,"href":"https:\/\/ee.mlfmonde.org\/cuba-bouygues\/wp-json\/wp\/v2\/users\/154"}],"replies":[{"embeddable":true,"href":"https:\/\/ee.mlfmonde.org\/cuba-bouygues\/wp-json\/wp\/v2\/comments?post=298"}],"version-history":[{"count":16,"href":"https:\/\/ee.mlfmonde.org\/cuba-bouygues\/wp-json\/wp\/v2\/pages\/298\/revisions"}],"predecessor-version":[{"id":1803,"href":"https:\/\/ee.mlfmonde.org\/cuba-bouygues\/wp-json\/wp\/v2\/pages\/298\/revisions\/1803"}],"wp:attachment":[{"href":"https:\/\/ee.mlfmonde.org\/cuba-bouygues\/wp-json\/wp\/v2\/media?parent=298"}],"curies":[{"name":"wp","href":"https:\/\/api.w.org\/{rel}","templated":true}]}}