{"id":744,"date":"2025-03-17T17:29:20","date_gmt":"2025-03-17T17:29:20","guid":{"rendered":"https:\/\/ee.mlfmonde.org\/comilog\/?page_id=744"},"modified":"2025-05-11T16:22:35","modified_gmt":"2025-05-11T16:22:35","slug":"les-ateliers-de-lecture","status":"publish","type":"page","link":"https:\/\/ee.mlfmonde.org\/comilog\/les-ateliers-de-lecture\/","title":{"rendered":"Le club lecture"},"content":{"rendered":"\n<p class=\"has-medium-font-size\">L&#8217;\u00c9cole Primaire MLF Comilog de Moanda organise r\u00e9guli\u00e8rement des ateliers de lecture afin d&#8217;encourager les \u00e9l\u00e8ves \u00e0 d\u00e9velopper leur go\u00fbt pour la lecture et \u00e0 am\u00e9liorer leur compr\u00e9hension \u00e9crite et orale. Ces ateliers sont essentiellement anim\u00e9s par les enseignants  ou les documentalistes. Les \u00e9l\u00e8ves les plus grands peuvent pr\u00e9senter leurs lectures au plus jeunes.<\/p>\n\n\n\n<div class=\"wp-block-media-text is-stacked-on-mobile is-vertically-aligned-center is-image-fill has-white-background-color has-background\" style=\"grid-template-columns:46% auto\"><figure class=\"wp-block-media-text__media\" style=\"background-image:url(http:\/\/ee.mlfmonde.org\/comilog\/wp-content\/uploads\/sites\/28\/2025\/03\/IMG-20250317-WA0009-1024x484.jpg);background-position:50% 50%\"><img fetchpriority=\"high\" decoding=\"async\" width=\"1024\" height=\"484\" src=\"http:\/\/ee.mlfmonde.org\/comilog\/wp-content\/uploads\/sites\/28\/2025\/03\/IMG-20250317-WA0009-1024x484.jpg\" alt=\"\" class=\"wp-image-745 size-full\" srcset=\"https:\/\/ee.mlfmonde.org\/comilog\/wp-content\/uploads\/sites\/28\/2025\/03\/IMG-20250317-WA0009-1024x484.jpg 1024w, https:\/\/ee.mlfmonde.org\/comilog\/wp-content\/uploads\/sites\/28\/2025\/03\/IMG-20250317-WA0009-300x142.jpg 300w, https:\/\/ee.mlfmonde.org\/comilog\/wp-content\/uploads\/sites\/28\/2025\/03\/IMG-20250317-WA0009-768x363.jpg 768w, https:\/\/ee.mlfmonde.org\/comilog\/wp-content\/uploads\/sites\/28\/2025\/03\/IMG-20250317-WA0009-1536x727.jpg 1536w, https:\/\/ee.mlfmonde.org\/comilog\/wp-content\/uploads\/sites\/28\/2025\/03\/IMG-20250317-WA0009-2048x969.jpg 2048w, https:\/\/ee.mlfmonde.org\/comilog\/wp-content\/uploads\/sites\/28\/2025\/03\/IMG-20250317-WA0009-570x270.jpg 570w\" sizes=\"(max-width: 1024px) 100vw, 1024px\" \/><\/figure><div class=\"wp-block-media-text__content\">\n<p class=\"has-text-align-left has-medium-font-size\"><em>Cr\u00e9ation de petites histoires pour renforcer l&#8217;expression \u00e9crite<\/em>.<\/p>\n<\/div><\/div>\n\n\n\n<p class=\"has-medium-font-size\">Les activit\u00e9s propos\u00e9es varient en fonction des niveaux et des objectifs p\u00e9dagogiques :<\/p>\n\n\n\n<ul class=\"wp-block-list\">\n<li class=\"has-medium-font-size\"><strong>Lecture \u00e0 voix haute<\/strong> : D\u00e9veloppement de l&#8217;expression orale et de la confiance en soi.<\/li>\n\n\n\n<li class=\"has-medium-font-size\"><strong>Histoires cont\u00e9es<\/strong> : Stimulation de l&#8217;imagination \u00e0 travers des r\u00e9cits captivants.<\/li>\n\n\n\n<li class=\"has-medium-font-size\"><strong>Ateliers d&#8217;\u00e9criture<\/strong> : Cr\u00e9ation de petites histoires pour renforcer l&#8217;expression \u00e9crite.<\/li>\n<\/ul>\n\n\n\n<div class=\"wp-block-media-text is-stacked-on-mobile\" style=\"grid-template-columns:61% auto\"><figure class=\"wp-block-media-text__media\"><img decoding=\"async\" width=\"1024\" height=\"620\" src=\"https:\/\/ee.mlfmonde.org\/comilog\/wp-content\/uploads\/sites\/28\/2025\/03\/WhatsApp-Image-2025-03-17-at-13.14.29_17e27d7e-1024x620.jpg\" alt=\"\" class=\"wp-image-1293 size-full\" srcset=\"https:\/\/ee.mlfmonde.org\/comilog\/wp-content\/uploads\/sites\/28\/2025\/03\/WhatsApp-Image-2025-03-17-at-13.14.29_17e27d7e-1024x620.jpg 1024w, https:\/\/ee.mlfmonde.org\/comilog\/wp-content\/uploads\/sites\/28\/2025\/03\/WhatsApp-Image-2025-03-17-at-13.14.29_17e27d7e-300x182.jpg 300w, https:\/\/ee.mlfmonde.org\/comilog\/wp-content\/uploads\/sites\/28\/2025\/03\/WhatsApp-Image-2025-03-17-at-13.14.29_17e27d7e-768x465.jpg 768w, https:\/\/ee.mlfmonde.org\/comilog\/wp-content\/uploads\/sites\/28\/2025\/03\/WhatsApp-Image-2025-03-17-at-13.14.29_17e27d7e-1536x931.jpg 1536w, https:\/\/ee.mlfmonde.org\/comilog\/wp-content\/uploads\/sites\/28\/2025\/03\/WhatsApp-Image-2025-03-17-at-13.14.29_17e27d7e-2048x1241.jpg 2048w, https:\/\/ee.mlfmonde.org\/comilog\/wp-content\/uploads\/sites\/28\/2025\/03\/WhatsApp-Image-2025-03-17-at-13.14.29_17e27d7e-570x345.jpg 570w\" sizes=\"(max-width: 1024px) 100vw, 1024px\" \/><\/figure><div class=\"wp-block-media-text__content\">\n<p class=\"has-medium-font-size\"><em>Lecture en groupe : \u00c9changes et discussions autour d&#8217;un livre ou d&#8217;un th\u00e8me<\/em> <em>sp\u00e9cifique<\/em>.<\/p>\n<\/div><\/div>\n\n\n\n<p class=\"has-medium-font-size\">Ces ateliers participent activement \u00e0 l&#8217;enrichissement du vocabulaire des \u00e9l\u00e8ves, \u00e0 leur capacit\u00e9 d&#8217;analyse et \u00e0 leur plaisir de la lecture. Ils s&#8217;inscrivent pleinement dans la mission \u00e9ducative de l&#8217;\u00e9cole.<\/p>\n\n\n\n<figure class=\"wp-block-video aligncenter\"><video autoplay loop muted src=\"http:\/\/ee.mlfmonde.org\/comilog\/wp-content\/uploads\/sites\/28\/2025\/04\/babam.mp4\" playsinline><\/video><figcaption class=\"wp-element-caption\"><strong>L&#8217;histoire du jour BABAM<\/strong>.<\/figcaption><\/figure>\n","protected":false},"excerpt":{"rendered":"<p>L&#8217;\u00c9cole Primaire MLF Comilog de Moanda organise r\u00e9guli\u00e8rement des ateliers de lecture afin d&#8217;encourager les \u00e9l\u00e8ves \u00e0 d\u00e9velopper leur go\u00fbt pour la lecture et \u00e0 am\u00e9liorer leur compr\u00e9hension \u00e9crite et orale. Ces ateliers sont essentiellement anim\u00e9s par les enseignants ou les documentalistes. Les \u00e9l\u00e8ves les plus grands peuvent pr\u00e9senter leurs lectures au plus jeunes. Cr\u00e9ation [&hellip;]<\/p>\n","protected":false},"author":166,"featured_media":0,"parent":0,"menu_order":0,"comment_status":"closed","ping_status":"closed","template":"","meta":{"_acf_changed":false,"footnotes":""},"class_list":["post-744","page","type-page","status-publish","czr-hentry"],"acf":[],"_links":{"self":[{"href":"https:\/\/ee.mlfmonde.org\/comilog\/wp-json\/wp\/v2\/pages\/744","targetHints":{"allow":["GET"]}}],"collection":[{"href":"https:\/\/ee.mlfmonde.org\/comilog\/wp-json\/wp\/v2\/pages"}],"about":[{"href":"https:\/\/ee.mlfmonde.org\/comilog\/wp-json\/wp\/v2\/types\/page"}],"author":[{"embeddable":true,"href":"https:\/\/ee.mlfmonde.org\/comilog\/wp-json\/wp\/v2\/users\/166"}],"replies":[{"embeddable":true,"href":"https:\/\/ee.mlfmonde.org\/comilog\/wp-json\/wp\/v2\/comments?post=744"}],"version-history":[{"count":18,"href":"https:\/\/ee.mlfmonde.org\/comilog\/wp-json\/wp\/v2\/pages\/744\/revisions"}],"predecessor-version":[{"id":2145,"href":"https:\/\/ee.mlfmonde.org\/comilog\/wp-json\/wp\/v2\/pages\/744\/revisions\/2145"}],"wp:attachment":[{"href":"https:\/\/ee.mlfmonde.org\/comilog\/wp-json\/wp\/v2\/media?parent=744"}],"curies":[{"name":"wp","href":"https:\/\/api.w.org\/{rel}","templated":true}]}}