{"id":692,"date":"2025-03-13T09:08:55","date_gmt":"2025-03-13T09:08:55","guid":{"rendered":"https:\/\/ee.mlfmonde.org\/comilog\/?page_id=692"},"modified":"2025-05-11T14:23:50","modified_gmt":"2025-05-11T14:23:50","slug":"fabrication-de-papier-une-initiation-au-recyclage-et-a-la-creativite","status":"publish","type":"page","link":"https:\/\/ee.mlfmonde.org\/comilog\/fabrication-de-papier-une-initiation-au-recyclage-et-a-la-creativite\/","title":{"rendered":"Fabrication de papier : une initiation au recyclage et \u00e0 la cr\u00e9ativit\u00e9"},"content":{"rendered":"\n<p class=\"has-medium-font-size\">A l&#8217;occasion d&#8217;un projet sp\u00e9cifique, certains \u00e9l\u00e8ves ont d\u00e9couvert l\u2019art de fabriquer du papier recycl\u00e9. Gr\u00e2ce \u00e0 des ateliers pratiques, ils ont appris \u00e0 transformer du vieux papier en nouvelles feuilles. Ce processus ludique et \u00e9ducatif leur a permis de comprendre l\u2019importance du recyclage et de d\u00e9velopper leur sens de la cr\u00e9ativit\u00e9. En manipulant la p\u00e2te \u00e0 papier, en la pressant et en la s\u00e9chant, ils ont pris conscience de la valeur des ressources et adopt\u00e9 des gestes \u00e9coresponsables. Une belle mani\u00e8re de lier apprentissage, \u00e9cologie et savoir-faire artisanal.<\/p>\n\n\n\n<figure class=\"wp-block-gallery has-nested-images columns-default is-cropped wp-block-gallery-1 is-layout-flex wp-block-gallery-is-layout-flex\">\n<figure class=\"wp-block-image size-large\"><img fetchpriority=\"high\" decoding=\"async\" width=\"1024\" height=\"683\" data-id=\"690\" src=\"https:\/\/ee.mlfmonde.org\/comilog\/wp-content\/uploads\/sites\/28\/2025\/03\/IMG_4336-1-1024x683.jpg\" alt=\"\" class=\"wp-image-690\" srcset=\"https:\/\/ee.mlfmonde.org\/comilog\/wp-content\/uploads\/sites\/28\/2025\/03\/IMG_4336-1-1024x683.jpg 1024w, https:\/\/ee.mlfmonde.org\/comilog\/wp-content\/uploads\/sites\/28\/2025\/03\/IMG_4336-1-300x200.jpg 300w, https:\/\/ee.mlfmonde.org\/comilog\/wp-content\/uploads\/sites\/28\/2025\/03\/IMG_4336-1-768x512.jpg 768w, https:\/\/ee.mlfmonde.org\/comilog\/wp-content\/uploads\/sites\/28\/2025\/03\/IMG_4336-1-1536x1024.jpg 1536w, https:\/\/ee.mlfmonde.org\/comilog\/wp-content\/uploads\/sites\/28\/2025\/03\/IMG_4336-1-2048x1365.jpg 2048w, https:\/\/ee.mlfmonde.org\/comilog\/wp-content\/uploads\/sites\/28\/2025\/03\/IMG_4336-1-570x380.jpg 570w\" sizes=\"(max-width: 1024px) 100vw, 1024px\" \/><\/figure>\n\n\n\n<figure class=\"wp-block-image size-large\"><img decoding=\"async\" width=\"1024\" height=\"683\" data-id=\"691\" src=\"https:\/\/ee.mlfmonde.org\/comilog\/wp-content\/uploads\/sites\/28\/2025\/03\/IMG_4337-1024x683.jpg\" alt=\"\" class=\"wp-image-691\" srcset=\"https:\/\/ee.mlfmonde.org\/comilog\/wp-content\/uploads\/sites\/28\/2025\/03\/IMG_4337-1024x683.jpg 1024w, https:\/\/ee.mlfmonde.org\/comilog\/wp-content\/uploads\/sites\/28\/2025\/03\/IMG_4337-300x200.jpg 300w, https:\/\/ee.mlfmonde.org\/comilog\/wp-content\/uploads\/sites\/28\/2025\/03\/IMG_4337-768x512.jpg 768w, https:\/\/ee.mlfmonde.org\/comilog\/wp-content\/uploads\/sites\/28\/2025\/03\/IMG_4337-1536x1024.jpg 1536w, https:\/\/ee.mlfmonde.org\/comilog\/wp-content\/uploads\/sites\/28\/2025\/03\/IMG_4337-2048x1365.jpg 2048w, https:\/\/ee.mlfmonde.org\/comilog\/wp-content\/uploads\/sites\/28\/2025\/03\/IMG_4337-570x380.jpg 570w\" sizes=\"(max-width: 1024px) 100vw, 1024px\" \/><\/figure>\n<\/figure>\n","protected":false},"excerpt":{"rendered":"<p>A l&#8217;occasion d&#8217;un projet sp\u00e9cifique, certains \u00e9l\u00e8ves ont d\u00e9couvert l\u2019art de fabriquer du papier recycl\u00e9. Gr\u00e2ce \u00e0 des ateliers pratiques, ils ont appris \u00e0 transformer du vieux papier en nouvelles feuilles. Ce processus ludique et \u00e9ducatif leur a permis de comprendre l\u2019importance du recyclage et de d\u00e9velopper leur sens de la cr\u00e9ativit\u00e9. En manipulant la [&hellip;]<\/p>\n","protected":false},"author":166,"featured_media":0,"parent":0,"menu_order":0,"comment_status":"closed","ping_status":"closed","template":"","meta":{"_acf_changed":false,"footnotes":""},"class_list":["post-692","page","type-page","status-publish","czr-hentry"],"acf":[],"_links":{"self":[{"href":"https:\/\/ee.mlfmonde.org\/comilog\/wp-json\/wp\/v2\/pages\/692","targetHints":{"allow":["GET"]}}],"collection":[{"href":"https:\/\/ee.mlfmonde.org\/comilog\/wp-json\/wp\/v2\/pages"}],"about":[{"href":"https:\/\/ee.mlfmonde.org\/comilog\/wp-json\/wp\/v2\/types\/page"}],"author":[{"embeddable":true,"href":"https:\/\/ee.mlfmonde.org\/comilog\/wp-json\/wp\/v2\/users\/166"}],"replies":[{"embeddable":true,"href":"https:\/\/ee.mlfmonde.org\/comilog\/wp-json\/wp\/v2\/comments?post=692"}],"version-history":[{"count":2,"href":"https:\/\/ee.mlfmonde.org\/comilog\/wp-json\/wp\/v2\/pages\/692\/revisions"}],"predecessor-version":[{"id":2125,"href":"https:\/\/ee.mlfmonde.org\/comilog\/wp-json\/wp\/v2\/pages\/692\/revisions\/2125"}],"wp:attachment":[{"href":"https:\/\/ee.mlfmonde.org\/comilog\/wp-json\/wp\/v2\/media?parent=692"}],"curies":[{"name":"wp","href":"https:\/\/api.w.org\/{rel}","templated":true}]}}