{"id":663,"date":"2025-03-12T12:48:39","date_gmt":"2025-03-12T12:48:39","guid":{"rendered":"https:\/\/ee.mlfmonde.org\/comilog\/?page_id=663"},"modified":"2025-05-19T14:29:38","modified_gmt":"2025-05-19T14:29:38","slug":"activites-en-plein-air","status":"publish","type":"page","link":"https:\/\/ee.mlfmonde.org\/comilog\/activites-en-plein-air\/","title":{"rendered":"L&#8217;Education Physique et sportive (EPS)."},"content":{"rendered":"\n<p><\/p>\n\n\n\n<p class=\"has-medium-font-size\">L&#8217;EPS  joue un <strong>r\u00f4le<\/strong> majeur dans la promotion de la sant\u00e9 et dans l&#8217;\u00e9ducation \u00e0 la citoyennet\u00e9. L&#8217;activit\u00e9 physique et sportive contribue pleinement \u00e0 l&#8217;\u00e9ducation des enfants. Elle leur permet d&#8217;int\u00e9grer des r\u00e8gles communes, de prendre confiance en eux, de se d\u00e9couvrir tout en apprenant \u00e0 mieux conna\u00eetre leur corps.<\/p>\n\n\n\n<p class=\"has-medium-font-size\"> Ces moments ludiques et \u00e9ducatifs permettent aux enfants d\u2019am\u00e9liorer leur coordination, de renforcer leur esprit d\u2019\u00e9quipe et de cultiver des valeurs comme le fair-play et la pers\u00e9v\u00e9rance. En plus de leur apporter du plaisir, ces activit\u00e9s les aident \u00e0 rester en bonne sant\u00e9 et \u00e0 mieux se concentrer en classe. <\/p>\n\n\n\n<figure class=\"wp-block-gallery has-nested-images columns-3 is-cropped wp-block-gallery-1 is-layout-flex wp-block-gallery-is-layout-flex\">\n<figure class=\"wp-block-image size-large\"><img fetchpriority=\"high\" decoding=\"async\" width=\"1024\" height=\"683\" data-id=\"648\" src=\"https:\/\/ee.mlfmonde.org\/comilog\/wp-content\/uploads\/sites\/28\/2025\/03\/IMG_4187-1024x683.jpg\" alt=\"\" class=\"wp-image-648\" srcset=\"https:\/\/ee.mlfmonde.org\/comilog\/wp-content\/uploads\/sites\/28\/2025\/03\/IMG_4187-1024x683.jpg 1024w, https:\/\/ee.mlfmonde.org\/comilog\/wp-content\/uploads\/sites\/28\/2025\/03\/IMG_4187-300x200.jpg 300w, https:\/\/ee.mlfmonde.org\/comilog\/wp-content\/uploads\/sites\/28\/2025\/03\/IMG_4187-768x512.jpg 768w, https:\/\/ee.mlfmonde.org\/comilog\/wp-content\/uploads\/sites\/28\/2025\/03\/IMG_4187-1536x1024.jpg 1536w, https:\/\/ee.mlfmonde.org\/comilog\/wp-content\/uploads\/sites\/28\/2025\/03\/IMG_4187-2048x1365.jpg 2048w, https:\/\/ee.mlfmonde.org\/comilog\/wp-content\/uploads\/sites\/28\/2025\/03\/IMG_4187-570x380.jpg 570w\" sizes=\"(max-width: 1024px) 100vw, 1024px\" \/><\/figure>\n\n\n\n<figure class=\"wp-block-image size-large\"><img decoding=\"async\" data-id=\"347\" src=\"http:\/\/ee.mlfmonde.org\/comilog\/wp-content\/uploads\/sites\/28\/2025\/03\/IMG_3871-1024x683.jpg\" alt=\"\" class=\"wp-image-347\" \/><\/figure>\n\n\n\n<figure class=\"wp-block-image size-large\"><img decoding=\"async\" data-id=\"625\" src=\"https:\/\/ee.mlfmonde.org\/comilog\/wp-content\/uploads\/sites\/28\/2025\/03\/IMG_4165-1024x683.jpg\" alt=\"\" class=\"wp-image-625\" \/><\/figure>\n<\/figure>\n\n\n\n<p class=\"has-medium-font-size\"> Les \u00e9l\u00e8ves apprennent \u00e0 g\u00e9rer leurs \u00e9motions, \u00e0 relever des d\u00e9fis avec confiance et \u00e0 faire preuve de r\u00e9silience face aux \u00e9checs. Ces apprentissages, souvent v\u00e9cus sur le terrain, se r\u00e9percutent positivement dans leur comportement en classe, dans leurs relations avec les autres, et dans leur capacit\u00e9 \u00e0 s&#8217;engager pleinement dans leurs \u00e9tudes.<\/p>\n\n\n\n<div class=\"wp-block-columns is-layout-flex wp-container-core-columns-is-layout-9d6595d7 wp-block-columns-is-layout-flex\">\n<div class=\"wp-block-column has-white-background-color has-background is-layout-flow wp-block-column-is-layout-flow\">\n<figure class=\"wp-block-video aligncenter\"><video autoplay loop muted src=\"https:\/\/ee.mlfmonde.org\/comilog\/wp-content\/uploads\/sites\/28\/2025\/04\/MVI_5693.mp4\" playsinline><\/video><figcaption class=\"wp-element-caption\"><strong>Lancer un frisbee<\/strong><\/figcaption><\/figure>\n<\/div>\n\n\n\n<div class=\"wp-block-column is-vertically-aligned-center has-white-background-color has-background is-layout-flow wp-block-column-is-layout-flow\">\n<figure class=\"wp-block-video aligncenter\"><video autoplay loop muted src=\"http:\/\/ee.mlfmonde.org\/comilog\/wp-content\/uploads\/sites\/28\/2025\/04\/MVI_5502.mp4\"><\/video><figcaption class=\"wp-element-caption\">S&#8217;\u00e9tirer<\/figcaption><\/figure>\n<\/div>\n<\/div>\n","protected":false},"excerpt":{"rendered":"<p>L&#8217;EPS joue un r\u00f4le majeur dans la promotion de la sant\u00e9 et dans l&#8217;\u00e9ducation \u00e0 la citoyennet\u00e9. L&#8217;activit\u00e9 physique et sportive contribue pleinement \u00e0 l&#8217;\u00e9ducation des enfants. Elle leur permet d&#8217;int\u00e9grer des r\u00e8gles communes, de prendre confiance en eux, de se d\u00e9couvrir tout en apprenant \u00e0 mieux conna\u00eetre leur corps. Ces moments ludiques et \u00e9ducatifs [&hellip;]<\/p>\n","protected":false},"author":166,"featured_media":0,"parent":0,"menu_order":0,"comment_status":"closed","ping_status":"closed","template":"","meta":{"_acf_changed":false,"footnotes":""},"class_list":["post-663","page","type-page","status-publish","czr-hentry"],"acf":[],"_links":{"self":[{"href":"https:\/\/ee.mlfmonde.org\/comilog\/wp-json\/wp\/v2\/pages\/663","targetHints":{"allow":["GET"]}}],"collection":[{"href":"https:\/\/ee.mlfmonde.org\/comilog\/wp-json\/wp\/v2\/pages"}],"about":[{"href":"https:\/\/ee.mlfmonde.org\/comilog\/wp-json\/wp\/v2\/types\/page"}],"author":[{"embeddable":true,"href":"https:\/\/ee.mlfmonde.org\/comilog\/wp-json\/wp\/v2\/users\/166"}],"replies":[{"embeddable":true,"href":"https:\/\/ee.mlfmonde.org\/comilog\/wp-json\/wp\/v2\/comments?post=663"}],"version-history":[{"count":11,"href":"https:\/\/ee.mlfmonde.org\/comilog\/wp-json\/wp\/v2\/pages\/663\/revisions"}],"predecessor-version":[{"id":2734,"href":"https:\/\/ee.mlfmonde.org\/comilog\/wp-json\/wp\/v2\/pages\/663\/revisions\/2734"}],"wp:attachment":[{"href":"https:\/\/ee.mlfmonde.org\/comilog\/wp-json\/wp\/v2\/media?parent=663"}],"curies":[{"name":"wp","href":"https:\/\/api.w.org\/{rel}","templated":true}]}}