{"id":658,"date":"2025-03-12T12:30:32","date_gmt":"2025-03-12T12:30:32","guid":{"rendered":"https:\/\/ee.mlfmonde.org\/comilog\/?page_id=658"},"modified":"2025-05-11T14:27:39","modified_gmt":"2025-05-11T14:27:39","slug":"initiation-au-jardinage-les-enfants-cultivent-leur-potager","status":"publish","type":"page","link":"https:\/\/ee.mlfmonde.org\/comilog\/initiation-au-jardinage-les-enfants-cultivent-leur-potager\/","title":{"rendered":"Initiation au Jardinage : les Enfants cultivent leur Potager."},"content":{"rendered":"\n<p><\/p>\n\n\n\n<div class=\"wp-block-media-text alignwide is-stacked-on-mobile\" style=\"grid-template-columns:73% auto\"><figure class=\"wp-block-media-text__media\"><img fetchpriority=\"high\" decoding=\"async\" width=\"1024\" height=\"341\" src=\"https:\/\/ee.mlfmonde.org\/comilog\/wp-content\/uploads\/sites\/28\/2025\/04\/e.p.c-7-1024x341.png\" alt=\"\" class=\"wp-image-1659 size-full\" srcset=\"https:\/\/ee.mlfmonde.org\/comilog\/wp-content\/uploads\/sites\/28\/2025\/04\/e.p.c-7-1024x341.png 1024w, https:\/\/ee.mlfmonde.org\/comilog\/wp-content\/uploads\/sites\/28\/2025\/04\/e.p.c-7-300x100.png 300w, https:\/\/ee.mlfmonde.org\/comilog\/wp-content\/uploads\/sites\/28\/2025\/04\/e.p.c-7-768x256.png 768w, https:\/\/ee.mlfmonde.org\/comilog\/wp-content\/uploads\/sites\/28\/2025\/04\/e.p.c-7-570x190.png 570w, https:\/\/ee.mlfmonde.org\/comilog\/wp-content\/uploads\/sites\/28\/2025\/04\/e.p.c-7.png 1500w\" sizes=\"(max-width: 1024px) 100vw, 1024px\" \/><\/figure><div class=\"wp-block-media-text__content\">\n<p class=\"has-medium-font-size\"><em>le jardin devient un outil p\u00e9dagogique. Sous la supervision de l&#8217;enseignant, ce projet sensibilise les \u00e9l\u00e8ves \u00e0 l\u2019environnement, \u00e0 l\u2019autonomie et \u00e0 une alimentation saine.<\/em><\/p>\n<\/div><\/div>\n\n\n\n<p class=\"has-medium-font-size\">Les \u00e9l\u00e8ves d\u00e9couvrent le plaisir du jardinage en apprenant \u00e0 cr\u00e9er et entretenir leur propre potager. Encadr\u00e9s par leurs enseignants, ils plantent diverses vari\u00e9t\u00e9s de l\u00e9gumes comme des tomates, des carottes, de la laitue et bien d\u2019autres encore. Cette activit\u00e9 \u00e9ducative leur permet de mieux comprendre le cycle de la vie des plantes, l\u2019importance de l\u2019environnement et les bienfaits d\u2019une alimentation saine. En cultivant eux-m\u00eames leurs l\u00e9gumes, les enfants d\u00e9veloppent \u00e9galement des valeurs essentielles telles que la patience, la responsabilit\u00e9 et le travail en \u00e9quipe. Une belle mani\u00e8re d\u2019allier apprentissage et sensibilisation \u00e0 l\u2019\u00e9cologie !<\/p>\n\n\n\n<p><\/p>\n\n\n\n<figure class=\"wp-block-gallery has-nested-images columns-default is-cropped wp-block-gallery-1 is-layout-flex wp-block-gallery-is-layout-flex\">\n<figure class=\"wp-block-image size-large\"><img decoding=\"async\" width=\"1024\" height=\"683\" data-id=\"657\" src=\"https:\/\/ee.mlfmonde.org\/comilog\/wp-content\/uploads\/sites\/28\/2025\/03\/IMG_4288-1024x683.jpg\" alt=\"\" class=\"wp-image-657\" srcset=\"https:\/\/ee.mlfmonde.org\/comilog\/wp-content\/uploads\/sites\/28\/2025\/03\/IMG_4288-1024x683.jpg 1024w, https:\/\/ee.mlfmonde.org\/comilog\/wp-content\/uploads\/sites\/28\/2025\/03\/IMG_4288-300x200.jpg 300w, https:\/\/ee.mlfmonde.org\/comilog\/wp-content\/uploads\/sites\/28\/2025\/03\/IMG_4288-768x512.jpg 768w, https:\/\/ee.mlfmonde.org\/comilog\/wp-content\/uploads\/sites\/28\/2025\/03\/IMG_4288-1536x1024.jpg 1536w, https:\/\/ee.mlfmonde.org\/comilog\/wp-content\/uploads\/sites\/28\/2025\/03\/IMG_4288-2048x1365.jpg 2048w, https:\/\/ee.mlfmonde.org\/comilog\/wp-content\/uploads\/sites\/28\/2025\/03\/IMG_4288-570x380.jpg 570w\" sizes=\"(max-width: 1024px) 100vw, 1024px\" \/><\/figure>\n\n\n\n<figure class=\"wp-block-image size-large\"><img decoding=\"async\" width=\"1024\" height=\"683\" data-id=\"652\" src=\"https:\/\/ee.mlfmonde.org\/comilog\/wp-content\/uploads\/sites\/28\/2025\/03\/IMG_4267-1024x683.jpg\" alt=\"\" class=\"wp-image-652\" srcset=\"https:\/\/ee.mlfmonde.org\/comilog\/wp-content\/uploads\/sites\/28\/2025\/03\/IMG_4267-1024x683.jpg 1024w, https:\/\/ee.mlfmonde.org\/comilog\/wp-content\/uploads\/sites\/28\/2025\/03\/IMG_4267-300x200.jpg 300w, https:\/\/ee.mlfmonde.org\/comilog\/wp-content\/uploads\/sites\/28\/2025\/03\/IMG_4267-768x512.jpg 768w, https:\/\/ee.mlfmonde.org\/comilog\/wp-content\/uploads\/sites\/28\/2025\/03\/IMG_4267-1536x1024.jpg 1536w, https:\/\/ee.mlfmonde.org\/comilog\/wp-content\/uploads\/sites\/28\/2025\/03\/IMG_4267-2048x1365.jpg 2048w, https:\/\/ee.mlfmonde.org\/comilog\/wp-content\/uploads\/sites\/28\/2025\/03\/IMG_4267-570x380.jpg 570w\" sizes=\"(max-width: 1024px) 100vw, 1024px\" \/><\/figure>\n<\/figure>\n\n\n\n<p class=\"has-medium-font-size\">R\u00e9sultat trois semaines plus tard<\/p>\n\n\n\n<figure class=\"wp-block-gallery has-nested-images columns-default is-cropped wp-block-gallery-2 is-layout-flex wp-block-gallery-is-layout-flex\">\n<figure class=\"wp-block-image size-large\"><img loading=\"lazy\" decoding=\"async\" width=\"1024\" height=\"683\" data-id=\"1916\" src=\"https:\/\/ee.mlfmonde.org\/comilog\/wp-content\/uploads\/sites\/28\/2025\/04\/IMG_5500-1024x683.jpg\" alt=\"\" class=\"wp-image-1916\" srcset=\"https:\/\/ee.mlfmonde.org\/comilog\/wp-content\/uploads\/sites\/28\/2025\/04\/IMG_5500-1024x683.jpg 1024w, https:\/\/ee.mlfmonde.org\/comilog\/wp-content\/uploads\/sites\/28\/2025\/04\/IMG_5500-300x200.jpg 300w, https:\/\/ee.mlfmonde.org\/comilog\/wp-content\/uploads\/sites\/28\/2025\/04\/IMG_5500-768x512.jpg 768w, https:\/\/ee.mlfmonde.org\/comilog\/wp-content\/uploads\/sites\/28\/2025\/04\/IMG_5500-1536x1024.jpg 1536w, https:\/\/ee.mlfmonde.org\/comilog\/wp-content\/uploads\/sites\/28\/2025\/04\/IMG_5500-2048x1365.jpg 2048w, https:\/\/ee.mlfmonde.org\/comilog\/wp-content\/uploads\/sites\/28\/2025\/04\/IMG_5500-570x380.jpg 570w\" sizes=\"(max-width: 1024px) 100vw, 1024px\" \/><\/figure>\n\n\n\n<figure class=\"wp-block-image size-large\"><img loading=\"lazy\" decoding=\"async\" width=\"1024\" height=\"683\" data-id=\"1919\" src=\"https:\/\/ee.mlfmonde.org\/comilog\/wp-content\/uploads\/sites\/28\/2025\/04\/IMG_5499-1024x683.jpg\" alt=\"\" class=\"wp-image-1919\" srcset=\"https:\/\/ee.mlfmonde.org\/comilog\/wp-content\/uploads\/sites\/28\/2025\/04\/IMG_5499-1024x683.jpg 1024w, https:\/\/ee.mlfmonde.org\/comilog\/wp-content\/uploads\/sites\/28\/2025\/04\/IMG_5499-300x200.jpg 300w, https:\/\/ee.mlfmonde.org\/comilog\/wp-content\/uploads\/sites\/28\/2025\/04\/IMG_5499-768x512.jpg 768w, https:\/\/ee.mlfmonde.org\/comilog\/wp-content\/uploads\/sites\/28\/2025\/04\/IMG_5499-1536x1024.jpg 1536w, https:\/\/ee.mlfmonde.org\/comilog\/wp-content\/uploads\/sites\/28\/2025\/04\/IMG_5499-2048x1365.jpg 2048w, https:\/\/ee.mlfmonde.org\/comilog\/wp-content\/uploads\/sites\/28\/2025\/04\/IMG_5499-570x380.jpg 570w\" sizes=\"(max-width: 1024px) 100vw, 1024px\" \/><\/figure>\n<\/figure>\n","protected":false},"excerpt":{"rendered":"<p>le jardin devient un outil p\u00e9dagogique. Sous la supervision de l&#8217;enseignant, ce projet sensibilise les \u00e9l\u00e8ves \u00e0 l\u2019environnement, \u00e0 l\u2019autonomie et \u00e0 une alimentation saine. Les \u00e9l\u00e8ves d\u00e9couvrent le plaisir du jardinage en apprenant \u00e0 cr\u00e9er et entretenir leur propre potager. Encadr\u00e9s par leurs enseignants, ils plantent diverses vari\u00e9t\u00e9s de l\u00e9gumes comme des tomates, des [&hellip;]<\/p>\n","protected":false},"author":166,"featured_media":1393,"parent":0,"menu_order":0,"comment_status":"closed","ping_status":"closed","template":"","meta":{"_acf_changed":false,"footnotes":""},"class_list":["post-658","page","type-page","status-publish","has-post-thumbnail","czr-hentry"],"acf":[],"_links":{"self":[{"href":"https:\/\/ee.mlfmonde.org\/comilog\/wp-json\/wp\/v2\/pages\/658","targetHints":{"allow":["GET"]}}],"collection":[{"href":"https:\/\/ee.mlfmonde.org\/comilog\/wp-json\/wp\/v2\/pages"}],"about":[{"href":"https:\/\/ee.mlfmonde.org\/comilog\/wp-json\/wp\/v2\/types\/page"}],"author":[{"embeddable":true,"href":"https:\/\/ee.mlfmonde.org\/comilog\/wp-json\/wp\/v2\/users\/166"}],"replies":[{"embeddable":true,"href":"https:\/\/ee.mlfmonde.org\/comilog\/wp-json\/wp\/v2\/comments?post=658"}],"version-history":[{"count":9,"href":"https:\/\/ee.mlfmonde.org\/comilog\/wp-json\/wp\/v2\/pages\/658\/revisions"}],"predecessor-version":[{"id":2127,"href":"https:\/\/ee.mlfmonde.org\/comilog\/wp-json\/wp\/v2\/pages\/658\/revisions\/2127"}],"wp:featuredmedia":[{"embeddable":true,"href":"https:\/\/ee.mlfmonde.org\/comilog\/wp-json\/wp\/v2\/media\/1393"}],"wp:attachment":[{"href":"https:\/\/ee.mlfmonde.org\/comilog\/wp-json\/wp\/v2\/media?parent=658"}],"curies":[{"name":"wp","href":"https:\/\/api.w.org\/{rel}","templated":true}]}}