{"id":570,"date":"2025-03-11T07:59:04","date_gmt":"2025-03-11T07:59:04","guid":{"rendered":"https:\/\/ee.mlfmonde.org\/comilog\/?page_id=570"},"modified":"2025-05-16T09:16:42","modified_gmt":"2025-05-16T09:16:42","slug":"visite-galerie-de-lecole","status":"publish","type":"page","link":"https:\/\/ee.mlfmonde.org\/comilog\/visite-galerie-de-lecole\/","title":{"rendered":"L&#8217;\u00c9cole maternelle cadres (Matcadres)"},"content":{"rendered":"\n<p class=\"has-medium-font-size\">Cet espace est d\u00e9di\u00e9 aux premiers apprentissages. \u00c0 travers des activit\u00e9s ludiques et p\u00e9dagogiques, les enfants d\u00e9veloppent leurs comp\u00e9tences motrices, sociales et cognitives<\/p>\n\n\n\n<figure class=\"wp-block-gallery has-nested-images columns-default is-cropped wp-block-gallery-1 is-layout-flex wp-block-gallery-is-layout-flex\">\n<figure class=\"wp-block-image size-large\"><img fetchpriority=\"high\" decoding=\"async\" width=\"1024\" height=\"576\" data-id=\"1117\" src=\"https:\/\/ee.mlfmonde.org\/comilog\/wp-content\/uploads\/sites\/28\/2025\/03\/Untitled-design-29-1024x576.png\" alt=\"\" class=\"wp-image-1117\" srcset=\"https:\/\/ee.mlfmonde.org\/comilog\/wp-content\/uploads\/sites\/28\/2025\/03\/Untitled-design-29-1024x576.png 1024w, https:\/\/ee.mlfmonde.org\/comilog\/wp-content\/uploads\/sites\/28\/2025\/03\/Untitled-design-29-300x169.png 300w, https:\/\/ee.mlfmonde.org\/comilog\/wp-content\/uploads\/sites\/28\/2025\/03\/Untitled-design-29-768x432.png 768w, https:\/\/ee.mlfmonde.org\/comilog\/wp-content\/uploads\/sites\/28\/2025\/03\/Untitled-design-29-570x321.png 570w, https:\/\/ee.mlfmonde.org\/comilog\/wp-content\/uploads\/sites\/28\/2025\/03\/Untitled-design-29-1110x624.png 1110w, https:\/\/ee.mlfmonde.org\/comilog\/wp-content\/uploads\/sites\/28\/2025\/03\/Untitled-design-29-528x297.png 528w, https:\/\/ee.mlfmonde.org\/comilog\/wp-content\/uploads\/sites\/28\/2025\/03\/Untitled-design-29.png 1280w\" sizes=\"(max-width: 1024px) 100vw, 1024px\" \/><\/figure>\n<\/figure>\n\n\n\n<p class=\"has-medium-font-size\"><em>Pr\u00e9sentation de l&#8217;\u00e9cole maternelle cadre<\/em><\/p>\n\n\n\n<div class=\"wp-block-columns is-layout-flex wp-container-core-columns-is-layout-9d6595d7 wp-block-columns-is-layout-flex\">\n<div class=\"wp-block-column is-layout-flow wp-block-column-is-layout-flow\">\n<figure class=\"wp-block-image size-large\"><img decoding=\"async\" width=\"1024\" height=\"683\" src=\"http:\/\/ee.mlfmonde.org\/comilog\/wp-content\/uploads\/sites\/28\/2025\/03\/IMG_4899-1024x683.jpg\" alt=\"\" class=\"wp-image-1105\" srcset=\"https:\/\/ee.mlfmonde.org\/comilog\/wp-content\/uploads\/sites\/28\/2025\/03\/IMG_4899-1024x683.jpg 1024w, https:\/\/ee.mlfmonde.org\/comilog\/wp-content\/uploads\/sites\/28\/2025\/03\/IMG_4899-300x200.jpg 300w, https:\/\/ee.mlfmonde.org\/comilog\/wp-content\/uploads\/sites\/28\/2025\/03\/IMG_4899-768x512.jpg 768w, https:\/\/ee.mlfmonde.org\/comilog\/wp-content\/uploads\/sites\/28\/2025\/03\/IMG_4899-1536x1024.jpg 1536w, https:\/\/ee.mlfmonde.org\/comilog\/wp-content\/uploads\/sites\/28\/2025\/03\/IMG_4899-2048x1365.jpg 2048w, https:\/\/ee.mlfmonde.org\/comilog\/wp-content\/uploads\/sites\/28\/2025\/03\/IMG_4899-570x380.jpg 570w\" sizes=\"(max-width: 1024px) 100vw, 1024px\" \/><\/figure>\n<\/div>\n\n\n\n<div class=\"wp-block-column is-layout-flow wp-block-column-is-layout-flow\">\n<figure class=\"wp-block-image size-large is-resized\"><img decoding=\"async\" width=\"1024\" height=\"683\" src=\"http:\/\/ee.mlfmonde.org\/comilog\/wp-content\/uploads\/sites\/28\/2025\/03\/IMG_4896-1024x683.jpg\" alt=\"\" class=\"wp-image-1103\" style=\"width:372px;height:auto\" srcset=\"https:\/\/ee.mlfmonde.org\/comilog\/wp-content\/uploads\/sites\/28\/2025\/03\/IMG_4896-1024x683.jpg 1024w, https:\/\/ee.mlfmonde.org\/comilog\/wp-content\/uploads\/sites\/28\/2025\/03\/IMG_4896-300x200.jpg 300w, https:\/\/ee.mlfmonde.org\/comilog\/wp-content\/uploads\/sites\/28\/2025\/03\/IMG_4896-768x512.jpg 768w, https:\/\/ee.mlfmonde.org\/comilog\/wp-content\/uploads\/sites\/28\/2025\/03\/IMG_4896-1536x1024.jpg 1536w, https:\/\/ee.mlfmonde.org\/comilog\/wp-content\/uploads\/sites\/28\/2025\/03\/IMG_4896-2048x1365.jpg 2048w, https:\/\/ee.mlfmonde.org\/comilog\/wp-content\/uploads\/sites\/28\/2025\/03\/IMG_4896-570x380.jpg 570w\" sizes=\"(max-width: 1024px) 100vw, 1024px\" \/><\/figure>\n<\/div>\n<\/div>\n\n\n\n<div class=\"wp-block-columns is-layout-flex wp-container-core-columns-is-layout-9d6595d7 wp-block-columns-is-layout-flex\">\n<div class=\"wp-block-column is-layout-flow wp-block-column-is-layout-flow\">\n<figure class=\"wp-block-image size-large\"><img loading=\"lazy\" decoding=\"async\" width=\"1024\" height=\"576\" src=\"http:\/\/ee.mlfmonde.org\/comilog\/wp-content\/uploads\/sites\/28\/2025\/03\/3-1024x576.png\" alt=\"\" class=\"wp-image-1140\" srcset=\"https:\/\/ee.mlfmonde.org\/comilog\/wp-content\/uploads\/sites\/28\/2025\/03\/3-1024x576.png 1024w, https:\/\/ee.mlfmonde.org\/comilog\/wp-content\/uploads\/sites\/28\/2025\/03\/3-300x169.png 300w, https:\/\/ee.mlfmonde.org\/comilog\/wp-content\/uploads\/sites\/28\/2025\/03\/3-768x432.png 768w, https:\/\/ee.mlfmonde.org\/comilog\/wp-content\/uploads\/sites\/28\/2025\/03\/3-570x321.png 570w, https:\/\/ee.mlfmonde.org\/comilog\/wp-content\/uploads\/sites\/28\/2025\/03\/3-1110x624.png 1110w, https:\/\/ee.mlfmonde.org\/comilog\/wp-content\/uploads\/sites\/28\/2025\/03\/3-528x297.png 528w, https:\/\/ee.mlfmonde.org\/comilog\/wp-content\/uploads\/sites\/28\/2025\/03\/3.png 1280w\" sizes=\"(max-width: 1024px) 100vw, 1024px\" \/><\/figure>\n<\/div>\n\n\n\n<div class=\"wp-block-column is-layout-flow wp-block-column-is-layout-flow\">\n<figure class=\"wp-block-video aligncenter\"><video autoplay loop muted src=\"https:\/\/ee.mlfmonde.org\/comilog\/wp-content\/uploads\/sites\/28\/2025\/04\/MVI_5719.mp4\" playsinline><\/video><figcaption class=\"wp-element-caption\"><strong> Les petites sections pendant la recr\u00e9ation.<\/strong><\/figcaption><\/figure>\n<\/div>\n<\/div>\n\n\n\n<p class=\"has-medium-font-size\">L\u2019\u00e9cole maternelle a pour mission de :<br> <strong>D\u00e9velopper l\u2019autonomie et la confiance en soi<\/strong> \u2013 Apprendre \u00e0 se s\u00e9parer en douceur du cadre familial, d\u00e9couvrir la vie en groupe et gagner en autonomie.<br><strong>Favoriser l\u2019\u00e9veil et la curiosit\u00e9<\/strong> \u2013 Encourager l\u2019exploration et l\u2019exp\u00e9rimentation par des jeux, des d\u00e9couvertes sensorielles et des activit\u00e9s vari\u00e9es.<br><strong>Pr\u00e9parer l\u2019apprentissage du langage et de l\u2019\u00e9crit<\/strong> \u2013 D\u00e9velopper l\u2019expression orale, la compr\u00e9hension des consignes et initier les enfants aux premiers gestes d\u2019\u00e9criture.<br> <strong>Stimuler la motricit\u00e9 et la coordination<\/strong> \u2013 Activit\u00e9s physiques et artistiques pour renforcer la coordination et l\u2019expression corporelle.<br> <strong>Encourager la socialisation et le respect des autres<\/strong> \u2013 Apprendre \u00e0 vivre ensemble, partager, \u00e9couter et respecter les r\u00e8gles de la classe.<\/p>\n\n\n\n<div class=\"wp-block-media-text is-stacked-on-mobile\" style=\"grid-template-columns:56% auto\"><figure class=\"wp-block-media-text__media\"><img loading=\"lazy\" decoding=\"async\" width=\"1024\" height=\"683\" src=\"http:\/\/ee.mlfmonde.org\/comilog\/wp-content\/uploads\/sites\/28\/2025\/03\/IMG_4893-1024x683.jpg\" alt=\"\" class=\"wp-image-1102 size-full\" srcset=\"https:\/\/ee.mlfmonde.org\/comilog\/wp-content\/uploads\/sites\/28\/2025\/03\/IMG_4893-1024x683.jpg 1024w, https:\/\/ee.mlfmonde.org\/comilog\/wp-content\/uploads\/sites\/28\/2025\/03\/IMG_4893-300x200.jpg 300w, https:\/\/ee.mlfmonde.org\/comilog\/wp-content\/uploads\/sites\/28\/2025\/03\/IMG_4893-768x512.jpg 768w, https:\/\/ee.mlfmonde.org\/comilog\/wp-content\/uploads\/sites\/28\/2025\/03\/IMG_4893-1536x1024.jpg 1536w, https:\/\/ee.mlfmonde.org\/comilog\/wp-content\/uploads\/sites\/28\/2025\/03\/IMG_4893-2048x1365.jpg 2048w, https:\/\/ee.mlfmonde.org\/comilog\/wp-content\/uploads\/sites\/28\/2025\/03\/IMG_4893-570x380.jpg 570w\" sizes=\"(max-width: 1024px) 100vw, 1024px\" \/><\/figure><div class=\"wp-block-media-text__content\">\n<p class=\"has-medium-font-size\"><em>La lecture est un moment privil\u00e9gi\u00e9 qui \u00e9veille l\u2019imagination et nourrit la curiosit\u00e9. Rassembl\u00e9s autour de leur enseignante, les \u00e9l\u00e8ves \u00e9coutent avec attention une histoire qui les transporte dans un univers riche en aventures et en d\u00e9couvertes. Une belle fa\u00e7on de d\u00e9velopper leur amour des livres tout en stimulant leur cr\u00e9ativit\u00e9.<\/em><\/p>\n<\/div><\/div>\n","protected":false},"excerpt":{"rendered":"<p>Cet espace est d\u00e9di\u00e9 aux premiers apprentissages. \u00c0 travers des activit\u00e9s ludiques et p\u00e9dagogiques, les enfants d\u00e9veloppent leurs comp\u00e9tences motrices, sociales et cognitives Pr\u00e9sentation de l&#8217;\u00e9cole maternelle cadre L\u2019\u00e9cole maternelle a pour mission de : D\u00e9velopper l\u2019autonomie et la confiance en soi \u2013 Apprendre \u00e0 se s\u00e9parer en douceur du cadre familial, d\u00e9couvrir la vie [&hellip;]<\/p>\n","protected":false},"author":166,"featured_media":0,"parent":0,"menu_order":0,"comment_status":"closed","ping_status":"closed","template":"","meta":{"_acf_changed":false,"footnotes":""},"class_list":["post-570","page","type-page","status-publish","czr-hentry"],"acf":[],"_links":{"self":[{"href":"https:\/\/ee.mlfmonde.org\/comilog\/wp-json\/wp\/v2\/pages\/570","targetHints":{"allow":["GET"]}}],"collection":[{"href":"https:\/\/ee.mlfmonde.org\/comilog\/wp-json\/wp\/v2\/pages"}],"about":[{"href":"https:\/\/ee.mlfmonde.org\/comilog\/wp-json\/wp\/v2\/types\/page"}],"author":[{"embeddable":true,"href":"https:\/\/ee.mlfmonde.org\/comilog\/wp-json\/wp\/v2\/users\/166"}],"replies":[{"embeddable":true,"href":"https:\/\/ee.mlfmonde.org\/comilog\/wp-json\/wp\/v2\/comments?post=570"}],"version-history":[{"count":21,"href":"https:\/\/ee.mlfmonde.org\/comilog\/wp-json\/wp\/v2\/pages\/570\/revisions"}],"predecessor-version":[{"id":2466,"href":"https:\/\/ee.mlfmonde.org\/comilog\/wp-json\/wp\/v2\/pages\/570\/revisions\/2466"}],"wp:attachment":[{"href":"https:\/\/ee.mlfmonde.org\/comilog\/wp-json\/wp\/v2\/media?parent=570"}],"curies":[{"name":"wp","href":"https:\/\/api.w.org\/{rel}","templated":true}]}}