{"id":474,"date":"2025-03-10T09:16:01","date_gmt":"2025-03-10T09:16:01","guid":{"rendered":"https:\/\/ee.mlfmonde.org\/comilog\/?page_id=474"},"modified":"2026-04-02T17:05:13","modified_gmt":"2026-04-02T17:05:13","slug":"structure-de-letablissement-classno-click-structure-de-letablissement-a","status":"publish","type":"page","link":"https:\/\/ee.mlfmonde.org\/comilog\/structure-de-letablissement-classno-click-structure-de-letablissement-a\/","title":{"rendered":"Notre \u00e9tablissement"},"content":{"rendered":"\n<div class=\"wp-block-media-text is-stacked-on-mobile has-pale-cyan-blue-background-color has-background\" style=\"grid-template-columns:33% auto\"><figure class=\"wp-block-media-text__media\"><img fetchpriority=\"high\" decoding=\"async\" width=\"1024\" height=\"301\" src=\"http:\/\/ee.mlfmonde.org\/comilog\/wp-content\/uploads\/sites\/28\/2025\/03\/logo_mlf_new_2-1024x301.png\" alt=\"\" class=\"wp-image-1085 size-full\" srcset=\"https:\/\/ee.mlfmonde.org\/comilog\/wp-content\/uploads\/sites\/28\/2025\/03\/logo_mlf_new_2-1024x301.png 1024w, https:\/\/ee.mlfmonde.org\/comilog\/wp-content\/uploads\/sites\/28\/2025\/03\/logo_mlf_new_2-300x88.png 300w, https:\/\/ee.mlfmonde.org\/comilog\/wp-content\/uploads\/sites\/28\/2025\/03\/logo_mlf_new_2-768x226.png 768w, https:\/\/ee.mlfmonde.org\/comilog\/wp-content\/uploads\/sites\/28\/2025\/03\/logo_mlf_new_2-1536x451.png 1536w, https:\/\/ee.mlfmonde.org\/comilog\/wp-content\/uploads\/sites\/28\/2025\/03\/logo_mlf_new_2-2048x602.png 2048w, https:\/\/ee.mlfmonde.org\/comilog\/wp-content\/uploads\/sites\/28\/2025\/03\/logo_mlf_new_2-570x168.png 570w\" sizes=\"(max-width: 1024px) 100vw, 1024px\" \/><\/figure><div class=\"wp-block-media-text__content\">\n<figure class=\"wp-block-embed is-type-wp-embed is-provider-cole-primaire-mlf-comilog wp-block-embed-cole-primaire-mlf-comilog\"><div class=\"wp-block-embed__wrapper\">\n<blockquote class=\"wp-embedded-content\" data-secret=\"kbxgu2FrZm\"><a href=\"https:\/\/ee.mlfmonde.org\/comilog\/%f0%9f%a4%9dnotre-etablissement-fait-partie-du-reseau-des-ecoles-de-la-mlf-mission-laique-francaise\/\">\ud83e\udd1dNotre \u00e9tablissement fait partie du r\u00e9seau des \u00e9coles de la MLF ( Mission La\u00efque Fran\u00e7aise)<\/a><\/blockquote><iframe class=\"wp-embedded-content\" sandbox=\"allow-scripts\" security=\"restricted\" style=\"position: absolute; visibility: hidden;\" title=\"&#8220;\ud83e\udd1dNotre \u00e9tablissement fait partie du r\u00e9seau des \u00e9coles de la MLF ( Mission La\u00efque Fran\u00e7aise)&#8221; &#8212; \u00c9cole Primaire MLF COMILOG\" src=\"https:\/\/ee.mlfmonde.org\/comilog\/%f0%9f%a4%9dnotre-etablissement-fait-partie-du-reseau-des-ecoles-de-la-mlf-mission-laique-francaise\/embed\/#?secret=eWC3Ng8eHZ#?secret=kbxgu2FrZm\" data-secret=\"kbxgu2FrZm\" width=\"600\" height=\"338\" frameborder=\"0\" marginwidth=\"0\" marginheight=\"0\" scrolling=\"no\"><\/iframe>\n<\/div><\/figure>\n\n\n\n<p><\/p>\n<\/div><\/div>\n\n\n\n<p class=\"has-medium-font-size\"><\/p>\n\n\n\n<div class=\"wp-block-media-text is-stacked-on-mobile is-image-fill has-background\" style=\"background:linear-gradient(135deg,rgb(252,185,0) 0%,rgb(255,105,0) 45%);grid-template-columns:30% auto\"><figure class=\"wp-block-media-text__media\" style=\"background-image:url(http:\/\/ee.mlfmonde.org\/comilog\/wp-content\/uploads\/sites\/28\/2025\/02\/IMG_3048-1024x683.jpg);background-position:50% 50%\"><img decoding=\"async\" width=\"1024\" height=\"683\" src=\"http:\/\/ee.mlfmonde.org\/comilog\/wp-content\/uploads\/sites\/28\/2025\/02\/IMG_3048-1024x683.jpg\" alt=\"\" class=\"wp-image-67 size-full\" srcset=\"https:\/\/ee.mlfmonde.org\/comilog\/wp-content\/uploads\/sites\/28\/2025\/02\/IMG_3048-1024x683.jpg 1024w, https:\/\/ee.mlfmonde.org\/comilog\/wp-content\/uploads\/sites\/28\/2025\/02\/IMG_3048-300x200.jpg 300w, https:\/\/ee.mlfmonde.org\/comilog\/wp-content\/uploads\/sites\/28\/2025\/02\/IMG_3048-768x512.jpg 768w, https:\/\/ee.mlfmonde.org\/comilog\/wp-content\/uploads\/sites\/28\/2025\/02\/IMG_3048-1536x1024.jpg 1536w, https:\/\/ee.mlfmonde.org\/comilog\/wp-content\/uploads\/sites\/28\/2025\/02\/IMG_3048-2048x1365.jpg 2048w, https:\/\/ee.mlfmonde.org\/comilog\/wp-content\/uploads\/sites\/28\/2025\/02\/IMG_3048-570x380.jpg 570w\" sizes=\"(max-width: 1024px) 100vw, 1024px\" \/><\/figure><div class=\"wp-block-media-text__content\">\n<figure class=\"wp-block-embed is-type-wp-embed is-provider-cole-primaire-mlf-comilog wp-block-embed-cole-primaire-mlf-comilog\"><div class=\"wp-block-embed__wrapper\">\n<blockquote class=\"wp-embedded-content\" data-secret=\"Cu5y0mVR72\"><a href=\"https:\/\/ee.mlfmonde.org\/comilog\/%f0%9f%8f%ab-des-salles-de-classe-dynamiques\/\">\ud83c\udfeb Des salles de classe dynamiques<\/a><\/blockquote><iframe class=\"wp-embedded-content\" sandbox=\"allow-scripts\" security=\"restricted\" style=\"position: absolute; visibility: hidden;\" title=\"&#8220;\ud83c\udfeb Des salles de classe dynamiques&#8221; &#8212; \u00c9cole Primaire MLF COMILOG\" src=\"https:\/\/ee.mlfmonde.org\/comilog\/%f0%9f%8f%ab-des-salles-de-classe-dynamiques\/embed\/#?secret=FHEg1YreTZ#?secret=Cu5y0mVR72\" data-secret=\"Cu5y0mVR72\" width=\"600\" height=\"338\" frameborder=\"0\" marginwidth=\"0\" marginheight=\"0\" scrolling=\"no\"><\/iframe>\n<\/div><\/figure>\n<\/div><\/div>\n\n\n\n<p><\/p>\n\n\n\n<div class=\"wp-block-media-text is-stacked-on-mobile is-image-fill has-light-green-cyan-background-color has-background\" style=\"grid-template-columns:30% auto\"><figure class=\"wp-block-media-text__media\" style=\"background-image:url(http:\/\/ee.mlfmonde.org\/comilog\/wp-content\/uploads\/sites\/28\/2025\/03\/IMG_4431-1024x683.jpg);background-position:50% 50%\"><img decoding=\"async\" width=\"1024\" height=\"683\" src=\"http:\/\/ee.mlfmonde.org\/comilog\/wp-content\/uploads\/sites\/28\/2025\/03\/IMG_4431-1024x683.jpg\" alt=\"\" class=\"wp-image-762 size-full\" srcset=\"https:\/\/ee.mlfmonde.org\/comilog\/wp-content\/uploads\/sites\/28\/2025\/03\/IMG_4431-1024x683.jpg 1024w, https:\/\/ee.mlfmonde.org\/comilog\/wp-content\/uploads\/sites\/28\/2025\/03\/IMG_4431-300x200.jpg 300w, https:\/\/ee.mlfmonde.org\/comilog\/wp-content\/uploads\/sites\/28\/2025\/03\/IMG_4431-768x512.jpg 768w, https:\/\/ee.mlfmonde.org\/comilog\/wp-content\/uploads\/sites\/28\/2025\/03\/IMG_4431-1536x1024.jpg 1536w, https:\/\/ee.mlfmonde.org\/comilog\/wp-content\/uploads\/sites\/28\/2025\/03\/IMG_4431-2048x1365.jpg 2048w, https:\/\/ee.mlfmonde.org\/comilog\/wp-content\/uploads\/sites\/28\/2025\/03\/IMG_4431-570x380.jpg 570w\" sizes=\"(max-width: 1024px) 100vw, 1024px\" \/><\/figure><div class=\"wp-block-media-text__content\">\n<figure class=\"wp-block-embed is-type-wp-embed is-provider-cole-primaire-mlf-comilog wp-block-embed-cole-primaire-mlf-comilog\"><div class=\"wp-block-embed__wrapper\">\n<blockquote class=\"wp-embedded-content\" data-secret=\"POK6iPkZOR\"><a href=\"https:\/\/ee.mlfmonde.org\/comilog\/%f0%9f%93%9a-une-bibliotheque-pour-les-enfants-la-bcd-a-lepc-et-la-marmotheque-a-la-maternelle\/\">\ud83d\udcda La BCD \u00e0 l&#8217;EPC et la Marmoth\u00e8que \u00e0 la maternelle<\/a><\/blockquote><iframe class=\"wp-embedded-content\" sandbox=\"allow-scripts\" security=\"restricted\" style=\"position: absolute; visibility: hidden;\" title=\"&#8220;\ud83d\udcda La BCD \u00e0 l&#8217;EPC et la Marmoth\u00e8que \u00e0 la maternelle&#8221; &#8212; \u00c9cole Primaire MLF COMILOG\" src=\"https:\/\/ee.mlfmonde.org\/comilog\/%f0%9f%93%9a-une-bibliotheque-pour-les-enfants-la-bcd-a-lepc-et-la-marmotheque-a-la-maternelle\/embed\/#?secret=3PRmnYK17Z#?secret=POK6iPkZOR\" data-secret=\"POK6iPkZOR\" width=\"600\" height=\"338\" frameborder=\"0\" marginwidth=\"0\" marginheight=\"0\" scrolling=\"no\"><\/iframe>\n<\/div><\/figure>\n<\/div><\/div>\n\n\n\n<hr class=\"wp-block-separator has-alpha-channel-opacity\" \/>\n\n\n\n<div class=\"wp-block-media-text is-stacked-on-mobile is-vertically-aligned-center is-image-fill has-background\" style=\"background:linear-gradient(135deg,rgb(238,238,238) 0%,rgb(169,184,195) 16%);grid-template-columns:36% auto\"><figure class=\"wp-block-media-text__media\" style=\"background-image:url(http:\/\/ee.mlfmonde.org\/comilog\/wp-content\/uploads\/sites\/28\/2025\/03\/2-2-1024x576.png);background-position:52% 41%\"><img loading=\"lazy\" decoding=\"async\" width=\"1024\" height=\"576\" src=\"http:\/\/ee.mlfmonde.org\/comilog\/wp-content\/uploads\/sites\/28\/2025\/03\/2-2-1024x576.png\" alt=\"\" class=\"wp-image-1139 size-full\" srcset=\"https:\/\/ee.mlfmonde.org\/comilog\/wp-content\/uploads\/sites\/28\/2025\/03\/2-2-1024x576.png 1024w, https:\/\/ee.mlfmonde.org\/comilog\/wp-content\/uploads\/sites\/28\/2025\/03\/2-2-300x169.png 300w, https:\/\/ee.mlfmonde.org\/comilog\/wp-content\/uploads\/sites\/28\/2025\/03\/2-2-768x432.png 768w, https:\/\/ee.mlfmonde.org\/comilog\/wp-content\/uploads\/sites\/28\/2025\/03\/2-2-570x321.png 570w, https:\/\/ee.mlfmonde.org\/comilog\/wp-content\/uploads\/sites\/28\/2025\/03\/2-2-1110x624.png 1110w, https:\/\/ee.mlfmonde.org\/comilog\/wp-content\/uploads\/sites\/28\/2025\/03\/2-2-528x297.png 528w, https:\/\/ee.mlfmonde.org\/comilog\/wp-content\/uploads\/sites\/28\/2025\/03\/2-2.png 1280w\" sizes=\"(max-width: 1024px) 100vw, 1024px\" \/><\/figure><div class=\"wp-block-media-text__content\">\n<figure class=\"wp-block-embed is-type-wp-embed is-provider-cole-primaire-mlf-comilog wp-block-embed-cole-primaire-mlf-comilog\"><div class=\"wp-block-embed__wrapper\">\n<blockquote class=\"wp-embedded-content\" data-secret=\"aWbFEfj5P0\"><a href=\"https:\/\/ee.mlfmonde.org\/comilog\/visite-galerie-de-lecole\/\">L&#8217;\u00c9cole maternelle cadres (Matcadres)<\/a><\/blockquote><iframe class=\"wp-embedded-content\" sandbox=\"allow-scripts\" security=\"restricted\" style=\"position: absolute; visibility: hidden;\" title=\"&#8220;L&#8217;\u00c9cole maternelle cadres (Matcadres)&#8221; &#8212; \u00c9cole Primaire MLF COMILOG\" src=\"https:\/\/ee.mlfmonde.org\/comilog\/visite-galerie-de-lecole\/embed\/#?secret=nRDVwVXhts#?secret=aWbFEfj5P0\" data-secret=\"aWbFEfj5P0\" width=\"600\" height=\"338\" frameborder=\"0\" marginwidth=\"0\" marginheight=\"0\" scrolling=\"no\"><\/iframe>\n<\/div><\/figure>\n<\/div><\/div>\n\n\n\n<p><\/p>\n\n\n\n<div class=\"wp-block-media-text alignwide is-stacked-on-mobile is-image-fill has-pale-cyan-blue-background-color has-background has-small-font-size\" style=\"grid-template-columns:36% auto\"><figure class=\"wp-block-media-text__media\" style=\"background-image:url(http:\/\/ee.mlfmonde.org\/comilog\/wp-content\/uploads\/sites\/28\/2025\/03\/5-1-1024x576.png);background-position:50% 50%\"><img loading=\"lazy\" decoding=\"async\" width=\"1024\" height=\"576\" src=\"http:\/\/ee.mlfmonde.org\/comilog\/wp-content\/uploads\/sites\/28\/2025\/03\/5-1-1024x576.png\" alt=\"\" class=\"wp-image-1145 size-full\" srcset=\"https:\/\/ee.mlfmonde.org\/comilog\/wp-content\/uploads\/sites\/28\/2025\/03\/5-1-1024x576.png 1024w, https:\/\/ee.mlfmonde.org\/comilog\/wp-content\/uploads\/sites\/28\/2025\/03\/5-1-300x169.png 300w, https:\/\/ee.mlfmonde.org\/comilog\/wp-content\/uploads\/sites\/28\/2025\/03\/5-1-768x432.png 768w, https:\/\/ee.mlfmonde.org\/comilog\/wp-content\/uploads\/sites\/28\/2025\/03\/5-1-570x321.png 570w, https:\/\/ee.mlfmonde.org\/comilog\/wp-content\/uploads\/sites\/28\/2025\/03\/5-1-1110x624.png 1110w, https:\/\/ee.mlfmonde.org\/comilog\/wp-content\/uploads\/sites\/28\/2025\/03\/5-1-528x297.png 528w, https:\/\/ee.mlfmonde.org\/comilog\/wp-content\/uploads\/sites\/28\/2025\/03\/5-1.png 1280w\" sizes=\"(max-width: 1024px) 100vw, 1024px\" \/><\/figure><div class=\"wp-block-media-text__content\">\n<figure class=\"wp-block-embed is-type-wp-embed is-provider-cole-primaire-mlf-comilog wp-block-embed-cole-primaire-mlf-comilog\"><div class=\"wp-block-embed__wrapper\">\n<blockquote class=\"wp-embedded-content\" data-secret=\"tLP6N4eMk4\"><a href=\"https:\/\/ee.mlfmonde.org\/comilog\/lecole-maternelle-comilog\/\">L&#8217;\u00e9cole maternelle COMILOG (Matcom)<\/a><\/blockquote><iframe class=\"wp-embedded-content\" sandbox=\"allow-scripts\" security=\"restricted\" style=\"position: absolute; visibility: hidden;\" title=\"&#8220;L&#8217;\u00e9cole maternelle COMILOG (Matcom)&#8221; &#8212; \u00c9cole Primaire MLF COMILOG\" src=\"https:\/\/ee.mlfmonde.org\/comilog\/lecole-maternelle-comilog\/embed\/#?secret=WSsjMXjAws#?secret=tLP6N4eMk4\" data-secret=\"tLP6N4eMk4\" width=\"600\" height=\"338\" frameborder=\"0\" marginwidth=\"0\" marginheight=\"0\" scrolling=\"no\"><\/iframe>\n<\/div><\/figure>\n\n\n\n<div class=\"wp-block-buttons is-layout-flex wp-block-buttons-is-layout-flex\"><\/div>\n<\/div><\/div>\n\n\n\n<p><\/p>\n\n\n\n<div class=\"wp-block-media-text is-image-fill has-electric-grass-gradient-background has-background\" style=\"grid-template-columns:36% auto\"><figure class=\"wp-block-media-text__media\" style=\"background-image:url(http:\/\/ee.mlfmonde.org\/comilog\/wp-content\/uploads\/sites\/28\/2025\/03\/Untitled-design-6-1024x512.png);background-position:50% 50%\"><a href=\"https:\/\/ee.mlfmonde.org\/comilog\/lecole-primaire-comilog\/\" target=\"_blank\" rel=\"noreferrer noopener\"><img loading=\"lazy\" decoding=\"async\" width=\"1024\" height=\"512\" src=\"http:\/\/ee.mlfmonde.org\/comilog\/wp-content\/uploads\/sites\/28\/2025\/03\/Untitled-design-6-1024x512.png\" alt=\"\" class=\"wp-image-941 size-full\" srcset=\"https:\/\/ee.mlfmonde.org\/comilog\/wp-content\/uploads\/sites\/28\/2025\/03\/Untitled-design-6-1024x512.png 1024w, https:\/\/ee.mlfmonde.org\/comilog\/wp-content\/uploads\/sites\/28\/2025\/03\/Untitled-design-6-300x150.png 300w, https:\/\/ee.mlfmonde.org\/comilog\/wp-content\/uploads\/sites\/28\/2025\/03\/Untitled-design-6-768x384.png 768w, https:\/\/ee.mlfmonde.org\/comilog\/wp-content\/uploads\/sites\/28\/2025\/03\/Untitled-design-6-1536x768.png 1536w, https:\/\/ee.mlfmonde.org\/comilog\/wp-content\/uploads\/sites\/28\/2025\/03\/Untitled-design-6-2048x1024.png 2048w, https:\/\/ee.mlfmonde.org\/comilog\/wp-content\/uploads\/sites\/28\/2025\/03\/Untitled-design-6-570x285.png 570w\" sizes=\"(max-width: 1024px) 100vw, 1024px\" \/><\/a><\/figure><div class=\"wp-block-media-text__content\">\n<div class=\"wp-block-group\"><div class=\"wp-block-group__inner-container is-layout-constrained wp-block-group-is-layout-constrained\">\n<figure class=\"wp-block-embed is-type-wp-embed is-provider-cole-primaire-mlf-comilog wp-block-embed-cole-primaire-mlf-comilog\"><div class=\"wp-block-embed__wrapper\">\n<blockquote class=\"wp-embedded-content\" data-secret=\"IDQnaNkdPx\"><a href=\"https:\/\/ee.mlfmonde.org\/comilog\/lecole-primaire-comilog\/\">L&#8217;\u00e9cole primaire MLF COMILOG<\/a><\/blockquote><iframe class=\"wp-embedded-content\" sandbox=\"allow-scripts\" security=\"restricted\" style=\"position: absolute; visibility: hidden;\" title=\"&#8220;L&#8217;\u00e9cole primaire MLF COMILOG&#8221; &#8212; \u00c9cole Primaire MLF COMILOG\" src=\"https:\/\/ee.mlfmonde.org\/comilog\/lecole-primaire-comilog\/embed\/#?secret=9dUVJdzQUA#?secret=IDQnaNkdPx\" data-secret=\"IDQnaNkdPx\" width=\"600\" height=\"338\" frameborder=\"0\" marginwidth=\"0\" marginheight=\"0\" scrolling=\"no\"><\/iframe>\n<\/div><\/figure>\n<\/div><\/div>\n\n\n\n<div class=\"wp-block-buttons is-content-justification-right is-layout-flex wp-container-core-buttons-is-layout-765c4724 wp-block-buttons-is-layout-flex\"><\/div>\n<\/div><\/div>\n\n\n\n<p><\/p>\n\n\n\n<p><\/p>\n","protected":false},"excerpt":{"rendered":"","protected":false},"author":166,"featured_media":0,"parent":0,"menu_order":0,"comment_status":"closed","ping_status":"closed","template":"","meta":{"_acf_changed":false,"footnotes":""},"class_list":["post-474","page","type-page","status-publish","czr-hentry"],"acf":[],"_links":{"self":[{"href":"https:\/\/ee.mlfmonde.org\/comilog\/wp-json\/wp\/v2\/pages\/474","targetHints":{"allow":["GET"]}}],"collection":[{"href":"https:\/\/ee.mlfmonde.org\/comilog\/wp-json\/wp\/v2\/pages"}],"about":[{"href":"https:\/\/ee.mlfmonde.org\/comilog\/wp-json\/wp\/v2\/types\/page"}],"author":[{"embeddable":true,"href":"https:\/\/ee.mlfmonde.org\/comilog\/wp-json\/wp\/v2\/users\/166"}],"replies":[{"embeddable":true,"href":"https:\/\/ee.mlfmonde.org\/comilog\/wp-json\/wp\/v2\/comments?post=474"}],"version-history":[{"count":85,"href":"https:\/\/ee.mlfmonde.org\/comilog\/wp-json\/wp\/v2\/pages\/474\/revisions"}],"predecessor-version":[{"id":4168,"href":"https:\/\/ee.mlfmonde.org\/comilog\/wp-json\/wp\/v2\/pages\/474\/revisions\/4168"}],"wp:attachment":[{"href":"https:\/\/ee.mlfmonde.org\/comilog\/wp-json\/wp\/v2\/media?parent=474"}],"curies":[{"name":"wp","href":"https:\/\/api.w.org\/{rel}","templated":true}]}}