{"id":4512,"date":"2026-04-20T09:36:01","date_gmt":"2026-04-20T09:36:01","guid":{"rendered":"https:\/\/ee.mlfmonde.org\/comilog\/?page_id=4512"},"modified":"2026-05-04T08:38:31","modified_gmt":"2026-05-04T08:38:31","slug":"chasse-aux-oeufs-des-gs","status":"publish","type":"page","link":"https:\/\/ee.mlfmonde.org\/comilog\/chasse-aux-oeufs-des-gs\/","title":{"rendered":"Chasse aux \u0153ufs des GS"},"content":{"rendered":"\t\t<div data-elementor-type=\"wp-page\" data-elementor-id=\"4512\" class=\"elementor elementor-4512\">\n\t\t\t\t<div class=\"elementor-element elementor-element-8d44d5e e-flex e-con-boxed e-con e-parent\" data-id=\"8d44d5e\" data-element_type=\"container\">\n\t\t\t\t\t<div class=\"e-con-inner\">\n\t\t<div class=\"elementor-element elementor-element-c2933d5 e-con-full e-flex e-con e-child\" data-id=\"c2933d5\" data-element_type=\"container\">\n\t\t\t\t<div class=\"elementor-element elementor-element-40db19f elementor-arrows-position-inside elementor-pagination-position-outside elementor-widget elementor-widget-image-carousel\" data-id=\"40db19f\" data-element_type=\"widget\" data-settings=\"{&quot;navigation&quot;:&quot;both&quot;,&quot;autoplay&quot;:&quot;yes&quot;,&quot;pause_on_hover&quot;:&quot;yes&quot;,&quot;pause_on_interaction&quot;:&quot;yes&quot;,&quot;autoplay_speed&quot;:5000,&quot;infinite&quot;:&quot;yes&quot;,&quot;speed&quot;:500}\" data-widget_type=\"image-carousel.default\">\n\t\t\t\t\t\t\t<div class=\"elementor-image-carousel-wrapper swiper\" role=\"region\" aria-roledescription=\"carousel\" aria-label=\"Image Carousel\" dir=\"ltr\">\n\t\t\t<div class=\"elementor-image-carousel swiper-wrapper\" aria-live=\"off\">\n\t\t\t\t\t\t\t\t<div class=\"swiper-slide\" role=\"group\" aria-roledescription=\"slide\" aria-label=\"1 of 3\"><figure class=\"swiper-slide-inner\"><img decoding=\"async\" class=\"swiper-slide-image\" src=\"https:\/\/ee.mlfmonde.org\/comilog\/wp-content\/uploads\/sites\/28\/2026\/04\/WhatsApp-Image-2026-04-16-at-11.58.52-3-1024x768.jpeg\" alt=\"WhatsApp Image 2026-04-16 at 11.58.52 (3)\" \/><\/figure><\/div><div class=\"swiper-slide\" role=\"group\" aria-roledescription=\"slide\" aria-label=\"2 of 3\"><figure class=\"swiper-slide-inner\"><img decoding=\"async\" class=\"swiper-slide-image\" src=\"https:\/\/ee.mlfmonde.org\/comilog\/wp-content\/uploads\/sites\/28\/2026\/04\/WhatsApp-Image-2026-04-16-at-11.58.53-3-1024x768.jpeg\" alt=\"WhatsApp Image 2026-04-16 at 11.58.53 (3)\" \/><\/figure><\/div><div class=\"swiper-slide\" role=\"group\" aria-roledescription=\"slide\" aria-label=\"3 of 3\"><figure class=\"swiper-slide-inner\"><img decoding=\"async\" class=\"swiper-slide-image\" src=\"https:\/\/ee.mlfmonde.org\/comilog\/wp-content\/uploads\/sites\/28\/2026\/04\/WhatsApp-Image-2026-04-16-at-11.58.53-1024x768.jpeg\" alt=\"WhatsApp Image 2026-04-16 at 11.58.53\" \/><\/figure><\/div>\t\t\t<\/div>\n\t\t\t\t\t\t\t\t\t\t\t\t<div class=\"elementor-swiper-button elementor-swiper-button-prev\" role=\"button\" tabindex=\"0\">\n\t\t\t\t\t\t<svg aria-hidden=\"true\" class=\"e-font-icon-svg e-eicon-chevron-left\" viewBox=\"0 0 1000 1000\" xmlns=\"http:\/\/www.w3.org\/2000\/svg\"><path d=\"M646 125C629 125 613 133 604 142L308 442C296 454 292 471 292 487 292 504 296 521 308 533L604 854C617 867 629 875 646 875 663 875 679 871 692 858 704 846 713 829 713 812 713 796 708 779 692 767L438 487 692 225C700 217 708 204 708 187 708 171 704 154 692 142 675 129 663 125 646 125Z\"><\/path><\/svg>\t\t\t\t\t<\/div>\n\t\t\t\t\t<div class=\"elementor-swiper-button elementor-swiper-button-next\" role=\"button\" tabindex=\"0\">\n\t\t\t\t\t\t<svg aria-hidden=\"true\" class=\"e-font-icon-svg e-eicon-chevron-right\" viewBox=\"0 0 1000 1000\" xmlns=\"http:\/\/www.w3.org\/2000\/svg\"><path d=\"M696 533C708 521 713 504 713 487 713 471 708 454 696 446L400 146C388 133 375 125 354 125 338 125 325 129 313 142 300 154 292 171 292 187 292 204 296 221 308 233L563 492 304 771C292 783 288 800 288 817 288 833 296 850 308 863 321 871 338 875 354 875 371 875 388 867 400 854L696 533Z\"><\/path><\/svg>\t\t\t\t\t<\/div>\n\t\t\t\t\n\t\t\t\t\t\t\t\t\t<div class=\"swiper-pagination\"><\/div>\n\t\t\t\t\t\t\t\t\t<\/div>\n\t\t\t\t\t\t<\/div>\n\t\t\t\t<\/div>\n\t\t<div class=\"elementor-element elementor-element-66efd89 e-con-full e-flex e-con e-child\" data-id=\"66efd89\" data-element_type=\"container\">\n\t\t\t\t<div class=\"elementor-element elementor-element-faadec6 elementor-widget elementor-widget-text-editor\" data-id=\"faadec6\" data-element_type=\"widget\" data-widget_type=\"text-editor.default\">\n\t\t\t\t\t\t\t\t\t<p>Jeudi 16 avril 2026, les \u00e9l\u00e8ves de Grande Section ont particip\u00e9 \u00e0 une chasse aux \u0153ufs organis\u00e9e dans l\u2019\u00e9cole. Chaque classe a suivi son propre parcours en cherchant des enveloppes de couleur contenant des indices sous forme d\u2019\u00e9nigmes pour trouver l\u2019\u00e9tape suivante<\/p>\t\t\t\t\t\t\t\t<\/div>\n\t\t\t\t<\/div>\n\t\t<div class=\"elementor-element elementor-element-b197a20 e-con-full e-flex e-con e-child\" data-id=\"b197a20\" data-element_type=\"container\">\n\t\t\t\t<div class=\"elementor-element elementor-element-036ae7e elementor-widget elementor-widget-text-editor\" data-id=\"036ae7e\" data-element_type=\"widget\" data-widget_type=\"text-editor.default\">\n\t\t\t\t\t\t\t\t\t<p>\u00a0Les enfants ont ainsi d\u00e9couvert ou red\u00e9couvert diff\u00e9rents lieux de l\u2019\u00e9cole tout en suivant un chemin organis\u00e9. \u00c0 certaines \u00e9tapes, des activit\u00e9s leur \u00e9taient propos\u00e9es : Au coin sport, les \u00e9l\u00e8ves ont r\u00e9alis\u00e9 un relais \u00e0 v\u00e9lo avec l\u2019intervenant sportif, en coop\u00e9rant pour transporter du mat\u00e9riel. \u00c0 la jardini\u00e8re, ils ont observ\u00e9 et dessin\u00e9 des \u00e9l\u00e9ments du jardin, en lien avec le vocabulaire qui sera travaill\u00e9 en p\u00e9riode 5.\u00a0<\/p>\t\t\t\t\t\t\t\t<\/div>\n\t\t\t\t<\/div>\n\t\t<div class=\"elementor-element elementor-element-b1a430e e-con-full e-flex e-con e-child\" data-id=\"b1a430e\" data-element_type=\"container\">\n\t\t\t\t<div class=\"elementor-element elementor-element-7445dd7 elementor-widget elementor-widget-image\" data-id=\"7445dd7\" data-element_type=\"widget\" data-widget_type=\"image.default\">\n\t\t\t\t\t\t\t\t\t\t\t\t\t\t\t<img fetchpriority=\"high\" decoding=\"async\" width=\"1024\" height=\"768\" src=\"https:\/\/ee.mlfmonde.org\/comilog\/wp-content\/uploads\/sites\/28\/2026\/04\/WhatsApp-Image-2026-04-16-at-11.58.53-2-1024x768.jpeg\" class=\"attachment-large size-large wp-image-4499\" alt=\"\" srcset=\"https:\/\/ee.mlfmonde.org\/comilog\/wp-content\/uploads\/sites\/28\/2026\/04\/WhatsApp-Image-2026-04-16-at-11.58.53-2-1024x768.jpeg 1024w, https:\/\/ee.mlfmonde.org\/comilog\/wp-content\/uploads\/sites\/28\/2026\/04\/WhatsApp-Image-2026-04-16-at-11.58.53-2-300x225.jpeg 300w, https:\/\/ee.mlfmonde.org\/comilog\/wp-content\/uploads\/sites\/28\/2026\/04\/WhatsApp-Image-2026-04-16-at-11.58.53-2-768x576.jpeg 768w, https:\/\/ee.mlfmonde.org\/comilog\/wp-content\/uploads\/sites\/28\/2026\/04\/WhatsApp-Image-2026-04-16-at-11.58.53-2-570x428.jpeg 570w, https:\/\/ee.mlfmonde.org\/comilog\/wp-content\/uploads\/sites\/28\/2026\/04\/WhatsApp-Image-2026-04-16-at-11.58.53-2.jpeg 1080w\" sizes=\"(max-width: 1024px) 100vw, 1024px\" \/>\t\t\t\t\t\t\t\t\t\t\t\t\t\t\t<\/div>\n\t\t\t\t<\/div>\n\t\t\t\t\t<\/div>\n\t\t\t\t<\/div>\n\t\t<div class=\"elementor-element elementor-element-ca174ca e-flex e-con-boxed e-con e-parent\" data-id=\"ca174ca\" data-element_type=\"container\">\n\t\t\t\t\t<div class=\"e-con-inner\">\n\t\t\t\t<div class=\"elementor-element elementor-element-2156dea elementor-widget elementor-widget-text-editor\" data-id=\"2156dea\" data-element_type=\"widget\" data-widget_type=\"text-editor.default\">\n\t\t\t\t\t\t\t\t\t<p>Tout au long du parcours, les enfants ont fait preuve d\u2019attention, d\u2019observation et d\u2019entraide. Ils se sont pleinement investis dans la recherche des indices et ont pris beaucoup de plaisir \u00e0 participer \u00e0 cette activit\u00e9. Et bien s\u00fbr\u2026 ils ont r\u00e9ussi leur mission : retrouver les \u0153ufs cach\u00e9s dans leur classe !&#8221;<\/p>\t\t\t\t\t\t\t\t<\/div>\n\t\t\t\t\t<\/div>\n\t\t\t\t<\/div>\n\t\t<div class=\"elementor-element elementor-element-df8f1ee e-flex e-con-boxed e-con e-parent\" data-id=\"df8f1ee\" data-element_type=\"container\">\n\t\t\t\t\t<div class=\"e-con-inner\">\n\t\t\t\t<div class=\"elementor-element elementor-element-447c899 gallery-spacing-custom elementor-widget elementor-widget-image-gallery\" data-id=\"447c899\" data-element_type=\"widget\" data-widget_type=\"image-gallery.default\">\n\t\t\t\t\t\t\t<div class=\"elementor-image-gallery\">\n\t\t\t<div id='gallery-1' class='czr-gallery row flex-row czr-gallery-style gallery galleryid-4512 gallery-columns-2 gallery-size-large'><figure class='gallery-item col col-auto'>\r\n                        <div class='gallery-icon landscape czr-gallery-icon'>\r\n                              <a data-lb-type=\"grouped-gallery\" href=https:\/\/ee.mlfmonde.org\/comilog\/wp-content\/uploads\/sites\/28\/2026\/04\/WhatsApp-Image-2026-04-17-at-07.34.11.jpeg class=\"bg-link\"><\/a><img decoding=\"async\" width=\"1024\" height=\"768\" src=\"https:\/\/ee.mlfmonde.org\/comilog\/wp-content\/uploads\/sites\/28\/2026\/04\/WhatsApp-Image-2026-04-17-at-07.34.11-1024x768.jpeg\" class=\"attachment-large size-large\" alt=\"\" sizes=\"(min-width: 1200px) 540px, (min-width: 992px) 450px, (min-width: 768px) 330px, (min-width: 576px) 240px, calc( 50vw - 30px )\" srcset=\"https:\/\/ee.mlfmonde.org\/comilog\/wp-content\/uploads\/sites\/28\/2026\/04\/WhatsApp-Image-2026-04-17-at-07.34.11-1024x768.jpeg 1024w, https:\/\/ee.mlfmonde.org\/comilog\/wp-content\/uploads\/sites\/28\/2026\/04\/WhatsApp-Image-2026-04-17-at-07.34.11-300x225.jpeg 300w, https:\/\/ee.mlfmonde.org\/comilog\/wp-content\/uploads\/sites\/28\/2026\/04\/WhatsApp-Image-2026-04-17-at-07.34.11-768x576.jpeg 768w, https:\/\/ee.mlfmonde.org\/comilog\/wp-content\/uploads\/sites\/28\/2026\/04\/WhatsApp-Image-2026-04-17-at-07.34.11-570x428.jpeg 570w, https:\/\/ee.mlfmonde.org\/comilog\/wp-content\/uploads\/sites\/28\/2026\/04\/WhatsApp-Image-2026-04-17-at-07.34.11.jpeg 1080w\" \/>\r\n                        <\/div><\/figure><figure class='gallery-item col col-auto'>\r\n                        <div class='gallery-icon landscape czr-gallery-icon'>\r\n                              <a data-lb-type=\"grouped-gallery\" href=https:\/\/ee.mlfmonde.org\/comilog\/wp-content\/uploads\/sites\/28\/2026\/04\/WhatsApp-Image-2026-04-16-at-11.58.52-2.jpeg class=\"bg-link\"><\/a><img decoding=\"async\" width=\"1024\" height=\"768\" src=\"https:\/\/ee.mlfmonde.org\/comilog\/wp-content\/uploads\/sites\/28\/2026\/04\/WhatsApp-Image-2026-04-16-at-11.58.52-2-1024x768.jpeg\" class=\"attachment-large size-large\" alt=\"\" sizes=\"(min-width: 1200px) 540px, (min-width: 992px) 450px, (min-width: 768px) 330px, (min-width: 576px) 240px, calc( 50vw - 30px )\" srcset=\"https:\/\/ee.mlfmonde.org\/comilog\/wp-content\/uploads\/sites\/28\/2026\/04\/WhatsApp-Image-2026-04-16-at-11.58.52-2-1024x768.jpeg 1024w, https:\/\/ee.mlfmonde.org\/comilog\/wp-content\/uploads\/sites\/28\/2026\/04\/WhatsApp-Image-2026-04-16-at-11.58.52-2-300x225.jpeg 300w, https:\/\/ee.mlfmonde.org\/comilog\/wp-content\/uploads\/sites\/28\/2026\/04\/WhatsApp-Image-2026-04-16-at-11.58.52-2-768x576.jpeg 768w, https:\/\/ee.mlfmonde.org\/comilog\/wp-content\/uploads\/sites\/28\/2026\/04\/WhatsApp-Image-2026-04-16-at-11.58.52-2-570x428.jpeg 570w, https:\/\/ee.mlfmonde.org\/comilog\/wp-content\/uploads\/sites\/28\/2026\/04\/WhatsApp-Image-2026-04-16-at-11.58.52-2.jpeg 1080w\" \/>\r\n                        <\/div><\/figure><figure class='gallery-item col col-auto'>\r\n                        <div class='gallery-icon landscape czr-gallery-icon'>\r\n                              <a data-lb-type=\"grouped-gallery\" href=https:\/\/ee.mlfmonde.org\/comilog\/wp-content\/uploads\/sites\/28\/2026\/04\/WhatsApp-Image-2026-04-16-at-11.58.52-1.jpeg class=\"bg-link\"><\/a><img loading=\"lazy\" decoding=\"async\" width=\"1024\" height=\"768\" src=\"https:\/\/ee.mlfmonde.org\/comilog\/wp-content\/uploads\/sites\/28\/2026\/04\/WhatsApp-Image-2026-04-16-at-11.58.52-1-1024x768.jpeg\" class=\"attachment-large size-large\" alt=\"\" sizes=\"(min-width: 1200px) 540px, (min-width: 992px) 450px, (min-width: 768px) 330px, (min-width: 576px) 240px, calc( 50vw - 30px )\" srcset=\"https:\/\/ee.mlfmonde.org\/comilog\/wp-content\/uploads\/sites\/28\/2026\/04\/WhatsApp-Image-2026-04-16-at-11.58.52-1-1024x768.jpeg 1024w, https:\/\/ee.mlfmonde.org\/comilog\/wp-content\/uploads\/sites\/28\/2026\/04\/WhatsApp-Image-2026-04-16-at-11.58.52-1-300x225.jpeg 300w, https:\/\/ee.mlfmonde.org\/comilog\/wp-content\/uploads\/sites\/28\/2026\/04\/WhatsApp-Image-2026-04-16-at-11.58.52-1-768x576.jpeg 768w, https:\/\/ee.mlfmonde.org\/comilog\/wp-content\/uploads\/sites\/28\/2026\/04\/WhatsApp-Image-2026-04-16-at-11.58.52-1-570x428.jpeg 570w, https:\/\/ee.mlfmonde.org\/comilog\/wp-content\/uploads\/sites\/28\/2026\/04\/WhatsApp-Image-2026-04-16-at-11.58.52-1.jpeg 1080w\" \/>\r\n                        <\/div><\/figure><figure class='gallery-item col col-auto'>\r\n                        <div class='gallery-icon landscape czr-gallery-icon'>\r\n                              <a data-lb-type=\"grouped-gallery\" href=https:\/\/ee.mlfmonde.org\/comilog\/wp-content\/uploads\/sites\/28\/2026\/04\/WhatsApp-Image-2026-04-16-at-11.58.52.jpeg class=\"bg-link\"><\/a><img loading=\"lazy\" decoding=\"async\" width=\"1024\" height=\"768\" src=\"https:\/\/ee.mlfmonde.org\/comilog\/wp-content\/uploads\/sites\/28\/2026\/04\/WhatsApp-Image-2026-04-16-at-11.58.52-1024x768.jpeg\" class=\"attachment-large size-large\" alt=\"\" sizes=\"(min-width: 1200px) 540px, (min-width: 992px) 450px, (min-width: 768px) 330px, (min-width: 576px) 240px, calc( 50vw - 30px )\" srcset=\"https:\/\/ee.mlfmonde.org\/comilog\/wp-content\/uploads\/sites\/28\/2026\/04\/WhatsApp-Image-2026-04-16-at-11.58.52-1024x768.jpeg 1024w, https:\/\/ee.mlfmonde.org\/comilog\/wp-content\/uploads\/sites\/28\/2026\/04\/WhatsApp-Image-2026-04-16-at-11.58.52-300x225.jpeg 300w, https:\/\/ee.mlfmonde.org\/comilog\/wp-content\/uploads\/sites\/28\/2026\/04\/WhatsApp-Image-2026-04-16-at-11.58.52-768x576.jpeg 768w, https:\/\/ee.mlfmonde.org\/comilog\/wp-content\/uploads\/sites\/28\/2026\/04\/WhatsApp-Image-2026-04-16-at-11.58.52-570x428.jpeg 570w, https:\/\/ee.mlfmonde.org\/comilog\/wp-content\/uploads\/sites\/28\/2026\/04\/WhatsApp-Image-2026-04-16-at-11.58.52.jpeg 1080w\" \/>\r\n                        <\/div><\/figure>\r\n                  <\/div>\n\t\t<\/div>\n\t\t\t\t\t\t<\/div>\n\t\t\t\t\t<\/div>\n\t\t\t\t<\/div>\n\t\t\t\t<\/div>\n\t\t","protected":false},"excerpt":{"rendered":"<p>Jeudi 16 avril 2026, les \u00e9l\u00e8ves de Grande Section ont particip\u00e9 \u00e0 une chasse aux \u0153ufs organis\u00e9e dans l\u2019\u00e9cole. Chaque classe a suivi son propre parcours en cherchant des enveloppes de couleur contenant des indices sous forme d\u2019\u00e9nigmes pour trouver l\u2019\u00e9tape suivante \u00a0Les enfants ont ainsi d\u00e9couvert ou red\u00e9couvert diff\u00e9rents lieux de l\u2019\u00e9cole tout en [&hellip;]<\/p>\n","protected":false},"author":166,"featured_media":0,"parent":0,"menu_order":0,"comment_status":"closed","ping_status":"closed","template":"","meta":{"_acf_changed":false,"footnotes":""},"class_list":["post-4512","page","type-page","status-publish","czr-hentry"],"acf":[],"_links":{"self":[{"href":"https:\/\/ee.mlfmonde.org\/comilog\/wp-json\/wp\/v2\/pages\/4512","targetHints":{"allow":["GET"]}}],"collection":[{"href":"https:\/\/ee.mlfmonde.org\/comilog\/wp-json\/wp\/v2\/pages"}],"about":[{"href":"https:\/\/ee.mlfmonde.org\/comilog\/wp-json\/wp\/v2\/types\/page"}],"author":[{"embeddable":true,"href":"https:\/\/ee.mlfmonde.org\/comilog\/wp-json\/wp\/v2\/users\/166"}],"replies":[{"embeddable":true,"href":"https:\/\/ee.mlfmonde.org\/comilog\/wp-json\/wp\/v2\/comments?post=4512"}],"version-history":[{"count":16,"href":"https:\/\/ee.mlfmonde.org\/comilog\/wp-json\/wp\/v2\/pages\/4512\/revisions"}],"predecessor-version":[{"id":4562,"href":"https:\/\/ee.mlfmonde.org\/comilog\/wp-json\/wp\/v2\/pages\/4512\/revisions\/4562"}],"wp:attachment":[{"href":"https:\/\/ee.mlfmonde.org\/comilog\/wp-json\/wp\/v2\/media?parent=4512"}],"curies":[{"name":"wp","href":"https:\/\/api.w.org\/{rel}","templated":true}]}}