{"id":4420,"date":"2026-04-14T13:34:59","date_gmt":"2026-04-14T13:34:59","guid":{"rendered":"https:\/\/ee.mlfmonde.org\/comilog\/?page_id=4420"},"modified":"2026-04-14T16:51:20","modified_gmt":"2026-04-14T16:51:20","slug":"competition-amicale-de-mathematiques-cm2-6eme-une-matinee-de-reflexion-et-de-partage","status":"publish","type":"page","link":"https:\/\/ee.mlfmonde.org\/comilog\/competition-amicale-de-mathematiques-cm2-6eme-une-matinee-de-reflexion-et-de-partage\/","title":{"rendered":"Comp\u00e9tition Amicale de Math\u00e9matiques CM2-6\u00e8me : Une matin\u00e9e de r\u00e9flexion et de partage !"},"content":{"rendered":"\t\t<div data-elementor-type=\"wp-page\" data-elementor-id=\"4420\" class=\"elementor elementor-4420\">\n\t\t\t\t<div class=\"elementor-element elementor-element-3a8ba51 e-con-full e-flex e-con e-parent\" data-id=\"3a8ba51\" data-element_type=\"container\" data-settings=\"{&quot;background_background&quot;:&quot;classic&quot;}\">\n\t\t<div class=\"elementor-element elementor-element-31eabdf4 e-con-full e-flex e-con e-child\" data-id=\"31eabdf4\" data-element_type=\"container\">\n\t\t\t\t<div class=\"elementor-element elementor-element-37790146 elementor-widget elementor-widget-text-editor\" data-id=\"37790146\" data-element_type=\"widget\" data-widget_type=\"text-editor.default\">\n\t\t\t\t\t\t\t\t\t<p>Le suspense a pris fin ce matin ! Apr\u00e8s des mois de pr\u00e9paration et d&#8217;entra\u00eenement intensif, les \u00e9l\u00e8ves de CM2 et de 6\u00e8me se sont retrouv\u00e9s pour la grande finale de leur d\u00e9fi math\u00e9matique. L\u2019affiche qui d\u00e9corait les murs de l\u2019\u00e9tablissement n\u2019avait pas menti : l\u2019\u00e9v\u00e9nement a \u00e9t\u00e9 \u00e0 la hauteur des attentes.<\/p><p>Depuis d\u00e9cembre, ce projet de <strong>liaison \u00c9cole-Coll\u00e8ge<\/strong> a permis de tisser des liens solides. Le dispositif \u00e9tait rod\u00e9 :<\/p><ul><li>La moiti\u00e9 de chaque classe de CM2 a \u00e9t\u00e9 accueillie au coll\u00e8ge.<\/li><li>L&#8217;autre moiti\u00e9 est rest\u00e9e \u00e0 l&#8217;\u00e9cole pour recevoir les \u00e9l\u00e8ves de 6\u00e8me.<\/li><\/ul>\t\t\t\t\t\t\t\t<\/div>\n\t\t\t\t<\/div>\n\t\t\t\t<div class=\"elementor-element elementor-element-2de4612 elementor-widget__width-initial elementor-widget-tablet__width-inherit elementor-widget elementor-widget-image\" data-id=\"2de4612\" data-element_type=\"widget\" data-widget_type=\"image.default\">\n\t\t\t\t\t\t\t\t\t\t\t\t\t\t\t<img fetchpriority=\"high\" decoding=\"async\" width=\"495\" height=\"624\" src=\"https:\/\/ee.mlfmonde.org\/comilog\/wp-content\/uploads\/sites\/28\/2026\/04\/Capture-decran-2026-04-14-105544-495x624.png\" class=\"attachment-tc-ws-thumb size-tc-ws-thumb wp-image-4419\" alt=\"\" \/>\t\t\t\t\t\t\t\t\t\t\t\t\t\t\t<\/div>\n\t\t\t\t<\/div>\n\t\t<div class=\"elementor-element elementor-element-5285c45b e-con-full e-flex e-con e-parent\" data-id=\"5285c45b\" data-element_type=\"container\" data-settings=\"{&quot;background_background&quot;:&quot;classic&quot;}\">\n\t\t<div class=\"elementor-element elementor-element-5b373dbc e-con-full e-flex e-con e-child\" data-id=\"5b373dbc\" data-element_type=\"container\">\n\t\t\t\t<div class=\"elementor-element elementor-element-66580fdc elementor-widget elementor-widget-text-editor\" data-id=\"66580fdc\" data-element_type=\"widget\" data-widget_type=\"text-editor.default\">\n\t\t\t\t\t\t\t\t\t<p>Dans chaque salle, l&#8217;image \u00e9tait la m\u00eame : des groupes mixtes, pench\u00e9s sur des probl\u00e8mes complexes, \u00e9changeant leurs m\u00e9thodes et leurs astuces pour trouver la solution.<\/p><p>Derri\u00e8re la r\u00e9ussite de cette matin\u00e9e se cache un travail de longue haleine. Chaque mois, les professeurs de math\u00e9matiques de sixi\u00e8me et les professeurs des \u00e9coles de CM2 se sont r\u00e9unis pour \u00e9laborer des sujets stimulants et organiser ces rencontres mensuelles. Ce matin, ils \u00e9taient tous mobilis\u00e9s pour encadrer cette comp\u00e9tition plac\u00e9e sous le signe de la coop\u00e9ration.<\/p>\t\t\t\t\t\t\t\t<\/div>\n\t\t\t\t<\/div>\n\t\t<div class=\"elementor-element elementor-element-2feed759 e-con-full e-flex e-con e-child\" data-id=\"2feed759\" data-element_type=\"container\">\n\t\t\t\t<div class=\"elementor-element elementor-element-42325972 elementor-widget elementor-widget-image\" data-id=\"42325972\" data-element_type=\"widget\" data-widget_type=\"image.default\">\n\t\t\t\t\t\t\t\t\t\t\t\t\t\t\t<img decoding=\"async\" width=\"1024\" height=\"768\" src=\"https:\/\/ee.mlfmonde.org\/comilog\/wp-content\/uploads\/sites\/28\/2026\/04\/WhatsApp-Image-2026-04-13-at-10.17.04-2-1024x768.jpeg\" class=\"attachment-large size-large wp-image-4413\" alt=\"\" srcset=\"https:\/\/ee.mlfmonde.org\/comilog\/wp-content\/uploads\/sites\/28\/2026\/04\/WhatsApp-Image-2026-04-13-at-10.17.04-2-1024x768.jpeg 1024w, https:\/\/ee.mlfmonde.org\/comilog\/wp-content\/uploads\/sites\/28\/2026\/04\/WhatsApp-Image-2026-04-13-at-10.17.04-2-300x225.jpeg 300w, https:\/\/ee.mlfmonde.org\/comilog\/wp-content\/uploads\/sites\/28\/2026\/04\/WhatsApp-Image-2026-04-13-at-10.17.04-2-768x576.jpeg 768w, https:\/\/ee.mlfmonde.org\/comilog\/wp-content\/uploads\/sites\/28\/2026\/04\/WhatsApp-Image-2026-04-13-at-10.17.04-2-570x428.jpeg 570w, https:\/\/ee.mlfmonde.org\/comilog\/wp-content\/uploads\/sites\/28\/2026\/04\/WhatsApp-Image-2026-04-13-at-10.17.04-2.jpeg 1080w\" sizes=\"(max-width: 1024px) 100vw, 1024px\" \/>\t\t\t\t\t\t\t\t\t\t\t\t\t\t\t<\/div>\n\t\t\t\t<\/div>\n\t\t\t\t<\/div>\n\t\t<div class=\"elementor-element elementor-element-12ceb98d e-con-full e-flex e-con e-parent\" data-id=\"12ceb98d\" data-element_type=\"container\" data-settings=\"{&quot;background_background&quot;:&quot;classic&quot;}\">\n\t\t<div class=\"elementor-element elementor-element-253e7043 e-con-full e-flex e-con e-child\" data-id=\"253e7043\" data-element_type=\"container\">\n\t\t\t\t<div class=\"elementor-element elementor-element-183d37fd elementor-widget elementor-widget-text-editor\" data-id=\"183d37fd\" data-element_type=\"widget\" data-widget_type=\"text-editor.default\">\n\t\t\t\t\t\t\t\t\t<p>Si la comp\u00e9tition \u00e9tait au rendez-vous, c\u2019est avant tout l\u2019esprit d&#8217;\u00e9quipe qui a prim\u00e9. Les \u00e9l\u00e8ves ont d\u00e9sormais les yeux tourn\u00e9s vers la suite :<\/p><ul><li><strong>Les 3 meilleurs groupes<\/strong> de ce matin seront officiellement r\u00e9compens\u00e9s d\u00e8s le retour des vacances d&#8217;avril.<\/li><li><strong>Chaque participant<\/strong> recevra \u00e9galement une r\u00e9compense pour souligner son investissement tout au long de l&#8217;ann\u00e9e.<\/li><\/ul><p>F\u00e9licitations \u00e0 tous nos jeunes math\u00e9maticiens pour leur enthousiasme et leur fair-play durant cette matin\u00e9e riche en neurones et en sourires !<\/p>\t\t\t\t\t\t\t\t<\/div>\n\t\t\t\t<\/div>\n\t\t<div class=\"elementor-element elementor-element-194bd53a e-con-full e-flex e-con e-child\" data-id=\"194bd53a\" data-element_type=\"container\">\n\t\t\t\t<div class=\"elementor-element elementor-element-2d3c870b elementor-widget elementor-widget-image\" data-id=\"2d3c870b\" data-element_type=\"widget\" data-widget_type=\"image.default\">\n\t\t\t\t\t\t\t\t\t\t\t\t\t\t\t<img decoding=\"async\" width=\"1024\" height=\"768\" src=\"https:\/\/ee.mlfmonde.org\/comilog\/wp-content\/uploads\/sites\/28\/2026\/04\/WhatsApp-Image-2026-04-13-at-10.17.03-1-1024x768.jpeg\" class=\"attachment-large size-large wp-image-4417\" alt=\"\" srcset=\"https:\/\/ee.mlfmonde.org\/comilog\/wp-content\/uploads\/sites\/28\/2026\/04\/WhatsApp-Image-2026-04-13-at-10.17.03-1-1024x768.jpeg 1024w, https:\/\/ee.mlfmonde.org\/comilog\/wp-content\/uploads\/sites\/28\/2026\/04\/WhatsApp-Image-2026-04-13-at-10.17.03-1-300x225.jpeg 300w, https:\/\/ee.mlfmonde.org\/comilog\/wp-content\/uploads\/sites\/28\/2026\/04\/WhatsApp-Image-2026-04-13-at-10.17.03-1-768x576.jpeg 768w, https:\/\/ee.mlfmonde.org\/comilog\/wp-content\/uploads\/sites\/28\/2026\/04\/WhatsApp-Image-2026-04-13-at-10.17.03-1-570x428.jpeg 570w, https:\/\/ee.mlfmonde.org\/comilog\/wp-content\/uploads\/sites\/28\/2026\/04\/WhatsApp-Image-2026-04-13-at-10.17.03-1.jpeg 1080w\" sizes=\"(max-width: 1024px) 100vw, 1024px\" \/>\t\t\t\t\t\t\t\t\t\t\t\t\t\t\t<\/div>\n\t\t\t\t<\/div>\n\t\t\t\t<\/div>\n\t\t<div class=\"elementor-element elementor-element-0076da4 e-flex e-con-boxed e-con e-parent\" data-id=\"0076da4\" data-element_type=\"container\">\n\t\t\t\t\t<div class=\"e-con-inner\">\n\t\t\t\t<div class=\"elementor-element elementor-element-621d5f6 elementor-widget-divider--view-line elementor-widget elementor-widget-divider\" data-id=\"621d5f6\" data-element_type=\"widget\" data-widget_type=\"divider.default\">\n\t\t\t\t\t\t\t<div class=\"elementor-divider\">\n\t\t\t<span class=\"elementor-divider-separator\">\n\t\t\t\t\t\t<\/span>\n\t\t<\/div>\n\t\t\t\t\t\t<\/div>\n\t\t\t\t\t<\/div>\n\t\t\t\t<\/div>\n\t\t<div class=\"elementor-element elementor-element-aea1776 e-flex e-con-boxed e-con e-parent\" data-id=\"aea1776\" data-element_type=\"container\">\n\t\t\t\t\t<div class=\"e-con-inner\">\n\t\t\t\t<div class=\"elementor-element elementor-element-a9d4a92 elementor-widget elementor-widget-image-gallery\" data-id=\"a9d4a92\" data-element_type=\"widget\" data-widget_type=\"image-gallery.default\">\n\t\t\t\t\t\t\t<div class=\"elementor-image-gallery\">\n\t\t\t<div id='gallery-1' class='czr-gallery row flex-row czr-gallery-style gallery galleryid-4420 gallery-columns-3 gallery-size-large'><figure class='gallery-item col col-auto'>\r\n                        <div class='gallery-icon landscape czr-gallery-icon'>\r\n                              <a data-lb-type=\"grouped-gallery\" href=https:\/\/ee.mlfmonde.org\/comilog\/wp-content\/uploads\/sites\/28\/2026\/04\/WhatsApp-Image-2026-04-13-at-10.17.03-2.jpeg class=\"bg-link\"><\/a><img loading=\"lazy\" decoding=\"async\" width=\"1024\" height=\"768\" src=\"https:\/\/ee.mlfmonde.org\/comilog\/wp-content\/uploads\/sites\/28\/2026\/04\/WhatsApp-Image-2026-04-13-at-10.17.03-2-1024x768.jpeg\" class=\"attachment-large size-large\" alt=\"\" sizes=\"(min-width: 1200px) 350px, (min-width: 992px) 290px, (min-width: 768px) 210px, (min-width: 576px) 150px, calc( 50vw - 30px )\" srcset=\"https:\/\/ee.mlfmonde.org\/comilog\/wp-content\/uploads\/sites\/28\/2026\/04\/WhatsApp-Image-2026-04-13-at-10.17.03-2-1024x768.jpeg 1024w, https:\/\/ee.mlfmonde.org\/comilog\/wp-content\/uploads\/sites\/28\/2026\/04\/WhatsApp-Image-2026-04-13-at-10.17.03-2-300x225.jpeg 300w, https:\/\/ee.mlfmonde.org\/comilog\/wp-content\/uploads\/sites\/28\/2026\/04\/WhatsApp-Image-2026-04-13-at-10.17.03-2-768x576.jpeg 768w, https:\/\/ee.mlfmonde.org\/comilog\/wp-content\/uploads\/sites\/28\/2026\/04\/WhatsApp-Image-2026-04-13-at-10.17.03-2-570x428.jpeg 570w, https:\/\/ee.mlfmonde.org\/comilog\/wp-content\/uploads\/sites\/28\/2026\/04\/WhatsApp-Image-2026-04-13-at-10.17.03-2.jpeg 1080w\" \/>\r\n                        <\/div><\/figure><figure class='gallery-item col col-auto'>\r\n                        <div class='gallery-icon landscape czr-gallery-icon'>\r\n                              <a data-lb-type=\"grouped-gallery\" href=https:\/\/ee.mlfmonde.org\/comilog\/wp-content\/uploads\/sites\/28\/2026\/04\/WhatsApp-Image-2026-04-13-at-10.17.04.jpeg class=\"bg-link\"><\/a><img loading=\"lazy\" decoding=\"async\" width=\"1024\" height=\"768\" src=\"https:\/\/ee.mlfmonde.org\/comilog\/wp-content\/uploads\/sites\/28\/2026\/04\/WhatsApp-Image-2026-04-13-at-10.17.04-1024x768.jpeg\" class=\"attachment-large size-large\" alt=\"\" sizes=\"(min-width: 1200px) 350px, (min-width: 992px) 290px, (min-width: 768px) 210px, (min-width: 576px) 150px, calc( 50vw - 30px )\" srcset=\"https:\/\/ee.mlfmonde.org\/comilog\/wp-content\/uploads\/sites\/28\/2026\/04\/WhatsApp-Image-2026-04-13-at-10.17.04-1024x768.jpeg 1024w, https:\/\/ee.mlfmonde.org\/comilog\/wp-content\/uploads\/sites\/28\/2026\/04\/WhatsApp-Image-2026-04-13-at-10.17.04-300x225.jpeg 300w, https:\/\/ee.mlfmonde.org\/comilog\/wp-content\/uploads\/sites\/28\/2026\/04\/WhatsApp-Image-2026-04-13-at-10.17.04-768x576.jpeg 768w, https:\/\/ee.mlfmonde.org\/comilog\/wp-content\/uploads\/sites\/28\/2026\/04\/WhatsApp-Image-2026-04-13-at-10.17.04-570x428.jpeg 570w, https:\/\/ee.mlfmonde.org\/comilog\/wp-content\/uploads\/sites\/28\/2026\/04\/WhatsApp-Image-2026-04-13-at-10.17.04.jpeg 1080w\" \/>\r\n                        <\/div><\/figure><figure class='gallery-item col col-auto'>\r\n                        <div class='gallery-icon landscape czr-gallery-icon'>\r\n                              <a data-lb-type=\"grouped-gallery\" href=https:\/\/ee.mlfmonde.org\/comilog\/wp-content\/uploads\/sites\/28\/2026\/04\/WhatsApp-Image-2026-04-13-at-10.17.04-1.jpeg class=\"bg-link\"><\/a><img loading=\"lazy\" decoding=\"async\" width=\"1024\" height=\"768\" src=\"https:\/\/ee.mlfmonde.org\/comilog\/wp-content\/uploads\/sites\/28\/2026\/04\/WhatsApp-Image-2026-04-13-at-10.17.04-1-1024x768.jpeg\" class=\"attachment-large size-large\" alt=\"\" sizes=\"(min-width: 1200px) 350px, (min-width: 992px) 290px, (min-width: 768px) 210px, (min-width: 576px) 150px, calc( 50vw - 30px )\" srcset=\"https:\/\/ee.mlfmonde.org\/comilog\/wp-content\/uploads\/sites\/28\/2026\/04\/WhatsApp-Image-2026-04-13-at-10.17.04-1-1024x768.jpeg 1024w, https:\/\/ee.mlfmonde.org\/comilog\/wp-content\/uploads\/sites\/28\/2026\/04\/WhatsApp-Image-2026-04-13-at-10.17.04-1-300x225.jpeg 300w, https:\/\/ee.mlfmonde.org\/comilog\/wp-content\/uploads\/sites\/28\/2026\/04\/WhatsApp-Image-2026-04-13-at-10.17.04-1-768x576.jpeg 768w, https:\/\/ee.mlfmonde.org\/comilog\/wp-content\/uploads\/sites\/28\/2026\/04\/WhatsApp-Image-2026-04-13-at-10.17.04-1-570x428.jpeg 570w, https:\/\/ee.mlfmonde.org\/comilog\/wp-content\/uploads\/sites\/28\/2026\/04\/WhatsApp-Image-2026-04-13-at-10.17.04-1.jpeg 1080w\" \/>\r\n                        <\/div><\/figure>\r\n                  <\/div>\n\t\t<\/div>\n\t\t\t\t\t\t<\/div>\n\t\t\t\t\t<\/div>\n\t\t\t\t<\/div>\n\t\t\t\t<\/div>\n\t\t","protected":false},"excerpt":{"rendered":"<p>Le suspense a pris fin ce matin ! Apr\u00e8s des mois de pr\u00e9paration et d&#8217;entra\u00eenement intensif, les \u00e9l\u00e8ves de CM2 et de 6\u00e8me se sont retrouv\u00e9s pour la grande finale de leur d\u00e9fi math\u00e9matique. L\u2019affiche qui d\u00e9corait les murs de l\u2019\u00e9tablissement n\u2019avait pas menti : l\u2019\u00e9v\u00e9nement a \u00e9t\u00e9 \u00e0 la hauteur des attentes. Depuis d\u00e9cembre, [&hellip;]<\/p>\n","protected":false},"author":166,"featured_media":0,"parent":0,"menu_order":0,"comment_status":"closed","ping_status":"closed","template":"","meta":{"_acf_changed":false,"footnotes":""},"class_list":["post-4420","page","type-page","status-publish","czr-hentry"],"acf":[],"_links":{"self":[{"href":"https:\/\/ee.mlfmonde.org\/comilog\/wp-json\/wp\/v2\/pages\/4420","targetHints":{"allow":["GET"]}}],"collection":[{"href":"https:\/\/ee.mlfmonde.org\/comilog\/wp-json\/wp\/v2\/pages"}],"about":[{"href":"https:\/\/ee.mlfmonde.org\/comilog\/wp-json\/wp\/v2\/types\/page"}],"author":[{"embeddable":true,"href":"https:\/\/ee.mlfmonde.org\/comilog\/wp-json\/wp\/v2\/users\/166"}],"replies":[{"embeddable":true,"href":"https:\/\/ee.mlfmonde.org\/comilog\/wp-json\/wp\/v2\/comments?post=4420"}],"version-history":[{"count":19,"href":"https:\/\/ee.mlfmonde.org\/comilog\/wp-json\/wp\/v2\/pages\/4420\/revisions"}],"predecessor-version":[{"id":4457,"href":"https:\/\/ee.mlfmonde.org\/comilog\/wp-json\/wp\/v2\/pages\/4420\/revisions\/4457"}],"wp:attachment":[{"href":"https:\/\/ee.mlfmonde.org\/comilog\/wp-json\/wp\/v2\/media?parent=4420"}],"curies":[{"name":"wp","href":"https:\/\/api.w.org\/{rel}","templated":true}]}}