{"id":411,"date":"2025-03-07T09:25:26","date_gmt":"2025-03-07T09:25:26","guid":{"rendered":"https:\/\/ee.mlfmonde.org\/comilog\/?page_id=411"},"modified":"2026-02-13T16:29:10","modified_gmt":"2026-02-13T16:29:10","slug":"pedagogie","status":"publish","type":"page","link":"https:\/\/ee.mlfmonde.org\/comilog\/pedagogie\/","title":{"rendered":"P\u00e9dagogie"},"content":{"rendered":"\n<div class=\"wp-block-columns is-layout-flex wp-container-core-columns-is-layout-9d6595d7 wp-block-columns-is-layout-flex\">\n<div class=\"wp-block-column is-layout-flow wp-block-column-is-layout-flow\" style=\"flex-basis:66.66%\">\n<figure class=\"wp-block-embed is-type-wp-embed is-provider-cole-primaire-mlf-comilog wp-block-embed-cole-primaire-mlf-comilog\"><div class=\"wp-block-embed__wrapper\">\n<blockquote class=\"wp-embedded-content\" data-secret=\"wkJVH0soZ9\"><a href=\"https:\/\/ee.mlfmonde.org\/comilog\/visite-pedagogique-du-cifodem-et-de-la-mlf\/\">Visite p\u00e9dagogique du CIFODEM et de la MLF<\/a><\/blockquote><iframe class=\"wp-embedded-content\" sandbox=\"allow-scripts\" security=\"restricted\" style=\"position: absolute; visibility: hidden;\" title=\"&#8220;Visite p\u00e9dagogique du CIFODEM et de la MLF&#8221; &#8212; \u00c9cole Primaire MLF COMILOG\" src=\"https:\/\/ee.mlfmonde.org\/comilog\/visite-pedagogique-du-cifodem-et-de-la-mlf\/embed\/#?secret=2mDtWxMWVg#?secret=wkJVH0soZ9\" data-secret=\"wkJVH0soZ9\" width=\"600\" height=\"338\" frameborder=\"0\" marginwidth=\"0\" marginheight=\"0\" scrolling=\"no\"><\/iframe>\n<\/div><\/figure>\n<\/div>\n\n\n\n<div class=\"wp-block-column is-layout-flow wp-block-column-is-layout-flow\" style=\"flex-basis:33.33%\"><\/div>\n<\/div>\n\n\n\n<div class=\"wp-block-columns is-layout-flex wp-container-core-columns-is-layout-9d6595d7 wp-block-columns-is-layout-flex\">\n<div class=\"wp-block-column is-layout-flow wp-block-column-is-layout-flow\">\n<figure class=\"wp-block-embed is-type-wp-embed is-provider-cole-primaire-mlf-comilog wp-block-embed-cole-primaire-mlf-comilog\"><div class=\"wp-block-embed__wrapper\">\n<blockquote class=\"wp-embedded-content\" data-secret=\"3o8GvwnUsL\"><a href=\"https:\/\/ee.mlfmonde.org\/comilog\/les-ce2b-disent-stop-au-harcelement\/\">Les CE2B disent STOP au harc\u00e8lement.<\/a><\/blockquote><iframe class=\"wp-embedded-content\" sandbox=\"allow-scripts\" security=\"restricted\" style=\"position: absolute; visibility: hidden;\" title=\"&#8220;Les CE2B disent STOP au harc\u00e8lement.&#8221; &#8212; \u00c9cole Primaire MLF COMILOG\" src=\"https:\/\/ee.mlfmonde.org\/comilog\/les-ce2b-disent-stop-au-harcelement\/embed\/#?secret=5b9tFqhFr8#?secret=3o8GvwnUsL\" data-secret=\"3o8GvwnUsL\" width=\"600\" height=\"338\" frameborder=\"0\" marginwidth=\"0\" marginheight=\"0\" scrolling=\"no\"><\/iframe>\n<\/div><\/figure>\n<\/div>\n\n\n\n<div class=\"wp-block-column is-layout-flow wp-block-column-is-layout-flow\">\n<figure class=\"wp-block-embed is-type-wp-embed is-provider-cole-primaire-mlf-comilog wp-block-embed-cole-primaire-mlf-comilog\"><div class=\"wp-block-embed__wrapper\">\n<blockquote class=\"wp-embedded-content\" data-secret=\"XwL8zCaU1l\"><a href=\"https:\/\/ee.mlfmonde.org\/comilog\/la-semaine-du-gout-des-psa\/\">La semaine du go\u00fbt des PSA<\/a><\/blockquote><iframe class=\"wp-embedded-content\" sandbox=\"allow-scripts\" security=\"restricted\" style=\"position: absolute; visibility: hidden;\" title=\"&#8220;La semaine du go\u00fbt des PSA&#8221; &#8212; \u00c9cole Primaire MLF COMILOG\" src=\"https:\/\/ee.mlfmonde.org\/comilog\/la-semaine-du-gout-des-psa\/embed\/#?secret=iYscq1EM0g#?secret=XwL8zCaU1l\" data-secret=\"XwL8zCaU1l\" width=\"600\" height=\"338\" frameborder=\"0\" marginwidth=\"0\" marginheight=\"0\" scrolling=\"no\"><\/iframe>\n<\/div><\/figure>\n<\/div>\n<\/div>\n\n\n\n<div class=\"wp-block-columns is-layout-flex wp-container-core-columns-is-layout-9d6595d7 wp-block-columns-is-layout-flex\">\n<div class=\"wp-block-column is-layout-flow wp-block-column-is-layout-flow\">\n<figure class=\"wp-block-embed is-type-wp-embed is-provider-cole-primaire-mlf-comilog wp-block-embed-cole-primaire-mlf-comilog\"><div class=\"wp-block-embed__wrapper\">\n<blockquote class=\"wp-embedded-content\" data-secret=\"BQ0DvD6Nl5\"><a href=\"https:\/\/ee.mlfmonde.org\/comilog\/latelier-theatre-a-lepc-avec-jean-michel-coulon\/\">L\u2019atelier th\u00e9\u00e2tre \u00e0 l\u2019EPC avec Jean-Michel Coulon<\/a><\/blockquote><iframe class=\"wp-embedded-content\" sandbox=\"allow-scripts\" security=\"restricted\" style=\"position: absolute; visibility: hidden;\" title=\"&#8220;L\u2019atelier th\u00e9\u00e2tre \u00e0 l\u2019EPC avec Jean-Michel Coulon&#8221; &#8212; \u00c9cole Primaire MLF COMILOG\" src=\"https:\/\/ee.mlfmonde.org\/comilog\/latelier-theatre-a-lepc-avec-jean-michel-coulon\/embed\/#?secret=3Emo37Jgkk#?secret=BQ0DvD6Nl5\" data-secret=\"BQ0DvD6Nl5\" width=\"600\" height=\"338\" frameborder=\"0\" marginwidth=\"0\" marginheight=\"0\" scrolling=\"no\"><\/iframe>\n<\/div><\/figure>\n<\/div>\n\n\n\n<div class=\"wp-block-column is-layout-flow wp-block-column-is-layout-flow\">\n<figure class=\"wp-block-embed is-type-wp-embed is-provider-cole-primaire-mlf-comilog wp-block-embed-cole-primaire-mlf-comilog\"><div class=\"wp-block-embed__wrapper\">\n<blockquote class=\"wp-embedded-content\" data-secret=\"fho9n50H5M\"><a href=\"https:\/\/ee.mlfmonde.org\/comilog\/%f0%9f%a5%97semaine-du-gout-sortie-au-buding\/\">\ud83e\udd57Semaine du go\u00fbt : Sortie au Buding<\/a><\/blockquote><iframe class=\"wp-embedded-content\" sandbox=\"allow-scripts\" security=\"restricted\" style=\"position: absolute; visibility: hidden;\" title=\"&#8220;\ud83e\udd57Semaine du go\u00fbt : Sortie au Buding&#8221; &#8212; \u00c9cole Primaire MLF COMILOG\" src=\"https:\/\/ee.mlfmonde.org\/comilog\/%f0%9f%a5%97semaine-du-gout-sortie-au-buding\/embed\/#?secret=FQw0j3JgOQ#?secret=fho9n50H5M\" data-secret=\"fho9n50H5M\" width=\"600\" height=\"338\" frameborder=\"0\" marginwidth=\"0\" marginheight=\"0\" scrolling=\"no\"><\/iframe>\n<\/div><\/figure>\n<\/div>\n\n\n\n<div class=\"wp-block-column is-layout-flow wp-block-column-is-layout-flow\">\n<figure class=\"wp-block-embed is-type-wp-embed is-provider-cole-primaire-mlf-comilog wp-block-embed-cole-primaire-mlf-comilog\"><div class=\"wp-block-embed__wrapper\">\n<blockquote class=\"wp-embedded-content\" data-secret=\"vUIKWDCKU5\"><a href=\"https:\/\/ee.mlfmonde.org\/comilog\/%f0%9f%a5%96-a-la-decouverte-de-la-boulangerie-une-sortie-pedagogique-savoureuse\/\">\ud83e\udd56 \u00c0 la d\u00e9couverte de la boulangerie : une sortie p\u00e9dagogique savoureuse !<\/a><\/blockquote><iframe class=\"wp-embedded-content\" sandbox=\"allow-scripts\" security=\"restricted\" style=\"position: absolute; visibility: hidden;\" title=\"&#8220;\ud83e\udd56 \u00c0 la d\u00e9couverte de la boulangerie : une sortie p\u00e9dagogique savoureuse !&#8221; &#8212; \u00c9cole Primaire MLF COMILOG\" src=\"https:\/\/ee.mlfmonde.org\/comilog\/%f0%9f%a5%96-a-la-decouverte-de-la-boulangerie-une-sortie-pedagogique-savoureuse\/embed\/#?secret=urYL5Oz1Ik#?secret=vUIKWDCKU5\" data-secret=\"vUIKWDCKU5\" width=\"600\" height=\"338\" frameborder=\"0\" marginwidth=\"0\" marginheight=\"0\" scrolling=\"no\"><\/iframe>\n<\/div><\/figure>\n<\/div>\n<\/div>\n\n\n\n<div class=\"wp-block-columns is-layout-flex wp-container-core-columns-is-layout-9d6595d7 wp-block-columns-is-layout-flex\">\n<div class=\"wp-block-column is-layout-flow wp-block-column-is-layout-flow\">\n<figure class=\"wp-block-embed is-type-wp-embed is-provider-cole-primaire-mlf-comilog wp-block-embed-cole-primaire-mlf-comilog\"><div class=\"wp-block-embed__wrapper\">\n<blockquote class=\"wp-embedded-content\" data-secret=\"zmHWuUX8JO\"><a href=\"https:\/\/ee.mlfmonde.org\/comilog\/initiation-au-jardinage-les-enfants-cultivent-leur-potager\/\">Initiation au Jardinage : les Enfants cultivent leur Potager.<\/a><\/blockquote><iframe class=\"wp-embedded-content\" sandbox=\"allow-scripts\" security=\"restricted\" style=\"position: absolute; visibility: hidden;\" title=\"&#8220;Initiation au Jardinage : les Enfants cultivent leur Potager.&#8221; &#8212; \u00c9cole Primaire MLF COMILOG\" src=\"https:\/\/ee.mlfmonde.org\/comilog\/initiation-au-jardinage-les-enfants-cultivent-leur-potager\/embed\/#?secret=o1rrSSxQWJ#?secret=zmHWuUX8JO\" data-secret=\"zmHWuUX8JO\" width=\"600\" height=\"338\" frameborder=\"0\" marginwidth=\"0\" marginheight=\"0\" scrolling=\"no\"><\/iframe>\n<\/div><\/figure>\n<\/div>\n\n\n\n<div class=\"wp-block-column is-layout-flow wp-block-column-is-layout-flow\">\n<figure class=\"wp-block-embed is-type-wp-embed is-provider-cole-primaire-mlf-comilog wp-block-embed-cole-primaire-mlf-comilog\"><div class=\"wp-block-embed__wrapper\">\n<blockquote class=\"wp-embedded-content\" data-secret=\"3cQORT3qls\"><a href=\"https:\/\/ee.mlfmonde.org\/comilog\/fabrication-de-papier-une-initiation-au-recyclage-et-a-la-creativite\/\">Fabrication de papier : une initiation au recyclage et \u00e0 la cr\u00e9ativit\u00e9<\/a><\/blockquote><iframe class=\"wp-embedded-content\" sandbox=\"allow-scripts\" security=\"restricted\" style=\"position: absolute; visibility: hidden;\" title=\"&#8220;Fabrication de papier : une initiation au recyclage et \u00e0 la cr\u00e9ativit\u00e9&#8221; &#8212; \u00c9cole Primaire MLF COMILOG\" src=\"https:\/\/ee.mlfmonde.org\/comilog\/fabrication-de-papier-une-initiation-au-recyclage-et-a-la-creativite\/embed\/#?secret=FjpDxsrGMm#?secret=3cQORT3qls\" data-secret=\"3cQORT3qls\" width=\"600\" height=\"338\" frameborder=\"0\" marginwidth=\"0\" marginheight=\"0\" scrolling=\"no\"><\/iframe>\n<\/div><\/figure>\n<\/div>\n\n\n\n<div class=\"wp-block-column is-layout-flow wp-block-column-is-layout-flow\">\n<figure class=\"wp-block-embed is-type-wp-embed is-provider-cole-primaire-mlf-comilog wp-block-embed-cole-primaire-mlf-comilog\"><div class=\"wp-block-embed__wrapper\">\n<blockquote class=\"wp-embedded-content\" data-secret=\"kZvniWKaGO\"><a href=\"https:\/\/ee.mlfmonde.org\/comilog\/la-grande-lessive\/\">La grande lessive &#8211; Mars 2025 : un projet artistique international.<\/a><\/blockquote><iframe class=\"wp-embedded-content\" sandbox=\"allow-scripts\" security=\"restricted\" style=\"position: absolute; visibility: hidden;\" title=\"&#8220;La grande lessive &#8211; Mars 2025 : un projet artistique international.&#8221; &#8212; \u00c9cole Primaire MLF COMILOG\" src=\"https:\/\/ee.mlfmonde.org\/comilog\/la-grande-lessive\/embed\/#?secret=xLvotpDGq1#?secret=kZvniWKaGO\" data-secret=\"kZvniWKaGO\" width=\"600\" height=\"338\" frameborder=\"0\" marginwidth=\"0\" marginheight=\"0\" scrolling=\"no\"><\/iframe>\n<\/div><\/figure>\n<\/div>\n<\/div>\n\n\n\n<div class=\"wp-block-columns is-layout-flex wp-container-core-columns-is-layout-9d6595d7 wp-block-columns-is-layout-flex\">\n<div class=\"wp-block-column is-layout-flow wp-block-column-is-layout-flow\">\n<figure class=\"wp-block-embed is-type-wp-embed is-provider-cole-primaire-mlf-comilog wp-block-embed-cole-primaire-mlf-comilog\"><div class=\"wp-block-embed__wrapper\">\n<blockquote class=\"wp-embedded-content\" data-secret=\"SiJ8Z7saYC\"><a href=\"https:\/\/ee.mlfmonde.org\/comilog\/activites-en-plein-air\/\">L&#8217;Education Physique et sportive (EPS).<\/a><\/blockquote><iframe class=\"wp-embedded-content\" sandbox=\"allow-scripts\" security=\"restricted\" style=\"position: absolute; visibility: hidden;\" title=\"&#8220;L&#8217;Education Physique et sportive (EPS).&#8221; &#8212; \u00c9cole Primaire MLF COMILOG\" src=\"https:\/\/ee.mlfmonde.org\/comilog\/activites-en-plein-air\/embed\/#?secret=c3eeNSMVM3#?secret=SiJ8Z7saYC\" data-secret=\"SiJ8Z7saYC\" width=\"600\" height=\"338\" frameborder=\"0\" marginwidth=\"0\" marginheight=\"0\" scrolling=\"no\"><\/iframe>\n<\/div><\/figure>\n<\/div>\n\n\n\n<div class=\"wp-block-column is-layout-flow wp-block-column-is-layout-flow\">\n<figure class=\"wp-block-embed is-type-wp-embed is-provider-cole-primaire-mlf-comilog wp-block-embed-cole-primaire-mlf-comilog\"><div class=\"wp-block-embed__wrapper\">\n<blockquote class=\"wp-embedded-content\" data-secret=\"vAYamhIzrp\"><a href=\"https:\/\/ee.mlfmonde.org\/comilog\/les-ateliers-de-lecture\/\">Le club lecture<\/a><\/blockquote><iframe class=\"wp-embedded-content\" sandbox=\"allow-scripts\" security=\"restricted\" style=\"position: absolute; visibility: hidden;\" title=\"&#8220;Le club lecture&#8221; &#8212; \u00c9cole Primaire MLF COMILOG\" src=\"https:\/\/ee.mlfmonde.org\/comilog\/les-ateliers-de-lecture\/embed\/#?secret=Y1OZY7FyIr#?secret=vAYamhIzrp\" data-secret=\"vAYamhIzrp\" width=\"600\" height=\"338\" frameborder=\"0\" marginwidth=\"0\" marginheight=\"0\" scrolling=\"no\"><\/iframe>\n<\/div><\/figure>\n<\/div>\n\n\n\n<div class=\"wp-block-column is-layout-flow wp-block-column-is-layout-flow\">\n<figure class=\"wp-block-embed is-type-wp-embed is-provider-cole-primaire-mlf-comilog wp-block-embed-cole-primaire-mlf-comilog\"><div class=\"wp-block-embed__wrapper\">\n<blockquote class=\"wp-embedded-content\" data-secret=\"8TXoydh4hz\"><a href=\"https:\/\/ee.mlfmonde.org\/comilog\/%f0%9f%8c%bf-favoriser-les-apprentissages-en-petits-groupes\/\">\ud83c\udf3f Favoriser les apprentissages en petits groupes.<\/a><\/blockquote><iframe class=\"wp-embedded-content\" sandbox=\"allow-scripts\" security=\"restricted\" style=\"position: absolute; visibility: hidden;\" title=\"&#8220;\ud83c\udf3f Favoriser les apprentissages en petits groupes.&#8221; &#8212; \u00c9cole Primaire MLF COMILOG\" src=\"https:\/\/ee.mlfmonde.org\/comilog\/%f0%9f%8c%bf-favoriser-les-apprentissages-en-petits-groupes\/embed\/#?secret=tVuT5TNPCb#?secret=8TXoydh4hz\" data-secret=\"8TXoydh4hz\" width=\"600\" height=\"338\" frameborder=\"0\" marginwidth=\"0\" marginheight=\"0\" scrolling=\"no\"><\/iframe>\n<\/div><\/figure>\n<\/div>\n<\/div>\n\n\n\n<div class=\"wp-block-columns is-layout-flex wp-container-core-columns-is-layout-9d6595d7 wp-block-columns-is-layout-flex\">\n<div class=\"wp-block-column is-layout-flow wp-block-column-is-layout-flow\">\n<figure class=\"wp-block-embed is-type-wp-embed is-provider-cole-primaire-mlf-comilog wp-block-embed-cole-primaire-mlf-comilog\"><div class=\"wp-block-embed__wrapper\">\n<blockquote class=\"wp-embedded-content\" data-secret=\"Ab9GXLjG47\"><a href=\"https:\/\/ee.mlfmonde.org\/comilog\/%f0%9f%92%bb-le-numerique-et-la-technologie-au-service-des-apprentissages\/\">\ud83d\udcbb Le num\u00e9rique et la technologie au service des apprentissages.<\/a><\/blockquote><iframe class=\"wp-embedded-content\" sandbox=\"allow-scripts\" security=\"restricted\" style=\"position: absolute; visibility: hidden;\" title=\"&#8220;\ud83d\udcbb Le num\u00e9rique et la technologie au service des apprentissages.&#8221; &#8212; \u00c9cole Primaire MLF COMILOG\" src=\"https:\/\/ee.mlfmonde.org\/comilog\/%f0%9f%92%bb-le-numerique-et-la-technologie-au-service-des-apprentissages\/embed\/#?secret=U6f1JY5ZUr#?secret=Ab9GXLjG47\" data-secret=\"Ab9GXLjG47\" width=\"600\" height=\"338\" frameborder=\"0\" marginwidth=\"0\" marginheight=\"0\" scrolling=\"no\"><\/iframe>\n<\/div><\/figure>\n<\/div>\n\n\n\n<div class=\"wp-block-column is-layout-flow wp-block-column-is-layout-flow\">\n<figure class=\"wp-block-embed is-type-wp-embed is-provider-cole-primaire-mlf-comilog wp-block-embed-cole-primaire-mlf-comilog\"><div class=\"wp-block-embed__wrapper\">\n<blockquote class=\"wp-embedded-content\" data-secret=\"k0AIw8Qbra\"><a href=\"https:\/\/ee.mlfmonde.org\/comilog\/%f0%9f%8f%89-initiation-au-rugby-a-lecole\/\">\ud83c\udfc9 Initiation au rugby \u00e0 l\u2019\u00e9cole<\/a><\/blockquote><iframe class=\"wp-embedded-content\" sandbox=\"allow-scripts\" security=\"restricted\" style=\"position: absolute; visibility: hidden;\" title=\"&#8220;\ud83c\udfc9 Initiation au rugby \u00e0 l\u2019\u00e9cole&#8221; &#8212; \u00c9cole Primaire MLF COMILOG\" src=\"https:\/\/ee.mlfmonde.org\/comilog\/%f0%9f%8f%89-initiation-au-rugby-a-lecole\/embed\/#?secret=8SBBgtVjZA#?secret=k0AIw8Qbra\" data-secret=\"k0AIw8Qbra\" width=\"600\" height=\"338\" frameborder=\"0\" marginwidth=\"0\" marginheight=\"0\" scrolling=\"no\"><\/iframe>\n<\/div><\/figure>\n<\/div>\n<\/div>\n\n\n\n<p><\/p>\n\n\n\n<div class=\"wp-block-columns is-layout-flex wp-container-core-columns-is-layout-9d6595d7 wp-block-columns-is-layout-flex\">\n<div class=\"wp-block-column is-layout-flow wp-block-column-is-layout-flow\">\n<figure class=\"wp-block-embed is-type-wp-embed is-provider-cole-primaire-mlf-comilog wp-block-embed-cole-primaire-mlf-comilog\"><div class=\"wp-block-embed__wrapper\">\n<blockquote class=\"wp-embedded-content\" data-secret=\"sMiEAkZDUb\"><a href=\"https:\/\/ee.mlfmonde.org\/comilog\/les-ce2-au-potager-une-belle-decouverte-du-jardinage\/\">Les CE2 au potager : une belle d\u00e9couverte du jardinage<\/a><\/blockquote><iframe class=\"wp-embedded-content\" sandbox=\"allow-scripts\" security=\"restricted\" style=\"position: absolute; visibility: hidden;\" title=\"&#8220;Les CE2 au potager : une belle d\u00e9couverte du jardinage&#8221; &#8212; \u00c9cole Primaire MLF COMILOG\" src=\"https:\/\/ee.mlfmonde.org\/comilog\/les-ce2-au-potager-une-belle-decouverte-du-jardinage\/embed\/#?secret=9Ef4YUAMTS#?secret=sMiEAkZDUb\" data-secret=\"sMiEAkZDUb\" width=\"600\" height=\"338\" frameborder=\"0\" marginwidth=\"0\" marginheight=\"0\" scrolling=\"no\"><\/iframe>\n<\/div><\/figure>\n<\/div>\n\n\n\n<div class=\"wp-block-column is-layout-flow wp-block-column-is-layout-flow\">\n<figure class=\"wp-block-embed is-type-wp-embed is-provider-cole-primaire-mlf-comilog wp-block-embed-cole-primaire-mlf-comilog\"><div class=\"wp-block-embed__wrapper\">\n<blockquote class=\"wp-embedded-content\" data-secret=\"T1FZme1UmY\"><a href=\"https:\/\/ee.mlfmonde.org\/comilog\/des-cm2-participent-a-la-ccn-coding\/\">Des CM2 participent \u00e0 la CCN Coding<\/a><\/blockquote><iframe class=\"wp-embedded-content\" sandbox=\"allow-scripts\" security=\"restricted\" style=\"position: absolute; visibility: hidden;\" title=\"&#8220;Des CM2 participent \u00e0 la CCN Coding&#8221; &#8212; \u00c9cole Primaire MLF COMILOG\" src=\"https:\/\/ee.mlfmonde.org\/comilog\/des-cm2-participent-a-la-ccn-coding\/embed\/#?secret=BZwSNADXMW#?secret=T1FZme1UmY\" data-secret=\"T1FZme1UmY\" width=\"600\" height=\"338\" frameborder=\"0\" marginwidth=\"0\" marginheight=\"0\" scrolling=\"no\"><\/iframe>\n<\/div><\/figure>\n<\/div>\n<\/div>\n\n\n\n<p><\/p>\n","protected":false},"excerpt":{"rendered":"","protected":false},"author":166,"featured_media":0,"parent":0,"menu_order":0,"comment_status":"closed","ping_status":"closed","template":"","meta":{"_acf_changed":false,"footnotes":""},"class_list":["post-411","page","type-page","status-publish","czr-hentry"],"acf":[],"_links":{"self":[{"href":"https:\/\/ee.mlfmonde.org\/comilog\/wp-json\/wp\/v2\/pages\/411","targetHints":{"allow":["GET"]}}],"collection":[{"href":"https:\/\/ee.mlfmonde.org\/comilog\/wp-json\/wp\/v2\/pages"}],"about":[{"href":"https:\/\/ee.mlfmonde.org\/comilog\/wp-json\/wp\/v2\/types\/page"}],"author":[{"embeddable":true,"href":"https:\/\/ee.mlfmonde.org\/comilog\/wp-json\/wp\/v2\/users\/166"}],"replies":[{"embeddable":true,"href":"https:\/\/ee.mlfmonde.org\/comilog\/wp-json\/wp\/v2\/comments?post=411"}],"version-history":[{"count":15,"href":"https:\/\/ee.mlfmonde.org\/comilog\/wp-json\/wp\/v2\/pages\/411\/revisions"}],"predecessor-version":[{"id":3557,"href":"https:\/\/ee.mlfmonde.org\/comilog\/wp-json\/wp\/v2\/pages\/411\/revisions\/3557"}],"wp:attachment":[{"href":"https:\/\/ee.mlfmonde.org\/comilog\/wp-json\/wp\/v2\/media?parent=411"}],"curies":[{"name":"wp","href":"https:\/\/api.w.org\/{rel}","templated":true}]}}