{"id":4083,"date":"2026-04-03T08:25:17","date_gmt":"2026-04-03T08:25:17","guid":{"rendered":"https:\/\/ee.mlfmonde.org\/comilog\/?page_id=4083"},"modified":"2026-04-07T15:10:39","modified_gmt":"2026-04-07T15:10:39","slug":"new-structure-of-school","status":"publish","type":"page","link":"https:\/\/ee.mlfmonde.org\/comilog\/new-structure-of-school\/","title":{"rendered":"Notre \u00e9tablissement.."},"content":{"rendered":"\t\t<div data-elementor-type=\"wp-page\" data-elementor-id=\"4083\" class=\"elementor elementor-4083\">\n\t\t\t\t<div class=\"elementor-element elementor-element-5fe2c1a e-flex e-con-boxed e-con e-parent\" data-id=\"5fe2c1a\" data-element_type=\"container\">\n\t\t\t\t\t<div class=\"e-con-inner\">\n\t\t<div class=\"elementor-element elementor-element-06fe0d0 e-flex e-con-boxed e-con e-child\" data-id=\"06fe0d0\" data-element_type=\"container\">\n\t\t\t\t\t<div class=\"e-con-inner\">\n\t\t\t\t<div class=\"elementor-element elementor-element-3fe938b animated-slow elementor-invisible elementor-widget elementor-widget-heading\" data-id=\"3fe938b\" data-element_type=\"widget\" data-settings=\"{&quot;_animation&quot;:&quot;fadeInLeft&quot;,&quot;_animation_delay&quot;:&quot;700&quot;}\" data-widget_type=\"heading.default\">\n\t\t\t\t\t<h2 class=\"elementor-heading-title elementor-size-default\">Le mot du Directeur..<\/h2>\t\t\t\t<\/div>\n\t\t\t\t<div class=\"elementor-element elementor-element-b55a0b0 animated-slow elementor-invisible elementor-widget elementor-widget-text-editor\" data-id=\"b55a0b0\" data-element_type=\"widget\" data-settings=\"{&quot;_animation&quot;:&quot;fadeInDown&quot;,&quot;_animation_delay&quot;:&quot;700&quot;}\" data-widget_type=\"text-editor.default\">\n\t\t\t\t\t\t\t\t\t<p>La soci\u00e9t\u00e9 ERAMET \u2013 COMILOG a confi\u00e9 la gestion de son \u00e9tablissement \u00e0 la Mission La\u00efque Fran\u00e7aise en 1974, \u00e0 ce titre, l\u2019\u00e9cole fait partie des \u00e9coles d\u2019entreprise du r\u00e9seau de l\u2019Enseignement Fran\u00e7ais \u00e0 l\u2019Etranger.<br \/>C\u2019est une \u00e9cole Fran\u00e7aise priv\u00e9e, partenaire AEFE, enti\u00e8rement homologu\u00e9e par le Minist\u00e8re de l\u2019\u00c9ducation Nationale Fran\u00e7aise de la PS au CM2\u2026<\/p>\t\t\t\t\t\t\t\t<\/div>\n\t\t\t\t<div class=\"elementor-element elementor-element-2fae017 elementor-mobile-align-center elementor-align-left animated-slow elementor-invisible elementor-widget elementor-widget-button\" data-id=\"2fae017\" data-element_type=\"widget\" data-settings=\"{&quot;_animation&quot;:&quot;fadeInDown&quot;,&quot;_animation_delay&quot;:&quot;1900&quot;}\" data-widget_type=\"button.default\">\n\t\t\t\t\t\t\t\t\t\t<a class=\"elementor-button elementor-button-link elementor-size-sm\" href=\"https:\/\/ee.mlfmonde.org\/comilog\/le-mot-du-directeur\/\" target=\"_blank\">\n\t\t\t\t\t\t<span class=\"elementor-button-content-wrapper\">\n\t\t\t\t\t\t\t\t\t<span class=\"elementor-button-text\">lire plus..<\/span>\n\t\t\t\t\t<\/span>\n\t\t\t\t\t<\/a>\n\t\t\t\t\t\t\t\t<\/div>\n\t\t\t\t\t<\/div>\n\t\t\t\t<\/div>\n\t\t<div class=\"elementor-element elementor-element-9bcf004 e-con-full e-flex e-con e-child\" data-id=\"9bcf004\" data-element_type=\"container\">\n\t\t\t\t<\/div>\n\t\t\t\t\t<\/div>\n\t\t\t\t<\/div>\n\t\t<div class=\"elementor-element elementor-element-eeef48b e-con-full e-flex e-con e-parent\" data-id=\"eeef48b\" data-element_type=\"container\" data-settings=\"{&quot;background_background&quot;:&quot;classic&quot;}\">\n\t\t<div class=\"elementor-element elementor-element-65c33e5 e-con-full e-flex e-con e-child\" data-id=\"65c33e5\" data-element_type=\"container\">\n\t\t\t\t<div class=\"elementor-element elementor-element-bd7970c animated-slow elementor-invisible elementor-widget elementor-widget-heading\" data-id=\"bd7970c\" data-element_type=\"widget\" data-settings=\"{&quot;_animation&quot;:&quot;fadeInLeft&quot;,&quot;_animation_delay&quot;:&quot;700&quot;}\" data-widget_type=\"heading.default\">\n\t\t\t\t\t<h2 class=\"elementor-heading-title elementor-size-default\">Notre \u00e9tablissement fait partie du r\u00e9seau des \u00e9coles de la MLF ( Mission La\u00efque Fran\u00e7aise)<\/h2>\t\t\t\t<\/div>\n\t\t\t\t<div class=\"elementor-element elementor-element-d2c9850 animated-slow elementor-invisible elementor-widget elementor-widget-text-editor\" data-id=\"d2c9850\" data-element_type=\"widget\" data-settings=\"{&quot;_animation&quot;:&quot;fadeInDown&quot;,&quot;_animation_delay&quot;:&quot;700&quot;}\" data-widget_type=\"text-editor.default\">\n\t\t\t\t\t\t\t\t\t<p>Le savoir-faire de l\u2019association a 120 ans : la Mlf agit dans des contextes nationaux divers, elle scolarise en majorit\u00e9 des enfants nationaux mais aussi des enfants fran\u00e7ais, notamment l\u00e0 o\u00f9 elle assure une mission de service public.<\/p>\t\t\t\t\t\t\t\t<\/div>\n\t\t\t\t<div class=\"elementor-element elementor-element-0859d6c elementor-mobile-align-center elementor-align-center animated-slow elementor-invisible elementor-widget elementor-widget-button\" data-id=\"0859d6c\" data-element_type=\"widget\" data-settings=\"{&quot;_animation&quot;:&quot;fadeInDown&quot;,&quot;_animation_delay&quot;:&quot;1900&quot;}\" data-widget_type=\"button.default\">\n\t\t\t\t\t\t\t\t\t\t<a class=\"elementor-button elementor-button-link elementor-size-sm\" href=\"https:\/\/www.mlfmonde.org\/\" target=\"_blank\">\n\t\t\t\t\t\t<span class=\"elementor-button-content-wrapper\">\n\t\t\t\t\t\t\t\t\t<span class=\"elementor-button-text\">lire plus..<\/span>\n\t\t\t\t\t<\/span>\n\t\t\t\t\t<\/a>\n\t\t\t\t\t\t\t\t<\/div>\n\t\t\t\t<\/div>\n\t\t<div class=\"elementor-element elementor-element-741de17 e-con-full e-flex e-con e-child\" data-id=\"741de17\" data-element_type=\"container\">\n\t\t\t\t<div class=\"elementor-element elementor-element-c3ff9ab animated-slow elementor-invisible elementor-widget elementor-widget-image\" data-id=\"c3ff9ab\" data-element_type=\"widget\" data-settings=\"{&quot;_animation&quot;:&quot;fadeInLeft&quot;,&quot;_animation_delay&quot;:&quot;400&quot;}\" data-widget_type=\"image.default\">\n\t\t\t\t\t\t\t\t\t\t\t\t\t\t\t<img fetchpriority=\"high\" decoding=\"async\" width=\"1024\" height=\"301\" src=\"https:\/\/ee.mlfmonde.org\/comilog\/wp-content\/uploads\/sites\/28\/2026\/03\/logo_mlf_new_2-2-1024x301.png\" class=\"attachment-large size-large wp-image-3769\" alt=\"\" srcset=\"https:\/\/ee.mlfmonde.org\/comilog\/wp-content\/uploads\/sites\/28\/2026\/03\/logo_mlf_new_2-2-1024x301.png 1024w, https:\/\/ee.mlfmonde.org\/comilog\/wp-content\/uploads\/sites\/28\/2026\/03\/logo_mlf_new_2-2-300x88.png 300w, https:\/\/ee.mlfmonde.org\/comilog\/wp-content\/uploads\/sites\/28\/2026\/03\/logo_mlf_new_2-2-768x226.png 768w, https:\/\/ee.mlfmonde.org\/comilog\/wp-content\/uploads\/sites\/28\/2026\/03\/logo_mlf_new_2-2-1536x451.png 1536w, https:\/\/ee.mlfmonde.org\/comilog\/wp-content\/uploads\/sites\/28\/2026\/03\/logo_mlf_new_2-2-2048x602.png 2048w, https:\/\/ee.mlfmonde.org\/comilog\/wp-content\/uploads\/sites\/28\/2026\/03\/logo_mlf_new_2-2-570x168.png 570w\" sizes=\"(max-width: 1024px) 100vw, 1024px\" \/>\t\t\t\t\t\t\t\t\t\t\t\t\t\t\t<\/div>\n\t\t\t\t<\/div>\n\t\t\t\t<\/div>\n\t\t<div class=\"elementor-element elementor-element-6a835915 e-con-full e-flex e-con e-parent\" data-id=\"6a835915\" data-element_type=\"container\" data-settings=\"{&quot;background_background&quot;:&quot;classic&quot;}\">\n\t\t<div class=\"elementor-element elementor-element-d59de9d e-con-full e-flex e-con e-child\" data-id=\"d59de9d\" data-element_type=\"container\">\n\t\t\t\t<div class=\"elementor-element elementor-element-73f7171f animated-slow elementor-invisible elementor-widget elementor-widget-heading\" data-id=\"73f7171f\" data-element_type=\"widget\" data-settings=\"{&quot;_animation&quot;:&quot;fadeInLeft&quot;,&quot;_animation_delay&quot;:&quot;500&quot;}\" data-widget_type=\"heading.default\">\n\t\t\t\t\t<h2 class=\"elementor-heading-title elementor-size-default\">\ud83d\udcda La BCD \u00e0 l\u2019EPC et la Marmoth\u00e8que \u00e0 la maternelle<\/h2>\t\t\t\t<\/div>\n\t\t\t\t<div class=\"elementor-element elementor-element-3ed75830 animated-slow elementor-invisible elementor-widget elementor-widget-text-editor\" data-id=\"3ed75830\" data-element_type=\"widget\" data-settings=\"{&quot;_animation&quot;:&quot;fadeInLeft&quot;,&quot;_animation_delay&quot;:&quot;200&quot;}\" data-widget_type=\"text-editor.default\">\n\t\t\t\t\t\t\t\t\t<p>La lecture est la priorit\u00e9 absolue. Depuis 3 ans, un choix de d\u00e9veloppement massif de cet axe d\u2019apprentissage est en cours. Mille nouveaux livres ont \u00e9t\u00e9 achet\u00e9s en 2023, deux mille nouveaux ouvrages en 2024. Deux mille autres arriveront en 2025<\/p>\t\t\t\t\t\t\t\t<\/div>\n\t\t\t\t<div class=\"elementor-element elementor-element-660aa7e elementor-mobile-align-center elementor-align-center animated-slow elementor-invisible elementor-widget elementor-widget-button\" data-id=\"660aa7e\" data-element_type=\"widget\" data-settings=\"{&quot;_animation&quot;:&quot;fadeInDown&quot;,&quot;_animation_delay&quot;:&quot;700&quot;}\" data-widget_type=\"button.default\">\n\t\t\t\t\t\t\t\t\t\t<a class=\"elementor-button elementor-button-link elementor-size-sm\" href=\"https:\/\/ee.mlfmonde.org\/comilog\/%f0%9f%93%9a-une-bibliotheque-pour-les-enfants-la-bcd-a-lepc-et-la-marmotheque-a-la-maternelle\/\" target=\"_blank\">\n\t\t\t\t\t\t<span class=\"elementor-button-content-wrapper\">\n\t\t\t\t\t\t\t\t\t<span class=\"elementor-button-text\">lire plus..<\/span>\n\t\t\t\t\t<\/span>\n\t\t\t\t\t<\/a>\n\t\t\t\t\t\t\t\t<\/div>\n\t\t\t\t<\/div>\n\t\t<div class=\"elementor-element elementor-element-148590f6 e-con-full e-flex e-con e-child\" data-id=\"148590f6\" data-element_type=\"container\">\n\t\t\t\t<div class=\"elementor-element elementor-element-d782683 animated-slow elementor-invisible elementor-widget elementor-widget-image\" data-id=\"d782683\" data-element_type=\"widget\" data-settings=\"{&quot;_animation&quot;:&quot;fadeInRight&quot;,&quot;_animation_delay&quot;:&quot;600&quot;}\" data-widget_type=\"image.default\">\n\t\t\t\t\t\t\t\t\t\t\t\t\t\t\t<img decoding=\"async\" width=\"1024\" height=\"683\" src=\"https:\/\/ee.mlfmonde.org\/comilog\/wp-content\/uploads\/sites\/28\/2025\/03\/IMG_4431-1024x683.jpg\" class=\"attachment-large size-large wp-image-762\" alt=\"\" srcset=\"https:\/\/ee.mlfmonde.org\/comilog\/wp-content\/uploads\/sites\/28\/2025\/03\/IMG_4431-1024x683.jpg 1024w, https:\/\/ee.mlfmonde.org\/comilog\/wp-content\/uploads\/sites\/28\/2025\/03\/IMG_4431-300x200.jpg 300w, https:\/\/ee.mlfmonde.org\/comilog\/wp-content\/uploads\/sites\/28\/2025\/03\/IMG_4431-768x512.jpg 768w, https:\/\/ee.mlfmonde.org\/comilog\/wp-content\/uploads\/sites\/28\/2025\/03\/IMG_4431-1536x1024.jpg 1536w, https:\/\/ee.mlfmonde.org\/comilog\/wp-content\/uploads\/sites\/28\/2025\/03\/IMG_4431-2048x1365.jpg 2048w, https:\/\/ee.mlfmonde.org\/comilog\/wp-content\/uploads\/sites\/28\/2025\/03\/IMG_4431-570x380.jpg 570w\" sizes=\"(max-width: 1024px) 100vw, 1024px\" \/>\t\t\t\t\t\t\t\t\t\t\t\t\t\t\t<\/div>\n\t\t\t\t<\/div>\n\t\t\t\t<\/div>\n\t\t<div class=\"elementor-element elementor-element-3e54034 animated-slow e-flex e-con-boxed elementor-invisible e-con e-parent\" data-id=\"3e54034\" data-element_type=\"container\" data-settings=\"{&quot;background_background&quot;:&quot;classic&quot;,&quot;animation&quot;:&quot;fadeInDown&quot;,&quot;animation_delay&quot;:&quot;400&quot;}\">\n\t\t\t\t\t<div class=\"e-con-inner\">\n\t\t\t\t<div class=\"elementor-element elementor-element-e5b837b elementor-widget elementor-widget-heading\" data-id=\"e5b837b\" data-element_type=\"widget\" data-widget_type=\"heading.default\">\n\t\t\t\t\t<h3 class=\"elementor-heading-title elementor-size-default\">L\u2019\u00c9cole maternelle cadres (Matcadres)<\/h3>\t\t\t\t<\/div>\n\t\t\t\t<div class=\"elementor-element elementor-element-a846060 elementor-widget elementor-widget-text-editor\" data-id=\"a846060\" data-element_type=\"widget\" data-widget_type=\"text-editor.default\">\n\t\t\t\t\t\t\t\t\t<p>Cet espace est d\u00e9di\u00e9 aux premiers apprentissages. \u00c0 travers des activit\u00e9s ludiques et p\u00e9dagogiques, les enfants d\u00e9veloppent leurs comp\u00e9tences motrices, sociales et cognitives<\/p>\t\t\t\t\t\t\t\t<\/div>\n\t\t\t\t<div class=\"elementor-element elementor-element-0737479 elementor-mobile-align-center elementor-align-center animated-slow elementor-invisible elementor-widget elementor-widget-button\" data-id=\"0737479\" data-element_type=\"widget\" data-settings=\"{&quot;_animation&quot;:&quot;fadeInDown&quot;,&quot;_animation_delay&quot;:&quot;700&quot;}\" data-widget_type=\"button.default\">\n\t\t\t\t\t\t\t\t\t\t<a class=\"elementor-button elementor-button-link elementor-size-sm\" href=\"https:\/\/ee.mlfmonde.org\/comilog\/visite-galerie-de-lecole\/\" target=\"_blank\">\n\t\t\t\t\t\t<span class=\"elementor-button-content-wrapper\">\n\t\t\t\t\t\t\t\t\t<span class=\"elementor-button-text\">lire plus..<\/span>\n\t\t\t\t\t<\/span>\n\t\t\t\t\t<\/a>\n\t\t\t\t\t\t\t\t<\/div>\n\t\t\t\t\t<\/div>\n\t\t\t\t<\/div>\n\t\t<div class=\"elementor-element elementor-element-00a3f40 animated-slow e-flex e-con-boxed elementor-invisible e-con e-parent\" data-id=\"00a3f40\" data-element_type=\"container\" data-settings=\"{&quot;background_background&quot;:&quot;classic&quot;,&quot;animation&quot;:&quot;fadeInDown&quot;,&quot;animation_delay&quot;:&quot;200&quot;}\">\n\t\t\t\t\t<div class=\"e-con-inner\">\n\t\t\t\t<div class=\"elementor-element elementor-element-dd27350 elementor-widget elementor-widget-heading\" data-id=\"dd27350\" data-element_type=\"widget\" data-widget_type=\"heading.default\">\n\t\t\t\t\t<h3 class=\"elementor-heading-title elementor-size-default\">L\u2019\u00e9cole maternelle COMILOG (Matcom)<\/h3>\t\t\t\t<\/div>\n\t\t\t\t<div class=\"elementor-element elementor-element-3897c5c elementor-widget elementor-widget-text-editor\" data-id=\"3897c5c\" data-element_type=\"widget\" data-widget_type=\"text-editor.default\">\n\t\t\t\t\t\t\t\t\t<p>L\u2019\u00c9cole maternelle COMILOG accompagne les enfants dans leurs premiers apprentissages,<\/p>\t\t\t\t\t\t\t\t<\/div>\n\t\t\t\t<div class=\"elementor-element elementor-element-25bc0f5 elementor-mobile-align-center elementor-align-center animated-slow elementor-invisible elementor-widget elementor-widget-button\" data-id=\"25bc0f5\" data-element_type=\"widget\" data-settings=\"{&quot;_animation&quot;:&quot;fadeInDown&quot;,&quot;_animation_delay&quot;:&quot;600&quot;}\" data-widget_type=\"button.default\">\n\t\t\t\t\t\t\t\t\t\t<a class=\"elementor-button elementor-button-link elementor-size-sm\" href=\"https:\/\/ee.mlfmonde.org\/comilog\/lecole-maternelle-comilog\/\" target=\"_blank\">\n\t\t\t\t\t\t<span class=\"elementor-button-content-wrapper\">\n\t\t\t\t\t\t\t\t\t<span class=\"elementor-button-text\">lire plus..<\/span>\n\t\t\t\t\t<\/span>\n\t\t\t\t\t<\/a>\n\t\t\t\t\t\t\t\t<\/div>\n\t\t\t\t\t<\/div>\n\t\t\t\t<\/div>\n\t\t<div class=\"elementor-element elementor-element-ad2fe05 animated-slow e-flex e-con-boxed elementor-invisible e-con e-parent\" data-id=\"ad2fe05\" data-element_type=\"container\" data-settings=\"{&quot;background_background&quot;:&quot;classic&quot;,&quot;animation&quot;:&quot;fadeInDown&quot;}\">\n\t\t\t\t\t<div class=\"e-con-inner\">\n\t\t\t\t<div class=\"elementor-element elementor-element-0fecf5f elementor-widget elementor-widget-heading\" data-id=\"0fecf5f\" data-element_type=\"widget\" data-widget_type=\"heading.default\">\n\t\t\t\t\t<h3 class=\"elementor-heading-title elementor-size-default\">L\u2019\u00e9cole primaire MLF COMILOG<\/h3>\t\t\t\t<\/div>\n\t\t\t\t<div class=\"elementor-element elementor-element-be91e8c elementor-widget elementor-widget-text-editor\" data-id=\"be91e8c\" data-element_type=\"widget\" data-widget_type=\"text-editor.default\">\n\t\t\t\t\t\t\t\t\t<p>L\u2019\u00c9cole Primaire accompagne les \u00e9l\u00e8ves dans une \u00e9tape cl\u00e9 dans leur parcours scolaire. C\u2019est ici que les enfants consolident leurs apprentissages fondamentaux<\/p>\t\t\t\t\t\t\t\t<\/div>\n\t\t\t\t<div class=\"elementor-element elementor-element-c6b91fc elementor-mobile-align-center elementor-align-center elementor-invisible elementor-widget elementor-widget-button\" data-id=\"c6b91fc\" data-element_type=\"widget\" data-settings=\"{&quot;_animation&quot;:&quot;fadeInDown&quot;,&quot;_animation_delay&quot;:&quot;500&quot;}\" data-widget_type=\"button.default\">\n\t\t\t\t\t\t\t\t\t\t<a class=\"elementor-button elementor-button-link elementor-size-sm\" href=\"https:\/\/ee.mlfmonde.org\/comilog\/lecole-primaire-comilog\/\" target=\"_blank\">\n\t\t\t\t\t\t<span class=\"elementor-button-content-wrapper\">\n\t\t\t\t\t\t\t\t\t<span class=\"elementor-button-text\">lire plus..<\/span>\n\t\t\t\t\t<\/span>\n\t\t\t\t\t<\/a>\n\t\t\t\t\t\t\t\t<\/div>\n\t\t\t\t\t<\/div>\n\t\t\t\t<\/div>\n\t\t\t\t<\/div>\n\t\t","protected":false},"excerpt":{"rendered":"<p>Le mot du Directeur.. La soci\u00e9t\u00e9 ERAMET \u2013 COMILOG a confi\u00e9 la gestion de son \u00e9tablissement \u00e0 la Mission La\u00efque Fran\u00e7aise en 1974, \u00e0 ce titre, l\u2019\u00e9cole fait partie des \u00e9coles d\u2019entreprise du r\u00e9seau de l\u2019Enseignement Fran\u00e7ais \u00e0 l\u2019Etranger.C\u2019est une \u00e9cole Fran\u00e7aise priv\u00e9e, partenaire AEFE, enti\u00e8rement homologu\u00e9e par le Minist\u00e8re de l\u2019\u00c9ducation Nationale Fran\u00e7aise de [&hellip;]<\/p>\n","protected":false},"author":166,"featured_media":0,"parent":0,"menu_order":0,"comment_status":"closed","ping_status":"closed","template":"","meta":{"_acf_changed":false,"footnotes":""},"class_list":["post-4083","page","type-page","status-publish","czr-hentry"],"acf":[],"_links":{"self":[{"href":"https:\/\/ee.mlfmonde.org\/comilog\/wp-json\/wp\/v2\/pages\/4083","targetHints":{"allow":["GET"]}}],"collection":[{"href":"https:\/\/ee.mlfmonde.org\/comilog\/wp-json\/wp\/v2\/pages"}],"about":[{"href":"https:\/\/ee.mlfmonde.org\/comilog\/wp-json\/wp\/v2\/types\/page"}],"author":[{"embeddable":true,"href":"https:\/\/ee.mlfmonde.org\/comilog\/wp-json\/wp\/v2\/users\/166"}],"replies":[{"embeddable":true,"href":"https:\/\/ee.mlfmonde.org\/comilog\/wp-json\/wp\/v2\/comments?post=4083"}],"version-history":[{"count":113,"href":"https:\/\/ee.mlfmonde.org\/comilog\/wp-json\/wp\/v2\/pages\/4083\/revisions"}],"predecessor-version":[{"id":4344,"href":"https:\/\/ee.mlfmonde.org\/comilog\/wp-json\/wp\/v2\/pages\/4083\/revisions\/4344"}],"wp:attachment":[{"href":"https:\/\/ee.mlfmonde.org\/comilog\/wp-json\/wp\/v2\/media?parent=4083"}],"curies":[{"name":"wp","href":"https:\/\/api.w.org\/{rel}","templated":true}]}}