{"id":3849,"date":"2026-04-02T16:28:38","date_gmt":"2026-04-02T16:28:38","guid":{"rendered":"https:\/\/ee.mlfmonde.org\/comilog\/?page_id=3849"},"modified":"2026-04-07T14:59:55","modified_gmt":"2026-04-07T14:59:55","slug":"la-vie-a-lecole-2","status":"publish","type":"page","link":"https:\/\/ee.mlfmonde.org\/comilog\/la-vie-a-lecole-2\/","title":{"rendered":"La vie \u00e0 l&#8217;\u00e9cole&#8230;"},"content":{"rendered":"\t\t<div data-elementor-type=\"wp-page\" data-elementor-id=\"3849\" class=\"elementor elementor-3849\">\n\t\t\t\t<div class=\"elementor-element elementor-element-57c9a1af e-flex e-con-boxed e-con e-parent\" data-id=\"57c9a1af\" data-element_type=\"container\">\n\t\t\t\t\t<div class=\"e-con-inner\">\n\t\t\t\t<div class=\"elementor-element elementor-element-1c2110dd animated-slow elementor-invisible elementor-widget elementor-widget-heading\" data-id=\"1c2110dd\" data-element_type=\"widget\" data-settings=\"{&quot;_animation&quot;:&quot;fadeInDown&quot;,&quot;_animation_delay&quot;:&quot;2000&quot;}\" data-widget_type=\"heading.default\">\n\t\t\t\t\t<h3 class=\"elementor-heading-title elementor-size-default\">La vie \u00e0 l\u2019\u00e9cole<\/h3>\t\t\t\t<\/div>\n\t\t\t\t<div class=\"elementor-element elementor-element-520974f8 animated-slow elementor-invisible elementor-widget elementor-widget-text-editor\" data-id=\"520974f8\" data-element_type=\"widget\" data-settings=\"{&quot;_animation&quot;:&quot;fadeInUp&quot;,&quot;_animation_delay&quot;:&quot;2500&quot;}\" data-widget_type=\"text-editor.default\">\n\t\t\t\t\t\t\t\t\t<p>La vie \u00e0 l\u2019\u00e9cole est anim\u00e9e par de nombreux projets p\u00e9dagogiques et activit\u00e9s \u00e9ducatives qui enrichissent le parcours des \u00e9l\u00e8ves.<br data-start=\"1686\" data-end=\"1689\" \/>Entre d\u00e9couvertes scientifiques, projets artistiques, ateliers de lecture, activit\u00e9s sportives et initiatives environnementales, chaque \u00e9l\u00e8ve a l\u2019opportunit\u00e9 d\u2019apprendre, de cr\u00e9er et de s\u2019\u00e9panouir dans un environnement stimulant et bienveillant.<\/p>\t\t\t\t\t\t\t\t<\/div>\n\t\t\t\t\t<\/div>\n\t\t\t\t<\/div>\n\t\t<div class=\"elementor-element elementor-element-7dc90be6 e-con-full animated-slow e-flex elementor-invisible e-con e-parent\" data-id=\"7dc90be6\" data-element_type=\"container\" data-settings=\"{&quot;background_background&quot;:&quot;gradient&quot;,&quot;animation&quot;:&quot;slideInRight&quot;,&quot;animation_delay&quot;:&quot;1600&quot;}\">\n\t\t<div class=\"elementor-element elementor-element-627e91d5 e-con-full e-flex e-con e-child\" data-id=\"627e91d5\" data-element_type=\"container\">\n\t\t\t\t<div class=\"elementor-element elementor-element-23aaba5e elementor-widget elementor-widget-heading\" data-id=\"23aaba5e\" data-element_type=\"widget\" data-widget_type=\"heading.default\">\n\t\t\t\t\t<h2 class=\"elementor-heading-title elementor-size-default\">D\u00e9couvrez la vie antique !<\/h2>\t\t\t\t<\/div>\n\t\t\t\t<div class=\"elementor-element elementor-element-931563e animated-slow elementor-invisible elementor-widget elementor-widget-text-editor\" data-id=\"931563e\" data-element_type=\"widget\" data-settings=\"{&quot;_animation&quot;:&quot;rotateInUpLeft&quot;,&quot;_animation_delay&quot;:&quot;2000&quot;}\" data-widget_type=\"text-editor.default\">\n\t\t\t\t\t\t\t\t\t<p>Dans le cadre d\u2019un projet p\u00e9dagogique, les \u00e9l\u00e8ves de CM1B se sont plong\u00e9s dans l\u2019univers fascinant de l\u2019Antiquit\u00e9.<\/p>\t\t\t\t\t\t\t\t<\/div>\n\t\t\t\t<div class=\"elementor-element elementor-element-e451d3d elementor-mobile-align-center elementor-align-center animated-slow elementor-invisible elementor-widget elementor-widget-button\" data-id=\"e451d3d\" data-element_type=\"widget\" data-settings=\"{&quot;_animation&quot;:&quot;fadeInDown&quot;,&quot;_animation_delay&quot;:&quot;1300&quot;}\" data-widget_type=\"button.default\">\n\t\t\t\t\t\t\t\t\t\t<a class=\"elementor-button elementor-button-link elementor-size-sm\" href=\"https:\/\/ee.mlfmonde.org\/comilog\/decouvrez-la-vie-antique\/\" target=\"_blank\">\n\t\t\t\t\t\t<span class=\"elementor-button-content-wrapper\">\n\t\t\t\t\t\t\t\t\t<span class=\"elementor-button-text\">lire plus..<\/span>\n\t\t\t\t\t<\/span>\n\t\t\t\t\t<\/a>\n\t\t\t\t\t\t\t\t<\/div>\n\t\t\t\t<\/div>\n\t\t<div class=\"elementor-element elementor-element-3430a1c2 e-con-full e-flex e-con e-child\" data-id=\"3430a1c2\" data-element_type=\"container\">\n\t\t\t\t<div class=\"elementor-element elementor-element-2d07d58c elementor-widget elementor-widget-image\" data-id=\"2d07d58c\" data-element_type=\"widget\" data-widget_type=\"image.default\">\n\t\t\t\t\t\t\t\t\t\t\t\t\t\t\t<img fetchpriority=\"high\" decoding=\"async\" width=\"1024\" height=\"768\" src=\"https:\/\/ee.mlfmonde.org\/comilog\/wp-content\/uploads\/sites\/28\/2025\/10\/IMG-20251014-WA0348-1024x768.jpg\" class=\"attachment-large size-large wp-image-3136\" alt=\"\" srcset=\"https:\/\/ee.mlfmonde.org\/comilog\/wp-content\/uploads\/sites\/28\/2025\/10\/IMG-20251014-WA0348-1024x768.jpg 1024w, https:\/\/ee.mlfmonde.org\/comilog\/wp-content\/uploads\/sites\/28\/2025\/10\/IMG-20251014-WA0348-300x225.jpg 300w, https:\/\/ee.mlfmonde.org\/comilog\/wp-content\/uploads\/sites\/28\/2025\/10\/IMG-20251014-WA0348-768x576.jpg 768w, https:\/\/ee.mlfmonde.org\/comilog\/wp-content\/uploads\/sites\/28\/2025\/10\/IMG-20251014-WA0348-1536x1152.jpg 1536w, https:\/\/ee.mlfmonde.org\/comilog\/wp-content\/uploads\/sites\/28\/2025\/10\/IMG-20251014-WA0348-2048x1536.jpg 2048w, https:\/\/ee.mlfmonde.org\/comilog\/wp-content\/uploads\/sites\/28\/2025\/10\/IMG-20251014-WA0348-570x428.jpg 570w\" sizes=\"(max-width: 1024px) 100vw, 1024px\" \/>\t\t\t\t\t\t\t\t\t\t\t\t\t\t\t<\/div>\n\t\t\t\t<\/div>\n\t\t\t\t<\/div>\n\t\t<div class=\"elementor-element elementor-element-4372d6b2 e-con-full e-flex e-con e-parent\" data-id=\"4372d6b2\" data-element_type=\"container\" data-settings=\"{&quot;background_background&quot;:&quot;classic&quot;}\">\n\t\t<div class=\"elementor-element elementor-element-74bca7f2 e-con-full e-flex e-con e-child\" data-id=\"74bca7f2\" data-element_type=\"container\">\n\t\t\t\t<div class=\"elementor-element elementor-element-52be789a elementor-widget elementor-widget-heading\" data-id=\"52be789a\" data-element_type=\"widget\" data-widget_type=\"heading.default\">\n\t\t\t\t\t<h2 class=\"elementor-heading-title elementor-size-default\"><h1 class=\"entry-title\" style=\"margin-top: 0px\">Une journ\u00e9e \u00e0 l\u2019\u00e9cole.<\/h1><\/h2>\t\t\t\t<\/div>\n\t\t\t\t<div class=\"elementor-element elementor-element-4eacf27 elementor-widget elementor-widget-text-editor\" data-id=\"4eacf27\" data-element_type=\"widget\" data-widget_type=\"text-editor.default\">\n\t\t\t\t\t\t\t\t\t<p><span style=\"color: #444444;font-family: Alice;font-size: 20px\">Chaque journ\u00e9e scolaire est pens\u00e9e pour favoriser le bien-\u00eatre des \u00e9l\u00e8ves et leur offrir un cadre propice \u00e0 l\u2019apprentissage, \u00e0 la curiosit\u00e9 et \u00e0 l\u2019\u00e9panouissement<\/span><\/p>\t\t\t\t\t\t\t\t<\/div>\n\t\t\t\t<div class=\"elementor-element elementor-element-55f753d elementor-mobile-align-center elementor-align-center animated-slow elementor-invisible elementor-widget elementor-widget-button\" data-id=\"55f753d\" data-element_type=\"widget\" data-settings=\"{&quot;_animation&quot;:&quot;fadeInDown&quot;,&quot;_animation_delay&quot;:&quot;1600&quot;}\" data-widget_type=\"button.default\">\n\t\t\t\t\t\t\t\t\t\t<a class=\"elementor-button elementor-button-link elementor-size-sm\" href=\"https:\/\/ee.mlfmonde.org\/comilog\/%f0%9f%8c%9f-une-journee-a-lecole\/\" target=\"_blank\">\n\t\t\t\t\t\t<span class=\"elementor-button-content-wrapper\">\n\t\t\t\t\t\t\t\t\t<span class=\"elementor-button-text\">lire plus..<\/span>\n\t\t\t\t\t<\/span>\n\t\t\t\t\t<\/a>\n\t\t\t\t\t\t\t\t<\/div>\n\t\t\t\t<\/div>\n\t\t<div class=\"elementor-element elementor-element-4f6f33 e-con-full e-flex e-con e-child\" data-id=\"4f6f33\" data-element_type=\"container\">\n\t\t\t\t<div class=\"elementor-element elementor-element-44ffe4fa animated-slow elementor-invisible elementor-widget elementor-widget-image\" data-id=\"44ffe4fa\" data-element_type=\"widget\" data-settings=\"{&quot;_animation&quot;:&quot;rollIn&quot;,&quot;_animation_delay&quot;:&quot;1200&quot;}\" data-widget_type=\"image.default\">\n\t\t\t\t\t\t\t\t\t\t\t\t\t\t\t<img decoding=\"async\" width=\"550\" height=\"492\" src=\"https:\/\/ee.mlfmonde.org\/comilog\/wp-content\/uploads\/sites\/28\/2025\/05\/1315183-Jeu_denfant.jpg\" class=\"attachment-medium_large size-medium_large wp-image-2700\" alt=\"\" srcset=\"https:\/\/ee.mlfmonde.org\/comilog\/wp-content\/uploads\/sites\/28\/2025\/05\/1315183-Jeu_denfant.jpg 550w, https:\/\/ee.mlfmonde.org\/comilog\/wp-content\/uploads\/sites\/28\/2025\/05\/1315183-Jeu_denfant-300x268.jpg 300w\" sizes=\"(max-width: 550px) 100vw, 550px\" \/>\t\t\t\t\t\t\t\t\t\t\t\t\t\t\t<\/div>\n\t\t\t\t<\/div>\n\t\t\t\t<\/div>\n\t\t<div class=\"elementor-element elementor-element-72f0d386 e-con-full e-flex e-con e-parent\" data-id=\"72f0d386\" data-element_type=\"container\" data-settings=\"{&quot;background_background&quot;:&quot;classic&quot;,&quot;animation&quot;:&quot;none&quot;}\">\n\t\t<div class=\"elementor-element elementor-element-67f28848 e-con-full e-flex e-con e-child\" data-id=\"67f28848\" data-element_type=\"container\">\n\t\t\t\t<div class=\"elementor-element elementor-element-494da18f elementor-widget elementor-widget-heading\" data-id=\"494da18f\" data-element_type=\"widget\" data-widget_type=\"heading.default\">\n\t\t\t\t\t<h2 class=\"elementor-heading-title elementor-size-default\">Les CM2 revisitent Jean de La Fontaine : un spectacle musical<\/h2>\t\t\t\t<\/div>\n\t\t\t\t<div class=\"elementor-element elementor-element-5879d2f1 elementor-widget elementor-widget-text-editor\" data-id=\"5879d2f1\" data-element_type=\"widget\" data-widget_type=\"text-editor.default\">\n\t\t\t\t\t\t\t\t\t<p>Les fables sont des supports pour enseigner la langue fran\u00e7aise avec \u00e9l\u00e9gance et finesse\u00a0: elles permettent non seulement de d\u00e9velopper la compr\u00e9hension de la langue et d\u2019enrichir le vocabulaire mais \u00e9galement de transmettre des le\u00e7ons de vie intemporelles.<\/p>\t\t\t\t\t\t\t\t<\/div>\n\t\t\t\t<div class=\"elementor-element elementor-element-a5ff966 elementor-mobile-align-center elementor-align-center animated-slow elementor-invisible elementor-widget elementor-widget-button\" data-id=\"a5ff966\" data-element_type=\"widget\" data-settings=\"{&quot;_animation&quot;:&quot;fadeInDown&quot;,&quot;_animation_delay&quot;:&quot;1300&quot;}\" data-widget_type=\"button.default\">\n\t\t\t\t\t\t\t\t\t\t<a class=\"elementor-button elementor-button-link elementor-size-sm\" href=\"https:\/\/ee.mlfmonde.org\/comilog\/%f0%9f%8e%b5-les-cm2-revisitent-jean-de-la-fontaine-un-spectacle-musical\/\" target=\"_blank\">\n\t\t\t\t\t\t<span class=\"elementor-button-content-wrapper\">\n\t\t\t\t\t\t\t\t\t<span class=\"elementor-button-text\">lire plus..<\/span>\n\t\t\t\t\t<\/span>\n\t\t\t\t\t<\/a>\n\t\t\t\t\t\t\t\t<\/div>\n\t\t\t\t<\/div>\n\t\t<div class=\"elementor-element elementor-element-1584b53 e-con-full e-flex e-con e-child\" data-id=\"1584b53\" data-element_type=\"container\">\n\t\t\t\t<div class=\"elementor-element elementor-element-3875ea2c e-transform elementor-widget elementor-widget-image\" data-id=\"3875ea2c\" data-element_type=\"widget\" data-settings=\"{&quot;_animation&quot;:&quot;none&quot;,&quot;_transform_skewX_effect&quot;:{&quot;unit&quot;:&quot;px&quot;,&quot;size&quot;:&quot;0&quot;,&quot;sizes&quot;:[]},&quot;_transform_skewX_effect_tablet&quot;:{&quot;unit&quot;:&quot;deg&quot;,&quot;size&quot;:&quot;&quot;,&quot;sizes&quot;:[]},&quot;_transform_skewX_effect_mobile&quot;:{&quot;unit&quot;:&quot;deg&quot;,&quot;size&quot;:&quot;&quot;,&quot;sizes&quot;:[]},&quot;_transform_skewY_effect&quot;:{&quot;unit&quot;:&quot;px&quot;,&quot;size&quot;:&quot;&quot;,&quot;sizes&quot;:[]},&quot;_transform_skewY_effect_tablet&quot;:{&quot;unit&quot;:&quot;deg&quot;,&quot;size&quot;:&quot;&quot;,&quot;sizes&quot;:[]},&quot;_transform_skewY_effect_mobile&quot;:{&quot;unit&quot;:&quot;deg&quot;,&quot;size&quot;:&quot;&quot;,&quot;sizes&quot;:[]}}\" data-widget_type=\"image.default\">\n\t\t\t\t\t\t\t\t\t\t\t\t\t\t\t<img decoding=\"async\" width=\"1024\" height=\"572\" src=\"https:\/\/ee.mlfmonde.org\/comilog\/wp-content\/uploads\/sites\/28\/2026\/03\/BE-La-Fontaine_MEA-1024x572.jpg\" class=\"attachment-large size-large wp-image-3884\" alt=\"\" srcset=\"https:\/\/ee.mlfmonde.org\/comilog\/wp-content\/uploads\/sites\/28\/2026\/03\/BE-La-Fontaine_MEA-1024x572.jpg 1024w, https:\/\/ee.mlfmonde.org\/comilog\/wp-content\/uploads\/sites\/28\/2026\/03\/BE-La-Fontaine_MEA-300x168.jpg 300w, https:\/\/ee.mlfmonde.org\/comilog\/wp-content\/uploads\/sites\/28\/2026\/03\/BE-La-Fontaine_MEA-768x429.jpg 768w, https:\/\/ee.mlfmonde.org\/comilog\/wp-content\/uploads\/sites\/28\/2026\/03\/BE-La-Fontaine_MEA-570x318.jpg 570w, https:\/\/ee.mlfmonde.org\/comilog\/wp-content\/uploads\/sites\/28\/2026\/03\/BE-La-Fontaine_MEA.jpg 1200w\" sizes=\"(max-width: 1024px) 100vw, 1024px\" \/>\t\t\t\t\t\t\t\t\t\t\t\t\t\t\t<\/div>\n\t\t\t\t<\/div>\n\t\t\t\t<\/div>\n\t\t<div class=\"elementor-element elementor-element-30a0c30 e-con-full animated-slow e-flex e-con e-parent\" data-id=\"30a0c30\" data-element_type=\"container\" data-settings=\"{&quot;background_background&quot;:&quot;classic&quot;,&quot;animation&quot;:&quot;none&quot;,&quot;animation_delay&quot;:&quot;1000&quot;}\">\n\t\t<div class=\"elementor-element elementor-element-69b0a8a e-con-full e-flex e-con e-child\" data-id=\"69b0a8a\" data-element_type=\"container\">\n\t\t\t\t<div class=\"elementor-element elementor-element-4aa5e7d elementor-widget elementor-widget-heading\" data-id=\"4aa5e7d\" data-element_type=\"widget\" data-widget_type=\"heading.default\">\n\t\t\t\t\t<h2 class=\"elementor-heading-title elementor-size-default\">Graines de citoyens<\/h2>\t\t\t\t<\/div>\n\t\t\t\t<div class=\"elementor-element elementor-element-ba73636 elementor-widget elementor-widget-text-editor\" data-id=\"ba73636\" data-element_type=\"widget\" data-widget_type=\"text-editor.default\">\n\t\t\t\t\t\t\t\t\t<p>Chaque ann\u00e9es la\u00a0<strong>voix des \u00e9l\u00e8ves compte<\/strong>\u00a0! Chaque ann\u00e9e, des\u00a0<strong>d\u00e9l\u00e9gu\u00e9s de classe<\/strong>\u00a0sont choisis par leurs camarades \u00e0 travers un\u00a0<strong>vote d\u00e9mocratique<\/strong>. Ce processus permet aux \u00e9l\u00e8ves de s\u2019impliquer activement dans la vie de l\u2019\u00e9cole et d\u2019exercer leur r\u00f4le de citoyens en herbe<\/p>\t\t\t\t\t\t\t\t<\/div>\n\t\t\t\t<div class=\"elementor-element elementor-element-510947b elementor-mobile-align-center elementor-align-center animated-slow elementor-invisible elementor-widget elementor-widget-button\" data-id=\"510947b\" data-element_type=\"widget\" data-settings=\"{&quot;_animation&quot;:&quot;fadeInDown&quot;,&quot;_animation_delay&quot;:&quot;1300&quot;}\" data-widget_type=\"button.default\">\n\t\t\t\t\t\t\t\t\t\t<a class=\"elementor-button elementor-button-link elementor-size-sm\" href=\"https:\/\/ee.mlfmonde.org\/comilog\/%f0%9f%97%b3%ef%b8%8f-graines-de-citoyens\/\" target=\"_blank\">\n\t\t\t\t\t\t<span class=\"elementor-button-content-wrapper\">\n\t\t\t\t\t\t\t\t\t<span class=\"elementor-button-text\">lire plus..<\/span>\n\t\t\t\t\t<\/span>\n\t\t\t\t\t<\/a>\n\t\t\t\t\t\t\t\t<\/div>\n\t\t\t\t<\/div>\n\t\t<div class=\"elementor-element elementor-element-d0f340c e-con-full e-flex e-con e-child\" data-id=\"d0f340c\" data-element_type=\"container\">\n\t\t\t\t<div class=\"elementor-element elementor-element-76d6445 elementor-widget__width-initial e-transform elementor-widget elementor-widget-image\" data-id=\"76d6445\" data-element_type=\"widget\" data-settings=\"{&quot;_animation&quot;:&quot;none&quot;,&quot;_transform_skewX_effect&quot;:{&quot;unit&quot;:&quot;px&quot;,&quot;size&quot;:&quot;0&quot;,&quot;sizes&quot;:[]},&quot;_transform_skewX_effect_tablet&quot;:{&quot;unit&quot;:&quot;deg&quot;,&quot;size&quot;:&quot;&quot;,&quot;sizes&quot;:[]},&quot;_transform_skewX_effect_mobile&quot;:{&quot;unit&quot;:&quot;deg&quot;,&quot;size&quot;:&quot;&quot;,&quot;sizes&quot;:[]},&quot;_transform_skewY_effect&quot;:{&quot;unit&quot;:&quot;px&quot;,&quot;size&quot;:&quot;&quot;,&quot;sizes&quot;:[]},&quot;_transform_skewY_effect_tablet&quot;:{&quot;unit&quot;:&quot;deg&quot;,&quot;size&quot;:&quot;&quot;,&quot;sizes&quot;:[]},&quot;_transform_skewY_effect_mobile&quot;:{&quot;unit&quot;:&quot;deg&quot;,&quot;size&quot;:&quot;&quot;,&quot;sizes&quot;:[]}}\" data-widget_type=\"image.default\">\n\t\t\t\t\t\t\t\t\t\t\t\t\t\t\t<img loading=\"lazy\" decoding=\"async\" width=\"768\" height=\"384\" src=\"https:\/\/ee.mlfmonde.org\/comilog\/wp-content\/uploads\/sites\/28\/2025\/04\/Opening-Soon-8-768x384.jpg\" class=\"attachment-medium_large size-medium_large wp-image-2054\" alt=\"\" srcset=\"https:\/\/ee.mlfmonde.org\/comilog\/wp-content\/uploads\/sites\/28\/2025\/04\/Opening-Soon-8-768x384.jpg 768w, https:\/\/ee.mlfmonde.org\/comilog\/wp-content\/uploads\/sites\/28\/2025\/04\/Opening-Soon-8-300x150.jpg 300w, https:\/\/ee.mlfmonde.org\/comilog\/wp-content\/uploads\/sites\/28\/2025\/04\/Opening-Soon-8-1024x512.jpg 1024w, https:\/\/ee.mlfmonde.org\/comilog\/wp-content\/uploads\/sites\/28\/2025\/04\/Opening-Soon-8-1536x768.jpg 1536w, https:\/\/ee.mlfmonde.org\/comilog\/wp-content\/uploads\/sites\/28\/2025\/04\/Opening-Soon-8-2048x1024.jpg 2048w, https:\/\/ee.mlfmonde.org\/comilog\/wp-content\/uploads\/sites\/28\/2025\/04\/Opening-Soon-8-570x285.jpg 570w\" sizes=\"(max-width: 768px) 100vw, 768px\" \/>\t\t\t\t\t\t\t\t\t\t\t\t\t\t\t<\/div>\n\t\t\t\t<\/div>\n\t\t\t\t<\/div>\n\t\t<div class=\"elementor-element elementor-element-da6ef09 e-con-full animated-slow e-flex e-con e-parent\" data-id=\"da6ef09\" data-element_type=\"container\" data-settings=\"{&quot;background_background&quot;:&quot;classic&quot;,&quot;animation&quot;:&quot;none&quot;,&quot;animation_delay&quot;:&quot;1000&quot;}\">\n\t\t<div class=\"elementor-element elementor-element-ad07f57 e-con-full e-flex e-con e-child\" data-id=\"ad07f57\" data-element_type=\"container\">\n\t\t\t\t<div class=\"elementor-element elementor-element-c0785fd elementor-widget elementor-widget-heading\" data-id=\"c0785fd\" data-element_type=\"widget\" data-widget_type=\"heading.default\">\n\t\t\t\t\t<h2 class=\"elementor-heading-title elementor-size-default\">Building connections<\/h2>\t\t\t\t<\/div>\n\t\t\t\t<div class=\"elementor-element elementor-element-1bbf461 elementor-widget elementor-widget-text-editor\" data-id=\"1bbf461\" data-element_type=\"widget\" data-widget_type=\"text-editor.default\">\n\t\t\t\t\t\t\t\t\t<p><span style=\"color: #444444;font-family: Alice;font-size: 20px\">A collaborative Christmas school visit of CM2B pupils to LHS<\/span><br style=\"color: #444444;font-family: Alice;font-size: 20px\" \/><span style=\"color: #444444;font-family: Alice;font-size: 20px\">Our primary school pupils visited LHS to celebrate a collaborative Christmas party with the class of 6th grade Artemis honouring the invite from Ms maita.<\/span><\/p>\t\t\t\t\t\t\t\t<\/div>\n\t\t\t\t<div class=\"elementor-element elementor-element-8bd2e68 elementor-mobile-align-center elementor-align-center animated-slow elementor-invisible elementor-widget elementor-widget-button\" data-id=\"8bd2e68\" data-element_type=\"widget\" data-settings=\"{&quot;_animation&quot;:&quot;fadeInDown&quot;,&quot;_animation_delay&quot;:&quot;1300&quot;}\" data-widget_type=\"button.default\">\n\t\t\t\t\t\t\t\t\t\t<a class=\"elementor-button elementor-button-link elementor-size-sm\" href=\"https:\/\/ee.mlfmonde.org\/comilog\/building-connections-cm2b-pupils-visit-lhs-for-a-christmas-celebration\/\" target=\"_blank\">\n\t\t\t\t\t\t<span class=\"elementor-button-content-wrapper\">\n\t\t\t\t\t\t\t\t\t<span class=\"elementor-button-text\">lire plus..<\/span>\n\t\t\t\t\t<\/span>\n\t\t\t\t\t<\/a>\n\t\t\t\t\t\t\t\t<\/div>\n\t\t\t\t<\/div>\n\t\t<div class=\"elementor-element elementor-element-2cdd548 e-con-full e-flex e-con e-child\" data-id=\"2cdd548\" data-element_type=\"container\">\n\t\t\t\t<div class=\"elementor-element elementor-element-ff6330c elementor-widget__width-initial e-transform elementor-widget elementor-widget-image\" data-id=\"ff6330c\" data-element_type=\"widget\" data-settings=\"{&quot;_animation&quot;:&quot;none&quot;,&quot;_transform_skewX_effect&quot;:{&quot;unit&quot;:&quot;px&quot;,&quot;size&quot;:&quot;0&quot;,&quot;sizes&quot;:[]},&quot;_transform_skewX_effect_tablet&quot;:{&quot;unit&quot;:&quot;deg&quot;,&quot;size&quot;:&quot;&quot;,&quot;sizes&quot;:[]},&quot;_transform_skewX_effect_mobile&quot;:{&quot;unit&quot;:&quot;deg&quot;,&quot;size&quot;:&quot;&quot;,&quot;sizes&quot;:[]},&quot;_transform_skewY_effect&quot;:{&quot;unit&quot;:&quot;px&quot;,&quot;size&quot;:&quot;&quot;,&quot;sizes&quot;:[]},&quot;_transform_skewY_effect_tablet&quot;:{&quot;unit&quot;:&quot;deg&quot;,&quot;size&quot;:&quot;&quot;,&quot;sizes&quot;:[]},&quot;_transform_skewY_effect_mobile&quot;:{&quot;unit&quot;:&quot;deg&quot;,&quot;size&quot;:&quot;&quot;,&quot;sizes&quot;:[]}}\" data-widget_type=\"image.default\">\n\t\t\t\t\t\t\t\t\t\t\t\t\t\t\t<img loading=\"lazy\" decoding=\"async\" width=\"768\" height=\"355\" src=\"https:\/\/ee.mlfmonde.org\/comilog\/wp-content\/uploads\/sites\/28\/2025\/12\/WhatsApp-Image-2025-12-18-at-10.41.41-768x355.jpeg\" class=\"attachment-medium_large size-medium_large wp-image-3443\" alt=\"\" srcset=\"https:\/\/ee.mlfmonde.org\/comilog\/wp-content\/uploads\/sites\/28\/2025\/12\/WhatsApp-Image-2025-12-18-at-10.41.41-768x355.jpeg 768w, https:\/\/ee.mlfmonde.org\/comilog\/wp-content\/uploads\/sites\/28\/2025\/12\/WhatsApp-Image-2025-12-18-at-10.41.41-300x139.jpeg 300w, https:\/\/ee.mlfmonde.org\/comilog\/wp-content\/uploads\/sites\/28\/2025\/12\/WhatsApp-Image-2025-12-18-at-10.41.41-1024x473.jpeg 1024w, https:\/\/ee.mlfmonde.org\/comilog\/wp-content\/uploads\/sites\/28\/2025\/12\/WhatsApp-Image-2025-12-18-at-10.41.41-1536x709.jpeg 1536w, https:\/\/ee.mlfmonde.org\/comilog\/wp-content\/uploads\/sites\/28\/2025\/12\/WhatsApp-Image-2025-12-18-at-10.41.41-570x263.jpeg 570w, https:\/\/ee.mlfmonde.org\/comilog\/wp-content\/uploads\/sites\/28\/2025\/12\/WhatsApp-Image-2025-12-18-at-10.41.41.jpeg 1600w\" sizes=\"(max-width: 768px) 100vw, 768px\" \/>\t\t\t\t\t\t\t\t\t\t\t\t\t\t\t<\/div>\n\t\t\t\t<\/div>\n\t\t\t\t<\/div>\n\t\t\t\t<\/div>\n\t\t","protected":false},"excerpt":{"rendered":"<p>La vie \u00e0 l\u2019\u00e9cole La vie \u00e0 l\u2019\u00e9cole est anim\u00e9e par de nombreux projets p\u00e9dagogiques et activit\u00e9s \u00e9ducatives qui enrichissent le parcours des \u00e9l\u00e8ves.Entre d\u00e9couvertes scientifiques, projets artistiques, ateliers de lecture, activit\u00e9s sportives et initiatives environnementales, chaque \u00e9l\u00e8ve a l\u2019opportunit\u00e9 d\u2019apprendre, de cr\u00e9er et de s\u2019\u00e9panouir dans un environnement stimulant et bienveillant. D\u00e9couvrez la vie [&hellip;]<\/p>\n","protected":false},"author":166,"featured_media":0,"parent":0,"menu_order":0,"comment_status":"closed","ping_status":"closed","template":"","meta":{"_acf_changed":false,"footnotes":""},"class_list":["post-3849","page","type-page","status-publish","czr-hentry"],"acf":[],"_links":{"self":[{"href":"https:\/\/ee.mlfmonde.org\/comilog\/wp-json\/wp\/v2\/pages\/3849","targetHints":{"allow":["GET"]}}],"collection":[{"href":"https:\/\/ee.mlfmonde.org\/comilog\/wp-json\/wp\/v2\/pages"}],"about":[{"href":"https:\/\/ee.mlfmonde.org\/comilog\/wp-json\/wp\/v2\/types\/page"}],"author":[{"embeddable":true,"href":"https:\/\/ee.mlfmonde.org\/comilog\/wp-json\/wp\/v2\/users\/166"}],"replies":[{"embeddable":true,"href":"https:\/\/ee.mlfmonde.org\/comilog\/wp-json\/wp\/v2\/comments?post=3849"}],"version-history":[{"count":115,"href":"https:\/\/ee.mlfmonde.org\/comilog\/wp-json\/wp\/v2\/pages\/3849\/revisions"}],"predecessor-version":[{"id":4335,"href":"https:\/\/ee.mlfmonde.org\/comilog\/wp-json\/wp\/v2\/pages\/3849\/revisions\/4335"}],"wp:attachment":[{"href":"https:\/\/ee.mlfmonde.org\/comilog\/wp-json\/wp\/v2\/media?parent=3849"}],"curies":[{"name":"wp","href":"https:\/\/api.w.org\/{rel}","templated":true}]}}