{"id":3538,"date":"2026-02-13T16:21:04","date_gmt":"2026-02-13T16:21:04","guid":{"rendered":"https:\/\/ee.mlfmonde.org\/comilog\/?page_id=3538"},"modified":"2026-02-23T14:55:21","modified_gmt":"2026-02-23T14:55:21","slug":"visite-pedagogique-du-cifodem-et-de-la-mlf","status":"publish","type":"page","link":"https:\/\/ee.mlfmonde.org\/comilog\/visite-pedagogique-du-cifodem-et-de-la-mlf\/","title":{"rendered":"Visite p\u00e9dagogique du CIFODEM et de la MLF"},"content":{"rendered":"\n<p class=\"has-medium-font-size\">L\u2019\u00e9cole a r\u00e9cemment accueilli <strong>Madame Christine Rouchon<\/strong>, enseignante-chercheuse aupr\u00e8s du <strong>CIFODEM<\/strong>, et <strong>Madame V\u00e9ronique Bouteille<\/strong>, responsable du d\u00e9veloppement professionnel \u00e0 la <strong>Mission La\u00efque Fran\u00e7aise (MLF)<\/strong>.<\/p>\n\n\n\n<p class=\"has-medium-font-size\"> <strong>Madame V\u00e9ronique Bouteille<\/strong> a accompagn\u00e9 les <strong>enseignants du cycle 3<\/strong> autour de la <strong>production d\u2019\u00e9crits<\/strong>, en mettant l\u2019accent sur les enjeux p\u00e9dagogiques, les attendus du cycle et les leviers permettant d\u2019am\u00e9liorer la qualit\u00e9 des productions \u00e9crites des \u00e9l\u00e8ves. Ce temps de travail a \u00e9galement permis des \u00e9changes riches sur l\u2019analyse des pratiques et le d\u00e9veloppement professionnel des enseignants.<\/p>\n\n\n\n<figure class=\"wp-block-image size-large\"><img fetchpriority=\"high\" decoding=\"async\" width=\"1024\" height=\"461\" src=\"https:\/\/ee.mlfmonde.org\/comilog\/wp-content\/uploads\/sites\/28\/2026\/02\/WhatsApp-Image-2026-01-26-at-16.25.44-1024x461.jpeg\" alt=\"\" class=\"wp-image-3542\" srcset=\"https:\/\/ee.mlfmonde.org\/comilog\/wp-content\/uploads\/sites\/28\/2026\/02\/WhatsApp-Image-2026-01-26-at-16.25.44-1024x461.jpeg 1024w, https:\/\/ee.mlfmonde.org\/comilog\/wp-content\/uploads\/sites\/28\/2026\/02\/WhatsApp-Image-2026-01-26-at-16.25.44-300x135.jpeg 300w, https:\/\/ee.mlfmonde.org\/comilog\/wp-content\/uploads\/sites\/28\/2026\/02\/WhatsApp-Image-2026-01-26-at-16.25.44-768x346.jpeg 768w, https:\/\/ee.mlfmonde.org\/comilog\/wp-content\/uploads\/sites\/28\/2026\/02\/WhatsApp-Image-2026-01-26-at-16.25.44-570x257.jpeg 570w, https:\/\/ee.mlfmonde.org\/comilog\/wp-content\/uploads\/sites\/28\/2026\/02\/WhatsApp-Image-2026-01-26-at-16.25.44.jpeg 1280w\" sizes=\"(max-width: 1024px) 100vw, 1024px\" \/><\/figure>\n\n\n\n<p class=\"has-medium-font-size\">Ces temps d\u2019\u00e9changes ont \u00e9t\u00e9 riches et constructifs, contribuant au renforcement des pratiques p\u00e9dagogiques et \u00e0 la dynamique de formation continue au sein de l\u2019\u00e9tablissement.<\/p>\n\n\n\n<figure class=\"wp-block-gallery has-nested-images columns-default is-cropped wp-block-gallery-1 is-layout-flex wp-block-gallery-is-layout-flex\">\n<figure class=\"wp-block-image size-large\"><img decoding=\"async\" width=\"1024\" height=\"768\" data-id=\"3545\" src=\"https:\/\/ee.mlfmonde.org\/comilog\/wp-content\/uploads\/sites\/28\/2026\/02\/WhatsApp-Image-2026-02-04-at-07.27.12-1024x768.jpeg\" alt=\"\" class=\"wp-image-3545\" srcset=\"https:\/\/ee.mlfmonde.org\/comilog\/wp-content\/uploads\/sites\/28\/2026\/02\/WhatsApp-Image-2026-02-04-at-07.27.12-1024x768.jpeg 1024w, https:\/\/ee.mlfmonde.org\/comilog\/wp-content\/uploads\/sites\/28\/2026\/02\/WhatsApp-Image-2026-02-04-at-07.27.12-300x225.jpeg 300w, https:\/\/ee.mlfmonde.org\/comilog\/wp-content\/uploads\/sites\/28\/2026\/02\/WhatsApp-Image-2026-02-04-at-07.27.12-768x576.jpeg 768w, https:\/\/ee.mlfmonde.org\/comilog\/wp-content\/uploads\/sites\/28\/2026\/02\/WhatsApp-Image-2026-02-04-at-07.27.12-570x428.jpeg 570w, https:\/\/ee.mlfmonde.org\/comilog\/wp-content\/uploads\/sites\/28\/2026\/02\/WhatsApp-Image-2026-02-04-at-07.27.12.jpeg 1080w\" sizes=\"(max-width: 1024px) 100vw, 1024px\" \/><\/figure>\n\n\n\n<figure class=\"wp-block-image size-large\"><img decoding=\"async\" width=\"768\" height=\"1024\" data-id=\"3546\" src=\"https:\/\/ee.mlfmonde.org\/comilog\/wp-content\/uploads\/sites\/28\/2026\/02\/WhatsApp-Image-2026-02-04-at-07.25.11-768x1024.jpeg\" alt=\"\" class=\"wp-image-3546\" srcset=\"https:\/\/ee.mlfmonde.org\/comilog\/wp-content\/uploads\/sites\/28\/2026\/02\/WhatsApp-Image-2026-02-04-at-07.25.11-768x1024.jpeg 768w, https:\/\/ee.mlfmonde.org\/comilog\/wp-content\/uploads\/sites\/28\/2026\/02\/WhatsApp-Image-2026-02-04-at-07.25.11-225x300.jpeg 225w, https:\/\/ee.mlfmonde.org\/comilog\/wp-content\/uploads\/sites\/28\/2026\/02\/WhatsApp-Image-2026-02-04-at-07.25.11-570x760.jpeg 570w, https:\/\/ee.mlfmonde.org\/comilog\/wp-content\/uploads\/sites\/28\/2026\/02\/WhatsApp-Image-2026-02-04-at-07.25.11.jpeg 810w\" sizes=\"(max-width: 768px) 100vw, 768px\" \/><\/figure>\n<\/figure>\n\n\n\n<p class=\"has-medium-font-size\">Parall\u00e8lement, <strong>Madame Christine Rouchon<\/strong> est intervenue aupr\u00e8s des <strong>\u00e9quipes et des \u00e9l\u00e8ves des cycles 1 et 2<\/strong>, en proposant un travail centr\u00e9 sur les pratiques de classe et les apprentissages fondamentaux. Ces \u00e9changes ont permis de valoriser des d\u00e9marches p\u00e9dagogiques adapt\u00e9es aux besoins des \u00e9l\u00e8ves et de favoriser une r\u00e9flexion commune autour des pratiques enseignantes<\/p>\n\n\n\n<p class=\"has-medium-font-size\">L\u2019\u00e9cole remercie chaleureusement les intervenantes pour la qualit\u00e9 de leur accompagnement et leur engagement aupr\u00e8s des \u00e9quipes p\u00e9dagogiques.<\/p>\n\n\n\n<p class=\"has-medium-font-size\"><\/p>\n\n\n\n<p><\/p>\n","protected":false},"excerpt":{"rendered":"<p>L\u2019\u00e9cole a r\u00e9cemment accueilli Madame Christine Rouchon, enseignante-chercheuse aupr\u00e8s du CIFODEM, et Madame V\u00e9ronique Bouteille, responsable du d\u00e9veloppement professionnel \u00e0 la Mission La\u00efque Fran\u00e7aise (MLF). Madame V\u00e9ronique Bouteille a accompagn\u00e9 les enseignants du cycle 3 autour de la production d\u2019\u00e9crits, en mettant l\u2019accent sur les enjeux p\u00e9dagogiques, les attendus du cycle et les leviers permettant [&hellip;]<\/p>\n","protected":false},"author":166,"featured_media":0,"parent":0,"menu_order":0,"comment_status":"closed","ping_status":"closed","template":"","meta":{"_acf_changed":false,"footnotes":""},"class_list":["post-3538","page","type-page","status-publish","czr-hentry"],"acf":[],"_links":{"self":[{"href":"https:\/\/ee.mlfmonde.org\/comilog\/wp-json\/wp\/v2\/pages\/3538","targetHints":{"allow":["GET"]}}],"collection":[{"href":"https:\/\/ee.mlfmonde.org\/comilog\/wp-json\/wp\/v2\/pages"}],"about":[{"href":"https:\/\/ee.mlfmonde.org\/comilog\/wp-json\/wp\/v2\/types\/page"}],"author":[{"embeddable":true,"href":"https:\/\/ee.mlfmonde.org\/comilog\/wp-json\/wp\/v2\/users\/166"}],"replies":[{"embeddable":true,"href":"https:\/\/ee.mlfmonde.org\/comilog\/wp-json\/wp\/v2\/comments?post=3538"}],"version-history":[{"count":3,"href":"https:\/\/ee.mlfmonde.org\/comilog\/wp-json\/wp\/v2\/pages\/3538\/revisions"}],"predecessor-version":[{"id":3554,"href":"https:\/\/ee.mlfmonde.org\/comilog\/wp-json\/wp\/v2\/pages\/3538\/revisions\/3554"}],"wp:attachment":[{"href":"https:\/\/ee.mlfmonde.org\/comilog\/wp-json\/wp\/v2\/media?parent=3538"}],"curies":[{"name":"wp","href":"https:\/\/api.w.org\/{rel}","templated":true}]}}