{"id":3515,"date":"2026-02-04T08:08:46","date_gmt":"2026-02-04T08:08:46","guid":{"rendered":"https:\/\/ee.mlfmonde.org\/comilog\/?page_id=3515"},"modified":"2026-02-04T08:08:48","modified_gmt":"2026-02-04T08:08:48","slug":"journee-des-couronnes-a-la-matcom","status":"publish","type":"page","link":"https:\/\/ee.mlfmonde.org\/comilog\/journee-des-couronnes-a-la-matcom\/","title":{"rendered":"Journ\u00e9e des couronnes \u00e0 la Matcom"},"content":{"rendered":"\n<p class=\"has-medium-font-size\">  La <strong>Journ\u00e9e des Couronnes<\/strong> est avant tout un <strong>d\u00e9fil\u00e9 de couronnes<\/strong>, con\u00e7u pour mettre en valeur les <strong>activit\u00e9s artistiques r\u00e9alis\u00e9es par les \u00e9l\u00e8ves<\/strong>. Cette c\u00e9l\u00e9bration symbolique marque \u00e9galement le <strong>d\u00e9but de la nouvelle ann\u00e9e scolaire<\/strong>, dans un esprit de cr\u00e9ativit\u00e9 et de partage.<\/p>\n\n\n\n<p class=\"has-medium-font-size\">\u00c0 cette occasion, <strong>chaque classe a r\u00e9alis\u00e9 sa propre activit\u00e9 artistique<\/strong>, autour de la confection de couronnes. Les \u00e9l\u00e8ves ont ainsi pu exprimer leur imagination \u00e0 travers le dessin, le d\u00e9coupage, le coloriage et l\u2019assemblage de diff\u00e9rents mat\u00e9riaux.<\/p>\n\n\n\n<figure class=\"wp-block-gallery has-nested-images columns-default is-cropped wp-block-gallery-1 is-layout-flex wp-block-gallery-is-layout-flex\">\n<figure class=\"wp-block-image size-large\"><img fetchpriority=\"high\" decoding=\"async\" width=\"1024\" height=\"768\" data-id=\"3519\" src=\"https:\/\/ee.mlfmonde.org\/comilog\/wp-content\/uploads\/sites\/28\/2026\/01\/WhatsApp-Image-2026-01-22-at-06.38.54-1024x768.jpeg\" alt=\"\" class=\"wp-image-3519\" srcset=\"https:\/\/ee.mlfmonde.org\/comilog\/wp-content\/uploads\/sites\/28\/2026\/01\/WhatsApp-Image-2026-01-22-at-06.38.54-1024x768.jpeg 1024w, https:\/\/ee.mlfmonde.org\/comilog\/wp-content\/uploads\/sites\/28\/2026\/01\/WhatsApp-Image-2026-01-22-at-06.38.54-300x225.jpeg 300w, https:\/\/ee.mlfmonde.org\/comilog\/wp-content\/uploads\/sites\/28\/2026\/01\/WhatsApp-Image-2026-01-22-at-06.38.54-768x576.jpeg 768w, https:\/\/ee.mlfmonde.org\/comilog\/wp-content\/uploads\/sites\/28\/2026\/01\/WhatsApp-Image-2026-01-22-at-06.38.54-570x428.jpeg 570w, https:\/\/ee.mlfmonde.org\/comilog\/wp-content\/uploads\/sites\/28\/2026\/01\/WhatsApp-Image-2026-01-22-at-06.38.54.jpeg 1080w\" sizes=\"(max-width: 1024px) 100vw, 1024px\" \/><\/figure>\n\n\n\n<figure class=\"wp-block-image size-large\"><img decoding=\"async\" width=\"1024\" height=\"768\" data-id=\"3518\" src=\"https:\/\/ee.mlfmonde.org\/comilog\/wp-content\/uploads\/sites\/28\/2026\/01\/WhatsApp-Image-2026-01-22-at-06.38.38-1-1024x768.jpeg\" alt=\"\" class=\"wp-image-3518\" srcset=\"https:\/\/ee.mlfmonde.org\/comilog\/wp-content\/uploads\/sites\/28\/2026\/01\/WhatsApp-Image-2026-01-22-at-06.38.38-1-1024x768.jpeg 1024w, https:\/\/ee.mlfmonde.org\/comilog\/wp-content\/uploads\/sites\/28\/2026\/01\/WhatsApp-Image-2026-01-22-at-06.38.38-1-300x225.jpeg 300w, https:\/\/ee.mlfmonde.org\/comilog\/wp-content\/uploads\/sites\/28\/2026\/01\/WhatsApp-Image-2026-01-22-at-06.38.38-1-768x576.jpeg 768w, https:\/\/ee.mlfmonde.org\/comilog\/wp-content\/uploads\/sites\/28\/2026\/01\/WhatsApp-Image-2026-01-22-at-06.38.38-1-570x428.jpeg 570w, https:\/\/ee.mlfmonde.org\/comilog\/wp-content\/uploads\/sites\/28\/2026\/01\/WhatsApp-Image-2026-01-22-at-06.38.38-1.jpeg 1080w\" sizes=\"(max-width: 1024px) 100vw, 1024px\" \/><\/figure>\n\n\n\n<figure class=\"wp-block-image size-large\"><img decoding=\"async\" width=\"1024\" height=\"768\" data-id=\"3517\" src=\"https:\/\/ee.mlfmonde.org\/comilog\/wp-content\/uploads\/sites\/28\/2026\/01\/WhatsApp-Image-2026-01-22-at-06.38.55-1024x768.jpeg\" alt=\"\" class=\"wp-image-3517\" srcset=\"https:\/\/ee.mlfmonde.org\/comilog\/wp-content\/uploads\/sites\/28\/2026\/01\/WhatsApp-Image-2026-01-22-at-06.38.55-1024x768.jpeg 1024w, https:\/\/ee.mlfmonde.org\/comilog\/wp-content\/uploads\/sites\/28\/2026\/01\/WhatsApp-Image-2026-01-22-at-06.38.55-300x225.jpeg 300w, https:\/\/ee.mlfmonde.org\/comilog\/wp-content\/uploads\/sites\/28\/2026\/01\/WhatsApp-Image-2026-01-22-at-06.38.55-768x576.jpeg 768w, https:\/\/ee.mlfmonde.org\/comilog\/wp-content\/uploads\/sites\/28\/2026\/01\/WhatsApp-Image-2026-01-22-at-06.38.55-570x428.jpeg 570w, https:\/\/ee.mlfmonde.org\/comilog\/wp-content\/uploads\/sites\/28\/2026\/01\/WhatsApp-Image-2026-01-22-at-06.38.55.jpeg 1080w\" sizes=\"(max-width: 1024px) 100vw, 1024px\" \/><\/figure>\n<\/figure>\n\n\n\n<p class=\"has-medium-font-size\">Le d\u00e9fil\u00e9 des couronnes a permis de valoriser le travail de chaque classe, tout en cr\u00e9ant un moment festif et f\u00e9d\u00e9rateur au sein de l\u2019\u00e9cole. Cette journ\u00e9e a aussi favoris\u00e9 l\u2019expression artistique, la coop\u00e9ration entre les \u00e9l\u00e8ves et la fiert\u00e9 de pr\u00e9senter leurs r\u00e9alisations.<\/p>\n\n\n\n<p class=\"has-medium-font-size\"><\/p>\n\n\n\n<div class=\"wp-block-media-text is-stacked-on-mobile\" style=\"grid-template-columns:60% auto\"><figure class=\"wp-block-media-text__media\"><video controls src=\"http:\/\/ee.mlfmonde.org\/comilog\/wp-content\/uploads\/sites\/28\/2026\/01\/WhatsApp-Video-2026-01-22-at-06.38.38-1.mp4\"><\/video><\/figure><div class=\"wp-block-media-text__content\">\n<p class=\"has-medium-font-size\">La Journ\u00e9e des Couronnes restera un <strong>temps fort de la vie scolaire<\/strong>, alliant tradition, cr\u00e9ativit\u00e9 et convivialit\u00e9.<\/p>\n<\/div><\/div>\n\n\n\n<p class=\"has-medium-font-size\"><\/p>\n","protected":false},"excerpt":{"rendered":"<p>La Journ\u00e9e des Couronnes est avant tout un d\u00e9fil\u00e9 de couronnes, con\u00e7u pour mettre en valeur les activit\u00e9s artistiques r\u00e9alis\u00e9es par les \u00e9l\u00e8ves. Cette c\u00e9l\u00e9bration symbolique marque \u00e9galement le d\u00e9but de la nouvelle ann\u00e9e scolaire, dans un esprit de cr\u00e9ativit\u00e9 et de partage. \u00c0 cette occasion, chaque classe a r\u00e9alis\u00e9 sa propre activit\u00e9 artistique, autour [&hellip;]<\/p>\n","protected":false},"author":166,"featured_media":0,"parent":0,"menu_order":0,"comment_status":"closed","ping_status":"closed","template":"","meta":{"_acf_changed":false,"footnotes":""},"class_list":["post-3515","page","type-page","status-publish","czr-hentry"],"acf":[],"_links":{"self":[{"href":"https:\/\/ee.mlfmonde.org\/comilog\/wp-json\/wp\/v2\/pages\/3515","targetHints":{"allow":["GET"]}}],"collection":[{"href":"https:\/\/ee.mlfmonde.org\/comilog\/wp-json\/wp\/v2\/pages"}],"about":[{"href":"https:\/\/ee.mlfmonde.org\/comilog\/wp-json\/wp\/v2\/types\/page"}],"author":[{"embeddable":true,"href":"https:\/\/ee.mlfmonde.org\/comilog\/wp-json\/wp\/v2\/users\/166"}],"replies":[{"embeddable":true,"href":"https:\/\/ee.mlfmonde.org\/comilog\/wp-json\/wp\/v2\/comments?post=3515"}],"version-history":[{"count":4,"href":"https:\/\/ee.mlfmonde.org\/comilog\/wp-json\/wp\/v2\/pages\/3515\/revisions"}],"predecessor-version":[{"id":3527,"href":"https:\/\/ee.mlfmonde.org\/comilog\/wp-json\/wp\/v2\/pages\/3515\/revisions\/3527"}],"wp:attachment":[{"href":"https:\/\/ee.mlfmonde.org\/comilog\/wp-json\/wp\/v2\/media?parent=3515"}],"curies":[{"name":"wp","href":"https:\/\/api.w.org\/{rel}","templated":true}]}}