{"id":3482,"date":"2026-02-07T08:45:31","date_gmt":"2026-02-07T08:45:31","guid":{"rendered":"https:\/\/ee.mlfmonde.org\/comilog\/?page_id=3482"},"modified":"2026-02-07T08:45:33","modified_gmt":"2026-02-07T08:45:33","slug":"latelier-theatre-a-lepc-avec-jean-michel-coulon","status":"publish","type":"page","link":"https:\/\/ee.mlfmonde.org\/comilog\/latelier-theatre-a-lepc-avec-jean-michel-coulon\/","title":{"rendered":"L\u2019atelier th\u00e9\u00e2tre \u00e0 l\u2019EPC avec Jean-Michel Coulon"},"content":{"rendered":"\n<p class=\"has-medium-font-size\">Dans le cadre des activit\u00e9s p\u00e9dagogiques de l\u2019\u00e9cole EPC, les \u00e9l\u00e8ves du <strong>cycle 3 (CM2)<\/strong> ont eu la chance de participer \u00e0 un <strong>atelier th\u00e9\u00e2tre anim\u00e9 par Jean-Michel Coulon<\/strong>, metteur en sc\u00e8ne exp\u00e9riment\u00e9. Cette intervention permet aux enfants de d\u00e9couvrir le th\u00e9\u00e2tre comme <strong>outil d\u2019apprentissage<\/strong>, de d\u00e9veloppement personnel et de cr\u00e9ativit\u00e9.<\/p>\n\n\n\n<div class=\"wp-block-media-text has-media-on-the-right is-stacked-on-mobile\" style=\"grid-template-columns:auto 56%\"><div class=\"wp-block-media-text__content\">\n<p class=\"has-medium-font-size\"><strong>Jean-Michel Coulon<\/strong>, metteur en sc\u00e8ne <\/p>\n<\/div><figure class=\"wp-block-media-text__media\"><img fetchpriority=\"high\" decoding=\"async\" width=\"1024\" height=\"768\" src=\"http:\/\/ee.mlfmonde.org\/comilog\/wp-content\/uploads\/sites\/28\/2026\/01\/WhatsApp-Image-2026-01-14-at-12.52.26-1024x768.jpeg\" alt=\"\" class=\"wp-image-3483 size-full\" srcset=\"https:\/\/ee.mlfmonde.org\/comilog\/wp-content\/uploads\/sites\/28\/2026\/01\/WhatsApp-Image-2026-01-14-at-12.52.26-1024x768.jpeg 1024w, https:\/\/ee.mlfmonde.org\/comilog\/wp-content\/uploads\/sites\/28\/2026\/01\/WhatsApp-Image-2026-01-14-at-12.52.26-300x225.jpeg 300w, https:\/\/ee.mlfmonde.org\/comilog\/wp-content\/uploads\/sites\/28\/2026\/01\/WhatsApp-Image-2026-01-14-at-12.52.26-768x576.jpeg 768w, https:\/\/ee.mlfmonde.org\/comilog\/wp-content\/uploads\/sites\/28\/2026\/01\/WhatsApp-Image-2026-01-14-at-12.52.26-570x428.jpeg 570w, https:\/\/ee.mlfmonde.org\/comilog\/wp-content\/uploads\/sites\/28\/2026\/01\/WhatsApp-Image-2026-01-14-at-12.52.26.jpeg 1080w\" sizes=\"(max-width: 1024px) 100vw, 1024px\" \/><\/figure><\/div>\n\n\n\n<h3 class=\"wp-block-heading has-medium-font-size\">Le th\u00e9\u00e2tre au service des \u00e9l\u00e8ves du cycle 3<\/h3>\n\n\n\n<p class=\"has-medium-font-size\">Pour Jean-Michel, le th\u00e9\u00e2tre en classe est <strong>bien plus qu\u2019un simple jeu de sc\u00e8ne<\/strong>. Il permet aux \u00e9l\u00e8ves de d\u00e9velopper des comp\u00e9tences essentielles :<\/p>\n\n\n\n<ul class=\"wp-block-list\">\n<li class=\"has-medium-font-size\">la <strong>concentration<\/strong> et la <strong>pr\u00e9sence<\/strong>,<\/li>\n\n\n\n<li class=\"has-medium-font-size\">l\u2019<strong>\u00e9coute et le regard sur les autres<\/strong>,<\/li>\n\n\n\n<li class=\"has-medium-font-size\">l\u2019<strong>articulation<\/strong> et l\u2019expression orale,<\/li>\n\n\n\n<li class=\"has-medium-font-size\">la <strong>ma\u00eetrise de soi<\/strong> et le travail collectif.<\/li>\n<\/ul>\n\n\n\n<figure class=\"wp-block-gallery has-nested-images columns-default is-cropped wp-block-gallery-1 is-layout-flex wp-block-gallery-is-layout-flex\">\n<figure class=\"wp-block-image size-large\"><img decoding=\"async\" width=\"768\" height=\"1024\" data-id=\"3487\" src=\"https:\/\/ee.mlfmonde.org\/comilog\/wp-content\/uploads\/sites\/28\/2026\/01\/WhatsApp-Image-2026-01-12-at-11.56.11-768x1024.jpeg\" alt=\"\" class=\"wp-image-3487\" srcset=\"https:\/\/ee.mlfmonde.org\/comilog\/wp-content\/uploads\/sites\/28\/2026\/01\/WhatsApp-Image-2026-01-12-at-11.56.11-768x1024.jpeg 768w, https:\/\/ee.mlfmonde.org\/comilog\/wp-content\/uploads\/sites\/28\/2026\/01\/WhatsApp-Image-2026-01-12-at-11.56.11-225x300.jpeg 225w, https:\/\/ee.mlfmonde.org\/comilog\/wp-content\/uploads\/sites\/28\/2026\/01\/WhatsApp-Image-2026-01-12-at-11.56.11-570x760.jpeg 570w, https:\/\/ee.mlfmonde.org\/comilog\/wp-content\/uploads\/sites\/28\/2026\/01\/WhatsApp-Image-2026-01-12-at-11.56.11.jpeg 810w\" sizes=\"(max-width: 768px) 100vw, 768px\" \/><\/figure>\n\n\n\n<figure class=\"wp-block-image size-large\"><img decoding=\"async\" width=\"1024\" height=\"768\" data-id=\"3488\" src=\"https:\/\/ee.mlfmonde.org\/comilog\/wp-content\/uploads\/sites\/28\/2026\/01\/WhatsApp-Image-2026-01-12-at-11.56.13d-1024x768.jpeg\" alt=\"\" class=\"wp-image-3488\" srcset=\"https:\/\/ee.mlfmonde.org\/comilog\/wp-content\/uploads\/sites\/28\/2026\/01\/WhatsApp-Image-2026-01-12-at-11.56.13d-1024x768.jpeg 1024w, https:\/\/ee.mlfmonde.org\/comilog\/wp-content\/uploads\/sites\/28\/2026\/01\/WhatsApp-Image-2026-01-12-at-11.56.13d-300x225.jpeg 300w, https:\/\/ee.mlfmonde.org\/comilog\/wp-content\/uploads\/sites\/28\/2026\/01\/WhatsApp-Image-2026-01-12-at-11.56.13d-768x576.jpeg 768w, https:\/\/ee.mlfmonde.org\/comilog\/wp-content\/uploads\/sites\/28\/2026\/01\/WhatsApp-Image-2026-01-12-at-11.56.13d-570x428.jpeg 570w, https:\/\/ee.mlfmonde.org\/comilog\/wp-content\/uploads\/sites\/28\/2026\/01\/WhatsApp-Image-2026-01-12-at-11.56.13d.jpeg 1080w\" sizes=\"(max-width: 1024px) 100vw, 1024px\" \/><\/figure>\n\n\n\n<figure class=\"wp-block-image size-large\"><img loading=\"lazy\" decoding=\"async\" width=\"768\" height=\"1024\" data-id=\"3489\" src=\"https:\/\/ee.mlfmonde.org\/comilog\/wp-content\/uploads\/sites\/28\/2026\/01\/WhatsApp-Image-2026-01-12-at-11.56.14zeqr-768x1024.jpeg\" alt=\"\" class=\"wp-image-3489\" srcset=\"https:\/\/ee.mlfmonde.org\/comilog\/wp-content\/uploads\/sites\/28\/2026\/01\/WhatsApp-Image-2026-01-12-at-11.56.14zeqr-768x1024.jpeg 768w, https:\/\/ee.mlfmonde.org\/comilog\/wp-content\/uploads\/sites\/28\/2026\/01\/WhatsApp-Image-2026-01-12-at-11.56.14zeqr-225x300.jpeg 225w, https:\/\/ee.mlfmonde.org\/comilog\/wp-content\/uploads\/sites\/28\/2026\/01\/WhatsApp-Image-2026-01-12-at-11.56.14zeqr-570x760.jpeg 570w, https:\/\/ee.mlfmonde.org\/comilog\/wp-content\/uploads\/sites\/28\/2026\/01\/WhatsApp-Image-2026-01-12-at-11.56.14zeqr.jpeg 810w\" sizes=\"(max-width: 768px) 100vw, 768px\" \/><\/figure>\n<\/figure>\n\n\n\n<p class=\"has-medium-font-size\">Les s\u00e9ances sont structur\u00e9es autour du <strong>travail corporel<\/strong>, d\u2019exercices de <strong>concentration<\/strong> et de <strong>travail sur le texte<\/strong>, le tout sur une semaine intensive d\u00e9di\u00e9e au projet. L\u2019objectif est d\u2019aider chaque enfant \u00e0 progresser et \u00e0 prendre confiance en lui.<\/p>\n\n\n\n<h3 class=\"wp-block-heading has-medium-font-size\">Les apprentissages au-del\u00e0 de la sc\u00e8ne<\/h3>\n\n\n\n<p class=\"has-medium-font-size\">Selon Jean-Michel Coulon, le th\u00e9\u00e2tre apprend aux enfants \u00e0 :<\/p>\n\n\n\n<ul class=\"wp-block-list\">\n<li class=\"has-medium-font-size\">se concentrer et \u00e0 comprendre <strong>comment se concentrer<\/strong>,<\/li>\n\n\n\n<li class=\"has-medium-font-size\">parler aux autres et <strong>communiquer efficacement<\/strong>,<\/li>\n\n\n\n<li class=\"has-medium-font-size\">m\u00e9moriser et structurer un texte,<\/li>\n\n\n\n<li class=\"has-medium-font-size\">collaborer et <strong>travailler en collectif<\/strong>,<\/li>\n\n\n\n<li class=\"has-medium-font-size\">\u00eatre g\u00e9n\u00e9reux et apprendre \u00e0 <strong>donner aux autres du temps et des \u00e9motions<\/strong>.<\/li>\n<\/ul>\n\n\n\n<p class=\"has-medium-font-size\">Pour lui, le th\u00e9\u00e2tre est avant tout <strong>un acte de partage<\/strong>, permettant aux \u00e9l\u00e8ves de vivre une exp\u00e9rience artistique compl\u00e8te et enrichissante.<\/p>\n\n\n\n<div class=\"wp-block-columns is-layout-flex wp-container-core-columns-is-layout-9d6595d7 wp-block-columns-is-layout-flex\">\n<div class=\"wp-block-column is-layout-flow wp-block-column-is-layout-flow\">\n<figure class=\"wp-block-video\"><video autoplay controls loop muted preload=\"auto\" src=\"http:\/\/ee.mlfmonde.org\/comilog\/wp-content\/uploads\/sites\/28\/2026\/01\/WhatsApp-Video-2026-01-16-at-13.02.34.mp4\"><\/video><\/figure>\n<\/div>\n\n\n\n<div class=\"wp-block-column is-layout-flow wp-block-column-is-layout-flow\">\n<figure class=\"wp-block-video\"><video autoplay controls loop muted src=\"http:\/\/ee.mlfmonde.org\/comilog\/wp-content\/uploads\/sites\/28\/2026\/01\/WhatsApp-Video-2026-01-16-at-13.02.51.mp4\"><\/video><\/figure>\n<\/div>\n<\/div>\n","protected":false},"excerpt":{"rendered":"<p>Dans le cadre des activit\u00e9s p\u00e9dagogiques de l\u2019\u00e9cole EPC, les \u00e9l\u00e8ves du cycle 3 (CM2) ont eu la chance de participer \u00e0 un atelier th\u00e9\u00e2tre anim\u00e9 par Jean-Michel Coulon, metteur en sc\u00e8ne exp\u00e9riment\u00e9. Cette intervention permet aux enfants de d\u00e9couvrir le th\u00e9\u00e2tre comme outil d\u2019apprentissage, de d\u00e9veloppement personnel et de cr\u00e9ativit\u00e9. Jean-Michel Coulon, metteur en [&hellip;]<\/p>\n","protected":false},"author":166,"featured_media":0,"parent":0,"menu_order":0,"comment_status":"closed","ping_status":"closed","template":"","meta":{"_acf_changed":false,"footnotes":""},"class_list":["post-3482","page","type-page","status-publish","czr-hentry"],"acf":[],"_links":{"self":[{"href":"https:\/\/ee.mlfmonde.org\/comilog\/wp-json\/wp\/v2\/pages\/3482","targetHints":{"allow":["GET"]}}],"collection":[{"href":"https:\/\/ee.mlfmonde.org\/comilog\/wp-json\/wp\/v2\/pages"}],"about":[{"href":"https:\/\/ee.mlfmonde.org\/comilog\/wp-json\/wp\/v2\/types\/page"}],"author":[{"embeddable":true,"href":"https:\/\/ee.mlfmonde.org\/comilog\/wp-json\/wp\/v2\/users\/166"}],"replies":[{"embeddable":true,"href":"https:\/\/ee.mlfmonde.org\/comilog\/wp-json\/wp\/v2\/comments?post=3482"}],"version-history":[{"count":9,"href":"https:\/\/ee.mlfmonde.org\/comilog\/wp-json\/wp\/v2\/pages\/3482\/revisions"}],"predecessor-version":[{"id":3550,"href":"https:\/\/ee.mlfmonde.org\/comilog\/wp-json\/wp\/v2\/pages\/3482\/revisions\/3550"}],"wp:attachment":[{"href":"https:\/\/ee.mlfmonde.org\/comilog\/wp-json\/wp\/v2\/media?parent=3482"}],"curies":[{"name":"wp","href":"https:\/\/api.w.org\/{rel}","templated":true}]}}