{"id":3446,"date":"2026-02-04T08:15:45","date_gmt":"2026-02-04T08:15:45","guid":{"rendered":"https:\/\/ee.mlfmonde.org\/comilog\/?page_id=3446"},"modified":"2026-02-04T08:15:46","modified_gmt":"2026-02-04T08:15:46","slug":"atelier-cookies-en-ce2-b-quand-les-petits-gourmands-perdent-patience","status":"publish","type":"page","link":"https:\/\/ee.mlfmonde.org\/comilog\/atelier-cookies-en-ce2-b-quand-les-petits-gourmands-perdent-patience\/","title":{"rendered":"Atelier cookies en CE2 B : quand les petits gourmands perdent patience !"},"content":{"rendered":"\n<p class=\"has-medium-font-size\"> La classe de CE2 B s\u2019est transform\u00e9e en v\u00e9ritable p\u00e2tisserie le temps d\u2019un atelier cookies qui a mis l\u2019eau \u00e0 la bouche de tous nos petits gourmands. Farine, sucre, chocolat\u2026 il n\u2019en fallait pas plus pour faire na\u00eetre des \u00e9toiles dans les yeux (et un peu de farine sur les tables !).<\/p>\n\n\n\n<p class=\"has-medium-font-size\">Tr\u00e8s appliqu\u00e9s, les \u00e9l\u00e8ves ont suivi les \u00e9tapes de la recette avec s\u00e9rieux\u2026 du moins au d\u00e9but. Car l\u2019odeur prometteuse de la p\u00e2te a rapidement mis leur patience \u00e0 rude \u00e9preuve. R\u00e9sultat ? Certains n\u2019ont pas r\u00e9sist\u00e9 et ont mang\u00e9 la moiti\u00e9 de leur cookie\u2026 avant m\u00eame la cuisson ! Oui, oui, crus \u2014 pour une d\u00e9gustation \u00ab avant-premi\u00e8re \u00bb que seuls les plus audacieux oseront raconter.<\/p>\n\n\n\n<p class=\"has-medium-font-size\">Entre \u00e9clats de rire, mains pleines de chocolat et commentaires tr\u00e8s s\u00e9rieux du type \u00ab c\u2019est meilleur cuit, mais cru \u00e7a passe aussi \u00bb, l\u2019atelier a \u00e9t\u00e9 un vrai moment de plaisir et de convivialit\u00e9.<\/p>\n\n\n\n<p class=\"has-medium-font-size\">Au final, m\u00eame s\u2019il restait parfois moins de cookies \u00e0 enfourner que pr\u00e9vu, tous sont repartis avec le sourire\u2026 et l\u2019envie de recommencer tr\u00e8s vite. Un atelier aussi d\u00e9licieux qu\u2019inoubliable !<\/p>\n\n\n\n<figure class=\"wp-block-gallery has-nested-images columns-default is-cropped wp-block-gallery-1 is-layout-flex wp-block-gallery-is-layout-flex\">\n<figure class=\"wp-block-image size-large\"><img fetchpriority=\"high\" decoding=\"async\" width=\"768\" height=\"1024\" data-id=\"3447\" src=\"https:\/\/ee.mlfmonde.org\/comilog\/wp-content\/uploads\/sites\/28\/2025\/12\/WhatsApp-Image-2025-12-17-at-18.07.33-1-768x1024.jpeg\" alt=\"\" class=\"wp-image-3447\" srcset=\"https:\/\/ee.mlfmonde.org\/comilog\/wp-content\/uploads\/sites\/28\/2025\/12\/WhatsApp-Image-2025-12-17-at-18.07.33-1-768x1024.jpeg 768w, https:\/\/ee.mlfmonde.org\/comilog\/wp-content\/uploads\/sites\/28\/2025\/12\/WhatsApp-Image-2025-12-17-at-18.07.33-1-225x300.jpeg 225w, https:\/\/ee.mlfmonde.org\/comilog\/wp-content\/uploads\/sites\/28\/2025\/12\/WhatsApp-Image-2025-12-17-at-18.07.33-1-570x760.jpeg 570w, https:\/\/ee.mlfmonde.org\/comilog\/wp-content\/uploads\/sites\/28\/2025\/12\/WhatsApp-Image-2025-12-17-at-18.07.33-1.jpeg 810w\" sizes=\"(max-width: 768px) 100vw, 768px\" \/><\/figure>\n\n\n\n<figure class=\"wp-block-image size-large\"><img decoding=\"async\" width=\"768\" height=\"1024\" data-id=\"3448\" src=\"https:\/\/ee.mlfmonde.org\/comilog\/wp-content\/uploads\/sites\/28\/2025\/12\/WhatsApp-Image-2025-12-17-at-18.07.33-768x1024.jpeg\" alt=\"\" class=\"wp-image-3448\" srcset=\"https:\/\/ee.mlfmonde.org\/comilog\/wp-content\/uploads\/sites\/28\/2025\/12\/WhatsApp-Image-2025-12-17-at-18.07.33-768x1024.jpeg 768w, https:\/\/ee.mlfmonde.org\/comilog\/wp-content\/uploads\/sites\/28\/2025\/12\/WhatsApp-Image-2025-12-17-at-18.07.33-225x300.jpeg 225w, https:\/\/ee.mlfmonde.org\/comilog\/wp-content\/uploads\/sites\/28\/2025\/12\/WhatsApp-Image-2025-12-17-at-18.07.33-570x760.jpeg 570w, https:\/\/ee.mlfmonde.org\/comilog\/wp-content\/uploads\/sites\/28\/2025\/12\/WhatsApp-Image-2025-12-17-at-18.07.33.jpeg 810w\" sizes=\"(max-width: 768px) 100vw, 768px\" \/><\/figure>\n\n\n\n<figure class=\"wp-block-image size-large\"><img decoding=\"async\" width=\"1024\" height=\"768\" data-id=\"3449\" src=\"https:\/\/ee.mlfmonde.org\/comilog\/wp-content\/uploads\/sites\/28\/2025\/12\/WhatsApp-Image-2025-12-17-at-18.07.32-1024x768.jpeg\" alt=\"\" class=\"wp-image-3449\" srcset=\"https:\/\/ee.mlfmonde.org\/comilog\/wp-content\/uploads\/sites\/28\/2025\/12\/WhatsApp-Image-2025-12-17-at-18.07.32-1024x768.jpeg 1024w, https:\/\/ee.mlfmonde.org\/comilog\/wp-content\/uploads\/sites\/28\/2025\/12\/WhatsApp-Image-2025-12-17-at-18.07.32-300x225.jpeg 300w, https:\/\/ee.mlfmonde.org\/comilog\/wp-content\/uploads\/sites\/28\/2025\/12\/WhatsApp-Image-2025-12-17-at-18.07.32-768x576.jpeg 768w, https:\/\/ee.mlfmonde.org\/comilog\/wp-content\/uploads\/sites\/28\/2025\/12\/WhatsApp-Image-2025-12-17-at-18.07.32-570x428.jpeg 570w, https:\/\/ee.mlfmonde.org\/comilog\/wp-content\/uploads\/sites\/28\/2025\/12\/WhatsApp-Image-2025-12-17-at-18.07.32.jpeg 1080w\" sizes=\"(max-width: 1024px) 100vw, 1024px\" \/><\/figure>\n\n\n\n<figure class=\"wp-block-image size-large\"><img loading=\"lazy\" decoding=\"async\" width=\"1024\" height=\"768\" data-id=\"3450\" src=\"https:\/\/ee.mlfmonde.org\/comilog\/wp-content\/uploads\/sites\/28\/2025\/12\/WhatsApp-Image-2025-12-17-at-18.07.30-1024x768.jpeg\" alt=\"\" class=\"wp-image-3450\" srcset=\"https:\/\/ee.mlfmonde.org\/comilog\/wp-content\/uploads\/sites\/28\/2025\/12\/WhatsApp-Image-2025-12-17-at-18.07.30-1024x768.jpeg 1024w, https:\/\/ee.mlfmonde.org\/comilog\/wp-content\/uploads\/sites\/28\/2025\/12\/WhatsApp-Image-2025-12-17-at-18.07.30-300x225.jpeg 300w, https:\/\/ee.mlfmonde.org\/comilog\/wp-content\/uploads\/sites\/28\/2025\/12\/WhatsApp-Image-2025-12-17-at-18.07.30-768x576.jpeg 768w, https:\/\/ee.mlfmonde.org\/comilog\/wp-content\/uploads\/sites\/28\/2025\/12\/WhatsApp-Image-2025-12-17-at-18.07.30-570x428.jpeg 570w, https:\/\/ee.mlfmonde.org\/comilog\/wp-content\/uploads\/sites\/28\/2025\/12\/WhatsApp-Image-2025-12-17-at-18.07.30.jpeg 1080w\" sizes=\"(max-width: 1024px) 100vw, 1024px\" \/><\/figure>\n<\/figure>\n","protected":false},"excerpt":{"rendered":"<p>La classe de CE2 B s\u2019est transform\u00e9e en v\u00e9ritable p\u00e2tisserie le temps d\u2019un atelier cookies qui a mis l\u2019eau \u00e0 la bouche de tous nos petits gourmands. Farine, sucre, chocolat\u2026 il n\u2019en fallait pas plus pour faire na\u00eetre des \u00e9toiles dans les yeux (et un peu de farine sur les tables !). Tr\u00e8s appliqu\u00e9s, les [&hellip;]<\/p>\n","protected":false},"author":166,"featured_media":0,"parent":0,"menu_order":0,"comment_status":"closed","ping_status":"closed","template":"","meta":{"_acf_changed":false,"footnotes":""},"class_list":["post-3446","page","type-page","status-publish","czr-hentry"],"acf":[],"_links":{"self":[{"href":"https:\/\/ee.mlfmonde.org\/comilog\/wp-json\/wp\/v2\/pages\/3446","targetHints":{"allow":["GET"]}}],"collection":[{"href":"https:\/\/ee.mlfmonde.org\/comilog\/wp-json\/wp\/v2\/pages"}],"about":[{"href":"https:\/\/ee.mlfmonde.org\/comilog\/wp-json\/wp\/v2\/types\/page"}],"author":[{"embeddable":true,"href":"https:\/\/ee.mlfmonde.org\/comilog\/wp-json\/wp\/v2\/users\/166"}],"replies":[{"embeddable":true,"href":"https:\/\/ee.mlfmonde.org\/comilog\/wp-json\/wp\/v2\/comments?post=3446"}],"version-history":[{"count":1,"href":"https:\/\/ee.mlfmonde.org\/comilog\/wp-json\/wp\/v2\/pages\/3446\/revisions"}],"predecessor-version":[{"id":3451,"href":"https:\/\/ee.mlfmonde.org\/comilog\/wp-json\/wp\/v2\/pages\/3446\/revisions\/3451"}],"wp:attachment":[{"href":"https:\/\/ee.mlfmonde.org\/comilog\/wp-json\/wp\/v2\/media?parent=3446"}],"curies":[{"name":"wp","href":"https:\/\/api.w.org\/{rel}","templated":true}]}}