{"id":3358,"date":"2025-12-18T16:20:50","date_gmt":"2025-12-18T16:20:50","guid":{"rendered":"https:\/\/ee.mlfmonde.org\/comilog\/?page_id=3358"},"modified":"2025-12-19T09:38:03","modified_gmt":"2025-12-19T09:38:03","slug":"3358-2","status":"publish","type":"page","link":"https:\/\/ee.mlfmonde.org\/comilog\/3358-2\/","title":{"rendered":""},"content":{"rendered":"\t\t<div data-elementor-type=\"wp-page\" data-elementor-id=\"3358\" class=\"elementor elementor-3358\">\n\t\t\t\t<div class=\"elementor-element elementor-element-337739e e-flex e-con-boxed e-con e-parent\" data-id=\"337739e\" data-element_type=\"container\">\n\t\t\t\t\t<div class=\"e-con-inner\">\n\t\t\t\t<div class=\"elementor-element elementor-element-9e4ef43 elementor-widget elementor-widget-heading\" data-id=\"9e4ef43\" data-element_type=\"widget\" data-widget_type=\"heading.default\">\n\t\t\t\t\t<h2 class=\"elementor-heading-title elementor-size-default\">Un village illumin\u00e9 pour c\u00e9l\u00e9brer la magie de No\u00ebl \u00e0 l\u2019\u00e9cole<\/h2>\t\t\t\t<\/div>\n\t\t\t\t\t<\/div>\n\t\t\t\t<\/div>\n\t\t<div class=\"elementor-element elementor-element-59b2626 e-flex e-con-boxed e-con e-parent\" data-id=\"59b2626\" data-element_type=\"container\">\n\t\t\t\t\t<div class=\"e-con-inner\">\n\t\t\t\t<div class=\"elementor-element elementor-element-1512cb1 elementor-widget elementor-widget-image\" data-id=\"1512cb1\" data-element_type=\"widget\" data-widget_type=\"image.default\">\n\t\t\t\t\t\t\t\t\t\t\t\t\t\t\t<img fetchpriority=\"high\" decoding=\"async\" width=\"1110\" height=\"444\" src=\"https:\/\/ee.mlfmonde.org\/comilog\/wp-content\/uploads\/sites\/28\/2025\/12\/WhatsApp-Image-2025-12-16-at-08.14.57-1110x444.jpeg\" class=\"attachment-tc-grid-full size-tc-grid-full wp-image-3354\" alt=\"\" \/>\t\t\t\t\t\t\t\t\t\t\t\t\t\t\t<\/div>\n\t\t\t\t<div class=\"elementor-element elementor-element-929836b elementor-widget elementor-widget-text-editor\" data-id=\"929836b\" data-element_type=\"widget\" data-widget_type=\"text-editor.default\">\n\t\t\t\t\t\t\t\t\t<p data-start=\"220\" data-end=\"397\">\u00c0 l\u2019approche des f\u00eates de fin d\u2019ann\u00e9e, l\u2019<strong>EPC<\/strong> s\u2019est par\u00e9e de lumi\u00e8re et de cr\u00e9ativit\u00e9 gr\u00e2ce \u00e0 un magnifique <strong data-start=\"329\" data-end=\"349\">village illumin\u00e9<\/strong>, enti\u00e8rement imagin\u00e9 et r\u00e9alis\u00e9 par les \u00e9l\u00e8ves.<\/p><p data-start=\"399\" data-end=\"725\">Avec enthousiasme et imagination, les \u00e9l\u00e8ves du CE1 au CM2\u00a0 ont construit des <strong data-start=\"462\" data-end=\"479\">petits sapins<\/strong>, des <strong data-start=\"485\" data-end=\"496\">maisons<\/strong>, ainsi que de joyeux <strong data-start=\"518\" data-end=\"541\">bonhommes de neige<\/strong>, donnant vie \u00e0 un v\u00e9ritable d\u00e9cor de No\u00ebl. \u00c0 partir de mat\u00e9riaux simples et souvent recycl\u00e9s, chaque r\u00e9alisation t\u00e9moigne du travail, de la patience et de l\u2019esprit cr\u00e9atif des \u00e9l\u00e8ves.<\/p><p data-start=\"399\" data-end=\"725\">Chaque r\u00e9alisation est illumin\u00e9e gr\u00e2ce \u00e0 un circuit \u00e9lectrique reliant fil, pile, diode ou ampoule;ce qui a permi de d\u00e9velopper des comp\u00e9tences scientifiques\u00a0 \u00a0\u00a0<\/p><p data-start=\"727\" data-end=\"968\">Ce projet collectif a permis aux enfants de d\u00e9velopper \u00e9galement leur <strong>agilit\u00e9<\/strong>, leur <strong data-start=\"807\" data-end=\"826\">sens artistique<\/strong> et leur <strong data-start=\"835\" data-end=\"869\">capacit\u00e9 \u00e0 travailler ensemble<\/strong>, tout en partageant la joie et les valeurs de No\u00ebl : la solidarit\u00e9, le partage et la convivialit\u00e9.<\/p><p data-start=\"892\" data-end=\"1159\">A la<strong> MATCOM<\/strong> puis \u00e0 l&#8217;<strong>EPC<\/strong> nos \u00e9l\u00e8ves ont pu interpr\u00e9ter\u00a0 de magnifiques chants de No\u00ebl pour les parents qui sont venus nombreux\u00a0 en cette occasion.\u00a0<\/p><p data-start=\"1161\" data-end=\"1431\">\u00a0De belles initiatives qui ont apport\u00e9e chaleur et f\u00e9erie \u00e0 la vie scolaire en cette p\u00e9riode festive.<\/p>\t\t\t\t\t\t\t\t<\/div>\n\t\t\t\t\t<\/div>\n\t\t\t\t<\/div>\n\t\t<div class=\"elementor-element elementor-element-8c5b001 e-con-full e-flex e-con e-parent\" data-id=\"8c5b001\" data-element_type=\"container\">\n\t\t\t\t<div class=\"elementor-element elementor-element-362a111 elementor-pagination-position-inside elementor-arrows-position-inside elementor-widget elementor-widget-image-carousel\" data-id=\"362a111\" data-element_type=\"widget\" data-settings=\"{&quot;navigation&quot;:&quot;both&quot;,&quot;autoplay&quot;:&quot;yes&quot;,&quot;pause_on_hover&quot;:&quot;yes&quot;,&quot;pause_on_interaction&quot;:&quot;yes&quot;,&quot;autoplay_speed&quot;:5000,&quot;infinite&quot;:&quot;yes&quot;,&quot;speed&quot;:500}\" data-widget_type=\"image-carousel.default\">\n\t\t\t\t\t\t\t<div class=\"elementor-image-carousel-wrapper swiper\" role=\"region\" aria-roledescription=\"carousel\" aria-label=\"Image Carousel\" dir=\"ltr\">\n\t\t\t<div class=\"elementor-image-carousel swiper-wrapper swiper-image-stretch\" aria-live=\"off\">\n\t\t\t\t\t\t\t\t<div class=\"swiper-slide\" role=\"group\" aria-roledescription=\"slide\" aria-label=\"1 of 10\"><figure class=\"swiper-slide-inner\"><img decoding=\"async\" class=\"swiper-slide-image\" src=\"https:\/\/ee.mlfmonde.org\/comilog\/wp-content\/uploads\/sites\/28\/2025\/12\/WhatsApp-Image-2025-12-16-at-09.56.59-1536x864.jpeg\" alt=\"WhatsApp Image 2025-12-16 at 09.56.59\" \/><\/figure><\/div><div class=\"swiper-slide\" role=\"group\" aria-roledescription=\"slide\" aria-label=\"2 of 10\"><figure class=\"swiper-slide-inner\"><img decoding=\"async\" class=\"swiper-slide-image\" src=\"https:\/\/ee.mlfmonde.org\/comilog\/wp-content\/uploads\/sites\/28\/2025\/12\/WhatsApp-Image-2025-12-16-at-09.57.21-1536x864.jpeg\" alt=\"WhatsApp Image 2025-12-16 at 09.57.21\" \/><\/figure><\/div><div class=\"swiper-slide\" role=\"group\" aria-roledescription=\"slide\" aria-label=\"3 of 10\"><figure class=\"swiper-slide-inner\"><img decoding=\"async\" class=\"swiper-slide-image\" src=\"https:\/\/ee.mlfmonde.org\/comilog\/wp-content\/uploads\/sites\/28\/2025\/12\/WhatsApp-Image-2025-12-16-at-09.57.21-2-1536x864.jpeg\" alt=\"WhatsApp Image 2025-12-16 at 09.57.21 (2)\" \/><\/figure><\/div><div class=\"swiper-slide\" role=\"group\" aria-roledescription=\"slide\" aria-label=\"4 of 10\"><figure class=\"swiper-slide-inner\"><img decoding=\"async\" class=\"swiper-slide-image\" src=\"https:\/\/ee.mlfmonde.org\/comilog\/wp-content\/uploads\/sites\/28\/2025\/12\/WhatsApp-Image-2025-12-16-at-09.57.21-1-1536x864.jpeg\" alt=\"WhatsApp Image 2025-12-16 at 09.57.21 (1)\" \/><\/figure><\/div><div class=\"swiper-slide\" role=\"group\" aria-roledescription=\"slide\" aria-label=\"5 of 10\"><figure class=\"swiper-slide-inner\"><img decoding=\"async\" class=\"swiper-slide-image\" src=\"https:\/\/ee.mlfmonde.org\/comilog\/wp-content\/uploads\/sites\/28\/2025\/12\/WhatsApp-Image-2025-12-16-at-09.57.20-1536x864.jpeg\" alt=\"WhatsApp Image 2025-12-16 at 09.57.20\" \/><\/figure><\/div><div class=\"swiper-slide\" role=\"group\" aria-roledescription=\"slide\" aria-label=\"6 of 10\"><figure class=\"swiper-slide-inner\"><img decoding=\"async\" class=\"swiper-slide-image\" src=\"https:\/\/ee.mlfmonde.org\/comilog\/wp-content\/uploads\/sites\/28\/2025\/12\/WhatsApp-Image-2025-12-16-at-09.57.20-1-1536x864.jpeg\" alt=\"WhatsApp Image 2025-12-16 at 09.57.20 (1)\" \/><\/figure><\/div><div class=\"swiper-slide\" role=\"group\" aria-roledescription=\"slide\" aria-label=\"7 of 10\"><figure class=\"swiper-slide-inner\"><img decoding=\"async\" class=\"swiper-slide-image\" src=\"https:\/\/ee.mlfmonde.org\/comilog\/wp-content\/uploads\/sites\/28\/2025\/12\/WhatsApp-Image-2025-12-16-at-09.57.22-1536x864.jpeg\" alt=\"WhatsApp Image 2025-12-16 at 09.57.22\" \/><\/figure><\/div><div class=\"swiper-slide\" role=\"group\" aria-roledescription=\"slide\" aria-label=\"8 of 10\"><figure class=\"swiper-slide-inner\"><img decoding=\"async\" class=\"swiper-slide-image\" src=\"https:\/\/ee.mlfmonde.org\/comilog\/wp-content\/uploads\/sites\/28\/2025\/12\/WhatsApp-Image-2025-12-16-at-09.57.23-1-1536x864.jpeg\" alt=\"WhatsApp Image 2025-12-16 at 09.57.23 (1)\" \/><\/figure><\/div><div class=\"swiper-slide\" role=\"group\" aria-roledescription=\"slide\" aria-label=\"9 of 10\"><figure class=\"swiper-slide-inner\"><img decoding=\"async\" class=\"swiper-slide-image\" src=\"https:\/\/ee.mlfmonde.org\/comilog\/wp-content\/uploads\/sites\/28\/2025\/12\/WhatsApp-Image-2025-12-16-at-09.57.23-1536x864.jpeg\" alt=\"WhatsApp Image 2025-12-16 at 09.57.23\" \/><\/figure><\/div><div class=\"swiper-slide\" role=\"group\" aria-roledescription=\"slide\" aria-label=\"10 of 10\"><figure class=\"swiper-slide-inner\"><img decoding=\"async\" class=\"swiper-slide-image\" src=\"https:\/\/ee.mlfmonde.org\/comilog\/wp-content\/uploads\/sites\/28\/2025\/12\/WhatsApp-Image-2025-12-16-at-09.57.25-1536x864.jpeg\" alt=\"WhatsApp Image 2025-12-16 at 09.57.25\" \/><\/figure><\/div>\t\t\t<\/div>\n\t\t\t\t\t\t\t\t\t\t\t\t<div class=\"elementor-swiper-button elementor-swiper-button-prev\" role=\"button\" tabindex=\"0\">\n\t\t\t\t\t\t<svg aria-hidden=\"true\" class=\"e-font-icon-svg e-eicon-chevron-left\" viewBox=\"0 0 1000 1000\" xmlns=\"http:\/\/www.w3.org\/2000\/svg\"><path d=\"M646 125C629 125 613 133 604 142L308 442C296 454 292 471 292 487 292 504 296 521 308 533L604 854C617 867 629 875 646 875 663 875 679 871 692 858 704 846 713 829 713 812 713 796 708 779 692 767L438 487 692 225C700 217 708 204 708 187 708 171 704 154 692 142 675 129 663 125 646 125Z\"><\/path><\/svg>\t\t\t\t\t<\/div>\n\t\t\t\t\t<div class=\"elementor-swiper-button elementor-swiper-button-next\" role=\"button\" tabindex=\"0\">\n\t\t\t\t\t\t<svg aria-hidden=\"true\" class=\"e-font-icon-svg e-eicon-chevron-right\" viewBox=\"0 0 1000 1000\" xmlns=\"http:\/\/www.w3.org\/2000\/svg\"><path d=\"M696 533C708 521 713 504 713 487 713 471 708 454 696 446L400 146C388 133 375 125 354 125 338 125 325 129 313 142 300 154 292 171 292 187 292 204 296 221 308 233L563 492 304 771C292 783 288 800 288 817 288 833 296 850 308 863 321 871 338 875 354 875 371 875 388 867 400 854L696 533Z\"><\/path><\/svg>\t\t\t\t\t<\/div>\n\t\t\t\t\n\t\t\t\t\t\t\t\t\t<div class=\"swiper-pagination\"><\/div>\n\t\t\t\t\t\t\t\t\t<\/div>\n\t\t\t\t\t\t<\/div>\n\t\t\t\t<div class=\"elementor-element elementor-element-55376aa elementor-widget elementor-widget-heading\" data-id=\"55376aa\" data-element_type=\"widget\" data-widget_type=\"heading.default\">\n\t\t\t\t\t<h2 class=\"elementor-heading-title elementor-size-default\">\ud83c\udf84 <strong data-start=\"3\" data-end=\"23\">Joyeuses f\u00eates  2025  !<\/strong> \u2728<\/h2>\t\t\t\t<\/div>\n\t\t\t\t<\/div>\n\t\t<div class=\"elementor-element elementor-element-d315fff e-flex e-con-boxed e-con e-parent\" data-id=\"d315fff\" data-element_type=\"container\">\n\t\t\t\t\t<div class=\"e-con-inner\">\n\t\t\t\t<div class=\"elementor-element elementor-element-29e3e4b elementor-arrows-position-inside elementor-pagination-position-outside elementor-widget elementor-widget-image-carousel\" data-id=\"29e3e4b\" data-element_type=\"widget\" data-settings=\"{&quot;navigation&quot;:&quot;both&quot;,&quot;autoplay&quot;:&quot;yes&quot;,&quot;pause_on_hover&quot;:&quot;yes&quot;,&quot;pause_on_interaction&quot;:&quot;yes&quot;,&quot;autoplay_speed&quot;:5000,&quot;infinite&quot;:&quot;yes&quot;,&quot;speed&quot;:500}\" data-widget_type=\"image-carousel.default\">\n\t\t\t\t\t\t\t<div class=\"elementor-image-carousel-wrapper swiper\" role=\"region\" aria-roledescription=\"carousel\" aria-label=\"Image Carousel\" dir=\"ltr\">\n\t\t\t<div class=\"elementor-image-carousel swiper-wrapper swiper-image-stretch\" aria-live=\"off\">\n\t\t\t\t\t\t\t\t<div class=\"swiper-slide\" role=\"group\" aria-roledescription=\"slide\" aria-label=\"1 of 19\"><figure class=\"swiper-slide-inner\"><img decoding=\"async\" class=\"swiper-slide-image\" src=\"https:\/\/ee.mlfmonde.org\/comilog\/wp-content\/uploads\/sites\/28\/2025\/12\/WhatsApp-Image-2025-12-18-at-12.03.50-1024x768.jpeg\" alt=\"WhatsApp Image 2025-12-18 at 12.03.50\" \/><\/figure><\/div><div class=\"swiper-slide\" role=\"group\" aria-roledescription=\"slide\" aria-label=\"2 of 19\"><figure class=\"swiper-slide-inner\"><img decoding=\"async\" class=\"swiper-slide-image\" src=\"https:\/\/ee.mlfmonde.org\/comilog\/wp-content\/uploads\/sites\/28\/2025\/12\/WhatsApp-Image-2025-12-19-at-06.36.44-1-768x1024.jpeg\" alt=\"WhatsApp Image 2025-12-19 at 06.36.44 (1)\" \/><\/figure><\/div><div class=\"swiper-slide\" role=\"group\" aria-roledescription=\"slide\" aria-label=\"3 of 19\"><figure class=\"swiper-slide-inner\"><img decoding=\"async\" class=\"swiper-slide-image\" src=\"https:\/\/ee.mlfmonde.org\/comilog\/wp-content\/uploads\/sites\/28\/2025\/12\/WhatsApp-Image-2025-12-19-at-06.36.45-768x1024.jpeg\" alt=\"WhatsApp Image 2025-12-19 at 06.36.45\" \/><\/figure><\/div><div class=\"swiper-slide\" role=\"group\" aria-roledescription=\"slide\" aria-label=\"4 of 19\"><figure class=\"swiper-slide-inner\"><img decoding=\"async\" class=\"swiper-slide-image\" src=\"https:\/\/ee.mlfmonde.org\/comilog\/wp-content\/uploads\/sites\/28\/2025\/12\/WhatsApp-Image-2025-12-19-at-06.36.42-1024x768.jpeg\" alt=\"WhatsApp Image 2025-12-19 at 06.36.42\" \/><\/figure><\/div><div class=\"swiper-slide\" role=\"group\" aria-roledescription=\"slide\" aria-label=\"5 of 19\"><figure class=\"swiper-slide-inner\"><img decoding=\"async\" class=\"swiper-slide-image\" src=\"https:\/\/ee.mlfmonde.org\/comilog\/wp-content\/uploads\/sites\/28\/2025\/12\/WhatsApp-Image-2025-12-18-at-12.03.52-1-1024x768.jpeg\" alt=\"WhatsApp Image 2025-12-18 at 12.03.52 (1)\" \/><\/figure><\/div><div class=\"swiper-slide\" role=\"group\" aria-roledescription=\"slide\" aria-label=\"6 of 19\"><figure class=\"swiper-slide-inner\"><img decoding=\"async\" class=\"swiper-slide-image\" src=\"https:\/\/ee.mlfmonde.org\/comilog\/wp-content\/uploads\/sites\/28\/2025\/12\/WhatsApp-Image-2025-12-18-at-12.03.58-1024x768.jpeg\" alt=\"WhatsApp Image 2025-12-18 at 12.03.58\" \/><\/figure><\/div><div class=\"swiper-slide\" role=\"group\" aria-roledescription=\"slide\" aria-label=\"7 of 19\"><figure class=\"swiper-slide-inner\"><img decoding=\"async\" class=\"swiper-slide-image\" src=\"https:\/\/ee.mlfmonde.org\/comilog\/wp-content\/uploads\/sites\/28\/2025\/12\/WhatsApp-Image-2025-12-18-at-08.42.36-1024x768.jpeg\" alt=\"WhatsApp Image 2025-12-18 at 08.42.36\" \/><\/figure><\/div><div class=\"swiper-slide\" role=\"group\" aria-roledescription=\"slide\" aria-label=\"8 of 19\"><figure class=\"swiper-slide-inner\"><img decoding=\"async\" class=\"swiper-slide-image\" src=\"https:\/\/ee.mlfmonde.org\/comilog\/wp-content\/uploads\/sites\/28\/2025\/12\/WhatsApp-Image-2025-12-18-at-08.42.35-1024x768.jpeg\" alt=\"WhatsApp Image 2025-12-18 at 08.42.35\" \/><\/figure><\/div><div class=\"swiper-slide\" role=\"group\" aria-roledescription=\"slide\" aria-label=\"9 of 19\"><figure class=\"swiper-slide-inner\"><img decoding=\"async\" class=\"swiper-slide-image\" src=\"https:\/\/ee.mlfmonde.org\/comilog\/wp-content\/uploads\/sites\/28\/2025\/12\/WhatsApp-Image-2025-12-18-at-08.41.05-1024x461.jpeg\" alt=\"WhatsApp Image 2025-12-18 at 08.41.05\" \/><\/figure><\/div><div class=\"swiper-slide\" role=\"group\" aria-roledescription=\"slide\" aria-label=\"10 of 19\"><figure class=\"swiper-slide-inner\"><img decoding=\"async\" class=\"swiper-slide-image\" src=\"https:\/\/ee.mlfmonde.org\/comilog\/wp-content\/uploads\/sites\/28\/2025\/12\/WhatsApp-Image-2025-12-15-at-16.38.15-1024x461.jpeg\" alt=\"WhatsApp Image 2025-12-15 at 16.38.15\" \/><\/figure><\/div><div class=\"swiper-slide\" role=\"group\" aria-roledescription=\"slide\" aria-label=\"11 of 19\"><figure class=\"swiper-slide-inner\"><img decoding=\"async\" class=\"swiper-slide-image\" src=\"https:\/\/ee.mlfmonde.org\/comilog\/wp-content\/uploads\/sites\/28\/2025\/12\/WhatsApp-Image-2025-12-15-at-16.38.18-1024x461.jpeg\" alt=\"WhatsApp Image 2025-12-15 at 16.38.18\" \/><\/figure><\/div><div class=\"swiper-slide\" role=\"group\" aria-roledescription=\"slide\" aria-label=\"12 of 19\"><figure class=\"swiper-slide-inner\"><img decoding=\"async\" class=\"swiper-slide-image\" src=\"https:\/\/ee.mlfmonde.org\/comilog\/wp-content\/uploads\/sites\/28\/2025\/12\/WhatsApp-Image-2025-12-15-at-16.38.20-1024x461.jpeg\" alt=\"WhatsApp Image 2025-12-15 at 16.38.20\" \/><\/figure><\/div><div class=\"swiper-slide\" role=\"group\" aria-roledescription=\"slide\" aria-label=\"13 of 19\"><figure class=\"swiper-slide-inner\"><img decoding=\"async\" class=\"swiper-slide-image\" src=\"https:\/\/ee.mlfmonde.org\/comilog\/wp-content\/uploads\/sites\/28\/2025\/12\/WhatsApp-Image-2025-12-18-at-12.03.53-1024x768.jpeg\" alt=\"WhatsApp Image 2025-12-18 at 12.03.53\" \/><\/figure><\/div><div class=\"swiper-slide\" role=\"group\" aria-roledescription=\"slide\" aria-label=\"14 of 19\"><figure class=\"swiper-slide-inner\"><img decoding=\"async\" class=\"swiper-slide-image\" src=\"https:\/\/ee.mlfmonde.org\/comilog\/wp-content\/uploads\/sites\/28\/2025\/12\/WhatsApp-Image-2025-12-16-at-09.57.23-1024x576.jpeg\" alt=\"WhatsApp Image 2025-12-16 at 09.57.23\" \/><\/figure><\/div><div class=\"swiper-slide\" role=\"group\" aria-roledescription=\"slide\" aria-label=\"15 of 19\"><figure class=\"swiper-slide-inner\"><img decoding=\"async\" class=\"swiper-slide-image\" src=\"https:\/\/ee.mlfmonde.org\/comilog\/wp-content\/uploads\/sites\/28\/2025\/12\/WhatsApp-Image-2025-12-16-at-09.57.25-1024x576.jpeg\" alt=\"WhatsApp Image 2025-12-16 at 09.57.25\" \/><\/figure><\/div><div class=\"swiper-slide\" role=\"group\" aria-roledescription=\"slide\" aria-label=\"16 of 19\"><figure class=\"swiper-slide-inner\"><img decoding=\"async\" class=\"swiper-slide-image\" src=\"https:\/\/ee.mlfmonde.org\/comilog\/wp-content\/uploads\/sites\/28\/2025\/12\/WhatsApp-Image-2025-12-16-at-08.14.57-1024x768.jpeg\" alt=\"WhatsApp Image 2025-12-16 at 08.14.57\" \/><\/figure><\/div><div class=\"swiper-slide\" role=\"group\" aria-roledescription=\"slide\" aria-label=\"17 of 19\"><figure class=\"swiper-slide-inner\"><img decoding=\"async\" class=\"swiper-slide-image\" src=\"https:\/\/ee.mlfmonde.org\/comilog\/wp-content\/uploads\/sites\/28\/2025\/12\/WhatsApp-Image-2025-12-19-at-06.36.43-768x1024.jpeg\" alt=\"WhatsApp Image 2025-12-19 at 06.36.43\" \/><\/figure><\/div><div class=\"swiper-slide\" role=\"group\" aria-roledescription=\"slide\" aria-label=\"18 of 19\"><figure class=\"swiper-slide-inner\"><img decoding=\"async\" class=\"swiper-slide-image\" src=\"https:\/\/ee.mlfmonde.org\/comilog\/wp-content\/uploads\/sites\/28\/2025\/12\/WhatsApp-Image-2025-12-19-at-06.36.43-2-768x1024.jpeg\" alt=\"WhatsApp Image 2025-12-19 at 06.36.43 (2)\" \/><\/figure><\/div><div class=\"swiper-slide\" role=\"group\" aria-roledescription=\"slide\" aria-label=\"19 of 19\"><figure class=\"swiper-slide-inner\"><img decoding=\"async\" class=\"swiper-slide-image\" src=\"https:\/\/ee.mlfmonde.org\/comilog\/wp-content\/uploads\/sites\/28\/2025\/12\/WhatsApp-Image-2025-12-19-at-06.36.44-768x1024.jpeg\" alt=\"WhatsApp Image 2025-12-19 at 06.36.44\" \/><\/figure><\/div>\t\t\t<\/div>\n\t\t\t\t\t\t\t\t\t\t\t\t<div class=\"elementor-swiper-button elementor-swiper-button-prev\" role=\"button\" tabindex=\"0\">\n\t\t\t\t\t\t<svg aria-hidden=\"true\" class=\"e-font-icon-svg e-eicon-chevron-left\" viewBox=\"0 0 1000 1000\" xmlns=\"http:\/\/www.w3.org\/2000\/svg\"><path d=\"M646 125C629 125 613 133 604 142L308 442C296 454 292 471 292 487 292 504 296 521 308 533L604 854C617 867 629 875 646 875 663 875 679 871 692 858 704 846 713 829 713 812 713 796 708 779 692 767L438 487 692 225C700 217 708 204 708 187 708 171 704 154 692 142 675 129 663 125 646 125Z\"><\/path><\/svg>\t\t\t\t\t<\/div>\n\t\t\t\t\t<div class=\"elementor-swiper-button elementor-swiper-button-next\" role=\"button\" tabindex=\"0\">\n\t\t\t\t\t\t<svg aria-hidden=\"true\" class=\"e-font-icon-svg e-eicon-chevron-right\" viewBox=\"0 0 1000 1000\" xmlns=\"http:\/\/www.w3.org\/2000\/svg\"><path d=\"M696 533C708 521 713 504 713 487 713 471 708 454 696 446L400 146C388 133 375 125 354 125 338 125 325 129 313 142 300 154 292 171 292 187 292 204 296 221 308 233L563 492 304 771C292 783 288 800 288 817 288 833 296 850 308 863 321 871 338 875 354 875 371 875 388 867 400 854L696 533Z\"><\/path><\/svg>\t\t\t\t\t<\/div>\n\t\t\t\t\n\t\t\t\t\t\t\t\t\t<div class=\"swiper-pagination\"><\/div>\n\t\t\t\t\t\t\t\t\t<\/div>\n\t\t\t\t\t\t<\/div>\n\t\t\t\t\t<\/div>\n\t\t\t\t<\/div>\n\t\t\t\t<\/div>\n\t\t","protected":false},"excerpt":{"rendered":"<p>Un village illumin\u00e9 pour c\u00e9l\u00e9brer la magie de No\u00ebl \u00e0 l\u2019\u00e9cole \u00c0 l\u2019approche des f\u00eates de fin d\u2019ann\u00e9e, l\u2019EPC s\u2019est par\u00e9e de lumi\u00e8re et de cr\u00e9ativit\u00e9 gr\u00e2ce \u00e0 un magnifique village illumin\u00e9, enti\u00e8rement imagin\u00e9 et r\u00e9alis\u00e9 par les \u00e9l\u00e8ves. Avec enthousiasme et imagination, les \u00e9l\u00e8ves du CE1 au CM2\u00a0 ont construit des petits sapins, des [&hellip;]<\/p>\n","protected":false},"author":166,"featured_media":0,"parent":0,"menu_order":0,"comment_status":"closed","ping_status":"closed","template":"","meta":{"_acf_changed":false,"footnotes":""},"class_list":["post-3358","page","type-page","status-publish","czr-hentry"],"acf":[],"_links":{"self":[{"href":"https:\/\/ee.mlfmonde.org\/comilog\/wp-json\/wp\/v2\/pages\/3358","targetHints":{"allow":["GET"]}}],"collection":[{"href":"https:\/\/ee.mlfmonde.org\/comilog\/wp-json\/wp\/v2\/pages"}],"about":[{"href":"https:\/\/ee.mlfmonde.org\/comilog\/wp-json\/wp\/v2\/types\/page"}],"author":[{"embeddable":true,"href":"https:\/\/ee.mlfmonde.org\/comilog\/wp-json\/wp\/v2\/users\/166"}],"replies":[{"embeddable":true,"href":"https:\/\/ee.mlfmonde.org\/comilog\/wp-json\/wp\/v2\/comments?post=3358"}],"version-history":[{"count":40,"href":"https:\/\/ee.mlfmonde.org\/comilog\/wp-json\/wp\/v2\/pages\/3358\/revisions"}],"predecessor-version":[{"id":3439,"href":"https:\/\/ee.mlfmonde.org\/comilog\/wp-json\/wp\/v2\/pages\/3358\/revisions\/3439"}],"wp:attachment":[{"href":"https:\/\/ee.mlfmonde.org\/comilog\/wp-json\/wp\/v2\/media?parent=3358"}],"curies":[{"name":"wp","href":"https:\/\/api.w.org\/{rel}","templated":true}]}}