{"id":3300,"date":"2025-12-10T10:47:10","date_gmt":"2025-12-10T10:47:10","guid":{"rendered":"https:\/\/ee.mlfmonde.org\/comilog\/?page_id=3300"},"modified":"2025-12-10T10:47:12","modified_gmt":"2025-12-10T10:47:12","slug":"des-cm2-participent-a-la-ccn-coding","status":"publish","type":"page","link":"https:\/\/ee.mlfmonde.org\/comilog\/des-cm2-participent-a-la-ccn-coding\/","title":{"rendered":"Des CM2 participent \u00e0 la CCN Coding"},"content":{"rendered":"\n<figure class=\"wp-block-gallery has-nested-images columns-default is-cropped wp-block-gallery-1 is-layout-flex wp-block-gallery-is-layout-flex\">\n<figure class=\"wp-block-image size-large\"><img fetchpriority=\"high\" decoding=\"async\" width=\"991\" height=\"485\" data-id=\"3301\" src=\"https:\/\/ee.mlfmonde.org\/comilog\/wp-content\/uploads\/sites\/28\/2025\/11\/logo-ccn-1.png\" alt=\"\" class=\"wp-image-3301\" srcset=\"https:\/\/ee.mlfmonde.org\/comilog\/wp-content\/uploads\/sites\/28\/2025\/11\/logo-ccn-1.png 991w, https:\/\/ee.mlfmonde.org\/comilog\/wp-content\/uploads\/sites\/28\/2025\/11\/logo-ccn-1-300x147.png 300w, https:\/\/ee.mlfmonde.org\/comilog\/wp-content\/uploads\/sites\/28\/2025\/11\/logo-ccn-1-768x376.png 768w, https:\/\/ee.mlfmonde.org\/comilog\/wp-content\/uploads\/sites\/28\/2025\/11\/logo-ccn-1-570x279.png 570w\" sizes=\"(max-width: 991px) 100vw, 991px\" \/><\/figure>\n<\/figure>\n\n\n\n<p class=\"has-white-background-color has-background has-medium-font-size\">Cette ann\u00e9e, des classes de CM2 prendront part \u00e0 la CCN Coding de la Mission La\u00efque Fran\u00e7aise. Les \u00e9l\u00e8ves y d\u00e9couvriront Scratch, un logiciel de programmation cr\u00e9\u00e9 par le MIT, qui permet de r\u00e9aliser facilement des animations et petits jeux en assemblant des blocs de code.<br>Au cours de l\u2019ann\u00e9e, ils produiront trois petits programmes, dont le premier sera \u00e0 rendre avant le 15 d\u00e9cembre. Toutes les r\u00e9alisations seront mises en ligne sur le site Scratch, pour \u00eatre partag\u00e9es avec d\u2019autres classes participant au projet \u00e0 travers le monde.<br>Les \u00e9l\u00e8ves pourront ainsi voir, commenter et \u00e9changer autour des cr\u00e9ations de chacun.<br>Une occasion de d\u00e9velopper cr\u00e9ativit\u00e9, logique et coop\u00e9ration !<\/p>\n","protected":false},"excerpt":{"rendered":"<p>Cette ann\u00e9e, des classes de CM2 prendront part \u00e0 la CCN Coding de la Mission La\u00efque Fran\u00e7aise. Les \u00e9l\u00e8ves y d\u00e9couvriront Scratch, un logiciel de programmation cr\u00e9\u00e9 par le MIT, qui permet de r\u00e9aliser facilement des animations et petits jeux en assemblant des blocs de code.Au cours de l\u2019ann\u00e9e, ils produiront trois petits programmes, dont [&hellip;]<\/p>\n","protected":false},"author":166,"featured_media":0,"parent":0,"menu_order":0,"comment_status":"closed","ping_status":"closed","template":"","meta":{"_acf_changed":false,"footnotes":""},"class_list":["post-3300","page","type-page","status-publish","czr-hentry"],"acf":[],"_links":{"self":[{"href":"https:\/\/ee.mlfmonde.org\/comilog\/wp-json\/wp\/v2\/pages\/3300","targetHints":{"allow":["GET"]}}],"collection":[{"href":"https:\/\/ee.mlfmonde.org\/comilog\/wp-json\/wp\/v2\/pages"}],"about":[{"href":"https:\/\/ee.mlfmonde.org\/comilog\/wp-json\/wp\/v2\/types\/page"}],"author":[{"embeddable":true,"href":"https:\/\/ee.mlfmonde.org\/comilog\/wp-json\/wp\/v2\/users\/166"}],"replies":[{"embeddable":true,"href":"https:\/\/ee.mlfmonde.org\/comilog\/wp-json\/wp\/v2\/comments?post=3300"}],"version-history":[{"count":3,"href":"https:\/\/ee.mlfmonde.org\/comilog\/wp-json\/wp\/v2\/pages\/3300\/revisions"}],"predecessor-version":[{"id":3304,"href":"https:\/\/ee.mlfmonde.org\/comilog\/wp-json\/wp\/v2\/pages\/3300\/revisions\/3304"}],"wp:attachment":[{"href":"https:\/\/ee.mlfmonde.org\/comilog\/wp-json\/wp\/v2\/media?parent=3300"}],"curies":[{"name":"wp","href":"https:\/\/api.w.org\/{rel}","templated":true}]}}