{"id":3286,"date":"2025-12-15T11:14:58","date_gmt":"2025-12-15T11:14:58","guid":{"rendered":"https:\/\/ee.mlfmonde.org\/comilog\/?page_id=3286"},"modified":"2025-12-15T11:15:01","modified_gmt":"2025-12-15T11:15:01","slug":"les-ce2-au-potager-une-belle-decouverte-du-jardinage","status":"publish","type":"page","link":"https:\/\/ee.mlfmonde.org\/comilog\/les-ce2-au-potager-une-belle-decouverte-du-jardinage\/","title":{"rendered":"Les CE2 au potager : une belle d\u00e9couverte du jardinage"},"content":{"rendered":"\n<p class=\"has-medium-font-size\">\u00c0 l\u2019occasion de la <strong>Journ\u00e9e internationale des droits de  l\u2019enfant du 20 novembre<\/strong>, tous les \u00e9l\u00e8ves de CE2 ont particip\u00e9 \u00e0 une activit\u00e9 jardinage au potager de l\u2019\u00e9cole, un moment privil\u00e9gi\u00e9 pour c\u00e9l\u00e9brer leur curiosit\u00e9, leurs droits et leur \u00e9panouissement.<\/p>\n\n\n\n<figure class=\"wp-block-gallery has-nested-images columns-default is-cropped wp-block-gallery-1 is-layout-flex wp-block-gallery-is-layout-flex\">\n<figure class=\"wp-block-image size-large\"><img fetchpriority=\"high\" decoding=\"async\" width=\"1024\" height=\"683\" data-id=\"3323\" src=\"http:\/\/ee.mlfmonde.org\/comilog\/wp-content\/uploads\/sites\/28\/2025\/12\/IMG_2414-1024x683.jpg\" alt=\"\" class=\"wp-image-3323\" srcset=\"https:\/\/ee.mlfmonde.org\/comilog\/wp-content\/uploads\/sites\/28\/2025\/12\/IMG_2414-1024x683.jpg 1024w, https:\/\/ee.mlfmonde.org\/comilog\/wp-content\/uploads\/sites\/28\/2025\/12\/IMG_2414-300x200.jpg 300w, https:\/\/ee.mlfmonde.org\/comilog\/wp-content\/uploads\/sites\/28\/2025\/12\/IMG_2414-768x512.jpg 768w, https:\/\/ee.mlfmonde.org\/comilog\/wp-content\/uploads\/sites\/28\/2025\/12\/IMG_2414-1536x1024.jpg 1536w, https:\/\/ee.mlfmonde.org\/comilog\/wp-content\/uploads\/sites\/28\/2025\/12\/IMG_2414-2048x1365.jpg 2048w, https:\/\/ee.mlfmonde.org\/comilog\/wp-content\/uploads\/sites\/28\/2025\/12\/IMG_2414-570x380.jpg 570w\" sizes=\"(max-width: 1024px) 100vw, 1024px\" \/><\/figure>\n\n\n\n<figure class=\"wp-block-image size-large\"><img decoding=\"async\" width=\"1024\" height=\"768\" data-id=\"3294\" src=\"http:\/\/ee.mlfmonde.org\/comilog\/wp-content\/uploads\/sites\/28\/2025\/11\/IMG-20251120-WA0293-1024x768.jpg\" alt=\"\" class=\"wp-image-3294\" srcset=\"https:\/\/ee.mlfmonde.org\/comilog\/wp-content\/uploads\/sites\/28\/2025\/11\/IMG-20251120-WA0293-1024x768.jpg 1024w, https:\/\/ee.mlfmonde.org\/comilog\/wp-content\/uploads\/sites\/28\/2025\/11\/IMG-20251120-WA0293-300x225.jpg 300w, https:\/\/ee.mlfmonde.org\/comilog\/wp-content\/uploads\/sites\/28\/2025\/11\/IMG-20251120-WA0293-768x576.jpg 768w, https:\/\/ee.mlfmonde.org\/comilog\/wp-content\/uploads\/sites\/28\/2025\/11\/IMG-20251120-WA0293-1536x1152.jpg 1536w, https:\/\/ee.mlfmonde.org\/comilog\/wp-content\/uploads\/sites\/28\/2025\/11\/IMG-20251120-WA0293-2048x1536.jpg 2048w, https:\/\/ee.mlfmonde.org\/comilog\/wp-content\/uploads\/sites\/28\/2025\/11\/IMG-20251120-WA0293-570x428.jpg 570w\" sizes=\"(max-width: 1024px) 100vw, 1024px\" \/><\/figure>\n<\/figure>\n\n\n\n<p class=\"has-medium-font-size\">Ils ont appris les gestes essentiels du jardinier : <strong>creuser la terre<\/strong>, <strong>planter les graines<\/strong>, puis <strong>arroser r\u00e9guli\u00e8rement<\/strong> pour en prendre soin.<br>Ils ont mis en terre plusieurs l\u00e9gumes : <strong>tomates, radis, courgettes, aubergines et concombres<\/strong>.<\/p>\n\n\n\n<p class=\"has-medium-font-size\">Cette activit\u00e9 leur a permis d\u2019observer la nature, de comprendre le cycle des plantes et de d\u00e9velopper patience, responsabilit\u00e9 et coop\u00e9ration, autant de valeurs au c\u0153ur de cette journ\u00e9e d\u00e9di\u00e9e aux droits et au bien-\u00eatre des enfants.<\/p>\n\n\n\n<figure class=\"wp-block-gallery has-nested-images columns-default is-cropped wp-block-gallery-2 is-layout-flex wp-block-gallery-is-layout-flex\">\n<figure class=\"wp-block-image size-large\"><img decoding=\"async\" width=\"768\" height=\"1024\" data-id=\"3296\" src=\"https:\/\/ee.mlfmonde.org\/comilog\/wp-content\/uploads\/sites\/28\/2025\/11\/IMG-20251120-WA0198-768x1024.jpg\" alt=\"\" class=\"wp-image-3296\" srcset=\"https:\/\/ee.mlfmonde.org\/comilog\/wp-content\/uploads\/sites\/28\/2025\/11\/IMG-20251120-WA0198-768x1024.jpg 768w, https:\/\/ee.mlfmonde.org\/comilog\/wp-content\/uploads\/sites\/28\/2025\/11\/IMG-20251120-WA0198-225x300.jpg 225w, https:\/\/ee.mlfmonde.org\/comilog\/wp-content\/uploads\/sites\/28\/2025\/11\/IMG-20251120-WA0198-1152x1536.jpg 1152w, https:\/\/ee.mlfmonde.org\/comilog\/wp-content\/uploads\/sites\/28\/2025\/11\/IMG-20251120-WA0198-1536x2048.jpg 1536w, https:\/\/ee.mlfmonde.org\/comilog\/wp-content\/uploads\/sites\/28\/2025\/11\/IMG-20251120-WA0198-570x760.jpg 570w, https:\/\/ee.mlfmonde.org\/comilog\/wp-content\/uploads\/sites\/28\/2025\/11\/IMG-20251120-WA0198.jpg 1920w\" sizes=\"(max-width: 768px) 100vw, 768px\" \/><\/figure>\n\n\n\n<figure class=\"wp-block-image size-large\"><img loading=\"lazy\" decoding=\"async\" width=\"768\" height=\"1024\" data-id=\"3297\" src=\"https:\/\/ee.mlfmonde.org\/comilog\/wp-content\/uploads\/sites\/28\/2025\/11\/IMG-20251120-WA0225-768x1024.jpg\" alt=\"\" class=\"wp-image-3297\" srcset=\"https:\/\/ee.mlfmonde.org\/comilog\/wp-content\/uploads\/sites\/28\/2025\/11\/IMG-20251120-WA0225-768x1024.jpg 768w, https:\/\/ee.mlfmonde.org\/comilog\/wp-content\/uploads\/sites\/28\/2025\/11\/IMG-20251120-WA0225-225x300.jpg 225w, https:\/\/ee.mlfmonde.org\/comilog\/wp-content\/uploads\/sites\/28\/2025\/11\/IMG-20251120-WA0225-1152x1536.jpg 1152w, https:\/\/ee.mlfmonde.org\/comilog\/wp-content\/uploads\/sites\/28\/2025\/11\/IMG-20251120-WA0225-1536x2048.jpg 1536w, https:\/\/ee.mlfmonde.org\/comilog\/wp-content\/uploads\/sites\/28\/2025\/11\/IMG-20251120-WA0225-570x760.jpg 570w, https:\/\/ee.mlfmonde.org\/comilog\/wp-content\/uploads\/sites\/28\/2025\/11\/IMG-20251120-WA0225.jpg 1920w\" sizes=\"(max-width: 768px) 100vw, 768px\" \/><\/figure>\n\n\n\n<figure class=\"wp-block-image size-large\"><img loading=\"lazy\" decoding=\"async\" width=\"1024\" height=\"768\" data-id=\"3285\" src=\"https:\/\/ee.mlfmonde.org\/comilog\/wp-content\/uploads\/sites\/28\/2025\/11\/IMG-20251120-WA0287-1024x768.jpg\" alt=\"\" class=\"wp-image-3285\" srcset=\"https:\/\/ee.mlfmonde.org\/comilog\/wp-content\/uploads\/sites\/28\/2025\/11\/IMG-20251120-WA0287-1024x768.jpg 1024w, https:\/\/ee.mlfmonde.org\/comilog\/wp-content\/uploads\/sites\/28\/2025\/11\/IMG-20251120-WA0287-300x225.jpg 300w, https:\/\/ee.mlfmonde.org\/comilog\/wp-content\/uploads\/sites\/28\/2025\/11\/IMG-20251120-WA0287-768x576.jpg 768w, https:\/\/ee.mlfmonde.org\/comilog\/wp-content\/uploads\/sites\/28\/2025\/11\/IMG-20251120-WA0287-1536x1152.jpg 1536w, https:\/\/ee.mlfmonde.org\/comilog\/wp-content\/uploads\/sites\/28\/2025\/11\/IMG-20251120-WA0287-2048x1536.jpg 2048w, https:\/\/ee.mlfmonde.org\/comilog\/wp-content\/uploads\/sites\/28\/2025\/11\/IMG-20251120-WA0287-570x428.jpg 570w\" sizes=\"(max-width: 1024px) 100vw, 1024px\" \/><\/figure>\n\n\n\n<figure class=\"wp-block-image size-large\"><img loading=\"lazy\" decoding=\"async\" width=\"768\" height=\"1024\" data-id=\"3289\" src=\"https:\/\/ee.mlfmonde.org\/comilog\/wp-content\/uploads\/sites\/28\/2025\/11\/IMG-20251120-WA0285-768x1024.jpg\" alt=\"\" class=\"wp-image-3289\" srcset=\"https:\/\/ee.mlfmonde.org\/comilog\/wp-content\/uploads\/sites\/28\/2025\/11\/IMG-20251120-WA0285-768x1024.jpg 768w, https:\/\/ee.mlfmonde.org\/comilog\/wp-content\/uploads\/sites\/28\/2025\/11\/IMG-20251120-WA0285-225x300.jpg 225w, https:\/\/ee.mlfmonde.org\/comilog\/wp-content\/uploads\/sites\/28\/2025\/11\/IMG-20251120-WA0285-1152x1536.jpg 1152w, https:\/\/ee.mlfmonde.org\/comilog\/wp-content\/uploads\/sites\/28\/2025\/11\/IMG-20251120-WA0285-1536x2048.jpg 1536w, https:\/\/ee.mlfmonde.org\/comilog\/wp-content\/uploads\/sites\/28\/2025\/11\/IMG-20251120-WA0285-570x760.jpg 570w, https:\/\/ee.mlfmonde.org\/comilog\/wp-content\/uploads\/sites\/28\/2025\/11\/IMG-20251120-WA0285.jpg 1920w\" sizes=\"(max-width: 768px) 100vw, 768px\" \/><\/figure>\n\n\n\n<figure class=\"wp-block-image size-large\"><img loading=\"lazy\" decoding=\"async\" width=\"768\" height=\"1024\" data-id=\"3283\" src=\"https:\/\/ee.mlfmonde.org\/comilog\/wp-content\/uploads\/sites\/28\/2025\/11\/IMG-20251120-WA0227-768x1024.jpg\" alt=\"\" class=\"wp-image-3283\" srcset=\"https:\/\/ee.mlfmonde.org\/comilog\/wp-content\/uploads\/sites\/28\/2025\/11\/IMG-20251120-WA0227-768x1024.jpg 768w, https:\/\/ee.mlfmonde.org\/comilog\/wp-content\/uploads\/sites\/28\/2025\/11\/IMG-20251120-WA0227-225x300.jpg 225w, https:\/\/ee.mlfmonde.org\/comilog\/wp-content\/uploads\/sites\/28\/2025\/11\/IMG-20251120-WA0227-1152x1536.jpg 1152w, https:\/\/ee.mlfmonde.org\/comilog\/wp-content\/uploads\/sites\/28\/2025\/11\/IMG-20251120-WA0227-1536x2048.jpg 1536w, https:\/\/ee.mlfmonde.org\/comilog\/wp-content\/uploads\/sites\/28\/2025\/11\/IMG-20251120-WA0227-570x760.jpg 570w, https:\/\/ee.mlfmonde.org\/comilog\/wp-content\/uploads\/sites\/28\/2025\/11\/IMG-20251120-WA0227.jpg 1920w\" sizes=\"(max-width: 768px) 100vw, 768px\" \/><\/figure>\n\n\n\n<figure class=\"wp-block-image size-large\"><img loading=\"lazy\" decoding=\"async\" width=\"768\" height=\"1024\" data-id=\"3282\" src=\"https:\/\/ee.mlfmonde.org\/comilog\/wp-content\/uploads\/sites\/28\/2025\/11\/IMG-20251120-WA0221-768x1024.jpg\" alt=\"\" class=\"wp-image-3282\" srcset=\"https:\/\/ee.mlfmonde.org\/comilog\/wp-content\/uploads\/sites\/28\/2025\/11\/IMG-20251120-WA0221-768x1024.jpg 768w, https:\/\/ee.mlfmonde.org\/comilog\/wp-content\/uploads\/sites\/28\/2025\/11\/IMG-20251120-WA0221-225x300.jpg 225w, https:\/\/ee.mlfmonde.org\/comilog\/wp-content\/uploads\/sites\/28\/2025\/11\/IMG-20251120-WA0221-1152x1536.jpg 1152w, https:\/\/ee.mlfmonde.org\/comilog\/wp-content\/uploads\/sites\/28\/2025\/11\/IMG-20251120-WA0221-1536x2048.jpg 1536w, https:\/\/ee.mlfmonde.org\/comilog\/wp-content\/uploads\/sites\/28\/2025\/11\/IMG-20251120-WA0221-570x760.jpg 570w, https:\/\/ee.mlfmonde.org\/comilog\/wp-content\/uploads\/sites\/28\/2025\/11\/IMG-20251120-WA0221.jpg 1920w\" sizes=\"(max-width: 768px) 100vw, 768px\" \/><\/figure>\n\n\n\n<figure class=\"wp-block-image size-large\"><img loading=\"lazy\" decoding=\"async\" width=\"768\" height=\"1024\" data-id=\"3292\" src=\"https:\/\/ee.mlfmonde.org\/comilog\/wp-content\/uploads\/sites\/28\/2025\/11\/IMG-20251120-WA0237-768x1024.jpg\" alt=\"\" class=\"wp-image-3292\" srcset=\"https:\/\/ee.mlfmonde.org\/comilog\/wp-content\/uploads\/sites\/28\/2025\/11\/IMG-20251120-WA0237-768x1024.jpg 768w, https:\/\/ee.mlfmonde.org\/comilog\/wp-content\/uploads\/sites\/28\/2025\/11\/IMG-20251120-WA0237-225x300.jpg 225w, https:\/\/ee.mlfmonde.org\/comilog\/wp-content\/uploads\/sites\/28\/2025\/11\/IMG-20251120-WA0237-1152x1536.jpg 1152w, https:\/\/ee.mlfmonde.org\/comilog\/wp-content\/uploads\/sites\/28\/2025\/11\/IMG-20251120-WA0237-1536x2048.jpg 1536w, https:\/\/ee.mlfmonde.org\/comilog\/wp-content\/uploads\/sites\/28\/2025\/11\/IMG-20251120-WA0237-570x760.jpg 570w, https:\/\/ee.mlfmonde.org\/comilog\/wp-content\/uploads\/sites\/28\/2025\/11\/IMG-20251120-WA0237.jpg 1920w\" sizes=\"(max-width: 768px) 100vw, 768px\" \/><\/figure>\n\n\n\n<figure class=\"wp-block-image size-large\"><img loading=\"lazy\" decoding=\"async\" width=\"768\" height=\"1024\" data-id=\"3293\" src=\"https:\/\/ee.mlfmonde.org\/comilog\/wp-content\/uploads\/sites\/28\/2025\/11\/IMG-20251120-WA0264-768x1024.jpg\" alt=\"\" class=\"wp-image-3293\" srcset=\"https:\/\/ee.mlfmonde.org\/comilog\/wp-content\/uploads\/sites\/28\/2025\/11\/IMG-20251120-WA0264-768x1024.jpg 768w, https:\/\/ee.mlfmonde.org\/comilog\/wp-content\/uploads\/sites\/28\/2025\/11\/IMG-20251120-WA0264-225x300.jpg 225w, https:\/\/ee.mlfmonde.org\/comilog\/wp-content\/uploads\/sites\/28\/2025\/11\/IMG-20251120-WA0264-1152x1536.jpg 1152w, https:\/\/ee.mlfmonde.org\/comilog\/wp-content\/uploads\/sites\/28\/2025\/11\/IMG-20251120-WA0264-1536x2048.jpg 1536w, https:\/\/ee.mlfmonde.org\/comilog\/wp-content\/uploads\/sites\/28\/2025\/11\/IMG-20251120-WA0264-570x760.jpg 570w, https:\/\/ee.mlfmonde.org\/comilog\/wp-content\/uploads\/sites\/28\/2025\/11\/IMG-20251120-WA0264.jpg 1920w\" sizes=\"(max-width: 768px) 100vw, 768px\" \/><\/figure>\n\n\n\n<figure class=\"wp-block-image size-large\"><img loading=\"lazy\" decoding=\"async\" width=\"768\" height=\"1024\" data-id=\"3280\" src=\"https:\/\/ee.mlfmonde.org\/comilog\/wp-content\/uploads\/sites\/28\/2025\/11\/IMG-20251120-WA0190-768x1024.jpg\" alt=\"\" class=\"wp-image-3280\" srcset=\"https:\/\/ee.mlfmonde.org\/comilog\/wp-content\/uploads\/sites\/28\/2025\/11\/IMG-20251120-WA0190-768x1024.jpg 768w, https:\/\/ee.mlfmonde.org\/comilog\/wp-content\/uploads\/sites\/28\/2025\/11\/IMG-20251120-WA0190-225x300.jpg 225w, https:\/\/ee.mlfmonde.org\/comilog\/wp-content\/uploads\/sites\/28\/2025\/11\/IMG-20251120-WA0190-1152x1536.jpg 1152w, https:\/\/ee.mlfmonde.org\/comilog\/wp-content\/uploads\/sites\/28\/2025\/11\/IMG-20251120-WA0190-1536x2048.jpg 1536w, https:\/\/ee.mlfmonde.org\/comilog\/wp-content\/uploads\/sites\/28\/2025\/11\/IMG-20251120-WA0190-570x760.jpg 570w, https:\/\/ee.mlfmonde.org\/comilog\/wp-content\/uploads\/sites\/28\/2025\/11\/IMG-20251120-WA0190.jpg 1920w\" sizes=\"(max-width: 768px) 100vw, 768px\" \/><\/figure>\n<\/figure>\n\n\n\n<p class=\"has-medium-font-size\">Convention entre la SCOOPS Coop\u00e9rative agricole int\u00e9gr\u00e9e de Moanda, soci\u00e9t\u00e9 O&#8217;rizon et la soci\u00e9t\u00e9 AGRIDIS<\/p>\n\n\n\n<p><\/p>\n","protected":false},"excerpt":{"rendered":"<p>\u00c0 l\u2019occasion de la Journ\u00e9e internationale des droits de l\u2019enfant du 20 novembre, tous les \u00e9l\u00e8ves de CE2 ont particip\u00e9 \u00e0 une activit\u00e9 jardinage au potager de l\u2019\u00e9cole, un moment privil\u00e9gi\u00e9 pour c\u00e9l\u00e9brer leur curiosit\u00e9, leurs droits et leur \u00e9panouissement. Ils ont appris les gestes essentiels du jardinier : creuser la terre, planter les graines, [&hellip;]<\/p>\n","protected":false},"author":166,"featured_media":0,"parent":0,"menu_order":0,"comment_status":"closed","ping_status":"closed","template":"","meta":{"_acf_changed":false,"footnotes":""},"class_list":["post-3286","page","type-page","status-publish","czr-hentry"],"acf":[],"_links":{"self":[{"href":"https:\/\/ee.mlfmonde.org\/comilog\/wp-json\/wp\/v2\/pages\/3286","targetHints":{"allow":["GET"]}}],"collection":[{"href":"https:\/\/ee.mlfmonde.org\/comilog\/wp-json\/wp\/v2\/pages"}],"about":[{"href":"https:\/\/ee.mlfmonde.org\/comilog\/wp-json\/wp\/v2\/types\/page"}],"author":[{"embeddable":true,"href":"https:\/\/ee.mlfmonde.org\/comilog\/wp-json\/wp\/v2\/users\/166"}],"replies":[{"embeddable":true,"href":"https:\/\/ee.mlfmonde.org\/comilog\/wp-json\/wp\/v2\/comments?post=3286"}],"version-history":[{"count":8,"href":"https:\/\/ee.mlfmonde.org\/comilog\/wp-json\/wp\/v2\/pages\/3286\/revisions"}],"predecessor-version":[{"id":3329,"href":"https:\/\/ee.mlfmonde.org\/comilog\/wp-json\/wp\/v2\/pages\/3286\/revisions\/3329"}],"wp:attachment":[{"href":"https:\/\/ee.mlfmonde.org\/comilog\/wp-json\/wp\/v2\/media?parent=3286"}],"curies":[{"name":"wp","href":"https:\/\/api.w.org\/{rel}","templated":true}]}}