{"id":3240,"date":"2025-11-12T16:35:52","date_gmt":"2025-11-12T16:35:52","guid":{"rendered":"https:\/\/ee.mlfmonde.org\/comilog\/?page_id=3240"},"modified":"2025-11-12T16:35:54","modified_gmt":"2025-11-12T16:35:54","slug":"la-semaine-du-gout-des-psa","status":"publish","type":"page","link":"https:\/\/ee.mlfmonde.org\/comilog\/la-semaine-du-gout-des-psa\/","title":{"rendered":"La semaine du go\u00fbt des PSA"},"content":{"rendered":"\n<p class=\"has-medium-font-size\"><strong>Le&nbsp;lundi 13 octobre&nbsp;2025, toute la classe de PSA \u00e9tait en sortie.<\/strong><\/p>\n\n\n\n<p class=\"has-medium-font-size\">Nous avons pris le bus pour aller au Buding o\u00f9 nous avons \u00e9t\u00e9 tr\u00e8s bien accueillis. L&#8217;\u00e9quipe de l&#8217;h\u00f4tel nous a d&#8217;abord fait visiter une partie des lieux, dont la boutique de viennoiseries. Nous sommes ensuite entr\u00e9s dans la cuisine o\u00f9 les chefs nous concoctaient quelques plats. Ils nous ont \u00e9galement montr\u00e9 le p\u00e9trin et le laminoir. Puis nous avons d\u00e9gust\u00e9 de nombreux fruits et l\u00e9gumes crus et pr\u00e9par\u00e9s : tarte \u00e0 la noix de coco, pommes, bambous confits (pil\u00e9s, cuits avec du sucre et de l&#8217;huile de palme), ananas, oranges, cl\u00e9mentines, quiches aux brocolis, pizzas aux l\u00e9gumes, jus de bissap.<\/p>\n\n\n\n<figure class=\"wp-block-gallery has-nested-images columns-default is-cropped wp-block-gallery-1 is-layout-flex wp-block-gallery-is-layout-flex\">\n<figure class=\"wp-block-image size-large\"><img fetchpriority=\"high\" decoding=\"async\" width=\"768\" height=\"1024\" data-id=\"3246\" src=\"https:\/\/ee.mlfmonde.org\/comilog\/wp-content\/uploads\/sites\/28\/2025\/11\/IMG_7140-768x1024.jpg\" alt=\"\" class=\"wp-image-3246\" srcset=\"https:\/\/ee.mlfmonde.org\/comilog\/wp-content\/uploads\/sites\/28\/2025\/11\/IMG_7140-768x1024.jpg 768w, https:\/\/ee.mlfmonde.org\/comilog\/wp-content\/uploads\/sites\/28\/2025\/11\/IMG_7140-225x300.jpg 225w, https:\/\/ee.mlfmonde.org\/comilog\/wp-content\/uploads\/sites\/28\/2025\/11\/IMG_7140-1152x1536.jpg 1152w, https:\/\/ee.mlfmonde.org\/comilog\/wp-content\/uploads\/sites\/28\/2025\/11\/IMG_7140-1536x2048.jpg 1536w, https:\/\/ee.mlfmonde.org\/comilog\/wp-content\/uploads\/sites\/28\/2025\/11\/IMG_7140-570x760.jpg 570w, https:\/\/ee.mlfmonde.org\/comilog\/wp-content\/uploads\/sites\/28\/2025\/11\/IMG_7140-scaled.jpg 1920w\" sizes=\"(max-width: 768px) 100vw, 768px\" \/><\/figure>\n\n\n\n<figure class=\"wp-block-image size-large\"><img decoding=\"async\" width=\"768\" height=\"1024\" data-id=\"3245\" src=\"https:\/\/ee.mlfmonde.org\/comilog\/wp-content\/uploads\/sites\/28\/2025\/11\/IMG_7145-768x1024.jpg\" alt=\"\" class=\"wp-image-3245\" srcset=\"https:\/\/ee.mlfmonde.org\/comilog\/wp-content\/uploads\/sites\/28\/2025\/11\/IMG_7145-768x1024.jpg 768w, https:\/\/ee.mlfmonde.org\/comilog\/wp-content\/uploads\/sites\/28\/2025\/11\/IMG_7145-225x300.jpg 225w, https:\/\/ee.mlfmonde.org\/comilog\/wp-content\/uploads\/sites\/28\/2025\/11\/IMG_7145-1152x1536.jpg 1152w, https:\/\/ee.mlfmonde.org\/comilog\/wp-content\/uploads\/sites\/28\/2025\/11\/IMG_7145-1536x2048.jpg 1536w, https:\/\/ee.mlfmonde.org\/comilog\/wp-content\/uploads\/sites\/28\/2025\/11\/IMG_7145-570x760.jpg 570w, https:\/\/ee.mlfmonde.org\/comilog\/wp-content\/uploads\/sites\/28\/2025\/11\/IMG_7145-scaled.jpg 1920w\" sizes=\"(max-width: 768px) 100vw, 768px\" \/><\/figure>\n\n\n\n<figure class=\"wp-block-image size-large\"><img decoding=\"async\" width=\"768\" height=\"1024\" data-id=\"3242\" src=\"https:\/\/ee.mlfmonde.org\/comilog\/wp-content\/uploads\/sites\/28\/2025\/11\/IMG_7177-768x1024.jpg\" alt=\"\" class=\"wp-image-3242\" srcset=\"https:\/\/ee.mlfmonde.org\/comilog\/wp-content\/uploads\/sites\/28\/2025\/11\/IMG_7177-768x1024.jpg 768w, https:\/\/ee.mlfmonde.org\/comilog\/wp-content\/uploads\/sites\/28\/2025\/11\/IMG_7177-225x300.jpg 225w, https:\/\/ee.mlfmonde.org\/comilog\/wp-content\/uploads\/sites\/28\/2025\/11\/IMG_7177-1152x1536.jpg 1152w, https:\/\/ee.mlfmonde.org\/comilog\/wp-content\/uploads\/sites\/28\/2025\/11\/IMG_7177-570x760.jpg 570w, https:\/\/ee.mlfmonde.org\/comilog\/wp-content\/uploads\/sites\/28\/2025\/11\/IMG_7177.jpg 1536w\" sizes=\"(max-width: 768px) 100vw, 768px\" \/><\/figure>\n<\/figure>\n\n\n\n<div class=\"wp-block-media-text is-stacked-on-mobile\"><figure class=\"wp-block-media-text__media\"><img loading=\"lazy\" decoding=\"async\" width=\"1024\" height=\"768\" src=\"http:\/\/ee.mlfmonde.org\/comilog\/wp-content\/uploads\/sites\/28\/2025\/11\/IMG_7267-2-1024x768.jpg\" alt=\"\" class=\"wp-image-3250 size-full\" srcset=\"https:\/\/ee.mlfmonde.org\/comilog\/wp-content\/uploads\/sites\/28\/2025\/11\/IMG_7267-2-1024x768.jpg 1024w, https:\/\/ee.mlfmonde.org\/comilog\/wp-content\/uploads\/sites\/28\/2025\/11\/IMG_7267-2-300x225.jpg 300w, https:\/\/ee.mlfmonde.org\/comilog\/wp-content\/uploads\/sites\/28\/2025\/11\/IMG_7267-2-768x576.jpg 768w, https:\/\/ee.mlfmonde.org\/comilog\/wp-content\/uploads\/sites\/28\/2025\/11\/IMG_7267-2-1536x1152.jpg 1536w, https:\/\/ee.mlfmonde.org\/comilog\/wp-content\/uploads\/sites\/28\/2025\/11\/IMG_7267-2-2048x1536.jpg 2048w, https:\/\/ee.mlfmonde.org\/comilog\/wp-content\/uploads\/sites\/28\/2025\/11\/IMG_7267-2-570x428.jpg 570w\" sizes=\"(max-width: 1024px) 100vw, 1024px\" \/><\/figure><div class=\"wp-block-media-text__content\">\n<p class=\"has-medium-font-size\"><strong>Le&nbsp;<\/strong><strong>mar<\/strong><strong>di 1<\/strong><strong>4<\/strong><strong>&nbsp;octobre<\/strong><strong>,&nbsp;<\/strong><strong>nous avons class\u00e9 des aliments par couleurs.<\/strong><br>Objectifs&nbsp;:<br>&#8211; nommer les aliments,<br>&#8211; nommer les couleurs,<\/p>\n\n\n\n<p class=\"has-medium-font-size\">&#8211; classer par couleurs<\/p>\n<\/div><\/div>\n\n\n\n<div class=\"wp-block-media-text has-media-on-the-right is-stacked-on-mobile\"><div class=\"wp-block-media-text__content\">\n<p class=\"has-medium-font-size\"><strong>M<\/strong><strong>ercredi 15 octobre<\/strong><strong>&nbsp;: pr\u00e9paration d&#8217;une soupe de l\u00e9gumes et d&#8217;une salade de fruits.&nbsp;<\/strong><\/p>\n\n\n\n<p class=\"has-medium-font-size\">Mana, la maman de Steana, a apport\u00e9 tous ses ustensiles et ingr\u00e9dients pour nous apprendre \u00e0 r\u00e9aliser ces deux recettes. Les enfants ont tous mis la main \u00e0 la p\u00e2te en \u00e9pluchant et en coupant fruits et l\u00e9gumes. Ils se sont \u00e0 nouveau r\u00e9gal\u00e9s, et la soupe a particuli\u00e8rement \u00e9t\u00e9 appr\u00e9ci\u00e9e, \u00e0 notre grand \u00e9tonnement !<\/p>\n<\/div><figure class=\"wp-block-media-text__media\"><img loading=\"lazy\" decoding=\"async\" width=\"1024\" height=\"768\" src=\"http:\/\/ee.mlfmonde.org\/comilog\/wp-content\/uploads\/sites\/28\/2025\/11\/IMG_7541-1024x768.jpg\" alt=\"\" class=\"wp-image-3248 size-full\" srcset=\"https:\/\/ee.mlfmonde.org\/comilog\/wp-content\/uploads\/sites\/28\/2025\/11\/IMG_7541-1024x768.jpg 1024w, https:\/\/ee.mlfmonde.org\/comilog\/wp-content\/uploads\/sites\/28\/2025\/11\/IMG_7541-300x225.jpg 300w, https:\/\/ee.mlfmonde.org\/comilog\/wp-content\/uploads\/sites\/28\/2025\/11\/IMG_7541-768x576.jpg 768w, https:\/\/ee.mlfmonde.org\/comilog\/wp-content\/uploads\/sites\/28\/2025\/11\/IMG_7541-1536x1152.jpg 1536w, https:\/\/ee.mlfmonde.org\/comilog\/wp-content\/uploads\/sites\/28\/2025\/11\/IMG_7541-2048x1536.jpg 2048w, https:\/\/ee.mlfmonde.org\/comilog\/wp-content\/uploads\/sites\/28\/2025\/11\/IMG_7541-570x428.jpg 570w\" sizes=\"(max-width: 1024px) 100vw, 1024px\" \/><\/figure><\/div>\n","protected":false},"excerpt":{"rendered":"<p>Le&nbsp;lundi 13 octobre&nbsp;2025, toute la classe de PSA \u00e9tait en sortie. Nous avons pris le bus pour aller au Buding o\u00f9 nous avons \u00e9t\u00e9 tr\u00e8s bien accueillis. L&#8217;\u00e9quipe de l&#8217;h\u00f4tel nous a d&#8217;abord fait visiter une partie des lieux, dont la boutique de viennoiseries. Nous sommes ensuite entr\u00e9s dans la cuisine o\u00f9 les chefs nous [&hellip;]<\/p>\n","protected":false},"author":166,"featured_media":0,"parent":0,"menu_order":0,"comment_status":"closed","ping_status":"closed","template":"","meta":{"_acf_changed":false,"footnotes":""},"class_list":["post-3240","page","type-page","status-publish","czr-hentry"],"acf":[],"_links":{"self":[{"href":"https:\/\/ee.mlfmonde.org\/comilog\/wp-json\/wp\/v2\/pages\/3240","targetHints":{"allow":["GET"]}}],"collection":[{"href":"https:\/\/ee.mlfmonde.org\/comilog\/wp-json\/wp\/v2\/pages"}],"about":[{"href":"https:\/\/ee.mlfmonde.org\/comilog\/wp-json\/wp\/v2\/types\/page"}],"author":[{"embeddable":true,"href":"https:\/\/ee.mlfmonde.org\/comilog\/wp-json\/wp\/v2\/users\/166"}],"replies":[{"embeddable":true,"href":"https:\/\/ee.mlfmonde.org\/comilog\/wp-json\/wp\/v2\/comments?post=3240"}],"version-history":[{"count":3,"href":"https:\/\/ee.mlfmonde.org\/comilog\/wp-json\/wp\/v2\/pages\/3240\/revisions"}],"predecessor-version":[{"id":3264,"href":"https:\/\/ee.mlfmonde.org\/comilog\/wp-json\/wp\/v2\/pages\/3240\/revisions\/3264"}],"wp:attachment":[{"href":"https:\/\/ee.mlfmonde.org\/comilog\/wp-json\/wp\/v2\/media?parent=3240"}],"curies":[{"name":"wp","href":"https:\/\/api.w.org\/{rel}","templated":true}]}}