{"id":3232,"date":"2025-11-12T16:27:53","date_gmt":"2025-11-12T16:27:53","guid":{"rendered":"https:\/\/ee.mlfmonde.org\/comilog\/?page_id=3232"},"modified":"2025-12-09T14:10:49","modified_gmt":"2025-12-09T14:10:49","slug":"aquarium-geant-projet-artistique-ce2-a","status":"publish","type":"page","link":"https:\/\/ee.mlfmonde.org\/comilog\/aquarium-geant-projet-artistique-ce2-a\/","title":{"rendered":"Aquarium g\u00e9ant \u2013 Projet artistique CE2 A"},"content":{"rendered":"\n<p class=\"has-medium-font-size\">Ce projet d\u2019arts visuels s\u2019inscrit dans une d\u00e9marche collective visant \u00e0 sensibiliser les \u00e9l\u00e8ves de CE2 \u00e0 la biodiversit\u00e9 marine et \u00e0 la protection de l&#8217;environnement. \u00c0 partir de la th\u00e9matique de l&#8217; &#8220;Aquarium g\u00e9ant &#8220;, les enfants cr\u00e9ent une installation artistique compos\u00e9e de poissons r\u00e9alis\u00e9s par empreintes de mains, de coraux et d&#8217;\u00e9l\u00e9ments marins stylis\u00e9s. L\u2019activit\u00e9 valorise la<br>coop\u00e9ration, la cr\u00e9ativit\u00e9 et l\u2019observation du monde vivant.<\/p>\n\n\n\n<figure class=\"wp-block-gallery has-nested-images columns-default is-cropped wp-block-gallery-1 is-layout-flex wp-block-gallery-is-layout-flex\">\n<figure class=\"wp-block-image size-large\"><img fetchpriority=\"high\" decoding=\"async\" width=\"1024\" height=\"768\" data-id=\"3227\" src=\"https:\/\/ee.mlfmonde.org\/comilog\/wp-content\/uploads\/sites\/28\/2025\/11\/WhatsApp-Image-2025-10-06-a-13.12.34_a217219b-1024x768.jpg\" alt=\"\" class=\"wp-image-3227\" srcset=\"https:\/\/ee.mlfmonde.org\/comilog\/wp-content\/uploads\/sites\/28\/2025\/11\/WhatsApp-Image-2025-10-06-a-13.12.34_a217219b-1024x768.jpg 1024w, https:\/\/ee.mlfmonde.org\/comilog\/wp-content\/uploads\/sites\/28\/2025\/11\/WhatsApp-Image-2025-10-06-a-13.12.34_a217219b-300x225.jpg 300w, https:\/\/ee.mlfmonde.org\/comilog\/wp-content\/uploads\/sites\/28\/2025\/11\/WhatsApp-Image-2025-10-06-a-13.12.34_a217219b-768x576.jpg 768w, https:\/\/ee.mlfmonde.org\/comilog\/wp-content\/uploads\/sites\/28\/2025\/11\/WhatsApp-Image-2025-10-06-a-13.12.34_a217219b-1536x1152.jpg 1536w, https:\/\/ee.mlfmonde.org\/comilog\/wp-content\/uploads\/sites\/28\/2025\/11\/WhatsApp-Image-2025-10-06-a-13.12.34_a217219b-2048x1536.jpg 2048w, https:\/\/ee.mlfmonde.org\/comilog\/wp-content\/uploads\/sites\/28\/2025\/11\/WhatsApp-Image-2025-10-06-a-13.12.34_a217219b-570x428.jpg 570w\" sizes=\"(max-width: 1024px) 100vw, 1024px\" \/><\/figure>\n\n\n\n<figure class=\"wp-block-image size-large\"><img decoding=\"async\" width=\"1024\" height=\"768\" data-id=\"3229\" src=\"https:\/\/ee.mlfmonde.org\/comilog\/wp-content\/uploads\/sites\/28\/2025\/11\/WhatsApp-Image-2025-10-06-a-13.12.40_4cbc9013-1024x768.jpg\" alt=\"\" class=\"wp-image-3229\" srcset=\"https:\/\/ee.mlfmonde.org\/comilog\/wp-content\/uploads\/sites\/28\/2025\/11\/WhatsApp-Image-2025-10-06-a-13.12.40_4cbc9013-1024x768.jpg 1024w, https:\/\/ee.mlfmonde.org\/comilog\/wp-content\/uploads\/sites\/28\/2025\/11\/WhatsApp-Image-2025-10-06-a-13.12.40_4cbc9013-300x225.jpg 300w, https:\/\/ee.mlfmonde.org\/comilog\/wp-content\/uploads\/sites\/28\/2025\/11\/WhatsApp-Image-2025-10-06-a-13.12.40_4cbc9013-768x576.jpg 768w, https:\/\/ee.mlfmonde.org\/comilog\/wp-content\/uploads\/sites\/28\/2025\/11\/WhatsApp-Image-2025-10-06-a-13.12.40_4cbc9013-1536x1152.jpg 1536w, https:\/\/ee.mlfmonde.org\/comilog\/wp-content\/uploads\/sites\/28\/2025\/11\/WhatsApp-Image-2025-10-06-a-13.12.40_4cbc9013-2048x1536.jpg 2048w, https:\/\/ee.mlfmonde.org\/comilog\/wp-content\/uploads\/sites\/28\/2025\/11\/WhatsApp-Image-2025-10-06-a-13.12.40_4cbc9013-570x428.jpg 570w\" sizes=\"(max-width: 1024px) 100vw, 1024px\" \/><\/figure>\n<\/figure>\n\n\n\n<p class=\"has-medium-font-size\"><br>Amener les \u00e9l\u00e8ves \u00e0 repr\u00e9senter la faune marine \u00e0 travers un projet artistique collectif tout en d\u00e9veloppant leur sens de l\u2019observation et leur imagination. Favoriser l\u2019expression plastique et la compr\u00e9hension des enjeux environnementaux li\u00e9s aux milieux aquatiques.<br><\/p>\n\n\n\n<div class=\"wp-block-media-text is-stacked-on-mobile\" style=\"grid-template-columns:44% auto\"><figure class=\"wp-block-media-text__media\"><img decoding=\"async\" width=\"1024\" height=\"768\" src=\"http:\/\/ee.mlfmonde.org\/comilog\/wp-content\/uploads\/sites\/28\/2025\/11\/WhatsApp-Image-2025-10-06-a-13.12.34_95de7342-1024x768.jpg\" alt=\"\" class=\"wp-image-3226 size-full\" srcset=\"https:\/\/ee.mlfmonde.org\/comilog\/wp-content\/uploads\/sites\/28\/2025\/11\/WhatsApp-Image-2025-10-06-a-13.12.34_95de7342-1024x768.jpg 1024w, https:\/\/ee.mlfmonde.org\/comilog\/wp-content\/uploads\/sites\/28\/2025\/11\/WhatsApp-Image-2025-10-06-a-13.12.34_95de7342-300x225.jpg 300w, https:\/\/ee.mlfmonde.org\/comilog\/wp-content\/uploads\/sites\/28\/2025\/11\/WhatsApp-Image-2025-10-06-a-13.12.34_95de7342-768x576.jpg 768w, https:\/\/ee.mlfmonde.org\/comilog\/wp-content\/uploads\/sites\/28\/2025\/11\/WhatsApp-Image-2025-10-06-a-13.12.34_95de7342-1536x1152.jpg 1536w, https:\/\/ee.mlfmonde.org\/comilog\/wp-content\/uploads\/sites\/28\/2025\/11\/WhatsApp-Image-2025-10-06-a-13.12.34_95de7342-2048x1536.jpg 2048w, https:\/\/ee.mlfmonde.org\/comilog\/wp-content\/uploads\/sites\/28\/2025\/11\/WhatsApp-Image-2025-10-06-a-13.12.34_95de7342-570x428.jpg 570w\" sizes=\"(max-width: 1024px) 100vw, 1024px\" \/><\/figure><div class=\"wp-block-media-text__content\">\n<p class=\"has-medium-font-size\"><br>Travail collectif r\u00e9parti en ateliers : r\u00e9alisation des poissons, composition des fonds marins, mise en place de l\u2019installation. Chaque \u00e9l\u00e8ve contribue \u00e0 une partie de l\u2019ensemble, favorisant la coop\u00e9ration et la valorisation de la production commune. Correction collective et mise en valeur des productions au sein de l\u2019\u00e9cole.<\/p>\n\n\n\n<p><\/p>\n<\/div><\/div>\n\n\n\n<div class=\"wp-block-media-text has-media-on-the-right is-stacked-on-mobile\" style=\"grid-template-columns:auto 48%\"><div class=\"wp-block-media-text__content\">\n<p class=\"has-medium-font-size\"><br>Ce projet int\u00e8gre \u00e0 la fois des comp\u00e9tences artistiques et scientifiques. Les \u00e9l\u00e8ves observent des photographies de poissons et d\u2019\u00e9cosyst\u00e8mes marins pour inspirer leurs cr\u00e9ations. L\u2019usage des empreintes de mains renforce la dimension personnelle et symbolique du travail. La d\u00e9marche s\u2019inscrit dans une \u00e9ducation \u00e0 l\u2019environnement, d\u00e9veloppant la sensibilit\u00e9 artistique et \u00e9cologique<br>des enfants<\/p>\n\n\n\n<p><\/p>\n<\/div><figure class=\"wp-block-media-text__media\"><img loading=\"lazy\" decoding=\"async\" width=\"1024\" height=\"768\" src=\"http:\/\/ee.mlfmonde.org\/comilog\/wp-content\/uploads\/sites\/28\/2025\/11\/WhatsApp-Image-2025-10-06-a-13.12.33_43984acb-1024x768.jpg\" alt=\"\" class=\"wp-image-3225 size-full\" srcset=\"https:\/\/ee.mlfmonde.org\/comilog\/wp-content\/uploads\/sites\/28\/2025\/11\/WhatsApp-Image-2025-10-06-a-13.12.33_43984acb-1024x768.jpg 1024w, https:\/\/ee.mlfmonde.org\/comilog\/wp-content\/uploads\/sites\/28\/2025\/11\/WhatsApp-Image-2025-10-06-a-13.12.33_43984acb-300x225.jpg 300w, https:\/\/ee.mlfmonde.org\/comilog\/wp-content\/uploads\/sites\/28\/2025\/11\/WhatsApp-Image-2025-10-06-a-13.12.33_43984acb-768x576.jpg 768w, https:\/\/ee.mlfmonde.org\/comilog\/wp-content\/uploads\/sites\/28\/2025\/11\/WhatsApp-Image-2025-10-06-a-13.12.33_43984acb-1536x1152.jpg 1536w, https:\/\/ee.mlfmonde.org\/comilog\/wp-content\/uploads\/sites\/28\/2025\/11\/WhatsApp-Image-2025-10-06-a-13.12.33_43984acb-2048x1536.jpg 2048w, https:\/\/ee.mlfmonde.org\/comilog\/wp-content\/uploads\/sites\/28\/2025\/11\/WhatsApp-Image-2025-10-06-a-13.12.33_43984acb-570x428.jpg 570w\" sizes=\"(max-width: 1024px) 100vw, 1024px\" \/><\/figure><\/div>\n\n\n\n<div class=\"wp-block-group\"><div class=\"wp-block-group__inner-container is-layout-constrained wp-block-group-is-layout-constrained\">\n<p class=\"has-text-align-left has-medium-font-size\">Gwenaelle OUANNA<\/p>\n\n\n\n<p class=\"has-text-align-left has-medium-font-size\">Enseignante\u00a0de\u00a0CE2A<\/p>\n<\/div><\/div>\n","protected":false},"excerpt":{"rendered":"<p>Ce projet d\u2019arts visuels s\u2019inscrit dans une d\u00e9marche collective visant \u00e0 sensibiliser les \u00e9l\u00e8ves de CE2 \u00e0 la biodiversit\u00e9 marine et \u00e0 la protection de l&#8217;environnement. \u00c0 partir de la th\u00e9matique de l&#8217; &#8220;Aquarium g\u00e9ant &#8220;, les enfants cr\u00e9ent une installation artistique compos\u00e9e de poissons r\u00e9alis\u00e9s par empreintes de mains, de coraux et d&#8217;\u00e9l\u00e9ments marins [&hellip;]<\/p>\n","protected":false},"author":166,"featured_media":0,"parent":0,"menu_order":0,"comment_status":"closed","ping_status":"closed","template":"","meta":{"_acf_changed":false,"footnotes":""},"class_list":["post-3232","page","type-page","status-publish","czr-hentry"],"acf":[],"_links":{"self":[{"href":"https:\/\/ee.mlfmonde.org\/comilog\/wp-json\/wp\/v2\/pages\/3232","targetHints":{"allow":["GET"]}}],"collection":[{"href":"https:\/\/ee.mlfmonde.org\/comilog\/wp-json\/wp\/v2\/pages"}],"about":[{"href":"https:\/\/ee.mlfmonde.org\/comilog\/wp-json\/wp\/v2\/types\/page"}],"author":[{"embeddable":true,"href":"https:\/\/ee.mlfmonde.org\/comilog\/wp-json\/wp\/v2\/users\/166"}],"replies":[{"embeddable":true,"href":"https:\/\/ee.mlfmonde.org\/comilog\/wp-json\/wp\/v2\/comments?post=3232"}],"version-history":[{"count":11,"href":"https:\/\/ee.mlfmonde.org\/comilog\/wp-json\/wp\/v2\/pages\/3232\/revisions"}],"predecessor-version":[{"id":3276,"href":"https:\/\/ee.mlfmonde.org\/comilog\/wp-json\/wp\/v2\/pages\/3232\/revisions\/3276"}],"wp:attachment":[{"href":"https:\/\/ee.mlfmonde.org\/comilog\/wp-json\/wp\/v2\/media?parent=3232"}],"curies":[{"name":"wp","href":"https:\/\/api.w.org\/{rel}","templated":true}]}}