{"id":3222,"date":"2025-11-12T16:32:05","date_gmt":"2025-11-12T16:32:05","guid":{"rendered":"https:\/\/ee.mlfmonde.org\/comilog\/?page_id=3222"},"modified":"2025-11-12T16:32:33","modified_gmt":"2025-11-12T16:32:33","slug":"construire-une-voiture-mission-possible","status":"publish","type":"page","link":"https:\/\/ee.mlfmonde.org\/comilog\/construire-une-voiture-mission-possible\/","title":{"rendered":"Construire une voiture\u2026 mission possible !"},"content":{"rendered":"\n<p class=\"has-medium-font-size\">Cette p\u00e9riode, les \u00e9l\u00e8ves de CM2 des diff\u00e9rentes classes ont particip\u00e9 \u00e0 un projet de construction technique : imaginer et fabriquer une voiture capable d\u2019avancer. Pour cela, ils disposaient tous du m\u00eame mat\u00e9riel : bouteilles en plastique, bouchons, carton, pailles, h\u00e9lices, ballons\u2026 ainsi que des outils comme le pistolet \u00e0 colle et le fer \u00e0 souder (manipul\u00e9s sous la surveillance des adultes).<\/p>\n\n\n\n<figure class=\"wp-block-gallery has-nested-images columns-default is-cropped wp-block-gallery-1 is-layout-flex wp-block-gallery-is-layout-flex\">\n<figure class=\"wp-block-image size-large\"><img fetchpriority=\"high\" decoding=\"async\" width=\"1024\" height=\"461\" data-id=\"3220\" src=\"https:\/\/ee.mlfmonde.org\/comilog\/wp-content\/uploads\/sites\/28\/2025\/11\/Les-voitures_des_cm-1024x461.jpg\" alt=\"\" class=\"wp-image-3220\" srcset=\"https:\/\/ee.mlfmonde.org\/comilog\/wp-content\/uploads\/sites\/28\/2025\/11\/Les-voitures_des_cm-1024x461.jpg 1024w, https:\/\/ee.mlfmonde.org\/comilog\/wp-content\/uploads\/sites\/28\/2025\/11\/Les-voitures_des_cm-300x135.jpg 300w, https:\/\/ee.mlfmonde.org\/comilog\/wp-content\/uploads\/sites\/28\/2025\/11\/Les-voitures_des_cm-768x346.jpg 768w, https:\/\/ee.mlfmonde.org\/comilog\/wp-content\/uploads\/sites\/28\/2025\/11\/Les-voitures_des_cm-1536x692.jpg 1536w, https:\/\/ee.mlfmonde.org\/comilog\/wp-content\/uploads\/sites\/28\/2025\/11\/Les-voitures_des_cm-570x257.jpg 570w, https:\/\/ee.mlfmonde.org\/comilog\/wp-content\/uploads\/sites\/28\/2025\/11\/Les-voitures_des_cm.jpg 2016w\" sizes=\"(max-width: 1024px) 100vw, 1024px\" \/><\/figure>\n\n\n\n<figure class=\"wp-block-image size-large\"><img decoding=\"async\" width=\"1024\" height=\"461\" data-id=\"3219\" src=\"https:\/\/ee.mlfmonde.org\/comilog\/wp-content\/uploads\/sites\/28\/2025\/11\/Les-voitures_des_cm-1-1024x461.jpg\" alt=\"\" class=\"wp-image-3219\" srcset=\"https:\/\/ee.mlfmonde.org\/comilog\/wp-content\/uploads\/sites\/28\/2025\/11\/Les-voitures_des_cm-1-1024x461.jpg 1024w, https:\/\/ee.mlfmonde.org\/comilog\/wp-content\/uploads\/sites\/28\/2025\/11\/Les-voitures_des_cm-1-300x135.jpg 300w, https:\/\/ee.mlfmonde.org\/comilog\/wp-content\/uploads\/sites\/28\/2025\/11\/Les-voitures_des_cm-1-768x346.jpg 768w, https:\/\/ee.mlfmonde.org\/comilog\/wp-content\/uploads\/sites\/28\/2025\/11\/Les-voitures_des_cm-1-1536x692.jpg 1536w, https:\/\/ee.mlfmonde.org\/comilog\/wp-content\/uploads\/sites\/28\/2025\/11\/Les-voitures_des_cm-1-570x257.jpg 570w, https:\/\/ee.mlfmonde.org\/comilog\/wp-content\/uploads\/sites\/28\/2025\/11\/Les-voitures_des_cm-1.jpg 2016w\" sizes=\"(max-width: 1024px) 100vw, 1024px\" \/><\/figure>\n<\/figure>\n\n\n\n<div class=\"wp-block-media-text is-stacked-on-mobile\"><figure class=\"wp-block-media-text__media\"><img decoding=\"async\" width=\"1024\" height=\"686\" src=\"http:\/\/ee.mlfmonde.org\/comilog\/wp-content\/uploads\/sites\/28\/2025\/11\/une-voiture_cm-1024x686.jpg\" alt=\"\" class=\"wp-image-3221 size-full\" srcset=\"https:\/\/ee.mlfmonde.org\/comilog\/wp-content\/uploads\/sites\/28\/2025\/11\/une-voiture_cm-1024x686.jpg 1024w, https:\/\/ee.mlfmonde.org\/comilog\/wp-content\/uploads\/sites\/28\/2025\/11\/une-voiture_cm-300x201.jpg 300w, https:\/\/ee.mlfmonde.org\/comilog\/wp-content\/uploads\/sites\/28\/2025\/11\/une-voiture_cm-768x514.jpg 768w, https:\/\/ee.mlfmonde.org\/comilog\/wp-content\/uploads\/sites\/28\/2025\/11\/une-voiture_cm-570x382.jpg 570w, https:\/\/ee.mlfmonde.org\/comilog\/wp-content\/uploads\/sites\/28\/2025\/11\/une-voiture_cm.jpg 1356w\" sizes=\"(max-width: 1024px) 100vw, 1024px\" \/><\/figure><div class=\"wp-block-media-text__content\">\n<p class=\"has-medium-font-size\">Dans un premier temps, chaque groupe a imagin\u00e9 sa voiture : dessin, choix des mat\u00e9riaux, montage\u2026 Puis est venue l\u2019heure des essais. Et l\u00e0, tous ont pu constater que faire rouler une<br>voiture n\u2019est pas si simple ! Certaines roues ne tournaient pas, les axes se bloquaient, l\u2019h\u00e9lice ne poussait pas assez\u2026 Les \u00e9l\u00e8ves ont d\u00fb observer, comparer, r\u00e9fl\u00e9chir et surtout accepter de recommencer.<\/p>\n\n\n\n<p><\/p>\n<\/div><\/div>\n\n\n\n<p class=\"has-medium-font-size\">\u00c0 partir de leurs bilans, ils ont cherch\u00e9 des solutions et ont finalement choisi une id\u00e9e plus simple et plus efficace : utiliser la propulsion d\u2019un ballon. En se d\u00e9gonflant, le ballon lib\u00e8re de l\u2019air qui fait avancer la voiture. Gr\u00e2ce \u00e0 cette piste, plusieurs groupes ont r\u00e9ussi \u00e0 fabriquer une voiture qui roule vraiment !<\/p>\n\n\n\n<div class=\"wp-block-media-text is-stacked-on-mobile\" style=\"grid-template-columns:30% auto\"><figure class=\"wp-block-media-text__media\"><video controls src=\"http:\/\/ee.mlfmonde.org\/comilog\/wp-content\/uploads\/sites\/28\/2025\/11\/voiture_qui_roule.mp4\"><\/video><\/figure><div class=\"wp-block-media-text__content\">\n<p class=\"has-medium-font-size\">Toutes les voitures n\u2019ont pas fonctionn\u00e9, mais chacun a appris : <br>&#8211; \u00e0 tester et modifier une construction, <br>&#8211; \u00e0 coop\u00e9rer et s\u2019\u00e9couter,<br>&#8211; \u00e0 faire preuve de patience et d\u2019ing\u00e9niosit\u00e9.<\/p>\n\n\n\n<p class=\"has-medium-font-size\"><br>Un beau projet o\u00f9 l\u2019on a exp\u00e9riment\u00e9, pers\u00e9v\u00e9r\u00e9\u2026 et parfois m\u00eame saut\u00e9 de joie en voyant sa voiture avancer !<\/p>\n<\/div><\/div>\n\n\n\n<p class=\"has-medium-font-size\"><br><\/p>\n\n\n\n<p><\/p>\n","protected":false},"excerpt":{"rendered":"<p>Cette p\u00e9riode, les \u00e9l\u00e8ves de CM2 des diff\u00e9rentes classes ont particip\u00e9 \u00e0 un projet de construction technique : imaginer et fabriquer une voiture capable d\u2019avancer. Pour cela, ils disposaient tous du m\u00eame mat\u00e9riel : bouteilles en plastique, bouchons, carton, pailles, h\u00e9lices, ballons\u2026 ainsi que des outils comme le pistolet \u00e0 colle et le fer \u00e0 [&hellip;]<\/p>\n","protected":false},"author":166,"featured_media":0,"parent":0,"menu_order":0,"comment_status":"closed","ping_status":"closed","template":"","meta":{"_acf_changed":false,"footnotes":""},"class_list":["post-3222","page","type-page","status-publish","czr-hentry"],"acf":[],"_links":{"self":[{"href":"https:\/\/ee.mlfmonde.org\/comilog\/wp-json\/wp\/v2\/pages\/3222","targetHints":{"allow":["GET"]}}],"collection":[{"href":"https:\/\/ee.mlfmonde.org\/comilog\/wp-json\/wp\/v2\/pages"}],"about":[{"href":"https:\/\/ee.mlfmonde.org\/comilog\/wp-json\/wp\/v2\/types\/page"}],"author":[{"embeddable":true,"href":"https:\/\/ee.mlfmonde.org\/comilog\/wp-json\/wp\/v2\/users\/166"}],"replies":[{"embeddable":true,"href":"https:\/\/ee.mlfmonde.org\/comilog\/wp-json\/wp\/v2\/comments?post=3222"}],"version-history":[{"count":5,"href":"https:\/\/ee.mlfmonde.org\/comilog\/wp-json\/wp\/v2\/pages\/3222\/revisions"}],"predecessor-version":[{"id":3263,"href":"https:\/\/ee.mlfmonde.org\/comilog\/wp-json\/wp\/v2\/pages\/3222\/revisions\/3263"}],"wp:attachment":[{"href":"https:\/\/ee.mlfmonde.org\/comilog\/wp-json\/wp\/v2\/media?parent=3222"}],"curies":[{"name":"wp","href":"https:\/\/api.w.org\/{rel}","templated":true}]}}