{"id":3126,"date":"2025-11-04T08:54:08","date_gmt":"2025-11-04T08:54:08","guid":{"rendered":"https:\/\/ee.mlfmonde.org\/comilog\/?page_id=3126"},"modified":"2025-11-11T06:59:51","modified_gmt":"2025-11-11T06:59:51","slug":"decouvrez-la-vie-antique","status":"publish","type":"page","link":"https:\/\/ee.mlfmonde.org\/comilog\/decouvrez-la-vie-antique\/","title":{"rendered":"D\u00e9couvrez la vie antique !"},"content":{"rendered":"\n<p class=\"has-medium-font-size\">Dans le cadre d\u2019un projet p\u00e9dagogique, les \u00e9l\u00e8ves de CM1B se sont plong\u00e9s dans l\u2019univers fascinant de l\u2019Antiquit\u00e9. Pendant quatre semaines, ils ont reconstitu\u00e9 trois sites embl\u00e9matiques : une ville romaine, un village gaulois et Massalia ( actuellement Marseille, en France).<\/p>\n\n\n\n<figure class=\"wp-block-gallery has-nested-images columns-default is-cropped wp-block-gallery-1 is-layout-flex wp-block-gallery-is-layout-flex\">\n<figure class=\"wp-block-image size-large\"><img fetchpriority=\"high\" decoding=\"async\" width=\"1024\" height=\"768\" data-id=\"3120\" src=\"https:\/\/ee.mlfmonde.org\/comilog\/wp-content\/uploads\/sites\/28\/2025\/10\/IMG-20251002-WA0564-1024x768.jpg\" alt=\"\" class=\"wp-image-3120\" srcset=\"https:\/\/ee.mlfmonde.org\/comilog\/wp-content\/uploads\/sites\/28\/2025\/10\/IMG-20251002-WA0564-1024x768.jpg 1024w, https:\/\/ee.mlfmonde.org\/comilog\/wp-content\/uploads\/sites\/28\/2025\/10\/IMG-20251002-WA0564-300x225.jpg 300w, https:\/\/ee.mlfmonde.org\/comilog\/wp-content\/uploads\/sites\/28\/2025\/10\/IMG-20251002-WA0564-768x576.jpg 768w, https:\/\/ee.mlfmonde.org\/comilog\/wp-content\/uploads\/sites\/28\/2025\/10\/IMG-20251002-WA0564-1536x1152.jpg 1536w, https:\/\/ee.mlfmonde.org\/comilog\/wp-content\/uploads\/sites\/28\/2025\/10\/IMG-20251002-WA0564-2048x1536.jpg 2048w, https:\/\/ee.mlfmonde.org\/comilog\/wp-content\/uploads\/sites\/28\/2025\/10\/IMG-20251002-WA0564-570x428.jpg 570w\" sizes=\"(max-width: 1024px) 100vw, 1024px\" \/><\/figure>\n\n\n\n<figure class=\"wp-block-image size-large\"><img decoding=\"async\" width=\"1024\" height=\"768\" data-id=\"3119\" src=\"https:\/\/ee.mlfmonde.org\/comilog\/wp-content\/uploads\/sites\/28\/2025\/10\/IMG-20251002-WA0570-1024x768.jpg\" alt=\"\" class=\"wp-image-3119\" srcset=\"https:\/\/ee.mlfmonde.org\/comilog\/wp-content\/uploads\/sites\/28\/2025\/10\/IMG-20251002-WA0570-1024x768.jpg 1024w, https:\/\/ee.mlfmonde.org\/comilog\/wp-content\/uploads\/sites\/28\/2025\/10\/IMG-20251002-WA0570-300x225.jpg 300w, https:\/\/ee.mlfmonde.org\/comilog\/wp-content\/uploads\/sites\/28\/2025\/10\/IMG-20251002-WA0570-768x576.jpg 768w, https:\/\/ee.mlfmonde.org\/comilog\/wp-content\/uploads\/sites\/28\/2025\/10\/IMG-20251002-WA0570-1536x1152.jpg 1536w, https:\/\/ee.mlfmonde.org\/comilog\/wp-content\/uploads\/sites\/28\/2025\/10\/IMG-20251002-WA0570-2048x1536.jpg 2048w, https:\/\/ee.mlfmonde.org\/comilog\/wp-content\/uploads\/sites\/28\/2025\/10\/IMG-20251002-WA0570-570x428.jpg 570w\" sizes=\"(max-width: 1024px) 100vw, 1024px\" \/><\/figure>\n\n\n\n<figure class=\"wp-block-image size-large\"><img decoding=\"async\" width=\"1024\" height=\"768\" data-id=\"3123\" src=\"https:\/\/ee.mlfmonde.org\/comilog\/wp-content\/uploads\/sites\/28\/2025\/10\/IMG-20251002-WA0560-1024x768.jpg\" alt=\"\" class=\"wp-image-3123\" srcset=\"https:\/\/ee.mlfmonde.org\/comilog\/wp-content\/uploads\/sites\/28\/2025\/10\/IMG-20251002-WA0560-1024x768.jpg 1024w, https:\/\/ee.mlfmonde.org\/comilog\/wp-content\/uploads\/sites\/28\/2025\/10\/IMG-20251002-WA0560-300x225.jpg 300w, https:\/\/ee.mlfmonde.org\/comilog\/wp-content\/uploads\/sites\/28\/2025\/10\/IMG-20251002-WA0560-768x576.jpg 768w, https:\/\/ee.mlfmonde.org\/comilog\/wp-content\/uploads\/sites\/28\/2025\/10\/IMG-20251002-WA0560-1536x1152.jpg 1536w, https:\/\/ee.mlfmonde.org\/comilog\/wp-content\/uploads\/sites\/28\/2025\/10\/IMG-20251002-WA0560-2048x1536.jpg 2048w, https:\/\/ee.mlfmonde.org\/comilog\/wp-content\/uploads\/sites\/28\/2025\/10\/IMG-20251002-WA0560-570x428.jpg 570w\" sizes=\"(max-width: 1024px) 100vw, 1024px\" \/><\/figure>\n<\/figure>\n\n\n\n<h3 class=\"wp-block-heading\"><\/h3>\n\n\n\n<div class=\"wp-block-media-text is-stacked-on-mobile\" style=\"grid-template-columns:60% auto\"><figure class=\"wp-block-media-text__media\"><img loading=\"lazy\" decoding=\"async\" width=\"1024\" height=\"768\" src=\"http:\/\/ee.mlfmonde.org\/comilog\/wp-content\/uploads\/sites\/28\/2025\/10\/IMG-20251014-WA0349-1024x768.jpg\" alt=\"\" class=\"wp-image-3134 size-full\" srcset=\"https:\/\/ee.mlfmonde.org\/comilog\/wp-content\/uploads\/sites\/28\/2025\/10\/IMG-20251014-WA0349-1024x768.jpg 1024w, https:\/\/ee.mlfmonde.org\/comilog\/wp-content\/uploads\/sites\/28\/2025\/10\/IMG-20251014-WA0349-300x225.jpg 300w, https:\/\/ee.mlfmonde.org\/comilog\/wp-content\/uploads\/sites\/28\/2025\/10\/IMG-20251014-WA0349-768x576.jpg 768w, https:\/\/ee.mlfmonde.org\/comilog\/wp-content\/uploads\/sites\/28\/2025\/10\/IMG-20251014-WA0349-1536x1152.jpg 1536w, https:\/\/ee.mlfmonde.org\/comilog\/wp-content\/uploads\/sites\/28\/2025\/10\/IMG-20251014-WA0349-2048x1536.jpg 2048w, https:\/\/ee.mlfmonde.org\/comilog\/wp-content\/uploads\/sites\/28\/2025\/10\/IMG-20251014-WA0349-570x428.jpg 570w\" sizes=\"(max-width: 1024px) 100vw, 1024px\" \/><\/figure><div class=\"wp-block-media-text__content\">\n<p class=\"has-medium-font-size\">\ud83c\udfd7\ufe0f La ville romaine<\/p>\n\n\n\n<p class=\"has-medium-font-size\">Les \u00e9l\u00e8ves ont r\u00e9alis\u00e9 une maquette de ville romaine, avec ses temples, forums et habitations. Ce travail leur a permis de d\u00e9couvrir l\u2019organisation urbaine et le quotidien des citoyens dans une m\u00e9tropole antique.<\/p>\n<\/div><\/div>\n\n\n\n<p><\/p>\n\n\n\n<div class=\"wp-block-media-text has-media-on-the-right is-stacked-on-mobile\"><div class=\"wp-block-media-text__content\">\n<p class=\"has-medium-font-size\">\ud83d\uded6 Le village gaulois<\/p>\n\n\n\n<p class=\"has-medium-font-size\">Ils ont ensuite recr\u00e9\u00e9 un village gaulois traditionnel, compos\u00e9 de cabanes en bois et en chaume et d\u2019espaces de vie communautaires. Ce projet a \u00e9t\u00e9 l\u2019occasion d\u2019explorer les coutumes, m\u00e9tiers et traditions des Gaulois, tout en favorisant le travail en \u00e9quipe et la cr\u00e9ativit\u00e9.<\/p>\n<\/div><figure class=\"wp-block-media-text__media\"><img loading=\"lazy\" decoding=\"async\" width=\"1024\" height=\"768\" src=\"http:\/\/ee.mlfmonde.org\/comilog\/wp-content\/uploads\/sites\/28\/2025\/10\/IMG-20251014-WA0348-1024x768.jpg\" alt=\"\" class=\"wp-image-3136 size-full\" srcset=\"https:\/\/ee.mlfmonde.org\/comilog\/wp-content\/uploads\/sites\/28\/2025\/10\/IMG-20251014-WA0348-1024x768.jpg 1024w, https:\/\/ee.mlfmonde.org\/comilog\/wp-content\/uploads\/sites\/28\/2025\/10\/IMG-20251014-WA0348-300x225.jpg 300w, https:\/\/ee.mlfmonde.org\/comilog\/wp-content\/uploads\/sites\/28\/2025\/10\/IMG-20251014-WA0348-768x576.jpg 768w, https:\/\/ee.mlfmonde.org\/comilog\/wp-content\/uploads\/sites\/28\/2025\/10\/IMG-20251014-WA0348-1536x1152.jpg 1536w, https:\/\/ee.mlfmonde.org\/comilog\/wp-content\/uploads\/sites\/28\/2025\/10\/IMG-20251014-WA0348-2048x1536.jpg 2048w, https:\/\/ee.mlfmonde.org\/comilog\/wp-content\/uploads\/sites\/28\/2025\/10\/IMG-20251014-WA0348-570x428.jpg 570w\" sizes=\"(max-width: 1024px) 100vw, 1024px\" \/><\/figure><\/div>\n\n\n\n<p><\/p>\n\n\n\n<div class=\"wp-block-media-text is-stacked-on-mobile\"><figure class=\"wp-block-media-text__media\"><img loading=\"lazy\" decoding=\"async\" width=\"1024\" height=\"768\" src=\"http:\/\/ee.mlfmonde.org\/comilog\/wp-content\/uploads\/sites\/28\/2025\/10\/IMG-20251014-WA0351-1024x768.jpg\" alt=\"\" class=\"wp-image-3133 size-full\" srcset=\"https:\/\/ee.mlfmonde.org\/comilog\/wp-content\/uploads\/sites\/28\/2025\/10\/IMG-20251014-WA0351-1024x768.jpg 1024w, https:\/\/ee.mlfmonde.org\/comilog\/wp-content\/uploads\/sites\/28\/2025\/10\/IMG-20251014-WA0351-300x225.jpg 300w, https:\/\/ee.mlfmonde.org\/comilog\/wp-content\/uploads\/sites\/28\/2025\/10\/IMG-20251014-WA0351-768x576.jpg 768w, https:\/\/ee.mlfmonde.org\/comilog\/wp-content\/uploads\/sites\/28\/2025\/10\/IMG-20251014-WA0351-1536x1152.jpg 1536w, https:\/\/ee.mlfmonde.org\/comilog\/wp-content\/uploads\/sites\/28\/2025\/10\/IMG-20251014-WA0351-2048x1536.jpg 2048w, https:\/\/ee.mlfmonde.org\/comilog\/wp-content\/uploads\/sites\/28\/2025\/10\/IMG-20251014-WA0351-570x428.jpg 570w\" sizes=\"(max-width: 1024px) 100vw, 1024px\" \/><\/figure><div class=\"wp-block-media-text__content\">\n<p class=\"has-medium-font-size\">Massalia, la cit\u00e9 phoc\u00e9enne<\/p>\n\n\n\n<p class=\"has-medium-font-size\">Enfin, les \u00e9l\u00e8ves ont d\u00e9couvert Massalia, fond\u00e9e par les Grecs phoc\u00e9ens. Ils ont \u00e9tudi\u00e9 son port antique, ses march\u00e9s et l\u2019importance de cette ville dans les \u00e9changes m\u00e9diterran\u00e9ens<\/p>\n<\/div><\/div>\n\n\n\n<p><\/p>\n\n\n\n<p class=\"has-medium-font-size\">Pour cl\u00f4turer cette belle aventure, les \u00e9l\u00e8ves ont pr\u00e9sent\u00e9 leurs maquettes et leurs d\u00e9couvertes \u00e0 leurs camarades, fiers de partager le fruit de leur travail et leurs apprentissages.<\/p>\n\n\n\n<figure class=\"wp-block-gallery has-nested-images columns-default is-cropped wp-block-gallery-2 is-layout-flex wp-block-gallery-is-layout-flex\">\n<figure class=\"wp-block-image size-large\"><img loading=\"lazy\" decoding=\"async\" width=\"1024\" height=\"768\" data-id=\"3131\" src=\"https:\/\/ee.mlfmonde.org\/comilog\/wp-content\/uploads\/sites\/28\/2025\/10\/WhatsApp-Image-2025-10-08-a-06.56.35_dbf5208e-1024x768.jpg\" alt=\"\" class=\"wp-image-3131\" srcset=\"https:\/\/ee.mlfmonde.org\/comilog\/wp-content\/uploads\/sites\/28\/2025\/10\/WhatsApp-Image-2025-10-08-a-06.56.35_dbf5208e-1024x768.jpg 1024w, https:\/\/ee.mlfmonde.org\/comilog\/wp-content\/uploads\/sites\/28\/2025\/10\/WhatsApp-Image-2025-10-08-a-06.56.35_dbf5208e-300x225.jpg 300w, https:\/\/ee.mlfmonde.org\/comilog\/wp-content\/uploads\/sites\/28\/2025\/10\/WhatsApp-Image-2025-10-08-a-06.56.35_dbf5208e-768x576.jpg 768w, https:\/\/ee.mlfmonde.org\/comilog\/wp-content\/uploads\/sites\/28\/2025\/10\/WhatsApp-Image-2025-10-08-a-06.56.35_dbf5208e-1536x1152.jpg 1536w, https:\/\/ee.mlfmonde.org\/comilog\/wp-content\/uploads\/sites\/28\/2025\/10\/WhatsApp-Image-2025-10-08-a-06.56.35_dbf5208e-2048x1536.jpg 2048w, https:\/\/ee.mlfmonde.org\/comilog\/wp-content\/uploads\/sites\/28\/2025\/10\/WhatsApp-Image-2025-10-08-a-06.56.35_dbf5208e-570x428.jpg 570w\" sizes=\"(max-width: 1024px) 100vw, 1024px\" \/><\/figure>\n\n\n\n<figure class=\"wp-block-image size-large\"><img loading=\"lazy\" decoding=\"async\" width=\"1024\" height=\"768\" data-id=\"3130\" src=\"https:\/\/ee.mlfmonde.org\/comilog\/wp-content\/uploads\/sites\/28\/2025\/10\/WhatsApp-Image-2025-10-08-a-06.56.34_4189f521-1024x768.jpg\" alt=\"\" class=\"wp-image-3130\" srcset=\"https:\/\/ee.mlfmonde.org\/comilog\/wp-content\/uploads\/sites\/28\/2025\/10\/WhatsApp-Image-2025-10-08-a-06.56.34_4189f521-1024x768.jpg 1024w, https:\/\/ee.mlfmonde.org\/comilog\/wp-content\/uploads\/sites\/28\/2025\/10\/WhatsApp-Image-2025-10-08-a-06.56.34_4189f521-300x225.jpg 300w, https:\/\/ee.mlfmonde.org\/comilog\/wp-content\/uploads\/sites\/28\/2025\/10\/WhatsApp-Image-2025-10-08-a-06.56.34_4189f521-768x576.jpg 768w, https:\/\/ee.mlfmonde.org\/comilog\/wp-content\/uploads\/sites\/28\/2025\/10\/WhatsApp-Image-2025-10-08-a-06.56.34_4189f521-1536x1152.jpg 1536w, https:\/\/ee.mlfmonde.org\/comilog\/wp-content\/uploads\/sites\/28\/2025\/10\/WhatsApp-Image-2025-10-08-a-06.56.34_4189f521-2048x1536.jpg 2048w, https:\/\/ee.mlfmonde.org\/comilog\/wp-content\/uploads\/sites\/28\/2025\/10\/WhatsApp-Image-2025-10-08-a-06.56.34_4189f521-570x428.jpg 570w\" sizes=\"(max-width: 1024px) 100vw, 1024px\" \/><\/figure>\n<\/figure>\n\n\n\n<p><\/p>\n\n\n\n<ul class=\"wp-block-list\">\n<li class=\"has-medium-font-size\">Niveau : CM1B<\/li>\n\n\n\n<li class=\"has-medium-font-size\">Dur\u00e9e du projet <strong>: <\/strong>4 semaines<\/li>\n\n\n\n<li class=\"has-medium-font-size\">Disciplines impliqu\u00e9es : histoire, g\u00e9ographie, travail manuel<\/li>\n<\/ul>\n\n\n\n<p class=\"has-medium-font-size\">Nous esp\u00e9rons que vous appr\u00e9cierez ce projet autant que les \u00e9l\u00e8ves ont aim\u00e9 le pr\u00e9parer et le pr\u00e9senter !<\/p>\n","protected":false},"excerpt":{"rendered":"<p>Dans le cadre d\u2019un projet p\u00e9dagogique, les \u00e9l\u00e8ves de CM1B se sont plong\u00e9s dans l\u2019univers fascinant de l\u2019Antiquit\u00e9. Pendant quatre semaines, ils ont reconstitu\u00e9 trois sites embl\u00e9matiques : une ville romaine, un village gaulois et Massalia ( actuellement Marseille, en France). \ud83c\udfd7\ufe0f La ville romaine Les \u00e9l\u00e8ves ont r\u00e9alis\u00e9 une maquette de ville romaine, avec [&hellip;]<\/p>\n","protected":false},"author":166,"featured_media":0,"parent":0,"menu_order":0,"comment_status":"closed","ping_status":"closed","template":"","meta":{"_acf_changed":false,"footnotes":""},"class_list":["post-3126","page","type-page","status-publish","czr-hentry"],"acf":[],"_links":{"self":[{"href":"https:\/\/ee.mlfmonde.org\/comilog\/wp-json\/wp\/v2\/pages\/3126","targetHints":{"allow":["GET"]}}],"collection":[{"href":"https:\/\/ee.mlfmonde.org\/comilog\/wp-json\/wp\/v2\/pages"}],"about":[{"href":"https:\/\/ee.mlfmonde.org\/comilog\/wp-json\/wp\/v2\/types\/page"}],"author":[{"embeddable":true,"href":"https:\/\/ee.mlfmonde.org\/comilog\/wp-json\/wp\/v2\/users\/166"}],"replies":[{"embeddable":true,"href":"https:\/\/ee.mlfmonde.org\/comilog\/wp-json\/wp\/v2\/comments?post=3126"}],"version-history":[{"count":5,"href":"https:\/\/ee.mlfmonde.org\/comilog\/wp-json\/wp\/v2\/pages\/3126\/revisions"}],"predecessor-version":[{"id":3171,"href":"https:\/\/ee.mlfmonde.org\/comilog\/wp-json\/wp\/v2\/pages\/3126\/revisions\/3171"}],"wp:attachment":[{"href":"https:\/\/ee.mlfmonde.org\/comilog\/wp-json\/wp\/v2\/media?parent=3126"}],"curies":[{"name":"wp","href":"https:\/\/api.w.org\/{rel}","templated":true}]}}