{"id":3064,"date":"2025-09-15T07:16:13","date_gmt":"2025-09-15T07:16:13","guid":{"rendered":"https:\/\/ee.mlfmonde.org\/comilog\/?page_id=3064"},"modified":"2026-04-07T14:13:59","modified_gmt":"2026-04-07T14:13:59","slug":"la-rentree-numerique-en-cm1-les-eleves-decouvrent-les-pc","status":"publish","type":"page","link":"https:\/\/ee.mlfmonde.org\/comilog\/la-rentree-numerique-en-cm1-les-eleves-decouvrent-les-pc\/","title":{"rendered":"La rentr\u00e9e num\u00e9rique en CM1 : les \u00e9l\u00e8ves d\u00e9couvrent les PC&#8230;"},"content":{"rendered":"\n<figure class=\"wp-block-gallery has-nested-images columns-default is-cropped wp-block-gallery-1 is-layout-flex wp-block-gallery-is-layout-flex\">\n<figure class=\"wp-block-image size-large\"><img fetchpriority=\"high\" decoding=\"async\" width=\"768\" height=\"1024\" data-id=\"3070\" src=\"http:\/\/ee.mlfmonde.org\/comilog\/wp-content\/uploads\/sites\/28\/2025\/09\/IMG-20250905-WA0120-768x1024.jpg\" alt=\"\" class=\"wp-image-3070\" srcset=\"https:\/\/ee.mlfmonde.org\/comilog\/wp-content\/uploads\/sites\/28\/2025\/09\/IMG-20250905-WA0120-768x1024.jpg 768w, https:\/\/ee.mlfmonde.org\/comilog\/wp-content\/uploads\/sites\/28\/2025\/09\/IMG-20250905-WA0120-225x300.jpg 225w, https:\/\/ee.mlfmonde.org\/comilog\/wp-content\/uploads\/sites\/28\/2025\/09\/IMG-20250905-WA0120-1152x1536.jpg 1152w, https:\/\/ee.mlfmonde.org\/comilog\/wp-content\/uploads\/sites\/28\/2025\/09\/IMG-20250905-WA0120-1536x2048.jpg 1536w, https:\/\/ee.mlfmonde.org\/comilog\/wp-content\/uploads\/sites\/28\/2025\/09\/IMG-20250905-WA0120-570x760.jpg 570w, https:\/\/ee.mlfmonde.org\/comilog\/wp-content\/uploads\/sites\/28\/2025\/09\/IMG-20250905-WA0120-scaled.jpg 1920w\" sizes=\"(max-width: 768px) 100vw, 768px\" \/><\/figure>\n\n\n\n<figure class=\"wp-block-image size-large\"><img decoding=\"async\" width=\"768\" height=\"1024\" data-id=\"3065\" src=\"https:\/\/ee.mlfmonde.org\/comilog\/wp-content\/uploads\/sites\/28\/2025\/09\/IMG-20250905-WA0125-768x1024.jpg\" alt=\"\" class=\"wp-image-3065\" srcset=\"https:\/\/ee.mlfmonde.org\/comilog\/wp-content\/uploads\/sites\/28\/2025\/09\/IMG-20250905-WA0125-768x1024.jpg 768w, https:\/\/ee.mlfmonde.org\/comilog\/wp-content\/uploads\/sites\/28\/2025\/09\/IMG-20250905-WA0125-225x300.jpg 225w, https:\/\/ee.mlfmonde.org\/comilog\/wp-content\/uploads\/sites\/28\/2025\/09\/IMG-20250905-WA0125-1152x1536.jpg 1152w, https:\/\/ee.mlfmonde.org\/comilog\/wp-content\/uploads\/sites\/28\/2025\/09\/IMG-20250905-WA0125-1536x2048.jpg 1536w, https:\/\/ee.mlfmonde.org\/comilog\/wp-content\/uploads\/sites\/28\/2025\/09\/IMG-20250905-WA0125-570x760.jpg 570w, https:\/\/ee.mlfmonde.org\/comilog\/wp-content\/uploads\/sites\/28\/2025\/09\/IMG-20250905-WA0125-scaled.jpg 1920w\" sizes=\"(max-width: 768px) 100vw, 768px\" \/><\/figure>\n\n\n\n<figure class=\"wp-block-image size-large\"><img decoding=\"async\" width=\"768\" height=\"1024\" data-id=\"3066\" src=\"https:\/\/ee.mlfmonde.org\/comilog\/wp-content\/uploads\/sites\/28\/2025\/09\/IMG-20250905-WA0124-768x1024.jpg\" alt=\"\" class=\"wp-image-3066\" srcset=\"https:\/\/ee.mlfmonde.org\/comilog\/wp-content\/uploads\/sites\/28\/2025\/09\/IMG-20250905-WA0124-768x1024.jpg 768w, https:\/\/ee.mlfmonde.org\/comilog\/wp-content\/uploads\/sites\/28\/2025\/09\/IMG-20250905-WA0124-225x300.jpg 225w, https:\/\/ee.mlfmonde.org\/comilog\/wp-content\/uploads\/sites\/28\/2025\/09\/IMG-20250905-WA0124-1152x1536.jpg 1152w, https:\/\/ee.mlfmonde.org\/comilog\/wp-content\/uploads\/sites\/28\/2025\/09\/IMG-20250905-WA0124-1536x2048.jpg 1536w, https:\/\/ee.mlfmonde.org\/comilog\/wp-content\/uploads\/sites\/28\/2025\/09\/IMG-20250905-WA0124-570x760.jpg 570w, https:\/\/ee.mlfmonde.org\/comilog\/wp-content\/uploads\/sites\/28\/2025\/09\/IMG-20250905-WA0124-scaled.jpg 1920w\" sizes=\"(max-width: 768px) 100vw, 768px\" \/><\/figure>\n<\/figure>\n\n\n\n<p><\/p>\n\n\n\n<p class=\"has-medium-font-size\">les \u00e9l\u00e8ves de <strong>CM1<\/strong> ont eu la chance de commencer \u00e0 explorer le <strong>num\u00e9rique en classe<\/strong> gr\u00e2ce \u00e0 l\u2019utilisation des <strong>ordinateurs mis \u00e0 leur disposition<\/strong>. Cette nouvelle approche p\u00e9dagogique permet aux enfants de se familiariser avec les outils informatiques tout en renfor\u00e7ant leurs comp\u00e9tences scolaires.<\/p>\n\n\n\n<p class=\"has-medium-font-size\">Les premi\u00e8res s\u00e9ances ont permis aux \u00e9l\u00e8ves de :<\/p>\n\n\n\n<ul class=\"wp-block-list\">\n<li class=\"has-medium-font-size\">Apprendre \u00e0 <strong>allumer et \u00e9teindre correctement un PC<\/strong>,<\/li>\n\n\n\n<li class=\"has-medium-font-size\">D\u00e9couvrir l\u2019<strong>environnement Windows<\/strong> et les logiciels de traitement de texte et de dessin,<\/li>\n\n\n\n<li class=\"has-medium-font-size\">S\u2019initier \u00e0 la <strong>navigation sur des applications \u00e9ducatives<\/strong>, favorisant la lecture, l\u2019\u00e9criture et le calcul,<\/li>\n\n\n\n<li class=\"has-medium-font-size\">Travailler de mani\u00e8re <strong>individuelle et en petits groupes<\/strong> avec l&#8217;application (Ortholud) qui permet des apprentissages dans plusieurs domaines, d\u00e9veloppe l&#8217;autonomie  de chacun et le travail collaboratif. .<\/li>\n<\/ul>\n\n\n\n<p class=\"has-medium-font-size\">L\u2019introduction du num\u00e9rique d\u00e8s le CM1 vise \u00e0 pr\u00e9parer les \u00e9l\u00e8ves aux comp\u00e9tences num\u00e9riques de demain, tout en rendant les apprentissages plus <strong>interactifs et ludiques<\/strong>.<\/p>\n\n\n\n<p><\/p>\n","protected":false},"excerpt":{"rendered":"<p>les \u00e9l\u00e8ves de CM1 ont eu la chance de commencer \u00e0 explorer le num\u00e9rique en classe gr\u00e2ce \u00e0 l\u2019utilisation des ordinateurs mis \u00e0 leur disposition. Cette nouvelle approche p\u00e9dagogique permet aux enfants de se familiariser avec les outils informatiques tout en renfor\u00e7ant leurs comp\u00e9tences scolaires. Les premi\u00e8res s\u00e9ances ont permis aux \u00e9l\u00e8ves de : L\u2019introduction [&hellip;]<\/p>\n","protected":false},"author":166,"featured_media":0,"parent":0,"menu_order":0,"comment_status":"closed","ping_status":"closed","template":"","meta":{"_acf_changed":false,"footnotes":""},"class_list":["post-3064","page","type-page","status-publish","czr-hentry"],"acf":[],"_links":{"self":[{"href":"https:\/\/ee.mlfmonde.org\/comilog\/wp-json\/wp\/v2\/pages\/3064","targetHints":{"allow":["GET"]}}],"collection":[{"href":"https:\/\/ee.mlfmonde.org\/comilog\/wp-json\/wp\/v2\/pages"}],"about":[{"href":"https:\/\/ee.mlfmonde.org\/comilog\/wp-json\/wp\/v2\/types\/page"}],"author":[{"embeddable":true,"href":"https:\/\/ee.mlfmonde.org\/comilog\/wp-json\/wp\/v2\/users\/166"}],"replies":[{"embeddable":true,"href":"https:\/\/ee.mlfmonde.org\/comilog\/wp-json\/wp\/v2\/comments?post=3064"}],"version-history":[{"count":6,"href":"https:\/\/ee.mlfmonde.org\/comilog\/wp-json\/wp\/v2\/pages\/3064\/revisions"}],"predecessor-version":[{"id":3110,"href":"https:\/\/ee.mlfmonde.org\/comilog\/wp-json\/wp\/v2\/pages\/3064\/revisions\/3110"}],"wp:attachment":[{"href":"https:\/\/ee.mlfmonde.org\/comilog\/wp-json\/wp\/v2\/media?parent=3064"}],"curies":[{"name":"wp","href":"https:\/\/api.w.org\/{rel}","templated":true}]}}