{"id":2997,"date":"2025-07-02T15:17:13","date_gmt":"2025-07-02T15:17:13","guid":{"rendered":"https:\/\/ee.mlfmonde.org\/comilog\/?page_id=2997"},"modified":"2025-07-03T09:54:40","modified_gmt":"2025-07-03T09:54:40","slug":"atelier-pizza-en-classe-petits-chefs-en-action","status":"publish","type":"page","link":"https:\/\/ee.mlfmonde.org\/comilog\/atelier-pizza-en-classe-petits-chefs-en-action\/","title":{"rendered":"\ud83c\udf55 Atelier pizza en classe : petits chefs en action\u202f!"},"content":{"rendered":"\n<p class=\"has-medium-font-size\">Dans le cadre d\u2019un projet culturel intitul\u00e9 \u201cBENVENUTI in Italia\u201d, les \u00e9l\u00e8ves de CE2 B ont voyag\u00e9 sans quitter leur salle de classe ! \u00c0 l\u2019occasion de la semaine italienne, ils ont eu la chance de d\u00e9couvrir les multiples facettes de ce pays riche en histoire, en traditions et en saveurs.<\/p>\n\n\n\n<figure class=\"wp-block-gallery has-nested-images columns-default is-cropped wp-block-gallery-1 is-layout-flex wp-block-gallery-is-layout-flex\">\n<figure class=\"wp-block-image size-large\"><img decoding=\"async\" data-id=\"3008\" src=\"https:\/\/ee.mlfmonde.org\/comilog\/wp-content\/uploads\/sites\/28\/2025\/07\/pizza10-1024x768.jpg\" alt=\"\" class=\"wp-image-3008\" \/><\/figure>\n\n\n\n<figure class=\"wp-block-image size-large\"><img fetchpriority=\"high\" decoding=\"async\" width=\"768\" height=\"1024\" data-id=\"3007\" src=\"https:\/\/ee.mlfmonde.org\/comilog\/wp-content\/uploads\/sites\/28\/2025\/07\/pizza9-768x1024.jpg\" alt=\"\" class=\"wp-image-3007\" srcset=\"https:\/\/ee.mlfmonde.org\/comilog\/wp-content\/uploads\/sites\/28\/2025\/07\/pizza9-768x1024.jpg 768w, https:\/\/ee.mlfmonde.org\/comilog\/wp-content\/uploads\/sites\/28\/2025\/07\/pizza9-225x300.jpg 225w, https:\/\/ee.mlfmonde.org\/comilog\/wp-content\/uploads\/sites\/28\/2025\/07\/pizza9-570x760.jpg 570w, https:\/\/ee.mlfmonde.org\/comilog\/wp-content\/uploads\/sites\/28\/2025\/07\/pizza9.jpg 960w\" sizes=\"(max-width: 768px) 100vw, 768px\" \/><\/figure>\n\n\n\n<figure class=\"wp-block-image size-large\"><img decoding=\"async\" width=\"768\" height=\"1024\" data-id=\"2999\" src=\"https:\/\/ee.mlfmonde.org\/comilog\/wp-content\/uploads\/sites\/28\/2025\/07\/pizza2-768x1024.jpg\" alt=\"\" class=\"wp-image-2999\" srcset=\"https:\/\/ee.mlfmonde.org\/comilog\/wp-content\/uploads\/sites\/28\/2025\/07\/pizza2-768x1024.jpg 768w, https:\/\/ee.mlfmonde.org\/comilog\/wp-content\/uploads\/sites\/28\/2025\/07\/pizza2-225x300.jpg 225w, https:\/\/ee.mlfmonde.org\/comilog\/wp-content\/uploads\/sites\/28\/2025\/07\/pizza2-570x760.jpg 570w, https:\/\/ee.mlfmonde.org\/comilog\/wp-content\/uploads\/sites\/28\/2025\/07\/pizza2.jpg 960w\" sizes=\"(max-width: 768px) 100vw, 768px\" \/><\/figure>\n<\/figure>\n\n\n\n<p class=\"has-medium-font-size\">Tout au long de la semaine, les \u00e9l\u00e8ves ont explor\u00e9 la g\u00e9ographie italienne, rep\u00e9rant sur la carte les grandes villes comme Rome, Florence, Milan ou encore Naples. Ils ont \u00e9galement plong\u00e9 dans l\u2019univers color\u00e9 du Carnaval de Venise, avec ses c\u00e9l\u00e8bres masques et costumes chatoyants. Ce fut l\u2019occasion d\u2019en apprendre plus sur les traditions festives de la p\u00e9ninsule.<br>Les \u00e9l\u00e8ves ont aussi pr\u00eat\u00e9 l\u2019oreille \u00e0 quelques chansons italiennes, se familiarisant avec la musicalit\u00e9 de la langue.<\/p>\n\n\n\n<figure class=\"wp-block-gallery has-nested-images columns-default is-cropped wp-block-gallery-2 is-layout-flex wp-block-gallery-is-layout-flex\">\n<figure class=\"wp-block-image size-large\"><img decoding=\"async\" width=\"768\" height=\"1024\" data-id=\"2998\" src=\"https:\/\/ee.mlfmonde.org\/comilog\/wp-content\/uploads\/sites\/28\/2025\/07\/pizza1-768x1024.jpg\" alt=\"\" class=\"wp-image-2998\" srcset=\"https:\/\/ee.mlfmonde.org\/comilog\/wp-content\/uploads\/sites\/28\/2025\/07\/pizza1-768x1024.jpg 768w, https:\/\/ee.mlfmonde.org\/comilog\/wp-content\/uploads\/sites\/28\/2025\/07\/pizza1-225x300.jpg 225w, https:\/\/ee.mlfmonde.org\/comilog\/wp-content\/uploads\/sites\/28\/2025\/07\/pizza1-570x760.jpg 570w, https:\/\/ee.mlfmonde.org\/comilog\/wp-content\/uploads\/sites\/28\/2025\/07\/pizza1.jpg 960w\" sizes=\"(max-width: 768px) 100vw, 768px\" \/><\/figure>\n\n\n\n<figure class=\"wp-block-image size-large\"><img loading=\"lazy\" decoding=\"async\" width=\"768\" height=\"1024\" data-id=\"3001\" src=\"https:\/\/ee.mlfmonde.org\/comilog\/wp-content\/uploads\/sites\/28\/2025\/07\/pizza4-768x1024.jpg\" alt=\"\" class=\"wp-image-3001\" srcset=\"https:\/\/ee.mlfmonde.org\/comilog\/wp-content\/uploads\/sites\/28\/2025\/07\/pizza4-768x1024.jpg 768w, https:\/\/ee.mlfmonde.org\/comilog\/wp-content\/uploads\/sites\/28\/2025\/07\/pizza4-225x300.jpg 225w, https:\/\/ee.mlfmonde.org\/comilog\/wp-content\/uploads\/sites\/28\/2025\/07\/pizza4-570x760.jpg 570w, https:\/\/ee.mlfmonde.org\/comilog\/wp-content\/uploads\/sites\/28\/2025\/07\/pizza4.jpg 960w\" sizes=\"(max-width: 768px) 100vw, 768px\" \/><\/figure>\n\n\n\n<figure class=\"wp-block-image size-large\"><img loading=\"lazy\" decoding=\"async\" width=\"768\" height=\"1024\" data-id=\"3002\" src=\"https:\/\/ee.mlfmonde.org\/comilog\/wp-content\/uploads\/sites\/28\/2025\/07\/pizza5-768x1024.jpg\" alt=\"\" class=\"wp-image-3002\" srcset=\"https:\/\/ee.mlfmonde.org\/comilog\/wp-content\/uploads\/sites\/28\/2025\/07\/pizza5-768x1024.jpg 768w, https:\/\/ee.mlfmonde.org\/comilog\/wp-content\/uploads\/sites\/28\/2025\/07\/pizza5-225x300.jpg 225w, https:\/\/ee.mlfmonde.org\/comilog\/wp-content\/uploads\/sites\/28\/2025\/07\/pizza5-570x760.jpg 570w, https:\/\/ee.mlfmonde.org\/comilog\/wp-content\/uploads\/sites\/28\/2025\/07\/pizza5.jpg 960w\" sizes=\"(max-width: 768px) 100vw, 768px\" \/><\/figure>\n<\/figure>\n\n\n\n<p class=\"has-medium-font-size\">Une initiation au vocabulaire italien leur a permis d\u2019apprendre les mots du quotidien, comme les jours de la semaine, les chiffres et quelques expressions simples, dans une ambiance ludique et joyeuse.<\/p>\n\n\n\n<p class=\"has-medium-font-size\">La semaine s\u2019est conclue de la plus d\u00e9licieuse des mani\u00e8res : chaque \u00e9l\u00e8ve a r\u00e9alis\u00e9 sa propre pizza Margherita, embl\u00e8me culinaire de l\u2019Italie avec ses trois couleurs : le vert du basilic, le blanc de la mozzarella et le rouge de la tomate. Du p\u00e9trissage de la p\u00e2te \u00e0 la pr\u00e9paration de la sauce, en passant par le choix des ingr\u00e9dients, les \u00e9l\u00e8ves se sont montr\u00e9s tr\u00e8s investis, enthousiastes et fiers de leurs cr\u00e9ations !<\/p>\n\n\n\n<figure class=\"wp-block-gallery has-nested-images columns-default is-cropped wp-block-gallery-3 is-layout-flex wp-block-gallery-is-layout-flex\">\n<figure class=\"wp-block-image size-large\"><img loading=\"lazy\" decoding=\"async\" width=\"1024\" height=\"768\" data-id=\"3005\" src=\"https:\/\/ee.mlfmonde.org\/comilog\/wp-content\/uploads\/sites\/28\/2025\/07\/pizza8-1024x768.jpg\" alt=\"\" class=\"wp-image-3005\" srcset=\"https:\/\/ee.mlfmonde.org\/comilog\/wp-content\/uploads\/sites\/28\/2025\/07\/pizza8-1024x768.jpg 1024w, https:\/\/ee.mlfmonde.org\/comilog\/wp-content\/uploads\/sites\/28\/2025\/07\/pizza8-300x225.jpg 300w, https:\/\/ee.mlfmonde.org\/comilog\/wp-content\/uploads\/sites\/28\/2025\/07\/pizza8-768x576.jpg 768w, https:\/\/ee.mlfmonde.org\/comilog\/wp-content\/uploads\/sites\/28\/2025\/07\/pizza8-570x428.jpg 570w, https:\/\/ee.mlfmonde.org\/comilog\/wp-content\/uploads\/sites\/28\/2025\/07\/pizza8.jpg 1280w\" sizes=\"(max-width: 1024px) 100vw, 1024px\" \/><\/figure>\n\n\n\n<figure class=\"wp-block-image size-large\"><img loading=\"lazy\" decoding=\"async\" width=\"768\" height=\"1024\" data-id=\"3004\" src=\"https:\/\/ee.mlfmonde.org\/comilog\/wp-content\/uploads\/sites\/28\/2025\/07\/pizza7-768x1024.jpg\" alt=\"\" class=\"wp-image-3004\" srcset=\"https:\/\/ee.mlfmonde.org\/comilog\/wp-content\/uploads\/sites\/28\/2025\/07\/pizza7-768x1024.jpg 768w, https:\/\/ee.mlfmonde.org\/comilog\/wp-content\/uploads\/sites\/28\/2025\/07\/pizza7-225x300.jpg 225w, https:\/\/ee.mlfmonde.org\/comilog\/wp-content\/uploads\/sites\/28\/2025\/07\/pizza7-570x760.jpg 570w, https:\/\/ee.mlfmonde.org\/comilog\/wp-content\/uploads\/sites\/28\/2025\/07\/pizza7.jpg 960w\" sizes=\"(max-width: 768px) 100vw, 768px\" \/><\/figure>\n\n\n\n<figure class=\"wp-block-image size-large\"><img loading=\"lazy\" decoding=\"async\" width=\"768\" height=\"1024\" data-id=\"3003\" src=\"https:\/\/ee.mlfmonde.org\/comilog\/wp-content\/uploads\/sites\/28\/2025\/07\/pizza6-768x1024.jpg\" alt=\"\" class=\"wp-image-3003\" srcset=\"https:\/\/ee.mlfmonde.org\/comilog\/wp-content\/uploads\/sites\/28\/2025\/07\/pizza6-768x1024.jpg 768w, https:\/\/ee.mlfmonde.org\/comilog\/wp-content\/uploads\/sites\/28\/2025\/07\/pizza6-225x300.jpg 225w, https:\/\/ee.mlfmonde.org\/comilog\/wp-content\/uploads\/sites\/28\/2025\/07\/pizza6-570x760.jpg 570w, https:\/\/ee.mlfmonde.org\/comilog\/wp-content\/uploads\/sites\/28\/2025\/07\/pizza6.jpg 960w\" sizes=\"(max-width: 768px) 100vw, 768px\" \/><\/figure>\n<\/figure>\n\n\n\n<p class=\"has-medium-font-size\">Ce projet a \u00e9t\u00e9 une vraie r\u00e9ussite, m\u00ealant apprentissage, cr\u00e9ativit\u00e9, et plaisir partag\u00e9. Grazie mille \u00e0 tous les \u00e9l\u00e8ves pour leur&nbsp;participation&nbsp;!<\/p>\n","protected":false},"excerpt":{"rendered":"<p>Dans le cadre d\u2019un projet culturel intitul\u00e9 \u201cBENVENUTI in Italia\u201d, les \u00e9l\u00e8ves de CE2 B ont voyag\u00e9 sans quitter leur salle de classe ! \u00c0 l\u2019occasion de la semaine italienne, ils ont eu la chance de d\u00e9couvrir les multiples facettes de ce pays riche en histoire, en traditions et en saveurs. Tout au long de [&hellip;]<\/p>\n","protected":false},"author":166,"featured_media":3007,"parent":0,"menu_order":0,"comment_status":"closed","ping_status":"closed","template":"","meta":{"_acf_changed":false,"footnotes":""},"class_list":["post-2997","page","type-page","status-publish","has-post-thumbnail","czr-hentry"],"acf":[],"_links":{"self":[{"href":"https:\/\/ee.mlfmonde.org\/comilog\/wp-json\/wp\/v2\/pages\/2997","targetHints":{"allow":["GET"]}}],"collection":[{"href":"https:\/\/ee.mlfmonde.org\/comilog\/wp-json\/wp\/v2\/pages"}],"about":[{"href":"https:\/\/ee.mlfmonde.org\/comilog\/wp-json\/wp\/v2\/types\/page"}],"author":[{"embeddable":true,"href":"https:\/\/ee.mlfmonde.org\/comilog\/wp-json\/wp\/v2\/users\/166"}],"replies":[{"embeddable":true,"href":"https:\/\/ee.mlfmonde.org\/comilog\/wp-json\/wp\/v2\/comments?post=2997"}],"version-history":[{"count":3,"href":"https:\/\/ee.mlfmonde.org\/comilog\/wp-json\/wp\/v2\/pages\/2997\/revisions"}],"predecessor-version":[{"id":3022,"href":"https:\/\/ee.mlfmonde.org\/comilog\/wp-json\/wp\/v2\/pages\/2997\/revisions\/3022"}],"wp:featuredmedia":[{"embeddable":true,"href":"https:\/\/ee.mlfmonde.org\/comilog\/wp-json\/wp\/v2\/media\/3007"}],"wp:attachment":[{"href":"https:\/\/ee.mlfmonde.org\/comilog\/wp-json\/wp\/v2\/media?parent=2997"}],"curies":[{"name":"wp","href":"https:\/\/api.w.org\/{rel}","templated":true}]}}