{"id":2993,"date":"2025-07-02T15:23:13","date_gmt":"2025-07-02T15:23:13","guid":{"rendered":"https:\/\/ee.mlfmonde.org\/comilog\/?page_id=2993"},"modified":"2025-07-02T15:23:14","modified_gmt":"2025-07-02T15:23:14","slug":"%f0%9f%8e%b5-les-cm2-revisitent-jean-de-la-fontaine-un-spectacle-musical","status":"publish","type":"page","link":"https:\/\/ee.mlfmonde.org\/comilog\/%f0%9f%8e%b5-les-cm2-revisitent-jean-de-la-fontaine-un-spectacle-musical\/","title":{"rendered":"\ud83c\udfb5 Les CM2 revisitent Jean de La Fontaine : un spectacle musical"},"content":{"rendered":"\n<p class=\"has-medium-font-size\">Les fables sont des supports pour enseigner la langue fran\u00e7aise avec \u00e9l\u00e9gance et finesse&nbsp;: elles permettent non seulement de d\u00e9velopper la compr\u00e9hension de la langue et d\u2019enrichir le vocabulaire mais \u00e9galement de transmettre des le\u00e7ons de vie intemporelles.<\/p>\n\n\n\n<p class=\"has-medium-font-size\">Histoire captivante qui pique la curiosit\u00e9 et stimule l\u2019imagination des jeunes lecteurs, la fable mise en BD et jou\u00e9e est un outil efficace d\u2019appropriation des strat\u00e9gies de lecture et offre l\u2019occasion de discuter de questions \u00e9thiques.<\/p>\n\n\n\n<p class=\"has-medium-font-size\">Bien qu\u2019\u00e9crites au XVIIe si\u00e8cle, les fables de Jean de La Fontaine parlent-elles aux jeunes \u00e9l\u00e8ves Gabonais d\u2019aujourd\u2019hui&nbsp;?&nbsp; Pour le savoir, il suffit de constater l\u2019investissement dont ils ont fait preuve \u00e0 l\u2019occasion de la r\u00e9alisation du spectacle de fin d\u2019ann\u00e9e et d\u2019\u00e9couter ce qu\u2019ils en disent.<strong><\/strong><\/p>\n\n\n\n<p class=\"has-medium-font-size\"><\/p>\n\n\n\n<div class=\"wp-block-columns is-layout-flex wp-container-core-columns-is-layout-9d6595d7 wp-block-columns-is-layout-flex\">\n<div class=\"wp-block-column is-layout-flow wp-block-column-is-layout-flow\">\n<figure class=\"wp-block-embed is-type-video is-provider-vimeo wp-block-embed-vimeo wp-embed-aspect-16-9 wp-has-aspect-ratio\"><div class=\"wp-block-embed__wrapper\">\n<iframe title=\"vlc-record-2025-07-02-09h02m16s-film le lievre\" src=\"https:\/\/player.vimeo.com\/video\/1098149206?dnt=1&amp;app_id=122963\" width=\"1140\" height=\"641\" frameborder=\"0\" allow=\"autoplay; fullscreen; picture-in-picture; clipboard-write; encrypted-media; web-share\"><\/iframe>\n<\/div><figcaption class=\"wp-element-caption\"><strong>le lievre et la tortue<\/strong> <\/figcaption><\/figure>\n<\/div>\n<\/div>\n\n\n\n<div class=\"wp-block-columns is-layout-flex wp-container-core-columns-is-layout-9d6595d7 wp-block-columns-is-layout-flex\">\n<div class=\"wp-block-column is-layout-flow wp-block-column-is-layout-flow\">\n<figure class=\"wp-block-embed aligncenter is-type-video is-provider-vimeo wp-block-embed-vimeo wp-embed-aspect-16-9 wp-has-aspect-ratio\"><div class=\"wp-block-embed__wrapper\">\n<iframe title=\"film la cigale et la fourmi\" src=\"https:\/\/player.vimeo.com\/video\/1098164691?dnt=1&amp;app_id=122963\" width=\"1140\" height=\"641\" frameborder=\"0\" allow=\"autoplay; fullscreen; picture-in-picture; clipboard-write; encrypted-media; web-share\"><\/iframe>\n<\/div><figcaption class=\"wp-element-caption\"><strong>La cigale et la fourmi<\/strong><\/figcaption><\/figure>\n<\/div>\n<\/div>\n\n\n\n<p><\/p>\n\n\n\n<figure class=\"wp-block-embed is-type-video is-provider-vimeo wp-block-embed-vimeo wp-embed-aspect-16-9 wp-has-aspect-ratio\"><div class=\"wp-block-embed__wrapper\">\n<iframe title=\"film le loup et l&#039;agneau\" src=\"https:\/\/player.vimeo.com\/video\/1098157038?dnt=1&amp;app_id=122963\" width=\"1140\" height=\"641\" frameborder=\"0\" allow=\"autoplay; fullscreen; picture-in-picture; clipboard-write; encrypted-media; web-share\"><\/iframe>\n<\/div><figcaption class=\"wp-element-caption\"><strong>Le loup et l&#8217;agneau <\/strong><\/figcaption><\/figure>\n\n\n\n<p class=\"has-medium-font-size\">\ud83c\udf89 Bravo \u00e0 nos artistes en herbe, et merci \u00e0 tous ceux qui ont contribu\u00e9 \u00e0 cette aventure\u202f!<\/p>\n","protected":false},"excerpt":{"rendered":"<p>Les fables sont des supports pour enseigner la langue fran\u00e7aise avec \u00e9l\u00e9gance et finesse&nbsp;: elles permettent non seulement de d\u00e9velopper la compr\u00e9hension de la langue et d\u2019enrichir le vocabulaire mais \u00e9galement de transmettre des le\u00e7ons de vie intemporelles. Histoire captivante qui pique la curiosit\u00e9 et stimule l\u2019imagination des jeunes lecteurs, la fable mise en BD [&hellip;]<\/p>\n","protected":false},"author":166,"featured_media":0,"parent":0,"menu_order":0,"comment_status":"closed","ping_status":"closed","template":"","meta":{"_acf_changed":false,"footnotes":""},"class_list":["post-2993","page","type-page","status-publish","czr-hentry"],"acf":[],"_links":{"self":[{"href":"https:\/\/ee.mlfmonde.org\/comilog\/wp-json\/wp\/v2\/pages\/2993","targetHints":{"allow":["GET"]}}],"collection":[{"href":"https:\/\/ee.mlfmonde.org\/comilog\/wp-json\/wp\/v2\/pages"}],"about":[{"href":"https:\/\/ee.mlfmonde.org\/comilog\/wp-json\/wp\/v2\/types\/page"}],"author":[{"embeddable":true,"href":"https:\/\/ee.mlfmonde.org\/comilog\/wp-json\/wp\/v2\/users\/166"}],"replies":[{"embeddable":true,"href":"https:\/\/ee.mlfmonde.org\/comilog\/wp-json\/wp\/v2\/comments?post=2993"}],"version-history":[{"count":3,"href":"https:\/\/ee.mlfmonde.org\/comilog\/wp-json\/wp\/v2\/pages\/2993\/revisions"}],"predecessor-version":[{"id":2996,"href":"https:\/\/ee.mlfmonde.org\/comilog\/wp-json\/wp\/v2\/pages\/2993\/revisions\/2996"}],"wp:attachment":[{"href":"https:\/\/ee.mlfmonde.org\/comilog\/wp-json\/wp\/v2\/media?parent=2993"}],"curies":[{"name":"wp","href":"https:\/\/api.w.org\/{rel}","templated":true}]}}