{"id":2987,"date":"2025-07-02T15:16:27","date_gmt":"2025-07-02T15:16:27","guid":{"rendered":"https:\/\/ee.mlfmonde.org\/comilog\/?page_id=2987"},"modified":"2025-07-02T15:34:27","modified_gmt":"2025-07-02T15:34:27","slug":"cep-blanc-2025-retour-en-images","status":"publish","type":"page","link":"https:\/\/ee.mlfmonde.org\/comilog\/cep-blanc-2025-retour-en-images\/","title":{"rendered":"CEP  2025 : retour en images"},"content":{"rendered":"\n<p class=\"has-medium-font-size\">\ud83d\udcdd Cette ann\u00e9e, les \u00e9l\u00e8ves de CM2 ont eu l\u2019opportunit\u00e9 de participer \u00e0 un CEP , organis\u00e9 en conditions r\u00e9elles d\u2019examen. Ce moment fort leur a permis de se familiariser avec le format des \u00e9preuves et de mieux g\u00e9rer leur stress.<\/p>\n\n\n\n<p class=\"has-medium-font-size\">\ud83d\udcf9 Pour retracer cette exp\u00e9rience, nous avons r\u00e9alis\u00e9 un court-m\u00e9trage qui met en lumi\u00e8re les diff\u00e9rentes \u00e9tapes.<\/p>\n\n\n\n<div class=\"wp-block-media-text is-stacked-on-mobile\"><figure class=\"wp-block-media-text__media\"><video controls src=\"http:\/\/ee.mlfmonde.org\/comilog\/wp-content\/uploads\/sites\/28\/2025\/07\/vlc-record-2025-07-01-16h53m16s-film-cep-2024-2025.mp4-.mp4\"><\/video><\/figure><div class=\"wp-block-media-text__content\">\n<p class=\"has-medium-font-size\">\ud83d\udcf9 Pour retracer cette exp\u00e9rience, nous avons r\u00e9alis\u00e9 un court-m\u00e9trage<\/p>\n<\/div><\/div>\n\n\n\n<p><\/p>\n\n\n\n<p class=\"has-medium-font-size\">Une po\u00e9sie d\u2019exception mise \u00e0 l\u2019honneur<\/p>\n\n\n\n<div class=\"wp-block-media-text is-stacked-on-mobile\"><figure class=\"wp-block-media-text__media\"><video controls src=\"http:\/\/ee.mlfmonde.org\/comilog\/wp-content\/uploads\/sites\/28\/2025\/07\/vlc-record-2025-07-01-16h54m19s-film-cep-2024-2025.mp4-.mp4\"><\/video><\/figure><div class=\"wp-block-media-text__content\">\n<p class=\"has-medium-font-size\">une po\u00e9sie a particuli\u00e8rement retenu l\u2019attention ,le lion et le rat .<\/p>\n<\/div><\/div>\n\n\n\n<p><\/p>\n\n\n\n<div class=\"wp-block-media-text is-stacked-on-mobile\"><figure class=\"wp-block-media-text__media\"><video controls src=\"http:\/\/ee.mlfmonde.org\/comilog\/wp-content\/uploads\/sites\/28\/2025\/07\/vlc-record-2025-07-01-17h16m00s-film-cep-2024-2025.mp4-.mp4\"><\/video><\/figure><div class=\"wp-block-media-text__content\">\n<p class=\"has-medium-font-size\">Chant : la vie  impitoyable<\/p>\n\n\n\n<p><\/p>\n<\/div><\/div>\n\n\n\n<p><\/p>\n\n\n\n<p class=\"has-medium-font-size\">Nous vous invitons \u00e0 d\u00e9couvrir cette vid\u00e9o qui valorise le travail et les efforts des \u00e9l\u00e8ves, et \u00e0 les f\u00e9liciter pour leur implication\u202f!<\/p>\n","protected":false},"excerpt":{"rendered":"<p>\ud83d\udcdd Cette ann\u00e9e, les \u00e9l\u00e8ves de CM2 ont eu l\u2019opportunit\u00e9 de participer \u00e0 un CEP , organis\u00e9 en conditions r\u00e9elles d\u2019examen. Ce moment fort leur a permis de se familiariser avec le format des \u00e9preuves et de mieux g\u00e9rer leur stress. \ud83d\udcf9 Pour retracer cette exp\u00e9rience, nous avons r\u00e9alis\u00e9 un court-m\u00e9trage qui met en lumi\u00e8re [&hellip;]<\/p>\n","protected":false},"author":166,"featured_media":0,"parent":0,"menu_order":0,"comment_status":"closed","ping_status":"closed","template":"","meta":{"_acf_changed":false,"footnotes":""},"class_list":["post-2987","page","type-page","status-publish","czr-hentry"],"acf":[],"_links":{"self":[{"href":"https:\/\/ee.mlfmonde.org\/comilog\/wp-json\/wp\/v2\/pages\/2987","targetHints":{"allow":["GET"]}}],"collection":[{"href":"https:\/\/ee.mlfmonde.org\/comilog\/wp-json\/wp\/v2\/pages"}],"about":[{"href":"https:\/\/ee.mlfmonde.org\/comilog\/wp-json\/wp\/v2\/types\/page"}],"author":[{"embeddable":true,"href":"https:\/\/ee.mlfmonde.org\/comilog\/wp-json\/wp\/v2\/users\/166"}],"replies":[{"embeddable":true,"href":"https:\/\/ee.mlfmonde.org\/comilog\/wp-json\/wp\/v2\/comments?post=2987"}],"version-history":[{"count":3,"href":"https:\/\/ee.mlfmonde.org\/comilog\/wp-json\/wp\/v2\/pages\/2987\/revisions"}],"predecessor-version":[{"id":3016,"href":"https:\/\/ee.mlfmonde.org\/comilog\/wp-json\/wp\/v2\/pages\/2987\/revisions\/3016"}],"wp:attachment":[{"href":"https:\/\/ee.mlfmonde.org\/comilog\/wp-json\/wp\/v2\/media?parent=2987"}],"curies":[{"name":"wp","href":"https:\/\/api.w.org\/{rel}","templated":true}]}}