{"id":2919,"date":"2025-06-26T08:42:52","date_gmt":"2025-06-26T08:42:52","guid":{"rendered":"https:\/\/ee.mlfmonde.org\/comilog\/?page_id=2919"},"modified":"2025-06-26T11:25:32","modified_gmt":"2025-06-26T11:25:32","slug":"%f0%9f%8e%ad-un-final-haut-en-couleurs-pour-cloturer-lannee-scolaire-2024-2025","status":"publish","type":"page","link":"https:\/\/ee.mlfmonde.org\/comilog\/%f0%9f%8e%ad-un-final-haut-en-couleurs-pour-cloturer-lannee-scolaire-2024-2025\/","title":{"rendered":"\ud83c\udfad Un final haut en couleurs pour cl\u00f4turer l\u2019ann\u00e9e scolaire 2024-2025!"},"content":{"rendered":"\n<p class=\"has-medium-font-size\">Le mercredi 18 juin 2025, les PS-MS ont pr\u00e9sent\u00e9 un beau spectacle de fin d&#8217;ann\u00e9e d&#8217;une heure et demie, et le jeudi 19 juin 2025, ce fut au tour des GS-CP.<\/p>\n\n\n\n<figure class=\"wp-block-gallery has-nested-images columns-default is-cropped wp-block-gallery-1 is-layout-flex wp-block-gallery-is-layout-flex\">\n<figure class=\"wp-block-image size-large\"><img fetchpriority=\"high\" decoding=\"async\" width=\"1024\" height=\"683\" data-id=\"2955\" src=\"http:\/\/ee.mlfmonde.org\/comilog\/wp-content\/uploads\/sites\/28\/2025\/06\/IMG_7070-2-1024x683.jpg\" alt=\"\" class=\"wp-image-2955\" srcset=\"https:\/\/ee.mlfmonde.org\/comilog\/wp-content\/uploads\/sites\/28\/2025\/06\/IMG_7070-2-1024x683.jpg 1024w, https:\/\/ee.mlfmonde.org\/comilog\/wp-content\/uploads\/sites\/28\/2025\/06\/IMG_7070-2-300x200.jpg 300w, https:\/\/ee.mlfmonde.org\/comilog\/wp-content\/uploads\/sites\/28\/2025\/06\/IMG_7070-2-768x512.jpg 768w, https:\/\/ee.mlfmonde.org\/comilog\/wp-content\/uploads\/sites\/28\/2025\/06\/IMG_7070-2-1536x1024.jpg 1536w, https:\/\/ee.mlfmonde.org\/comilog\/wp-content\/uploads\/sites\/28\/2025\/06\/IMG_7070-2-2048x1365.jpg 2048w, https:\/\/ee.mlfmonde.org\/comilog\/wp-content\/uploads\/sites\/28\/2025\/06\/IMG_7070-2-570x380.jpg 570w\" sizes=\"(max-width: 1024px) 100vw, 1024px\" \/><\/figure>\n\n\n\n<figure class=\"wp-block-image size-large\"><img decoding=\"async\" width=\"1024\" height=\"683\" data-id=\"2942\" src=\"https:\/\/ee.mlfmonde.org\/comilog\/wp-content\/uploads\/sites\/28\/2025\/06\/IMG_7055-1024x683.jpg\" alt=\"\" class=\"wp-image-2942\" srcset=\"https:\/\/ee.mlfmonde.org\/comilog\/wp-content\/uploads\/sites\/28\/2025\/06\/IMG_7055-1024x683.jpg 1024w, https:\/\/ee.mlfmonde.org\/comilog\/wp-content\/uploads\/sites\/28\/2025\/06\/IMG_7055-300x200.jpg 300w, https:\/\/ee.mlfmonde.org\/comilog\/wp-content\/uploads\/sites\/28\/2025\/06\/IMG_7055-768x512.jpg 768w, https:\/\/ee.mlfmonde.org\/comilog\/wp-content\/uploads\/sites\/28\/2025\/06\/IMG_7055-1536x1024.jpg 1536w, https:\/\/ee.mlfmonde.org\/comilog\/wp-content\/uploads\/sites\/28\/2025\/06\/IMG_7055-2048x1365.jpg 2048w, https:\/\/ee.mlfmonde.org\/comilog\/wp-content\/uploads\/sites\/28\/2025\/06\/IMG_7055-570x380.jpg 570w\" sizes=\"(max-width: 1024px) 100vw, 1024px\" \/><\/figure>\n\n\n\n<figure class=\"wp-block-image size-large\"><img decoding=\"async\" width=\"1024\" height=\"683\" data-id=\"2964\" src=\"http:\/\/ee.mlfmonde.org\/comilog\/wp-content\/uploads\/sites\/28\/2025\/06\/IMG_6947-1024x683.jpg\" alt=\"\" class=\"wp-image-2964\" srcset=\"https:\/\/ee.mlfmonde.org\/comilog\/wp-content\/uploads\/sites\/28\/2025\/06\/IMG_6947-1024x683.jpg 1024w, https:\/\/ee.mlfmonde.org\/comilog\/wp-content\/uploads\/sites\/28\/2025\/06\/IMG_6947-300x200.jpg 300w, https:\/\/ee.mlfmonde.org\/comilog\/wp-content\/uploads\/sites\/28\/2025\/06\/IMG_6947-768x512.jpg 768w, https:\/\/ee.mlfmonde.org\/comilog\/wp-content\/uploads\/sites\/28\/2025\/06\/IMG_6947-1536x1024.jpg 1536w, https:\/\/ee.mlfmonde.org\/comilog\/wp-content\/uploads\/sites\/28\/2025\/06\/IMG_6947-2048x1365.jpg 2048w, https:\/\/ee.mlfmonde.org\/comilog\/wp-content\/uploads\/sites\/28\/2025\/06\/IMG_6947-570x380.jpg 570w\" sizes=\"(max-width: 1024px) 100vw, 1024px\" \/><\/figure>\n<\/figure>\n\n\n\n<p class=\"has-medium-font-size\">Le programme distribu\u00e9 annon\u00e7ait des chansons, des danses, des chor\u00e9graphies et du th\u00e9\u00e2tre en fran\u00e7ais et en anglais. Belle ambiance festive qui a s\u00e9duit le public, lequel n&#8217;a pas h\u00e9sit\u00e9 \u00e0 encourager, \u00e0 chanter, voire \u00e0 danser au rythme&nbsp;de plusieurs repr\u00e9sentations traditionnelles ou modernes.<\/p>\n\n\n\n<figure class=\"wp-block-gallery has-nested-images columns-default is-cropped wp-block-gallery-2 is-layout-flex wp-block-gallery-is-layout-flex\">\n<figure class=\"wp-block-image size-large\"><img loading=\"lazy\" decoding=\"async\" width=\"1024\" height=\"683\" data-id=\"2951\" src=\"https:\/\/ee.mlfmonde.org\/comilog\/wp-content\/uploads\/sites\/28\/2025\/06\/IMG_7158-1024x683.jpg\" alt=\"\" class=\"wp-image-2951\" srcset=\"https:\/\/ee.mlfmonde.org\/comilog\/wp-content\/uploads\/sites\/28\/2025\/06\/IMG_7158-1024x683.jpg 1024w, https:\/\/ee.mlfmonde.org\/comilog\/wp-content\/uploads\/sites\/28\/2025\/06\/IMG_7158-300x200.jpg 300w, https:\/\/ee.mlfmonde.org\/comilog\/wp-content\/uploads\/sites\/28\/2025\/06\/IMG_7158-768x512.jpg 768w, https:\/\/ee.mlfmonde.org\/comilog\/wp-content\/uploads\/sites\/28\/2025\/06\/IMG_7158-1536x1024.jpg 1536w, https:\/\/ee.mlfmonde.org\/comilog\/wp-content\/uploads\/sites\/28\/2025\/06\/IMG_7158-2048x1365.jpg 2048w, https:\/\/ee.mlfmonde.org\/comilog\/wp-content\/uploads\/sites\/28\/2025\/06\/IMG_7158-570x380.jpg 570w\" sizes=\"(max-width: 1024px) 100vw, 1024px\" \/><\/figure>\n\n\n\n<figure class=\"wp-block-image size-large\"><img loading=\"lazy\" decoding=\"async\" width=\"1024\" height=\"683\" data-id=\"2940\" src=\"http:\/\/ee.mlfmonde.org\/comilog\/wp-content\/uploads\/sites\/28\/2025\/06\/IMG_7189-1024x683.jpg\" alt=\"\" class=\"wp-image-2940\" srcset=\"https:\/\/ee.mlfmonde.org\/comilog\/wp-content\/uploads\/sites\/28\/2025\/06\/IMG_7189-1024x683.jpg 1024w, https:\/\/ee.mlfmonde.org\/comilog\/wp-content\/uploads\/sites\/28\/2025\/06\/IMG_7189-300x200.jpg 300w, https:\/\/ee.mlfmonde.org\/comilog\/wp-content\/uploads\/sites\/28\/2025\/06\/IMG_7189-768x512.jpg 768w, https:\/\/ee.mlfmonde.org\/comilog\/wp-content\/uploads\/sites\/28\/2025\/06\/IMG_7189-1536x1024.jpg 1536w, https:\/\/ee.mlfmonde.org\/comilog\/wp-content\/uploads\/sites\/28\/2025\/06\/IMG_7189-2048x1365.jpg 2048w, https:\/\/ee.mlfmonde.org\/comilog\/wp-content\/uploads\/sites\/28\/2025\/06\/IMG_7189-570x380.jpg 570w\" sizes=\"(max-width: 1024px) 100vw, 1024px\" \/><\/figure>\n\n\n\n<figure class=\"wp-block-image size-large\"><img loading=\"lazy\" decoding=\"async\" width=\"1024\" height=\"683\" data-id=\"2937\" src=\"https:\/\/ee.mlfmonde.org\/comilog\/wp-content\/uploads\/sites\/28\/2025\/06\/IMG_7139-1024x683.jpg\" alt=\"\" class=\"wp-image-2937\" srcset=\"https:\/\/ee.mlfmonde.org\/comilog\/wp-content\/uploads\/sites\/28\/2025\/06\/IMG_7139-1024x683.jpg 1024w, https:\/\/ee.mlfmonde.org\/comilog\/wp-content\/uploads\/sites\/28\/2025\/06\/IMG_7139-300x200.jpg 300w, https:\/\/ee.mlfmonde.org\/comilog\/wp-content\/uploads\/sites\/28\/2025\/06\/IMG_7139-768x512.jpg 768w, https:\/\/ee.mlfmonde.org\/comilog\/wp-content\/uploads\/sites\/28\/2025\/06\/IMG_7139-1536x1024.jpg 1536w, https:\/\/ee.mlfmonde.org\/comilog\/wp-content\/uploads\/sites\/28\/2025\/06\/IMG_7139-2048x1365.jpg 2048w, https:\/\/ee.mlfmonde.org\/comilog\/wp-content\/uploads\/sites\/28\/2025\/06\/IMG_7139-570x380.jpg 570w\" sizes=\"(max-width: 1024px) 100vw, 1024px\" \/><\/figure>\n<\/figure>\n\n\n\n<p class=\"has-medium-font-size\">Merci aux nombreuses familles qui se sont d\u00e9plac\u00e9es, les 2 spectacles ayant r\u00e9uni quelque 700 personnes.<\/p>\n\n\n\n<figure class=\"wp-block-gallery has-nested-images columns-default is-cropped wp-block-gallery-3 is-layout-flex wp-block-gallery-is-layout-flex\">\n<figure class=\"wp-block-image size-large\"><img loading=\"lazy\" decoding=\"async\" width=\"1024\" height=\"683\" data-id=\"2927\" src=\"https:\/\/ee.mlfmonde.org\/comilog\/wp-content\/uploads\/sites\/28\/2025\/06\/IMG_7039-1024x683.jpg\" alt=\"\" class=\"wp-image-2927\" srcset=\"https:\/\/ee.mlfmonde.org\/comilog\/wp-content\/uploads\/sites\/28\/2025\/06\/IMG_7039-1024x683.jpg 1024w, https:\/\/ee.mlfmonde.org\/comilog\/wp-content\/uploads\/sites\/28\/2025\/06\/IMG_7039-300x200.jpg 300w, https:\/\/ee.mlfmonde.org\/comilog\/wp-content\/uploads\/sites\/28\/2025\/06\/IMG_7039-768x512.jpg 768w, https:\/\/ee.mlfmonde.org\/comilog\/wp-content\/uploads\/sites\/28\/2025\/06\/IMG_7039-1536x1024.jpg 1536w, https:\/\/ee.mlfmonde.org\/comilog\/wp-content\/uploads\/sites\/28\/2025\/06\/IMG_7039-2048x1365.jpg 2048w, https:\/\/ee.mlfmonde.org\/comilog\/wp-content\/uploads\/sites\/28\/2025\/06\/IMG_7039-570x380.jpg 570w\" sizes=\"(max-width: 1024px) 100vw, 1024px\" \/><\/figure>\n\n\n\n<figure class=\"wp-block-image size-large\"><img loading=\"lazy\" decoding=\"async\" width=\"1024\" height=\"683\" data-id=\"2935\" src=\"http:\/\/ee.mlfmonde.org\/comilog\/wp-content\/uploads\/sites\/28\/2025\/06\/IMG_7135-1024x683.jpg\" alt=\"\" class=\"wp-image-2935\" srcset=\"https:\/\/ee.mlfmonde.org\/comilog\/wp-content\/uploads\/sites\/28\/2025\/06\/IMG_7135-1024x683.jpg 1024w, https:\/\/ee.mlfmonde.org\/comilog\/wp-content\/uploads\/sites\/28\/2025\/06\/IMG_7135-300x200.jpg 300w, https:\/\/ee.mlfmonde.org\/comilog\/wp-content\/uploads\/sites\/28\/2025\/06\/IMG_7135-768x512.jpg 768w, https:\/\/ee.mlfmonde.org\/comilog\/wp-content\/uploads\/sites\/28\/2025\/06\/IMG_7135-1536x1024.jpg 1536w, https:\/\/ee.mlfmonde.org\/comilog\/wp-content\/uploads\/sites\/28\/2025\/06\/IMG_7135-2048x1365.jpg 2048w, https:\/\/ee.mlfmonde.org\/comilog\/wp-content\/uploads\/sites\/28\/2025\/06\/IMG_7135-570x380.jpg 570w\" sizes=\"(max-width: 1024px) 100vw, 1024px\" \/><\/figure>\n<\/figure>\n\n\n\n<p class=\"has-medium-font-size\">Un grand merci \u00e9videmment aux \u00e9quipes p\u00e9dagogiques et aux \u00e9l\u00e8ves qui ont travaill\u00e9 d&#8217;arrache-pied, depuis un mois, \u00e0 sa pr\u00e9paration.<\/p>\n\n\n\n<figure class=\"wp-block-video\"><video autoplay loop muted preload=\"auto\" src=\"http:\/\/ee.mlfmonde.org\/comilog\/wp-content\/uploads\/sites\/28\/2025\/06\/vlc-record-2025-06-25-18h42m00s-matcom.mp4-.mp4\"><\/video><\/figure>\n\n\n\n<p class=\"has-medium-font-size\">Bonnes vacances  d\u2019\u00e9t\u00e9 2025 \u00e0 tous!\ud83c\udf34\ud83c\udf1e\ud83d\ude0e<\/p>\n","protected":false},"excerpt":{"rendered":"<p>Le mercredi 18 juin 2025, les PS-MS ont pr\u00e9sent\u00e9 un beau spectacle de fin d&#8217;ann\u00e9e d&#8217;une heure et demie, et le jeudi 19 juin 2025, ce fut au tour des GS-CP. Le programme distribu\u00e9 annon\u00e7ait des chansons, des danses, des chor\u00e9graphies et du th\u00e9\u00e2tre en fran\u00e7ais et en anglais. Belle ambiance festive qui a s\u00e9duit [&hellip;]<\/p>\n","protected":false},"author":166,"featured_media":2944,"parent":0,"menu_order":0,"comment_status":"closed","ping_status":"closed","template":"","meta":{"_acf_changed":false,"footnotes":""},"class_list":["post-2919","page","type-page","status-publish","has-post-thumbnail","czr-hentry"],"acf":[],"_links":{"self":[{"href":"https:\/\/ee.mlfmonde.org\/comilog\/wp-json\/wp\/v2\/pages\/2919","targetHints":{"allow":["GET"]}}],"collection":[{"href":"https:\/\/ee.mlfmonde.org\/comilog\/wp-json\/wp\/v2\/pages"}],"about":[{"href":"https:\/\/ee.mlfmonde.org\/comilog\/wp-json\/wp\/v2\/types\/page"}],"author":[{"embeddable":true,"href":"https:\/\/ee.mlfmonde.org\/comilog\/wp-json\/wp\/v2\/users\/166"}],"replies":[{"embeddable":true,"href":"https:\/\/ee.mlfmonde.org\/comilog\/wp-json\/wp\/v2\/comments?post=2919"}],"version-history":[{"count":13,"href":"https:\/\/ee.mlfmonde.org\/comilog\/wp-json\/wp\/v2\/pages\/2919\/revisions"}],"predecessor-version":[{"id":2974,"href":"https:\/\/ee.mlfmonde.org\/comilog\/wp-json\/wp\/v2\/pages\/2919\/revisions\/2974"}],"wp:featuredmedia":[{"embeddable":true,"href":"https:\/\/ee.mlfmonde.org\/comilog\/wp-json\/wp\/v2\/media\/2944"}],"wp:attachment":[{"href":"https:\/\/ee.mlfmonde.org\/comilog\/wp-json\/wp\/v2\/media?parent=2919"}],"curies":[{"name":"wp","href":"https:\/\/api.w.org\/{rel}","templated":true}]}}