{"id":2885,"date":"2025-06-23T16:46:28","date_gmt":"2025-06-23T16:46:28","guid":{"rendered":"https:\/\/ee.mlfmonde.org\/comilog\/?page_id=2885"},"modified":"2025-06-23T16:46:29","modified_gmt":"2025-06-23T16:46:29","slug":"%f0%9f%a5%96-a-la-decouverte-de-la-boulangerie-une-sortie-pedagogique-savoureuse","status":"publish","type":"page","link":"https:\/\/ee.mlfmonde.org\/comilog\/%f0%9f%a5%96-a-la-decouverte-de-la-boulangerie-une-sortie-pedagogique-savoureuse\/","title":{"rendered":"\ud83e\udd56 \u00c0 la d\u00e9couverte de la boulangerie : une sortie p\u00e9dagogique savoureuse !"},"content":{"rendered":"\n<p class=\"has-medium-font-size\">Dans le cadre de notre projet p\u00e9dagogique autour de l\u2019alimentation et de l\u2019album \u00abLa grosse faim de P\u2019tit Bonhomme\u00a0\u00bb de Pierre Delye, nous avons effectu\u00e9 une sortie scolaire \u00e0 la boulangerie Patichaud situ\u00e9e au centre-ville de Moanda. En effet, cette sortie avait pour objectif l\u2019observation de la fabrication du pain, du p\u00e9trissage \u00e0 la cuisson. Nous avons pu \u00e9changer avec le boulanger et pour cl\u00f4turer la visite, chaque \u00e9l\u00e8ve a eu sa baguette de pain.<\/p>\n\n\n\n<figure class=\"wp-block-gallery has-nested-images columns-default is-cropped wp-block-gallery-1 is-layout-flex wp-block-gallery-is-layout-flex\">\n<figure class=\"wp-block-image size-large\"><img fetchpriority=\"high\" decoding=\"async\" width=\"768\" height=\"1024\" data-id=\"2896\" src=\"https:\/\/ee.mlfmonde.org\/comilog\/wp-content\/uploads\/sites\/28\/2025\/06\/IMG-20250611-WA0033-768x1024.jpg\" alt=\"\" class=\"wp-image-2896\" srcset=\"https:\/\/ee.mlfmonde.org\/comilog\/wp-content\/uploads\/sites\/28\/2025\/06\/IMG-20250611-WA0033-768x1024.jpg 768w, https:\/\/ee.mlfmonde.org\/comilog\/wp-content\/uploads\/sites\/28\/2025\/06\/IMG-20250611-WA0033-225x300.jpg 225w, https:\/\/ee.mlfmonde.org\/comilog\/wp-content\/uploads\/sites\/28\/2025\/06\/IMG-20250611-WA0033-1152x1536.jpg 1152w, https:\/\/ee.mlfmonde.org\/comilog\/wp-content\/uploads\/sites\/28\/2025\/06\/IMG-20250611-WA0033-570x760.jpg 570w, https:\/\/ee.mlfmonde.org\/comilog\/wp-content\/uploads\/sites\/28\/2025\/06\/IMG-20250611-WA0033.jpg 1200w\" sizes=\"(max-width: 768px) 100vw, 768px\" \/><\/figure>\n\n\n\n<figure class=\"wp-block-image size-large\"><img decoding=\"async\" width=\"768\" height=\"1024\" data-id=\"2889\" src=\"https:\/\/ee.mlfmonde.org\/comilog\/wp-content\/uploads\/sites\/28\/2025\/06\/IMG-20250611-WA0031-768x1024.jpg\" alt=\"\" class=\"wp-image-2889\" srcset=\"https:\/\/ee.mlfmonde.org\/comilog\/wp-content\/uploads\/sites\/28\/2025\/06\/IMG-20250611-WA0031-768x1024.jpg 768w, https:\/\/ee.mlfmonde.org\/comilog\/wp-content\/uploads\/sites\/28\/2025\/06\/IMG-20250611-WA0031-225x300.jpg 225w, https:\/\/ee.mlfmonde.org\/comilog\/wp-content\/uploads\/sites\/28\/2025\/06\/IMG-20250611-WA0031-1152x1536.jpg 1152w, https:\/\/ee.mlfmonde.org\/comilog\/wp-content\/uploads\/sites\/28\/2025\/06\/IMG-20250611-WA0031-570x760.jpg 570w, https:\/\/ee.mlfmonde.org\/comilog\/wp-content\/uploads\/sites\/28\/2025\/06\/IMG-20250611-WA0031.jpg 1200w\" sizes=\"(max-width: 768px) 100vw, 768px\" \/><\/figure>\n\n\n\n<figure class=\"wp-block-image size-large\"><img decoding=\"async\" data-id=\"2890\" src=\"https:\/\/ee.mlfmonde.org\/comilog\/wp-content\/uploads\/sites\/28\/2025\/06\/IMG-20250611-WA0125-768x1024.jpg\" alt=\"\" class=\"wp-image-2890\" \/><\/figure>\n\n\n\n<figure class=\"wp-block-image size-large\"><img decoding=\"async\" width=\"1024\" height=\"768\" data-id=\"2891\" src=\"https:\/\/ee.mlfmonde.org\/comilog\/wp-content\/uploads\/sites\/28\/2025\/06\/IMG-20250611-WA0138-1024x768.jpg\" alt=\"\" class=\"wp-image-2891\" srcset=\"https:\/\/ee.mlfmonde.org\/comilog\/wp-content\/uploads\/sites\/28\/2025\/06\/IMG-20250611-WA0138-1024x768.jpg 1024w, https:\/\/ee.mlfmonde.org\/comilog\/wp-content\/uploads\/sites\/28\/2025\/06\/IMG-20250611-WA0138-300x225.jpg 300w, https:\/\/ee.mlfmonde.org\/comilog\/wp-content\/uploads\/sites\/28\/2025\/06\/IMG-20250611-WA0138-768x576.jpg 768w, https:\/\/ee.mlfmonde.org\/comilog\/wp-content\/uploads\/sites\/28\/2025\/06\/IMG-20250611-WA0138-1536x1152.jpg 1536w, https:\/\/ee.mlfmonde.org\/comilog\/wp-content\/uploads\/sites\/28\/2025\/06\/IMG-20250611-WA0138-570x428.jpg 570w, https:\/\/ee.mlfmonde.org\/comilog\/wp-content\/uploads\/sites\/28\/2025\/06\/IMG-20250611-WA0138.jpg 1600w\" sizes=\"(max-width: 1024px) 100vw, 1024px\" \/><\/figure>\n\n\n\n<figure class=\"wp-block-image size-large\"><img loading=\"lazy\" decoding=\"async\" width=\"1024\" height=\"768\" data-id=\"2895\" src=\"https:\/\/ee.mlfmonde.org\/comilog\/wp-content\/uploads\/sites\/28\/2025\/06\/IMG-20250611-WA0117-1024x768.jpg\" alt=\"\" class=\"wp-image-2895\" srcset=\"https:\/\/ee.mlfmonde.org\/comilog\/wp-content\/uploads\/sites\/28\/2025\/06\/IMG-20250611-WA0117-1024x768.jpg 1024w, https:\/\/ee.mlfmonde.org\/comilog\/wp-content\/uploads\/sites\/28\/2025\/06\/IMG-20250611-WA0117-300x225.jpg 300w, https:\/\/ee.mlfmonde.org\/comilog\/wp-content\/uploads\/sites\/28\/2025\/06\/IMG-20250611-WA0117-768x576.jpg 768w, https:\/\/ee.mlfmonde.org\/comilog\/wp-content\/uploads\/sites\/28\/2025\/06\/IMG-20250611-WA0117-1536x1152.jpg 1536w, https:\/\/ee.mlfmonde.org\/comilog\/wp-content\/uploads\/sites\/28\/2025\/06\/IMG-20250611-WA0117-570x428.jpg 570w, https:\/\/ee.mlfmonde.org\/comilog\/wp-content\/uploads\/sites\/28\/2025\/06\/IMG-20250611-WA0117.jpg 1600w\" sizes=\"(max-width: 1024px) 100vw, 1024px\" \/><\/figure>\n\n\n\n<figure class=\"wp-block-image size-large\"><img decoding=\"async\" data-id=\"2888\" src=\"https:\/\/ee.mlfmonde.org\/comilog\/wp-content\/uploads\/sites\/28\/2025\/06\/IMG-20250611-WA0147-1024x768.jpg\" alt=\"\" class=\"wp-image-2888\" \/><\/figure>\n<\/figure>\n\n\n\n<p class=\"has-medium-font-size\">\ud83d\udc4f Bravo aux \u00e9l\u00e8ves pour leur curiosit\u00e9, et un grand merci \u00e0 la boulangerie Patichaud pour son accueil chaleureux !<\/p>\n\n\n\n<p class=\"has-text-align-right has-medium-font-size\"><\/p>\n","protected":false},"excerpt":{"rendered":"<p>Dans le cadre de notre projet p\u00e9dagogique autour de l\u2019alimentation et de l\u2019album \u00abLa grosse faim de P\u2019tit Bonhomme\u00a0\u00bb de Pierre Delye, nous avons effectu\u00e9 une sortie scolaire \u00e0 la boulangerie Patichaud situ\u00e9e au centre-ville de Moanda. En effet, cette sortie avait pour objectif l\u2019observation de la fabrication du pain, du p\u00e9trissage \u00e0 la cuisson. [&hellip;]<\/p>\n","protected":false},"author":166,"featured_media":2892,"parent":0,"menu_order":0,"comment_status":"closed","ping_status":"closed","template":"","meta":{"_acf_changed":false,"footnotes":""},"class_list":["post-2885","page","type-page","status-publish","has-post-thumbnail","czr-hentry"],"acf":[],"_links":{"self":[{"href":"https:\/\/ee.mlfmonde.org\/comilog\/wp-json\/wp\/v2\/pages\/2885","targetHints":{"allow":["GET"]}}],"collection":[{"href":"https:\/\/ee.mlfmonde.org\/comilog\/wp-json\/wp\/v2\/pages"}],"about":[{"href":"https:\/\/ee.mlfmonde.org\/comilog\/wp-json\/wp\/v2\/types\/page"}],"author":[{"embeddable":true,"href":"https:\/\/ee.mlfmonde.org\/comilog\/wp-json\/wp\/v2\/users\/166"}],"replies":[{"embeddable":true,"href":"https:\/\/ee.mlfmonde.org\/comilog\/wp-json\/wp\/v2\/comments?post=2885"}],"version-history":[{"count":4,"href":"https:\/\/ee.mlfmonde.org\/comilog\/wp-json\/wp\/v2\/pages\/2885\/revisions"}],"predecessor-version":[{"id":2905,"href":"https:\/\/ee.mlfmonde.org\/comilog\/wp-json\/wp\/v2\/pages\/2885\/revisions\/2905"}],"wp:featuredmedia":[{"embeddable":true,"href":"https:\/\/ee.mlfmonde.org\/comilog\/wp-json\/wp\/v2\/media\/2892"}],"wp:attachment":[{"href":"https:\/\/ee.mlfmonde.org\/comilog\/wp-json\/wp\/v2\/media?parent=2885"}],"curies":[{"name":"wp","href":"https:\/\/api.w.org\/{rel}","templated":true}]}}