{"id":2858,"date":"2025-06-11T08:43:40","date_gmt":"2025-06-11T08:43:40","guid":{"rendered":"https:\/\/ee.mlfmonde.org\/comilog\/?page_id=2858"},"modified":"2025-06-11T08:46:10","modified_gmt":"2025-06-11T08:46:10","slug":"%e2%9a%bd-tournoi-de-football-une-matinee-sous-le-signe-du-sport-et-de-la-convivialite","status":"publish","type":"page","link":"https:\/\/ee.mlfmonde.org\/comilog\/%e2%9a%bd-tournoi-de-football-une-matinee-sous-le-signe-du-sport-et-de-la-convivialite\/","title":{"rendered":"\u26bd Le tournoi de football, une matin\u00e9e sous le signe du sport et de la convivialit\u00e9 !"},"content":{"rendered":"\n<p class=\"has-medium-font-size\">Le samedi <strong>31 mai 2025<\/strong>, l\u2019\u00c9cole Primaire MLF COMILOG a vibr\u00e9 au rythme de son grand <strong>tournoi annuel de football du Cycle 3<\/strong>, organis\u00e9 au <strong>stade Henri Sylvoz<\/strong>. Un \u00e9v\u00e9nement fort en \u00e9motions qui a rassembl\u00e9 dans une ambiance de comp\u00e9tition saine et joyeuse, nos \u00e9l\u00e8ves de <strong>CM1 et de CM2<\/strong> et les \u00e9l\u00e8ves du Cycle 3 de L&#8217;EPC de Franceville.<\/p>\n\n\n\n<figure class=\"wp-block-gallery has-nested-images columns-default is-cropped wp-block-gallery-1 is-layout-flex wp-block-gallery-is-layout-flex\">\n<figure class=\"wp-block-image size-large\"><img fetchpriority=\"high\" decoding=\"async\" width=\"1024\" height=\"683\" data-id=\"2846\" src=\"https:\/\/ee.mlfmonde.org\/comilog\/wp-content\/uploads\/sites\/28\/2025\/06\/IMG_6702-1024x683.jpg\" alt=\"\" class=\"wp-image-2846\" srcset=\"https:\/\/ee.mlfmonde.org\/comilog\/wp-content\/uploads\/sites\/28\/2025\/06\/IMG_6702-1024x683.jpg 1024w, https:\/\/ee.mlfmonde.org\/comilog\/wp-content\/uploads\/sites\/28\/2025\/06\/IMG_6702-300x200.jpg 300w, https:\/\/ee.mlfmonde.org\/comilog\/wp-content\/uploads\/sites\/28\/2025\/06\/IMG_6702-768x512.jpg 768w, https:\/\/ee.mlfmonde.org\/comilog\/wp-content\/uploads\/sites\/28\/2025\/06\/IMG_6702-1536x1024.jpg 1536w, https:\/\/ee.mlfmonde.org\/comilog\/wp-content\/uploads\/sites\/28\/2025\/06\/IMG_6702-2048x1365.jpg 2048w, https:\/\/ee.mlfmonde.org\/comilog\/wp-content\/uploads\/sites\/28\/2025\/06\/IMG_6702-570x380.jpg 570w\" sizes=\"(max-width: 1024px) 100vw, 1024px\" \/><\/figure>\n\n\n\n<figure class=\"wp-block-image size-large\"><img decoding=\"async\" width=\"1024\" height=\"683\" data-id=\"2843\" src=\"https:\/\/ee.mlfmonde.org\/comilog\/wp-content\/uploads\/sites\/28\/2025\/06\/IMG_6518-1024x683.jpg\" alt=\"\" class=\"wp-image-2843\" srcset=\"https:\/\/ee.mlfmonde.org\/comilog\/wp-content\/uploads\/sites\/28\/2025\/06\/IMG_6518-1024x683.jpg 1024w, https:\/\/ee.mlfmonde.org\/comilog\/wp-content\/uploads\/sites\/28\/2025\/06\/IMG_6518-300x200.jpg 300w, https:\/\/ee.mlfmonde.org\/comilog\/wp-content\/uploads\/sites\/28\/2025\/06\/IMG_6518-768x512.jpg 768w, https:\/\/ee.mlfmonde.org\/comilog\/wp-content\/uploads\/sites\/28\/2025\/06\/IMG_6518-1536x1024.jpg 1536w, https:\/\/ee.mlfmonde.org\/comilog\/wp-content\/uploads\/sites\/28\/2025\/06\/IMG_6518-2048x1365.jpg 2048w, https:\/\/ee.mlfmonde.org\/comilog\/wp-content\/uploads\/sites\/28\/2025\/06\/IMG_6518-570x380.jpg 570w\" sizes=\"(max-width: 1024px) 100vw, 1024px\" \/><\/figure>\n<\/figure>\n\n\n\n<p><\/p>\n\n\n\n<p class=\"has-medium-font-size\">Les \u00e9l\u00e8ves ont fi\u00e8rement d\u00e9fendu les couleurs de leurs \u00e9quipes dans une ambiance dynamique et respectueuse. Chaque groupe repr\u00e9sentait un pays d\u2019Afrique, favorisant l\u2019engagement collectif autour de valeurs sportives et culturelles.<\/p>\n\n\n\n<div class=\"wp-block-media-text is-stacked-on-mobile\"><figure class=\"wp-block-media-text__media\"><img decoding=\"async\" width=\"1024\" height=\"683\" src=\"http:\/\/ee.mlfmonde.org\/comilog\/wp-content\/uploads\/sites\/28\/2025\/06\/IMG_6821-1024x683.jpg\" alt=\"\" class=\"wp-image-2850 size-full\" srcset=\"https:\/\/ee.mlfmonde.org\/comilog\/wp-content\/uploads\/sites\/28\/2025\/06\/IMG_6821-1024x683.jpg 1024w, https:\/\/ee.mlfmonde.org\/comilog\/wp-content\/uploads\/sites\/28\/2025\/06\/IMG_6821-300x200.jpg 300w, https:\/\/ee.mlfmonde.org\/comilog\/wp-content\/uploads\/sites\/28\/2025\/06\/IMG_6821-768x512.jpg 768w, https:\/\/ee.mlfmonde.org\/comilog\/wp-content\/uploads\/sites\/28\/2025\/06\/IMG_6821-1536x1024.jpg 1536w, https:\/\/ee.mlfmonde.org\/comilog\/wp-content\/uploads\/sites\/28\/2025\/06\/IMG_6821-2048x1365.jpg 2048w, https:\/\/ee.mlfmonde.org\/comilog\/wp-content\/uploads\/sites\/28\/2025\/06\/IMG_6821-570x380.jpg 570w\" sizes=\"(max-width: 1024px) 100vw, 1024px\" \/><\/figure><div class=\"wp-block-media-text__content\">\n<p class=\"has-medium-font-size\">La remise du troph\u00e9e par le <strong>chef d\u2019\u00e9tablissemen<\/strong>t est venue cl\u00f4turer cette matin\u00e9e riche en \u00e9motions, sous les applaudissements de tous.<\/p>\n<\/div><\/div>\n\n\n\n<p class=\"has-medium-font-size\">Les enfants ont pris plaisir \u00e0 repr\u00e9senter leur \u00e9quipe, \u00e0 se d\u00e9passer sur le terrain et \u00e0 partager ce moment sportif avec leurs camarades et enseignants. Chacun a trouv\u00e9 sa place, que ce soit en marquant des buts, en encourageant les autres ou en jouant le r\u00f4le de gardien ou de capitaine.<\/p>\n\n\n\n<div class=\"wp-block-media-text is-stacked-on-mobile is-vertically-aligned-center\"><figure class=\"wp-block-media-text__media\"><img loading=\"lazy\" decoding=\"async\" width=\"1024\" height=\"683\" src=\"http:\/\/ee.mlfmonde.org\/comilog\/wp-content\/uploads\/sites\/28\/2025\/06\/IMG_6841-1024x683.jpg\" alt=\"\" class=\"wp-image-2854 size-full\" srcset=\"https:\/\/ee.mlfmonde.org\/comilog\/wp-content\/uploads\/sites\/28\/2025\/06\/IMG_6841-1024x683.jpg 1024w, https:\/\/ee.mlfmonde.org\/comilog\/wp-content\/uploads\/sites\/28\/2025\/06\/IMG_6841-300x200.jpg 300w, https:\/\/ee.mlfmonde.org\/comilog\/wp-content\/uploads\/sites\/28\/2025\/06\/IMG_6841-768x512.jpg 768w, https:\/\/ee.mlfmonde.org\/comilog\/wp-content\/uploads\/sites\/28\/2025\/06\/IMG_6841-1536x1024.jpg 1536w, https:\/\/ee.mlfmonde.org\/comilog\/wp-content\/uploads\/sites\/28\/2025\/06\/IMG_6841-2048x1365.jpg 2048w, https:\/\/ee.mlfmonde.org\/comilog\/wp-content\/uploads\/sites\/28\/2025\/06\/IMG_6841-570x380.jpg 570w\" sizes=\"(max-width: 1024px) 100vw, 1024px\" \/><\/figure><div class=\"wp-block-media-text__content\">\n<p class=\"has-text-align-center has-medium-font-size\">\ud83c\udfc6 <strong>Victoire de la Zambie !<\/strong><\/p>\n\n\n\n<p class=\"has-medium-font-size\">Apr\u00e8s une matin\u00e9e intense de matchs, de passes d\u00e9cisives et de beaux gestes sportifs, <strong>l\u2019\u00e9quipe de la Zambie<\/strong>, encadr\u00e9e par <strong>le coach Sapritch<\/strong>, a brillamment remport\u00e9 le <strong>Championnat de football 2025<\/strong>.<\/p>\n<\/div><\/div>\n\n\n\n<p><\/p>\n\n\n\n<p><\/p>\n\n\n\n<p class=\"has-medium-font-size\">Une belle victoire\u2026 et un grand moment de sport \u00e0 l\u2019\u00e9cole !<\/p>\n","protected":false},"excerpt":{"rendered":"<p>Le samedi 31 mai 2025, l\u2019\u00c9cole Primaire MLF COMILOG a vibr\u00e9 au rythme de son grand tournoi annuel de football du Cycle 3, organis\u00e9 au stade Henri Sylvoz. Un \u00e9v\u00e9nement fort en \u00e9motions qui a rassembl\u00e9 dans une ambiance de comp\u00e9tition saine et joyeuse, nos \u00e9l\u00e8ves de CM1 et de CM2 et les \u00e9l\u00e8ves du [&hellip;]<\/p>\n","protected":false},"author":166,"featured_media":2845,"parent":0,"menu_order":0,"comment_status":"closed","ping_status":"closed","template":"","meta":{"_acf_changed":false,"footnotes":""},"class_list":["post-2858","page","type-page","status-publish","has-post-thumbnail","czr-hentry"],"acf":[],"_links":{"self":[{"href":"https:\/\/ee.mlfmonde.org\/comilog\/wp-json\/wp\/v2\/pages\/2858","targetHints":{"allow":["GET"]}}],"collection":[{"href":"https:\/\/ee.mlfmonde.org\/comilog\/wp-json\/wp\/v2\/pages"}],"about":[{"href":"https:\/\/ee.mlfmonde.org\/comilog\/wp-json\/wp\/v2\/types\/page"}],"author":[{"embeddable":true,"href":"https:\/\/ee.mlfmonde.org\/comilog\/wp-json\/wp\/v2\/users\/166"}],"replies":[{"embeddable":true,"href":"https:\/\/ee.mlfmonde.org\/comilog\/wp-json\/wp\/v2\/comments?post=2858"}],"version-history":[{"count":6,"href":"https:\/\/ee.mlfmonde.org\/comilog\/wp-json\/wp\/v2\/pages\/2858\/revisions"}],"predecessor-version":[{"id":2868,"href":"https:\/\/ee.mlfmonde.org\/comilog\/wp-json\/wp\/v2\/pages\/2858\/revisions\/2868"}],"wp:featuredmedia":[{"embeddable":true,"href":"https:\/\/ee.mlfmonde.org\/comilog\/wp-json\/wp\/v2\/media\/2845"}],"wp:attachment":[{"href":"https:\/\/ee.mlfmonde.org\/comilog\/wp-json\/wp\/v2\/media?parent=2858"}],"curies":[{"name":"wp","href":"https:\/\/api.w.org\/{rel}","templated":true}]}}